{"id":12586,"date":"2024-10-17T13:01:40","date_gmt":"2024-10-17T05:01:40","guid":{"rendered":"https:\/\/landu-china.com\/?page_id=12586"},"modified":"2024-11-11T09:26:44","modified_gmt":"2024-11-11T01:26:44","slug":"farmaceutisk-kvalitet-hojsubstitueret-hydroxypropylcelluloseh-hpc","status":"publish","type":"page","link":"https:\/\/landu-china.com\/da\/produkter\/uquick-farmaceutiske-mellemprodukter\/farmaceutisk-kvalitet-hojsubstitueret-hydroxypropylcelluloseh-hpc\/","title":{"rendered":"Farmaceutisk kvalitet h\u00f8jsubstitueret hydroxypropylcellulose (H-HPC)"},"content":{"rendered":"<div data-elementor-type=\"wp-page\" data-elementor-id=\"12586\" class=\"elementor elementor-12586\" data-elementor-post-type=\"page\">\n\t\t\t\t<div class=\"elementor-element elementor-element-e6aecb1 e-con-full e-flex e-con e-parent\" data-id=\"e6aecb1\" data-element_type=\"container\" data-settings=\"{&quot;background_background&quot;:&quot;classic&quot;,&quot;ekit_has_onepagescroll_dot&quot;:&quot;yes&quot;}\">\n\t\t\t\t<div class=\"elementor-element elementor-element-a32e68c elementor--h-position-center elementor--v-position-middle elementor-arrows-position-inside elementor-pagination-position-inside elementor-widget elementor-widget-slides\" data-id=\"a32e68c\" data-element_type=\"widget\" data-settings=\"{&quot;navigation&quot;:&quot;both&quot;,&quot;autoplay&quot;:&quot;yes&quot;,&quot;pause_on_hover&quot;:&quot;yes&quot;,&quot;pause_on_interaction&quot;:&quot;yes&quot;,&quot;autoplay_speed&quot;:5000,&quot;infinite&quot;:&quot;yes&quot;,&quot;transition&quot;:&quot;slide&quot;,&quot;transition_speed&quot;:500,&quot;ekit_we_effect_on&quot;:&quot;none&quot;}\" data-widget_type=\"slides.default\">\n\t\t\t\t<div class=\"elementor-widget-container\">\n\t\t\t\t\t\t\t\t\t<div class=\"elementor-swiper\">\n\t\t\t\t\t<div class=\"elementor-slides-wrapper elementor-main-swiper swiper\" role=\"region\" aria-roledescription=\"carousel\" aria-label=\"Dias (lysbilleder)\" dir=\"ltr\" data-animation=\"fadeInUp\">\n\t\t\t\t<div class=\"swiper-wrapper elementor-slides\">\n\t\t\t\t\t\t\t\t\t\t<div class=\"elementor-repeater-item-9f5a44f swiper-slide\" role=\"group\" aria-roledescription=\"slide\"><div class=\"swiper-slide-bg elementor-ken-burns elementor-ken-burns--in\" role=\"img\"><\/div><div class=\"elementor-background-overlay\"><\/div><div class=\"swiper-slide-inner\" ><div class=\"swiper-slide-contents\"><h1 class=\"elementor-slide-heading\">Farmaceutisk kvalitet h\u00f8jsubstitueret hydroxypropylcellulose (H-HPC)<\/h1><div class=\"elementor-slide-description\">H-HPC kan fungere som bindemiddel i farmaceutiske anvendelser som f.eks. tablet- og granulatdannelse og derved forbedre tabletternes holdbarhed og stivhed. Takket v\u00e6re sine enest\u00e5ende filmdannende egenskaber kan H-HPC skabe robuste og elastiske film, hvilket g\u00f8r det til et fremragende valg til filmovertr\u00e6kningsmaterialer.<\/div><\/div><\/div><\/div>\t\t\t\t<\/div>\n\t\t\t\t\t\t\t<\/div>\n\t\t\t\t<\/div>\n\t\t\t\t\t\t\t\t<\/div>\n\t\t\t\t<\/div>\n\t\t\t\t<\/div>\n\t\t\t\t<section class=\"elementor-section elementor-top-section elementor-element elementor-element-4ab5f51 elementor-section-content-middle elementor-section-boxed elementor-section-height-default elementor-section-height-default\" data-id=\"4ab5f51\" data-element_type=\"section\" data-settings=\"{&quot;ekit_has_onepagescroll_dot&quot;:&quot;yes&quot;}\">\n\t\t\t\t\t\t<div class=\"elementor-container elementor-column-gap-default\">\n\t\t\t\t\t<div class=\"elementor-column elementor-col-50 elementor-top-column elementor-element elementor-element-77f541b5\" data-id=\"77f541b5\" data-element_type=\"column\">\n\t\t\t<div class=\"elementor-widget-wrap elementor-element-populated\">\n\t\t\t\t\t\t<div class=\"elementor-element elementor-element-67f757e2 elementor-widget__width-initial elementor-widget elementor-widget-heading\" data-id=\"67f757e2\" data-element_type=\"widget\" data-settings=\"{&quot;ekit_we_effect_on&quot;:&quot;none&quot;}\" data-widget_type=\"heading.default\">\n\t\t\t\t<div class=\"elementor-widget-container\">\n\t\t\t\t\t<h2 class=\"elementor-heading-title elementor-size-default\">Farmaceutisk kvalitet h\u00f8jsubstitueret hydroxypropylcellulose (H-HPC)<\/h2>\t\t\t\t<\/div>\n\t\t\t\t<\/div>\n\t\t\t\t<div class=\"elementor-element elementor-element-d1b94d1 elementor-widget-divider--view-line elementor-widget elementor-widget-divider\" data-id=\"d1b94d1\" data-element_type=\"widget\" data-settings=\"{&quot;ekit_we_effect_on&quot;:&quot;none&quot;}\" data-widget_type=\"divider.default\">\n\t\t\t\t<div class=\"elementor-widget-container\">\n\t\t\t\t\t\t\t<div class=\"elementor-divider\">\n\t\t\t<span class=\"elementor-divider-separator\">\n\t\t\t\t\t\t<\/span>\n\t\t<\/div>\n\t\t\t\t\t\t<\/div>\n\t\t\t\t<\/div>\n\t\t\t\t<div class=\"elementor-element elementor-element-7140cc2a elementor-widget elementor-widget-text-editor\" data-id=\"7140cc2a\" data-element_type=\"widget\" data-settings=\"{&quot;ekit_we_effect_on&quot;:&quot;none&quot;}\" data-widget_type=\"text-editor.default\">\n\t\t\t\t<div class=\"elementor-widget-container\">\n\t\t\t\t\t\t\t\t\t<p>Hydroxypropylcellulose (HPC), en ikke-ionisk celluloseether, fremstilles ved at lade alkalicellulose reagere med propylenoxid. Den kategoriseres i lavt substituerede (L-HPC) og h\u00f8jt substituerede (H-HPC) typer baseret p\u00e5 graden af hydroxypropylsubstitution. L-HPC, med 9%-15%-substitution, har god flydeevne og komprimerbarhed, hvilket g\u00f8r det ideelt som opl\u00f8sningsmiddel og bindemiddel i tabletter. H-HPC, med omkring 60%-substitution, giver fremragende opl\u00f8selighed og viskositet, hvilket g\u00f8r det til et foretrukket fortykningsmiddel, emulgator og filmdannende middel.<\/p>\t\t\t\t\t\t\t\t<\/div>\n\t\t\t\t<\/div>\n\t\t\t\t<div class=\"elementor-element elementor-element-6da8ac6 elementor-align-left elementor-widget elementor-widget-elementskit-button\" data-id=\"6da8ac6\" data-element_type=\"widget\" data-settings=\"{&quot;ekit_we_effect_on&quot;:&quot;none&quot;}\" data-widget_type=\"elementskit-button.default\">\n\t\t\t\t<div class=\"elementor-widget-container\">\n\t\t\t\t\t<div class=\"ekit-wid-con\" >\t\t<div class=\"ekit-btn-wraper\">\n\t\t\t\t\t\t\t<a href=\"#elementor-action%3Aaction%3Dpopup%3Aopen%26settings%3DeyJpZCI6IjE1MTkiLCJ0b2dnbGUiOmZhbHNlfQ%3D%3D\" class=\"elementskit-btn  whitespace--normal\" id=\"\">\n\t\t\t\t\tBed om et tilbud<i class=\"fasicon icon-arrow-right\"><\/i>\t\t\t\t<\/a>\n\t\t\t\t\t<\/div>\n        <\/div>\t\t\t\t<\/div>\n\t\t\t\t<\/div>\n\t\t\t\t\t<\/div>\n\t\t<\/div>\n\t\t\t\t<div class=\"elementor-column elementor-col-50 elementor-top-column elementor-element elementor-element-1908aac7\" data-id=\"1908aac7\" data-element_type=\"column\" data-settings=\"{&quot;background_background&quot;:&quot;classic&quot;}\">\n\t\t\t<div class=\"elementor-widget-wrap\">\n\t\t\t\t\t\t\t<\/div>\n\t\t<\/div>\n\t\t\t\t\t<\/div>\n\t\t<\/section>\n\t\t\t\t<section class=\"elementor-section elementor-top-section elementor-element elementor-element-49d2f36 elementor-section-boxed elementor-section-height-default elementor-section-height-default\" data-id=\"49d2f36\" data-element_type=\"section\" data-settings=\"{&quot;ekit_has_onepagescroll_dot&quot;:&quot;yes&quot;}\">\n\t\t\t\t\t\t<div class=\"elementor-container elementor-column-gap-default\">\n\t\t\t\t\t<div class=\"elementor-column elementor-col-100 elementor-top-column elementor-element elementor-element-5ca0f8d\" data-id=\"5ca0f8d\" data-element_type=\"column\">\n\t\t\t<div class=\"elementor-widget-wrap elementor-element-populated\">\n\t\t\t\t\t\t<section class=\"elementor-section elementor-inner-section elementor-element elementor-element-0c16823 elementor-section-boxed elementor-section-height-default elementor-section-height-default\" data-id=\"0c16823\" data-element_type=\"section\" data-settings=\"{&quot;ekit_has_onepagescroll_dot&quot;:&quot;yes&quot;}\">\n\t\t\t\t\t\t<div class=\"elementor-container elementor-column-gap-default\">\n\t\t\t\t\t<div class=\"elementor-column elementor-col-25 elementor-inner-column elementor-element elementor-element-35334ec\" data-id=\"35334ec\" data-element_type=\"column\">\n\t\t\t<div class=\"elementor-widget-wrap elementor-element-populated\">\n\t\t\t\t\t\t<div class=\"elementor-element elementor-element-800ebf7 ekit-equal-height-disable elementor-widget elementor-widget-elementskit-icon-box\" data-id=\"800ebf7\" data-element_type=\"widget\" data-settings=\"{&quot;ekit_we_effect_on&quot;:&quot;none&quot;}\" data-widget_type=\"elementskit-icon-box.default\">\n\t\t\t\t<div class=\"elementor-widget-container\">\n\t\t\t\t\t<div class=\"ekit-wid-con\" >        <!-- link opening -->\n                <!-- end link opening -->\n\n        <div class=\"elementskit-infobox text- text- icon-lef-right-aligin elementor-animation-bob\">\n                        <div class=\"box-body\">\n                            <h3 class=\"elementskit-info-box-title\">\n                    Hvidt, lugt- og smagl\u00f8st pulver.                <\/h3>\n                        \t\t  \t<p>Opl\u00f8selig i vand og forskellige organiske opl\u00f8sningsmidler som ethanol og acetone ved stuetemperatur; opl\u00f8sningerne er klare.<\/p>\n                                        <div class=\"box-footer disable_hover_button\">\n                    <div class=\"btn-wraper\">\n                                                            <a class=\"elementskit-btn whitespace--normal\" href=\"#elementor-action%3Aaction%3Dpopup%3Aopen%26settings%3DeyJpZCI6IjE1MTkiLCJ0b2dnbGUiOmZhbHNlfQ%3D%3D\">\n                                        F\u00e5 mere at vide                                                                            <\/a>\n                                                        <\/div>\n                <\/div>\n                    <\/div>\n        \n        \n                <\/div>\n        <\/div>\t\t\t\t<\/div>\n\t\t\t\t<\/div>\n\t\t\t\t\t<\/div>\n\t\t<\/div>\n\t\t\t\t<div class=\"elementor-column elementor-col-25 elementor-inner-column elementor-element elementor-element-839c4e6\" data-id=\"839c4e6\" data-element_type=\"column\">\n\t\t\t<div class=\"elementor-widget-wrap elementor-element-populated\">\n\t\t\t\t\t\t<div class=\"elementor-element elementor-element-70304ee ekit-equal-height-disable elementor-widget elementor-widget-elementskit-icon-box\" data-id=\"70304ee\" data-element_type=\"widget\" data-settings=\"{&quot;ekit_we_effect_on&quot;:&quot;none&quot;}\" data-widget_type=\"elementskit-icon-box.default\">\n\t\t\t\t<div class=\"elementor-widget-container\">\n\t\t\t\t\t<div class=\"ekit-wid-con\" >        <!-- link opening -->\n                <!-- end link opening -->\n\n        <div class=\"elementskit-infobox text- text- icon-lef-right-aligin elementor-animation-bob\">\n                        <div class=\"box-body\">\n                            <h3 class=\"elementskit-info-box-title\">\n                    Fremragende filmdannende egenskaber.                <\/h3>\n                        \t\t  \t<p>H-HPC er et godt termoplastisk materiale med fremragende filmdannende egenskaber. Filmene er h\u00e5rde, blanke og meget elastiske.<\/p>\n                                        <div class=\"box-footer disable_hover_button\">\n                    <div class=\"btn-wraper\">\n                                                            <a class=\"elementskit-btn whitespace--normal\" href=\"#elementor-action%3Aaction%3Dpopup%3Aopen%26settings%3DeyJpZCI6IjE1MTkiLCJ0b2dnbGUiOmZhbHNlfQ%3D%3D\">\n                                        F\u00e5 mere at vide                                                                            <\/a>\n                                                        <\/div>\n                <\/div>\n                    <\/div>\n        \n        \n                <\/div>\n        <\/div>\t\t\t\t<\/div>\n\t\t\t\t<\/div>\n\t\t\t\t\t<\/div>\n\t\t<\/div>\n\t\t\t\t<div class=\"elementor-column elementor-col-25 elementor-inner-column elementor-element elementor-element-0680bbe\" data-id=\"0680bbe\" data-element_type=\"column\">\n\t\t\t<div class=\"elementor-widget-wrap elementor-element-populated\">\n\t\t\t\t\t\t<div class=\"elementor-element elementor-element-24d770a ekit-equal-height-disable elementor-widget elementor-widget-elementskit-icon-box\" data-id=\"24d770a\" data-element_type=\"widget\" data-settings=\"{&quot;ekit_we_effect_on&quot;:&quot;none&quot;}\" data-widget_type=\"elementskit-icon-box.default\">\n\t\t\t\t<div class=\"elementor-widget-container\">\n\t\t\t\t\t<div class=\"ekit-wid-con\" >        <!-- link opening -->\n                <!-- end link opening -->\n\n        <div class=\"elementskit-infobox text- text- icon-lef-right-aligin elementor-animation-bob\">\n                        <div class=\"box-body\">\n                            <h3 class=\"elementskit-info-box-title\">\n                    lavt askeindhold.                <\/h3>\n                        \t\t  \t<p>Med et meget lavt askeindhold har dette produkt fremragende vedh\u00e6ftningsegenskaber. Det er meget stabilt, n\u00e5r det bruges som emulsionsfortykningsmiddel og har god spredbarhed.<\/p>\n                                        <div class=\"box-footer disable_hover_button\">\n                    <div class=\"btn-wraper\">\n                                                            <a class=\"elementskit-btn whitespace--normal\" href=\"#elementor-action%3Aaction%3Dpopup%3Aopen%26settings%3DeyJpZCI6IjE1MTkiLCJ0b2dnbGUiOmZhbHNlfQ%3D%3D\">\n                                        F\u00e5 mere at vide                                                                            <\/a>\n                                                        <\/div>\n                <\/div>\n                    <\/div>\n        \n        \n                <\/div>\n        <\/div>\t\t\t\t<\/div>\n\t\t\t\t<\/div>\n\t\t\t\t\t<\/div>\n\t\t<\/div>\n\t\t\t\t<div class=\"elementor-column elementor-col-25 elementor-inner-column elementor-element elementor-element-bac3d33\" data-id=\"bac3d33\" data-element_type=\"column\">\n\t\t\t<div class=\"elementor-widget-wrap elementor-element-populated\">\n\t\t\t\t\t\t<div class=\"elementor-element elementor-element-07178d3 ekit-equal-height-disable elementor-widget elementor-widget-elementskit-icon-box\" data-id=\"07178d3\" data-element_type=\"widget\" data-settings=\"{&quot;ekit_we_effect_on&quot;:&quot;none&quot;}\" data-widget_type=\"elementskit-icon-box.default\">\n\t\t\t\t<div class=\"elementor-widget-container\">\n\t\t\t\t\t<div class=\"ekit-wid-con\" >        <!-- link opening -->\n                <!-- end link opening -->\n\n        <div class=\"elementskit-infobox text- text- icon-lef-right-aligin elementor-animation-bob\">\n                        <div class=\"box-body\">\n                            <h3 class=\"elementskit-info-box-title\">\n                    St\u00e6rke antibakterielle egenskaber.                <\/h3>\n                        \t\t  \t<p>Substituentgrupperne i H-HPC er j\u00e6vnt og fuldt fordelt, hvilket giver det st\u00e6rke antibakterielle egenskaber. Det har ogs\u00e5 et lavt ligev\u00e6gtsfugtindhold.<\/p>\n                                        <div class=\"box-footer disable_hover_button\">\n                    <div class=\"btn-wraper\">\n                                                            <a class=\"elementskit-btn whitespace--normal\" href=\"#elementor-action%3Aaction%3Dpopup%3Aopen%26settings%3DeyJpZCI6IjE1MTkiLCJ0b2dnbGUiOmZhbHNlfQ%3D%3D\">\n                                        F\u00e5 mere at vide                                                                            <\/a>\n                                                        <\/div>\n                <\/div>\n                    <\/div>\n        \n        \n                <\/div>\n        <\/div>\t\t\t\t<\/div>\n\t\t\t\t<\/div>\n\t\t\t\t\t<\/div>\n\t\t<\/div>\n\t\t\t\t\t<\/div>\n\t\t<\/section>\n\t\t\t\t\t<\/div>\n\t\t<\/div>\n\t\t\t\t\t<\/div>\n\t\t<\/section>\n\t\t\t\t<section class=\"elementor-section elementor-top-section elementor-element elementor-element-44f2ecce elementor-section-boxed elementor-section-height-default elementor-section-height-default\" data-id=\"44f2ecce\" data-element_type=\"section\" data-settings=\"{&quot;ekit_has_onepagescroll_dot&quot;:&quot;yes&quot;}\">\n\t\t\t\t\t\t<div class=\"elementor-container elementor-column-gap-default\">\n\t\t\t\t\t<div class=\"elementor-column elementor-col-100 elementor-top-column elementor-element elementor-element-2dfc2e86\" data-id=\"2dfc2e86\" data-element_type=\"column\">\n\t\t\t<div class=\"elementor-widget-wrap elementor-element-populated\">\n\t\t\t\t\t\t<section class=\"elementor-section elementor-inner-section elementor-element elementor-element-7f99b3c9 elementor-section-boxed elementor-section-height-default elementor-section-height-default\" data-id=\"7f99b3c9\" data-element_type=\"section\" data-settings=\"{&quot;ekit_has_onepagescroll_dot&quot;:&quot;yes&quot;}\">\n\t\t\t\t\t\t<div class=\"elementor-container elementor-column-gap-default\">\n\t\t\t\t\t<div class=\"elementor-column elementor-col-50 elementor-inner-column elementor-element elementor-element-51800808\" data-id=\"51800808\" data-element_type=\"column\">\n\t\t\t<div class=\"elementor-widget-wrap elementor-element-populated\">\n\t\t\t\t\t\t<div class=\"elementor-element elementor-element-579c4339 elementor-widget elementor-widget-elementskit-stylish-list\" data-id=\"579c4339\" data-element_type=\"widget\" data-settings=\"{&quot;ekit_we_effect_on&quot;:&quot;none&quot;}\" data-widget_type=\"elementskit-stylish-list.default\">\n\t\t\t\t<div class=\"elementor-widget-container\">\n\t\t\t\t\t<div class=\"ekit-wid-con\">\t\t<ul class=\"ekit-stylish-list\" >\n\t\t\t\t\t\t\t<li class=\"ekit-stylish-list-content-wrapper elementor-repeater-item-64a7fad\" >\n\t\t\t\t\t\t\t\t\t\t<div class=\"ekit-stylish-list-content\">\n\t\t\t\t\t\t\t\t\t\t\t\t\t\t\t\t\t\t\t\t\t\t\t\t<div class=\"ekit-stylish-list-content-text\">\n\t\t\t\t\t\t\t<span class=\"ekit-stylish-list-content-title\">Som bindemiddel i l\u00e6gemidler<\/span>\n\t\t\t\t\t\t\t\t\t\t\t\t\t\t\t<span class=\"ekit-stylish-list-content-description\">I den farmaceutiske industri bruges h\u00f8jsubstitueret hydroxypropylcellulose (H-HPC) prim\u00e6rt som bindemiddel i tabletter, granulater og granul\u00e6re materialer. Anvendelsen varierer typisk fra 1% til 5% af den samlede v\u00e6gt af medicinen. HPC kan forbedre tabletternes stabilitet og h\u00e5rdhed, og dets opl\u00f8sningstid er bedre end for tabletter, der bruger andre materialer som bindemiddel. Det g\u00f8r HPC til en vigtig komponent til optimering af l\u00e6gemiddelformuleringer og forbedring af l\u00e6gemiddelfrigivelsen.<\/span>\n\t\t\t\t\t\t\t\t\t\t\t\t\t<\/div>\n\t\t\t\t\t\t\t\t\t\t\t<\/div>\n\t\t\t\t\t\n\t\t\t\t<\/li>\n\t\t\t\t\t\t\t\t\t<\/ul>\n\t<\/div>\t\t\t\t<\/div>\n\t\t\t\t<\/div>\n\t\t\t\t\t<\/div>\n\t\t<\/div>\n\t\t\t\t<div class=\"elementor-column elementor-col-50 elementor-inner-column elementor-element elementor-element-1b3d35aa\" data-id=\"1b3d35aa\" data-element_type=\"column\">\n\t\t\t<div class=\"elementor-widget-wrap elementor-element-populated\">\n\t\t\t\t\t\t<div class=\"elementor-element elementor-element-ef33b19 elementor-widget elementor-widget-elementskit-stylish-list\" data-id=\"ef33b19\" data-element_type=\"widget\" data-settings=\"{&quot;ekit_we_effect_on&quot;:&quot;none&quot;}\" data-widget_type=\"elementskit-stylish-list.default\">\n\t\t\t\t<div class=\"elementor-widget-container\">\n\t\t\t\t\t<div class=\"ekit-wid-con\">\t\t<ul class=\"ekit-stylish-list\" >\n\t\t\t\t\t\t\t<li class=\"ekit-stylish-list-content-wrapper elementor-repeater-item-be39af2\" >\n\t\t\t\t\t\t\t\t\t\t<div class=\"ekit-stylish-list-content\">\n\t\t\t\t\t\t\t\t\t\t\t\t\t\t\t\t\t\t\t\t\t\t\t\t<div class=\"ekit-stylish-list-content-text\">\n\t\t\t\t\t\t\t<span class=\"ekit-stylish-list-content-title\">Overtr\u00e6ksmateriale til tabletter<\/span>\n\t\t\t\t\t\t\t\t\t\t\t\t\t\t\t<span class=\"ekit-stylish-list-content-description\">H\u00f8jsubstitueret hydroxypropylcellulose, ofte forkortet H-HPC, anvendes ofte som filmovertr\u00e6kningsmateriale til tabletformuleringer i den farmaceutiske industri. Det har enest\u00e5ende filmdannende egenskaber, som giver en film, der ikke kun er h\u00e5rd, men ogs\u00e5 elastisk, og hvis kvalitet kan sammenlignes med film, der er fremstillet ved hj\u00e6lp af bl\u00f8dg\u00f8rere. En af de bem\u00e6rkelsesv\u00e6rdige egenskaber ved H-HPC er dens evne til at opretholde et bem\u00e6rkelsesv\u00e6rdigt lavt ligev\u00e6gtsfugtindhold. <\/span>\n\t\t\t\t\t\t\t\t\t\t\t\t\t<\/div>\n\t\t\t\t\t\t\t\t\t\t\t<\/div>\n\t\t\t\t\t\n\t\t\t\t<\/li>\n\t\t\t\t\t\t\t\t\t<\/ul>\n\t<\/div>\t\t\t\t<\/div>\n\t\t\t\t<\/div>\n\t\t\t\t\t<\/div>\n\t\t<\/div>\n\t\t\t\t\t<\/div>\n\t\t<\/section>\n\t\t\t\t\t<\/div>\n\t\t<\/div>\n\t\t\t\t\t<\/div>\n\t\t<\/section>\n\t\t\t\t<section class=\"elementor-section elementor-top-section elementor-element elementor-element-68c9a3a elementor-section-boxed elementor-section-height-default elementor-section-height-default\" data-id=\"68c9a3a\" data-element_type=\"section\" data-settings=\"{&quot;ekit_has_onepagescroll_dot&quot;:&quot;yes&quot;}\">\n\t\t\t\t\t\t<div class=\"elementor-container elementor-column-gap-default\">\n\t\t\t\t\t<div class=\"elementor-column elementor-col-100 elementor-top-column elementor-element elementor-element-236cf49\" data-id=\"236cf49\" data-element_type=\"column\">\n\t\t\t<div class=\"elementor-widget-wrap elementor-element-populated\">\n\t\t\t\t\t\t<section class=\"elementor-section elementor-inner-section elementor-element elementor-element-4898ccc elementor-section-full_width elementor-section-height-default elementor-section-height-default\" data-id=\"4898ccc\" data-element_type=\"section\" data-settings=\"{&quot;background_background&quot;:&quot;classic&quot;,&quot;ekit_has_onepagescroll_dot&quot;:&quot;yes&quot;}\">\n\t\t\t\t\t\t<div class=\"elementor-container elementor-column-gap-default\">\n\t\t\t\t\t<div class=\"elementor-column elementor-col-100 elementor-inner-column elementor-element elementor-element-5fa0893\" data-id=\"5fa0893\" data-element_type=\"column\">\n\t\t\t<div class=\"elementor-widget-wrap elementor-element-populated\">\n\t\t\t\t\t\t<div class=\"elementor-element elementor-element-e46b95e elementor-widget elementor-widget-elementskit-heading\" data-id=\"e46b95e\" data-element_type=\"widget\" data-settings=\"{&quot;ekit_we_effect_on&quot;:&quot;none&quot;}\" data-widget_type=\"elementskit-heading.default\">\n\t\t\t\t<div class=\"elementor-widget-container\">\n\t\t\t\t\t<div class=\"ekit-wid-con\" ><div class=\"ekit-heading elementskit-section-title-wraper center   ekit_heading_tablet-   ekit_heading_mobile-\"><h2 class=\"ekit-heading--title elementskit-section-title\">Brug for mere st\u00f8tte?<\/h2>\t\t\t\t<div class='ekit-heading__description'>\n\t\t\t\t\t<p>Hvis du har brug for hj\u00e6lp eller har sp\u00f8rgsm\u00e5l, er du velkommen til at kontakte vores tekniske team for support.<\/p>\n\t\t\t\t<\/div>\n\t\t\t<\/div><\/div>\t\t\t\t<\/div>\n\t\t\t\t<\/div>\n\t\t\t\t<div class=\"elementor-element elementor-element-0e67316 elementor-align--mobilecenter elementor-align-center elementor-widget elementor-widget-elementskit-button\" data-id=\"0e67316\" data-element_type=\"widget\" data-settings=\"{&quot;ekit_we_effect_on&quot;:&quot;none&quot;}\" data-widget_type=\"elementskit-button.default\">\n\t\t\t\t<div class=\"elementor-widget-container\">\n\t\t\t\t\t<div class=\"ekit-wid-con\" >\t\t<div class=\"ekit-btn-wraper\">\n\t\t\t\t\t\t\t<a href=\"#elementor-action%3Aaction%3Dpopup%3Aopen%26settings%3DeyJpZCI6IjE1MTkiLCJ0b2dnbGUiOmZhbHNlfQ%3D%3D\" class=\"elementskit-btn  whitespace--normal\" id=\"\">\n\t\t\t\t\tTeknisk hj\u00e6lp\t\t\t\t<\/a>\n\t\t\t\t\t<\/div>\n        <\/div>\t\t\t\t<\/div>\n\t\t\t\t<\/div>\n\t\t\t\t\t<\/div>\n\t\t<\/div>\n\t\t\t\t\t<\/div>\n\t\t<\/section>\n\t\t\t\t\t<\/div>\n\t\t<\/div>\n\t\t\t\t\t<\/div>\n\t\t<\/section>\n\t\t\t\t<\/div>","protected":false},"excerpt":{"rendered":"<p>H\u00f8jsubstitueret hydroxypropylcellulose af farmaceutisk kvalitet (H-HPC) H-HPC kan fungere som bindemiddel i farmaceutiske anvendelser som f.eks. tablet- og granulatdannelse og derved forbedre tabletternes holdbarhed og stivhed. Takket v\u00e6re sine enest\u00e5ende filmdannende egenskaber kan H-HPC skabe robuste og elastiske film, hvilket g\u00f8r den til et fremragende valg til filmovertr\u00e6kningsmaterialer. H\u00f8jsubstitueret farmaceutisk kvalitet [...]<\/p>","protected":false},"author":1,"featured_media":0,"parent":9903,"menu_order":0,"comment_status":"closed","ping_status":"closed","template":"elementor_header_footer","meta":{"footnotes":""},"class_list":["post-12586","page","type-page","status-publish","hentry"],"_links":{"self":[{"href":"https:\/\/landu-china.com\/da\/wp-json\/wp\/v2\/pages\/12586","targetHints":{"allow":["GET"]}}],"collection":[{"href":"https:\/\/landu-china.com\/da\/wp-json\/wp\/v2\/pages"}],"about":[{"href":"https:\/\/landu-china.com\/da\/wp-json\/wp\/v2\/types\/page"}],"author":[{"embeddable":true,"href":"https:\/\/landu-china.com\/da\/wp-json\/wp\/v2\/users\/1"}],"replies":[{"embeddable":true,"href":"https:\/\/landu-china.com\/da\/wp-json\/wp\/v2\/comments?post=12586"}],"version-history":[{"count":41,"href":"https:\/\/landu-china.com\/da\/wp-json\/wp\/v2\/pages\/12586\/revisions"}],"predecessor-version":[{"id":19099,"href":"https:\/\/landu-china.com\/da\/wp-json\/wp\/v2\/pages\/12586\/revisions\/19099"}],"up":[{"embeddable":true,"href":"https:\/\/landu-china.com\/da\/wp-json\/wp\/v2\/pages\/9903"}],"wp:attachment":[{"href":"https:\/\/landu-china.com\/da\/wp-json\/wp\/v2\/media?parent=12586"}],"curies":[{"name":"wp","href":"https:\/\/api.w.org\/{rel}","templated":true}]}}