{"id":3745,"date":"2024-07-29T15:13:20","date_gmt":"2024-07-29T07:13:20","guid":{"rendered":"https:\/\/landu-china.com\/?page_id=3745"},"modified":"2024-07-29T16:14:04","modified_gmt":"2024-07-29T08:14:04","slug":"vyrobky-s-prokazanou-nizkou-ekologickou-stopou","status":"publish","type":"page","link":"https:\/\/landu-china.com\/cs\/vyrobky-s-prokazanou-nizkou-ekologickou-stopou\/","title":{"rendered":"V\u00fdrobky s dokumentovan\u00fdm n\u00edzk\u00fdm dopadem na \u017eivotn\u00ed prost\u0159ed\u00ed"},"content":{"rendered":"<div data-elementor-type=\"wp-page\" data-elementor-id=\"3745\" class=\"elementor elementor-3745\" data-elementor-post-type=\"page\">\n\t\t\t\t<div class=\"elementor-element elementor-element-832e259 e-flex e-con-boxed e-con e-parent\" data-id=\"832e259\" data-element_type=\"container\" data-settings=\"{&quot;background_background&quot;:&quot;classic&quot;,&quot;ekit_has_onepagescroll_dot&quot;:&quot;yes&quot;}\">\n\t\t\t\t\t<div class=\"e-con-inner\">\n\t\t\t\t<div class=\"elementor-element elementor-element-f07d774 elementor-widget__width-initial elementor-widget elementor-widget-heading\" data-id=\"f07d774\" data-element_type=\"widget\" data-settings=\"{&quot;ekit_we_effect_on&quot;:&quot;none&quot;}\" data-widget_type=\"heading.default\">\n\t\t\t\t<div class=\"elementor-widget-container\">\n\t\t\t\t\t<h2 class=\"elementor-heading-title elementor-size-default\">V\u00fdrobky s dokumentovan\u00fdm n\u00edzk\u00fdm dopadem na \u017eivotn\u00ed prost\u0159ed\u00ed<\/h2>\t\t\t\t<\/div>\n\t\t\t\t<\/div>\n\t\t\t\t<div class=\"elementor-element elementor-element-54592e9 elementor-widget__width-initial elementor-widget elementor-widget-text-editor\" data-id=\"54592e9\" data-element_type=\"widget\" data-settings=\"{&quot;ekit_we_effect_on&quot;:&quot;none&quot;}\" data-widget_type=\"text-editor.default\">\n\t\t\t\t<div class=\"elementor-widget-container\">\n\t\t\t\t\t\t\t\t\t<p>Na\u0161e v\u00fdrobky se ve v\u011bt\u0161in\u011b kategori\u00ed vyzna\u010duj\u00ed n\u00edzkou klimatickou stopou a vynikaj\u00edc\u00edmi ekologick\u00fdmi vlastnostmi.<\/p>\t\t\t\t\t\t\t\t<\/div>\n\t\t\t\t<\/div>\n\t\t\t\t\t<\/div>\n\t\t\t\t<\/div>\n\t\t<div class=\"elementor-element elementor-element-af21400 e-flex e-con-boxed e-con e-parent\" data-id=\"af21400\" data-element_type=\"container\" data-settings=\"{&quot;ekit_has_onepagescroll_dot&quot;:&quot;yes&quot;}\">\n\t\t\t\t\t<div class=\"e-con-inner\">\n\t\t\t\t<div class=\"elementor-element elementor-element-ee22895 elementor-widget elementor-widget-heading\" data-id=\"ee22895\" data-element_type=\"widget\" data-settings=\"{&quot;ekit_we_effect_on&quot;:&quot;none&quot;}\" data-widget_type=\"heading.default\">\n\t\t\t\t<div class=\"elementor-widget-container\">\n\t\t\t\t\t<h2 class=\"elementor-heading-title elementor-size-default\">N\u00e1\u0161 strategick\u00fd p\u0159\u00edstup<\/h2>\t\t\t\t<\/div>\n\t\t\t\t<\/div>\n\t\t\t\t<div class=\"elementor-element elementor-element-b0428b0 elementor-widget elementor-widget-image\" data-id=\"b0428b0\" data-element_type=\"widget\" data-settings=\"{&quot;ekit_we_effect_on&quot;:&quot;none&quot;}\" data-widget_type=\"image.default\">\n\t\t\t\t<div class=\"elementor-widget-container\">\n\t\t\t\t\t\t\t\t\t\t\t\t\t\t\t<img decoding=\"async\" width=\"55\" height=\"9\" src=\"https:\/\/landu-china.com\/wp-content\/uploads\/2024\/06\/\u8d44\u6e90-1.png\" class=\"attachment-large size-large wp-image-87\" alt=\"\" \/>\t\t\t\t\t\t\t\t\t\t\t\t\t\t\t<\/div>\n\t\t\t\t<\/div>\n\t\t\t\t<div class=\"elementor-element elementor-element-e6c6337 elementor-widget elementor-widget-text-editor\" data-id=\"e6c6337\" data-element_type=\"widget\" data-settings=\"{&quot;ekit_we_effect_on&quot;:&quot;none&quot;}\" data-widget_type=\"text-editor.default\">\n\t\t\t\t<div class=\"elementor-widget-container\">\n\t\t\t\t\t\t\t\t\t<div class=\"elementor-element elementor-element-26d6bf8c elementor-widget__width-initial elementor-widget elementor-widget-text-editor\" data-id=\"26d6bf8c\" data-element_type=\"widget\" data-settings=\"{&quot;ekit_we_effect_on&quot;:&quot;none&quot;}\" data-widget_type=\"text-editor.default\"><div class=\"elementor-widget-container\"><div class=\"elementor-element elementor-element-26d6bf8c elementor-widget__width-initial elementor-widget elementor-widget-text-editor\" data-id=\"26d6bf8c\" data-element_type=\"widget\" data-settings=\"{&quot;ekit_we_effect_on&quot;:&quot;none&quot;}\" data-widget_type=\"text-editor.default\"><div class=\"elementor-widget-container\"><div class=\"elementor-element elementor-element-531d8aa elementor-widget__width-initial elementor-widget elementor-widget-text-editor\" data-id=\"531d8aa\" data-element_type=\"widget\" data-settings=\"{&quot;ekit_we_effect_on&quot;:&quot;none&quot;}\" data-widget_type=\"text-editor.default\"><div class=\"elementor-widget-container\"><p>\"\u00dazce spolupracujeme s na\u0161imi z\u00e1kazn\u00edky a cel\u00fdm hodnotov\u00fdm \u0159et\u011bzcem, abychom podpo\u0159ili udr\u017eiteln\u00e9 inovace. N\u00e1\u0161 z\u00e1vazek p\u0159esahuje pouh\u00e9 dodr\u017eov\u00e1n\u00ed ekologick\u00fdch p\u0159edpis\u016f; na\u0161\u00edm c\u00edlem je p\u0159ekon\u00e1vat tyto normy a p\u0159ekon\u00e1vat o\u010dek\u00e1v\u00e1n\u00ed z\u00e1kazn\u00edk\u016f v ka\u017ed\u00e9m aspektu na\u0161\u00ed \u010dinnosti.\"<\/p><\/div><\/div><\/div><\/div><\/div><\/div>\t\t\t\t\t\t\t\t<\/div>\n\t\t\t\t<\/div>\n\t\t\t\t\t<\/div>\n\t\t\t\t<\/div>\n\t\t<div class=\"elementor-element elementor-element-212b9e5 e-grid e-con-boxed e-con e-parent\" data-id=\"212b9e5\" data-element_type=\"container\" data-settings=\"{&quot;ekit_has_onepagescroll_dot&quot;:&quot;yes&quot;}\">\n\t\t\t\t\t<div class=\"e-con-inner\">\n\t\t\t\t<div class=\"elementor-element elementor-element-b61eeca elementor-widget elementor-widget-image\" data-id=\"b61eeca\" data-element_type=\"widget\" data-settings=\"{&quot;ekit_we_effect_on&quot;:&quot;none&quot;}\" data-widget_type=\"image.default\">\n\t\t\t\t<div class=\"elementor-widget-container\">\n\t\t\t\t\t\t\t\t\t\t\t\t\t\t\t<img fetchpriority=\"high\" decoding=\"async\" width=\"800\" height=\"534\" src=\"https:\/\/landu-china.com\/wp-content\/uploads\/2024\/07\/cheerful-female-scientist-in-lab-1024x684-1.webp\" class=\"attachment-large size-large wp-image-3750\" alt=\"\" srcset=\"https:\/\/landu-china.com\/wp-content\/uploads\/2024\/07\/cheerful-female-scientist-in-lab-1024x684-1.webp 1024w, https:\/\/landu-china.com\/wp-content\/uploads\/2024\/07\/cheerful-female-scientist-in-lab-1024x684-1-300x200.webp 300w, https:\/\/landu-china.com\/wp-content\/uploads\/2024\/07\/cheerful-female-scientist-in-lab-1024x684-1-768x513.webp 768w\" sizes=\"(max-width: 800px) 100vw, 800px\" \/>\t\t\t\t\t\t\t\t\t\t\t\t\t\t\t<\/div>\n\t\t\t\t<\/div>\n\t\t\t\t<div class=\"elementor-element elementor-element-fb3b300 elementor-widget elementor-widget-image\" data-id=\"fb3b300\" data-element_type=\"widget\" data-settings=\"{&quot;ekit_we_effect_on&quot;:&quot;none&quot;}\" data-widget_type=\"image.default\">\n\t\t\t\t<div class=\"elementor-widget-container\">\n\t\t\t\t\t\t\t\t\t\t\t\t\t\t\t<img decoding=\"async\" width=\"800\" height=\"532\" src=\"https:\/\/landu-china.com\/wp-content\/uploads\/2024\/07\/choosing-wall-paints-1024x681-1.webp\" class=\"attachment-large size-large wp-image-3751\" alt=\"\" srcset=\"https:\/\/landu-china.com\/wp-content\/uploads\/2024\/07\/choosing-wall-paints-1024x681-1.webp 1024w, https:\/\/landu-china.com\/wp-content\/uploads\/2024\/07\/choosing-wall-paints-1024x681-1-300x200.webp 300w, https:\/\/landu-china.com\/wp-content\/uploads\/2024\/07\/choosing-wall-paints-1024x681-1-768x511.webp 768w\" sizes=\"(max-width: 800px) 100vw, 800px\" \/>\t\t\t\t\t\t\t\t\t\t\t\t\t\t\t<\/div>\n\t\t\t\t<\/div>\n\t\t\t\t<div class=\"elementor-element elementor-element-e05ee47 elementor-widget elementor-widget-image\" data-id=\"e05ee47\" data-element_type=\"widget\" data-settings=\"{&quot;ekit_we_effect_on&quot;:&quot;none&quot;}\" data-widget_type=\"image.default\">\n\t\t\t\t<div class=\"elementor-widget-container\">\n\t\t\t\t\t\t\t\t\t\t\t\t\t\t\t<img loading=\"lazy\" decoding=\"async\" width=\"800\" height=\"533\" src=\"https:\/\/landu-china.com\/wp-content\/uploads\/2024\/07\/ceramic-tiles-and-tools-for-tiler-floor-tiles-installation-home-improvement-renovation-ceramic-1024x682-1.webp\" class=\"attachment-large size-large wp-image-3749\" alt=\"\" srcset=\"https:\/\/landu-china.com\/wp-content\/uploads\/2024\/07\/ceramic-tiles-and-tools-for-tiler-floor-tiles-installation-home-improvement-renovation-ceramic-1024x682-1.webp 1024w, https:\/\/landu-china.com\/wp-content\/uploads\/2024\/07\/ceramic-tiles-and-tools-for-tiler-floor-tiles-installation-home-improvement-renovation-ceramic-1024x682-1-300x200.webp 300w, https:\/\/landu-china.com\/wp-content\/uploads\/2024\/07\/ceramic-tiles-and-tools-for-tiler-floor-tiles-installation-home-improvement-renovation-ceramic-1024x682-1-768x512.webp 768w\" sizes=\"(max-width: 800px) 100vw, 800px\" \/>\t\t\t\t\t\t\t\t\t\t\t\t\t\t\t<\/div>\n\t\t\t\t<\/div>\n\t\t\t\t\t<\/div>\n\t\t\t\t<\/div>\n\t\t<div class=\"elementor-element elementor-element-8599190 e-flex e-con-boxed e-con e-parent\" data-id=\"8599190\" data-element_type=\"container\" data-settings=\"{&quot;ekit_has_onepagescroll_dot&quot;:&quot;yes&quot;}\">\n\t\t\t\t\t<div class=\"e-con-inner\">\n\t\t<div class=\"elementor-element elementor-element-e95b722 e-con-full e-flex e-con e-child\" data-id=\"e95b722\" data-element_type=\"container\" data-settings=\"{&quot;ekit_has_onepagescroll_dot&quot;:&quot;yes&quot;}\">\n\t\t<div class=\"elementor-element elementor-element-def66d5 e-con-full e-flex e-con e-child\" data-id=\"def66d5\" data-element_type=\"container\" data-settings=\"{&quot;background_background&quot;:&quot;classic&quot;,&quot;ekit_has_onepagescroll_dot&quot;:&quot;yes&quot;}\">\n\t\t\t\t<div class=\"elementor-element elementor-element-21991d4 elementor-widget elementor-widget-heading\" data-id=\"21991d4\" data-element_type=\"widget\" data-settings=\"{&quot;ekit_we_effect_on&quot;:&quot;none&quot;}\" data-widget_type=\"heading.default\">\n\t\t\t\t<div class=\"elementor-widget-container\">\n\t\t\t\t\t<h2 class=\"elementor-heading-title elementor-size-default\">Inovace udr\u017eiteln\u00fdch materi\u00e1l\u016f z\u00edt\u0159ka<\/h2>\t\t\t\t<\/div>\n\t\t\t\t<\/div>\n\t\t\t\t<div class=\"elementor-element elementor-element-039d692 elementor-widget__width-initial elementor-widget-divider--view-line elementor-widget elementor-widget-divider\" data-id=\"039d692\" data-element_type=\"widget\" data-settings=\"{&quot;ekit_we_effect_on&quot;:&quot;none&quot;}\" data-widget_type=\"divider.default\">\n\t\t\t\t<div class=\"elementor-widget-container\">\n\t\t\t\t\t\t\t<div class=\"elementor-divider\">\n\t\t\t<span class=\"elementor-divider-separator\">\n\t\t\t\t\t\t<\/span>\n\t\t<\/div>\n\t\t\t\t\t\t<\/div>\n\t\t\t\t<\/div>\n\t\t\t\t<div class=\"elementor-element elementor-element-687a5f5 elementor-widget elementor-widget-text-editor\" data-id=\"687a5f5\" data-element_type=\"widget\" data-settings=\"{&quot;ekit_we_effect_on&quot;:&quot;none&quot;}\" data-widget_type=\"text-editor.default\">\n\t\t\t\t<div class=\"elementor-widget-container\">\n\t\t\t\t\t\t\t\t\t<p>Celul\u00f3za a jej\u00ed deriv\u00e1ty se vyr\u00e1b\u011bj\u00ed z p\u0159\u00edrodn\u00edch obnoviteln\u00fdch surovin, p\u0159edev\u0161\u00edm z bavln\u011bn\u00e9 nebo d\u0159evn\u00ed buni\u010diny. V\u011bt\u0161ina v\u00fdrobk\u016f obsahuj\u00edc\u00edch celulosu pom\u00e1h\u00e1 zlep\u0161ovat ka\u017edodenn\u00ed \u017eivot miliard lid\u00ed, od energeticky \u00fasporn\u011bj\u0161\u00edch stavebn\u00edch materi\u00e1l\u016f p\u0159es zdrav\u011bj\u0161\u00ed slo\u017eky potravin a\u017e po lep\u0161\u00ed l\u00e9\u010div\u00e9 p\u0159\u00edpravky.<\/p><p>Sou\u010d\u00e1st\u00ed strategie Landu je efektivn\u00ed a promy\u0161len\u00fd rozvoj spole\u010dnosti. Hlavn\u00ed roli v t\u00e9to strategii hraj\u00ed normy t\u00fdkaj\u00edc\u00ed se kvality, ochrany \u017eivotn\u00edho prost\u0159ed\u00ed, bezpe\u010dnosti a ochrany zdrav\u00ed, v\u010detn\u011b ochrany \u017eivotn\u00edho prost\u0159ed\u00ed orientovan\u00e9 na v\u00fdrobu.<\/p><p>Dal\u0161\u00edm kl\u00ed\u010dov\u00fdm aspektem LANDU je vstup na trhy, kde o\u010dek\u00e1v\u00e1me v\u00fdznamn\u00e9 zm\u011bny v oblasti udr\u017eiteln\u00e9ho rozvoje, \u010d\u00edm\u017e se vytv\u00e1\u0159ej\u00ed budouc\u00ed p\u0159\u00edle\u017eitosti pro na\u0161e udr\u017eiteln\u00e9 v\u00fdrobky.<\/p>\t\t\t\t\t\t\t\t<\/div>\n\t\t\t\t<\/div>\n\t\t\t\t<\/div>\n\t\t\t\t<\/div>\n\t\t<div class=\"elementor-element elementor-element-9b28c3b e-con-full e-flex e-con e-child\" data-id=\"9b28c3b\" data-element_type=\"container\" data-settings=\"{&quot;background_background&quot;:&quot;classic&quot;,&quot;ekit_has_onepagescroll_dot&quot;:&quot;yes&quot;}\">\n\t\t\t\t<\/div>\n\t\t\t\t\t<\/div>\n\t\t\t\t<\/div>\n\t\t<div class=\"elementor-element elementor-element-2fc6490 e-flex e-con-boxed e-con e-parent\" data-id=\"2fc6490\" data-element_type=\"container\" data-settings=\"{&quot;background_background&quot;:&quot;classic&quot;,&quot;ekit_has_onepagescroll_dot&quot;:&quot;yes&quot;}\">\n\t\t\t\t\t<div class=\"e-con-inner\">\n\t\t\t\t<div class=\"elementor-element elementor-element-d25fc07 elementor-widget elementor-widget-heading\" data-id=\"d25fc07\" data-element_type=\"widget\" data-settings=\"{&quot;ekit_we_effect_on&quot;:&quot;none&quot;}\" data-widget_type=\"heading.default\">\n\t\t\t\t<div class=\"elementor-widget-container\">\n\t\t\t\t\t<h2 class=\"elementor-heading-title elementor-size-default\">P\u0159ijali jsme postupy MVR pro nulov\u00e9 emise odpad\u016f a dodr\u017eov\u00e1n\u00ed normy ISO 14000.<\/h2>\t\t\t\t<\/div>\n\t\t\t\t<\/div>\n\t\t\t\t\t<\/div>\n\t\t\t\t<\/div>\n\t\t<div class=\"elementor-element elementor-element-08e5bfe e-flex e-con-boxed e-con e-parent\" data-id=\"08e5bfe\" data-element_type=\"container\" data-settings=\"{&quot;ekit_has_onepagescroll_dot&quot;:&quot;yes&quot;}\">\n\t\t\t\t\t<div class=\"e-con-inner\">\n\t\t<div class=\"elementor-element elementor-element-57c3e2d e-con-full e-flex e-con e-child\" data-id=\"57c3e2d\" data-element_type=\"container\" data-settings=\"{&quot;ekit_has_onepagescroll_dot&quot;:&quot;yes&quot;}\">\n\t\t\t\t<div class=\"elementor-element elementor-element-12083e7 elementor-widget elementor-widget-image\" data-id=\"12083e7\" data-element_type=\"widget\" data-settings=\"{&quot;ekit_we_effect_on&quot;:&quot;none&quot;}\" data-widget_type=\"image.default\">\n\t\t\t\t<div class=\"elementor-widget-container\">\n\t\t\t\t\t\t\t\t\t\t\t\t\t\t\t<img loading=\"lazy\" decoding=\"async\" width=\"800\" height=\"400\" src=\"https:\/\/landu-china.com\/wp-content\/uploads\/2024\/07\/2341-1024x512.webp\" class=\"attachment-large size-large wp-image-3747\" alt=\"\" srcset=\"https:\/\/landu-china.com\/wp-content\/uploads\/2024\/07\/2341-1024x512.webp 1024w, https:\/\/landu-china.com\/wp-content\/uploads\/2024\/07\/2341-300x150.webp 300w, https:\/\/landu-china.com\/wp-content\/uploads\/2024\/07\/2341-768x384.webp 768w, https:\/\/landu-china.com\/wp-content\/uploads\/2024\/07\/2341.webp 1300w\" sizes=\"(max-width: 800px) 100vw, 800px\" \/>\t\t\t\t\t\t\t\t\t\t\t\t\t\t\t<\/div>\n\t\t\t\t<\/div>\n\t\t\t\t<\/div>\n\t\t<div class=\"elementor-element elementor-element-2a4f08a e-con-full e-flex e-con e-child\" data-id=\"2a4f08a\" data-element_type=\"container\" data-settings=\"{&quot;ekit_has_onepagescroll_dot&quot;:&quot;yes&quot;}\">\n\t\t\t\t<div class=\"elementor-element elementor-element-4c7cc88 elementor-widget elementor-widget-heading\" data-id=\"4c7cc88\" data-element_type=\"widget\" data-settings=\"{&quot;ekit_we_effect_on&quot;:&quot;none&quot;}\" data-widget_type=\"heading.default\">\n\t\t\t\t<div class=\"elementor-widget-container\">\n\t\t\t\t\t<h2 class=\"elementor-heading-title elementor-size-default\">\nKl\u00ed\u010dov\u00e1 technologie odsolov\u00e1n\u00ed pro nulov\u00e9 vypou\u0161t\u011bn\u00ed<\/h2>\t\t\t\t<\/div>\n\t\t\t\t<\/div>\n\t\t\t\t<div class=\"elementor-element elementor-element-b0a50bc elementor-widget elementor-widget-text-editor\" data-id=\"b0a50bc\" data-element_type=\"widget\" data-settings=\"{&quot;ekit_we_effect_on&quot;:&quot;none&quot;}\" data-widget_type=\"text-editor.default\">\n\t\t\t\t<div class=\"elementor-widget-container\">\n\t\t\t\t\t\t\t\t\tTechnologie mechanick\u00e9 rekomprese p\u00e1ry (MVR) stla\u010duje sekund\u00e1rn\u00ed p\u00e1ru vyrobenou odpa\u0159ovac\u00edm syst\u00e9mem pomoc\u00ed parn\u00edho kompresoru. Stla\u010den\u00e1 p\u00e1ra se pak vrac\u00ed do odpa\u0159ovac\u00edho syst\u00e9mu, aby se udr\u017eel proces odpa\u0159ov\u00e1n\u00ed. B\u011bhem odpa\u0159ov\u00e1n\u00ed je k p\u0159edeh\u0159\u00e1t\u00ed materi\u00e1lu zapot\u0159eb\u00ed pouze mal\u00e9 mno\u017estv\u00ed p\u00e1ry, \u010d\u00edm\u017e se ve srovn\u00e1n\u00ed s tradi\u010dn\u00edmi odpa\u0159ova\u010di u\u0161et\u0159\u00ed v\u00edce ne\u017e 60-80% \u010derstv\u00e9 p\u00e1ry a v\u00edce ne\u017e 90% chladic\u00ed vody. MVR je vysoce pokro\u010dil\u00e1 energeticky \u00fasporn\u00e1 technologie odpa\u0159ov\u00e1n\u00ed, kter\u00e1 sni\u017euje provozn\u00ed n\u00e1klady o 40-80% ve srovn\u00e1n\u00ed s tradi\u010dn\u00edmi v\u00edce\u00fa\u010dinn\u00fdmi odparn\u00edky.\t\t\t\t\t\t\t\t<\/div>\n\t\t\t\t<\/div>\n\t\t\t\t<\/div>\n\t\t\t\t\t<\/div>\n\t\t\t\t<\/div>\n\t\t<div class=\"elementor-element elementor-element-cd9c454 e-flex e-con-boxed e-con e-parent\" data-id=\"cd9c454\" data-element_type=\"container\" data-settings=\"{&quot;ekit_has_onepagescroll_dot&quot;:&quot;yes&quot;}\">\n\t\t\t\t\t<div class=\"e-con-inner\">\n\t\t<div class=\"elementor-element elementor-element-a5d305c e-con-full e-flex e-con e-child\" data-id=\"a5d305c\" data-element_type=\"container\" data-settings=\"{&quot;ekit_has_onepagescroll_dot&quot;:&quot;yes&quot;}\">\n\t\t\t\t<div class=\"elementor-element elementor-element-61a92b3 elementor-widget elementor-widget-text-editor\" data-id=\"61a92b3\" data-element_type=\"widget\" data-settings=\"{&quot;ekit_we_effect_on&quot;:&quot;none&quot;}\" data-widget_type=\"text-editor.default\">\n\t\t\t\t<div class=\"elementor-widget-container\">\n\t\t\t\t\t\t\t\t\tP\u016fvodn\u011b vy\u0159azen\u00e1 p\u00e1ra je nyn\u00ed pln\u011b vyu\u017eita ve v\u00fdparn\u00edku MVR, \u010d\u00edm\u017e se z\u00edsk\u00e1 jej\u00ed latentn\u00ed v\u00fdparn\u00e9 teplo a zv\u00fd\u0161\u00ed se tepeln\u00e1 \u00fa\u010dinnost. Vyu\u017eit\u00ed elektrick\u00e9 energie nam\u00edsto p\u0159\u00edkonu p\u00e1ry nav\u00edc sni\u017euje provozn\u00ed n\u00e1klady. Odparky MVR mohou prov\u00e1d\u011bt n\u00edzkoteplotn\u00ed odpa\u0159ov\u00e1n\u00ed. P\u0159i n\u00e1vrhu odparky MVR je z\u00e1sadn\u00ed v\u00fdb\u011br vhodn\u00e9ho parn\u00edho kompresoru. Hlavn\u00edmi typy parn\u00edch kompresor\u016f pou\u017e\u00edvan\u00fdch v odpa\u0159ova\u010d\u00edch MVR jsou odst\u0159ediv\u00e9 a Rootsovy parn\u00ed kompresory. Rootsovy kompresory jsou vhodn\u00e9 pro men\u0161\u00ed odpa\u0159ovac\u00ed z\u00e1t\u011b\u017ee, zat\u00edmco odst\u0159ediv\u00e9 kompresory jsou univerz\u00e1ln\u011bj\u0161\u00ed a jejich jednostup\u0148ov\u00fd n\u00e1r\u016fst teploty dosahuje a\u017e 24 \u00b0C.\t\t\t\t\t\t\t\t<\/div>\n\t\t\t\t<\/div>\n\t\t\t\t<\/div>\n\t\t<div class=\"elementor-element elementor-element-ee7d26e e-con-full e-flex e-con e-child\" data-id=\"ee7d26e\" data-element_type=\"container\" data-settings=\"{&quot;ekit_has_onepagescroll_dot&quot;:&quot;yes&quot;}\">\n\t\t\t\t<div class=\"elementor-element elementor-element-ad220b1 elementor-widget elementor-widget-image\" data-id=\"ad220b1\" data-element_type=\"widget\" data-settings=\"{&quot;ekit_we_effect_on&quot;:&quot;none&quot;}\" data-widget_type=\"image.default\">\n\t\t\t\t<div class=\"elementor-widget-container\">\n\t\t\t\t\t\t\t\t\t\t\t\t\t\t\t<img loading=\"lazy\" decoding=\"async\" width=\"800\" height=\"533\" src=\"https:\/\/landu-china.com\/wp-content\/uploads\/2024\/07\/aerial-view-of-modern-water-cleaning-facility-at-urban-wastewater-treatment-plant--1024x682.webp\" class=\"attachment-large size-large wp-image-3748\" alt=\"\" srcset=\"https:\/\/landu-china.com\/wp-content\/uploads\/2024\/07\/aerial-view-of-modern-water-cleaning-facility-at-urban-wastewater-treatment-plant--1024x682.webp 1024w, https:\/\/landu-china.com\/wp-content\/uploads\/2024\/07\/aerial-view-of-modern-water-cleaning-facility-at-urban-wastewater-treatment-plant--300x200.webp 300w, https:\/\/landu-china.com\/wp-content\/uploads\/2024\/07\/aerial-view-of-modern-water-cleaning-facility-at-urban-wastewater-treatment-plant--768x512.webp 768w, https:\/\/landu-china.com\/wp-content\/uploads\/2024\/07\/aerial-view-of-modern-water-cleaning-facility-at-urban-wastewater-treatment-plant--1536x1023.webp 1536w, https:\/\/landu-china.com\/wp-content\/uploads\/2024\/07\/aerial-view-of-modern-water-cleaning-facility-at-urban-wastewater-treatment-plant-.webp 1600w\" sizes=\"(max-width: 800px) 100vw, 800px\" \/>\t\t\t\t\t\t\t\t\t\t\t\t\t\t\t<\/div>\n\t\t\t\t<\/div>\n\t\t\t\t<\/div>\n\t\t\t\t\t<\/div>\n\t\t\t\t<\/div>\n\t\t\t\t<\/div>","protected":false},"excerpt":{"rendered":"<p>V\u00fdrobky s dokumentovanou n\u00edzkou ekologickou stopou Na\u0161e v\u00fdrobky se mohou pochlubit n\u00edzkou ekologickou stopou a vynikaj\u00edc\u00edmi ekologick\u00fdmi vlastnostmi ve v\u011bt\u0161in\u011b kategori\u00ed. N\u00e1\u0161 strategick\u00fd p\u0159\u00edstup \"\u00dazce spolupracujeme s na\u0161imi z\u00e1kazn\u00edky a cel\u00fdm hodnotov\u00fdm \u0159et\u011bzcem, abychom podpo\u0159ili udr\u017eiteln\u00e9 inovace. N\u00e1\u0161 z\u00e1vazek p\u0159esahuje pouh\u00e9 dodr\u017eov\u00e1n\u00ed ekologick\u00fdch p\u0159edpis\u016f; na\u0161\u00edm c\u00edlem je tyto normy p\u0159ekon\u00e1vat a p\u0159ekon\u00e1vat o\u010dek\u00e1v\u00e1n\u00ed z\u00e1kazn\u00edk\u016f [...].<\/p>","protected":false},"author":1,"featured_media":0,"parent":0,"menu_order":0,"comment_status":"closed","ping_status":"closed","template":"elementor_header_footer","meta":{"footnotes":""},"class_list":["post-3745","page","type-page","status-publish","hentry"],"_links":{"self":[{"href":"https:\/\/landu-china.com\/cs\/wp-json\/wp\/v2\/pages\/3745","targetHints":{"allow":["GET"]}}],"collection":[{"href":"https:\/\/landu-china.com\/cs\/wp-json\/wp\/v2\/pages"}],"about":[{"href":"https:\/\/landu-china.com\/cs\/wp-json\/wp\/v2\/types\/page"}],"author":[{"embeddable":true,"href":"https:\/\/landu-china.com\/cs\/wp-json\/wp\/v2\/users\/1"}],"replies":[{"embeddable":true,"href":"https:\/\/landu-china.com\/cs\/wp-json\/wp\/v2\/comments?post=3745"}],"version-history":[{"count":13,"href":"https:\/\/landu-china.com\/cs\/wp-json\/wp\/v2\/pages\/3745\/revisions"}],"predecessor-version":[{"id":3767,"href":"https:\/\/landu-china.com\/cs\/wp-json\/wp\/v2\/pages\/3745\/revisions\/3767"}],"wp:attachment":[{"href":"https:\/\/landu-china.com\/cs\/wp-json\/wp\/v2\/media?parent=3745"}],"curies":[{"name":"wp","href":"https:\/\/api.w.org\/{rel}","templated":true}]}}