{"id":17109,"date":"2024-10-31T13:21:01","date_gmt":"2024-10-31T05:21:01","guid":{"rendered":"https:\/\/landu-china.com\/?page_id=17109"},"modified":"2024-11-08T14:17:05","modified_gmt":"2024-11-08T06:17:05","slug":"odstranovac-nateru","status":"publish","type":"page","link":"https:\/\/landu-china.com\/cs\/trhy\/dalsi-trhy\/odstranovac-nateru\/","title":{"rendered":"Odstra\u0148ova\u010d n\u00e1t\u011br\u016f"},"content":{"rendered":"<div data-elementor-type=\"wp-page\" data-elementor-id=\"17109\" class=\"elementor elementor-17109\" data-elementor-post-type=\"page\">\n\t\t\t\t<div class=\"elementor-element elementor-element-f81d54a e-flex e-con-boxed e-con e-parent\" data-id=\"f81d54a\" data-element_type=\"container\" data-settings=\"{&quot;background_background&quot;:&quot;classic&quot;,&quot;ekit_has_onepagescroll_dot&quot;:&quot;yes&quot;}\">\n\t\t\t\t\t<div class=\"e-con-inner\">\n\t\t\t\t<div class=\"elementor-element elementor-element-b3a9adb elementor-widget elementor-widget-heading\" data-id=\"b3a9adb\" data-element_type=\"widget\" data-settings=\"{&quot;ekit_we_effect_on&quot;:&quot;none&quot;}\" data-widget_type=\"heading.default\">\n\t\t\t\t<div class=\"elementor-widget-container\">\n\t\t\t\t\t<h1 class=\"elementor-heading-title elementor-size-default\">Odstra\u0148ova\u010d n\u00e1t\u011br\u016f<\/h1>\t\t\t\t<\/div>\n\t\t\t\t<\/div>\n\t\t\t\t\t<\/div>\n\t\t\t\t<\/div>\n\t\t\t\t<section class=\"elementor-section elementor-top-section elementor-element elementor-element-33b5d928 elementor-section-content-middle elementor-section-boxed elementor-section-height-default elementor-section-height-default\" data-id=\"33b5d928\" data-element_type=\"section\" data-settings=\"{&quot;ekit_has_onepagescroll_dot&quot;:&quot;yes&quot;}\">\n\t\t\t\t\t\t<div class=\"elementor-container elementor-column-gap-default\">\n\t\t\t\t\t<div class=\"elementor-column elementor-col-50 elementor-top-column elementor-element elementor-element-6770edaa\" data-id=\"6770edaa\" data-element_type=\"column\" data-settings=\"{&quot;background_background&quot;:&quot;classic&quot;}\">\n\t\t\t<div class=\"elementor-widget-wrap elementor-element-populated\">\n\t\t\t\t\t\t<div class=\"elementor-element elementor-element-273d1d47 elementor-widget elementor-widget-heading\" data-id=\"273d1d47\" data-element_type=\"widget\" data-settings=\"{&quot;ekit_we_effect_on&quot;:&quot;none&quot;}\" data-widget_type=\"heading.default\">\n\t\t\t\t<div class=\"elementor-widget-container\">\n\t\t\t\t\t<h2 class=\"elementor-heading-title elementor-size-default\">Celul\u00f3za v odstra\u0148ova\u010di n\u00e1t\u011br\u016f<\/h2>\t\t\t\t<\/div>\n\t\t\t\t<\/div>\n\t\t\t\t<div class=\"elementor-element elementor-element-1cc7c8b elementor-widget-divider--view-line elementor-widget elementor-widget-divider\" data-id=\"1cc7c8b\" data-element_type=\"widget\" data-settings=\"{&quot;ekit_we_effect_on&quot;:&quot;none&quot;}\" data-widget_type=\"divider.default\">\n\t\t\t\t<div class=\"elementor-widget-container\">\n\t\t\t\t\t\t\t<div class=\"elementor-divider\">\n\t\t\t<span class=\"elementor-divider-separator\">\n\t\t\t\t\t\t<\/span>\n\t\t<\/div>\n\t\t\t\t\t\t<\/div>\n\t\t\t\t<\/div>\n\t\t\t\t<div class=\"elementor-element elementor-element-2a0c8c18 elementor-widget elementor-widget-text-editor\" data-id=\"2a0c8c18\" data-element_type=\"widget\" data-settings=\"{&quot;ekit_we_effect_on&quot;:&quot;none&quot;}\" data-widget_type=\"text-editor.default\">\n\t\t\t\t<div class=\"elementor-widget-container\">\n\t\t\t\t\t\t\t\t\t<p>Celul\u00f3za se st\u00e1le \u010dast\u011bji pou\u017e\u00edv\u00e1 v odstra\u0148ova\u010d\u00edch n\u00e1t\u011br\u016f d\u00edky sv\u00fdm \u00fa\u010dinn\u00fdm zahu\u0161\u0165ovac\u00edm a filmotvorn\u00fdm vlastnostem. P\u0159i p\u0159id\u00e1v\u00e1n\u00ed do p\u0159\u00edpravk\u016f na odstra\u0148ov\u00e1n\u00ed n\u00e1t\u011br\u016f pom\u00e1h\u00e1 celul\u00f3za vytv\u00e1\u0159et gelovou konzistenci, kter\u00e1 ulp\u00edv\u00e1 na povrchu. D\u00edky tomu odstra\u0148ova\u010de pronikaj\u00ed do r\u016fzn\u00fdch typ\u016f n\u00e1t\u011br\u016f a \u00fa\u010dinn\u011bji je rozpou\u0161t\u011bj\u00ed. Jej\u00ed schopnost zlep\u0161ovat celkov\u00fd v\u00fdkon odstra\u0148ova\u010d\u016f n\u00e1t\u011br\u016f a z\u00e1rove\u0148 sni\u017eovat zdravotn\u00ed a environment\u00e1ln\u00ed rizika stav\u00ed celul\u00f3zu do pozice cenn\u00e9 slo\u017eky p\u0159\u00edpravk\u016f na odstra\u0148ov\u00e1n\u00ed n\u00e1t\u011br\u016f.<\/p>\t\t\t\t\t\t\t\t<\/div>\n\t\t\t\t<\/div>\n\t\t\t\t\t<\/div>\n\t\t<\/div>\n\t\t\t\t<div class=\"elementor-column elementor-col-50 elementor-top-column elementor-element elementor-element-3b9ee209\" data-id=\"3b9ee209\" data-element_type=\"column\" data-settings=\"{&quot;background_background&quot;:&quot;classic&quot;}\">\n\t\t\t<div class=\"elementor-widget-wrap elementor-element-populated\">\n\t\t\t\t\t\t<div class=\"elementor-element elementor-element-2fa1bda elementor-widget elementor-widget-spacer\" data-id=\"2fa1bda\" data-element_type=\"widget\" data-settings=\"{&quot;ekit_we_effect_on&quot;:&quot;none&quot;}\" data-widget_type=\"spacer.default\">\n\t\t\t\t<div class=\"elementor-widget-container\">\n\t\t\t\t\t\t\t<div class=\"elementor-spacer\">\n\t\t\t<div class=\"elementor-spacer-inner\"><\/div>\n\t\t<\/div>\n\t\t\t\t\t\t<\/div>\n\t\t\t\t<\/div>\n\t\t\t\t\t<\/div>\n\t\t<\/div>\n\t\t\t\t\t<\/div>\n\t\t<\/section>\n\t\t\t\t<section class=\"elementor-section elementor-top-section elementor-element elementor-element-fb9d0b1 elementor-section-content-middle elementor-section-boxed elementor-section-height-default elementor-section-height-default\" data-id=\"fb9d0b1\" data-element_type=\"section\" data-settings=\"{&quot;ekit_has_onepagescroll_dot&quot;:&quot;yes&quot;}\">\n\t\t\t\t\t\t<div class=\"elementor-container elementor-column-gap-default\">\n\t\t\t\t\t<div class=\"elementor-column elementor-col-50 elementor-top-column elementor-element elementor-element-f1349db\" data-id=\"f1349db\" data-element_type=\"column\" data-settings=\"{&quot;background_background&quot;:&quot;classic&quot;}\">\n\t\t\t<div class=\"elementor-widget-wrap elementor-element-populated\">\n\t\t\t\t\t\t<div class=\"elementor-element elementor-element-40fc989 elementor-widget elementor-widget-spacer\" data-id=\"40fc989\" data-element_type=\"widget\" data-settings=\"{&quot;ekit_we_effect_on&quot;:&quot;none&quot;}\" data-widget_type=\"spacer.default\">\n\t\t\t\t<div class=\"elementor-widget-container\">\n\t\t\t\t\t\t\t<div class=\"elementor-spacer\">\n\t\t\t<div class=\"elementor-spacer-inner\"><\/div>\n\t\t<\/div>\n\t\t\t\t\t\t<\/div>\n\t\t\t\t<\/div>\n\t\t\t\t\t<\/div>\n\t\t<\/div>\n\t\t\t\t<div class=\"elementor-column elementor-col-50 elementor-top-column elementor-element elementor-element-1437cd1\" data-id=\"1437cd1\" data-element_type=\"column\" data-settings=\"{&quot;background_background&quot;:&quot;classic&quot;}\">\n\t\t\t<div class=\"elementor-widget-wrap elementor-element-populated\">\n\t\t\t\t\t\t<div class=\"elementor-element elementor-element-80ce6bf elementor-widget elementor-widget-heading\" data-id=\"80ce6bf\" data-element_type=\"widget\" data-settings=\"{&quot;ekit_we_effect_on&quot;:&quot;none&quot;}\" data-widget_type=\"heading.default\">\n\t\t\t\t<div class=\"elementor-widget-container\">\n\t\t\t\t\t<h2 class=\"elementor-heading-title elementor-size-default\">Dos\u00e1hn\u011bte vynikaj\u00edc\u00edch v\u00fdsledk\u016f s pokro\u010dil\u00fdmi aditivy pro odstra\u0148ov\u00e1n\u00ed n\u00e1t\u011br\u016f LANDU<\/h2>\t\t\t\t<\/div>\n\t\t\t\t<\/div>\n\t\t\t\t<div class=\"elementor-element elementor-element-8f00e23 elementor-widget-divider--view-line elementor-widget elementor-widget-divider\" data-id=\"8f00e23\" data-element_type=\"widget\" data-settings=\"{&quot;ekit_we_effect_on&quot;:&quot;none&quot;}\" data-widget_type=\"divider.default\">\n\t\t\t\t<div class=\"elementor-widget-container\">\n\t\t\t\t\t\t\t<div class=\"elementor-divider\">\n\t\t\t<span class=\"elementor-divider-separator\">\n\t\t\t\t\t\t<\/span>\n\t\t<\/div>\n\t\t\t\t\t\t<\/div>\n\t\t\t\t<\/div>\n\t\t\t\t<div class=\"elementor-element elementor-element-71adb2f elementor-widget elementor-widget-text-editor\" data-id=\"71adb2f\" data-element_type=\"widget\" data-settings=\"{&quot;ekit_we_effect_on&quot;:&quot;none&quot;}\" data-widget_type=\"text-editor.default\">\n\t\t\t\t<div class=\"elementor-widget-container\">\n\t\t\t\t\t\t\t\t\t<p>Na\u0161e vysoce kvalitn\u00ed produkty, jako je hydroxypropylmethylcelul\u00f3za (HPMC), poskytuj\u00ed v\u00fdjime\u010dn\u00e9 zahu\u0161\u0165ovac\u00ed a gelotvorn\u00e9 vlastnosti, kter\u00e9 zaji\u0161\u0165uj\u00ed \u00fa\u010dinnou p\u0159ilnavost a maxim\u00e1ln\u00ed rozpustnost barvy. V\u00fdb\u011brem spole\u010dnosti LANDU nejen zv\u00fd\u0161\u00edte v\u00fdkon sv\u00fdch odstra\u0148ova\u010d\u016f n\u00e1t\u011br\u016f, ale tak\u00e9 p\u0159ijmete ekologick\u00e9 \u0159e\u0161en\u00ed, kter\u00e9 up\u0159ednost\u0148uje bezpe\u010dnost a udr\u017eitelnost. Vylep\u0161ete sv\u00e9 receptury pomoc\u00ed ether\u016f celul\u00f3zy LANDU a dos\u00e1hn\u011bte vynikaj\u00edc\u00edch v\u00fdsledk\u016f, kter\u00e9 va\u0161i z\u00e1kazn\u00edci ocen\u00ed!<\/p>\t\t\t\t\t\t\t\t<\/div>\n\t\t\t\t<\/div>\n\t\t\t\t<div class=\"elementor-element elementor-element-3f7ebc2 elementor-widget-elementskit-dual-button-center elementor-widget elementor-widget-elementskit-dual-button\" data-id=\"3f7ebc2\" data-element_type=\"widget\" data-settings=\"{&quot;ekit_we_effect_on&quot;:&quot;none&quot;}\" data-widget_type=\"elementskit-dual-button.default\">\n\t\t\t\t<div class=\"elementor-widget-container\">\n\t\t\t\t\t<div class=\"ekit-wid-con\" >\n                <div class=\"ekit-element-align-wrapper\">\n                    <div class=\"ekit_double_button\">                <a class=\"ekit-double-btn ekit-double-btn-one\" href=\"#elementor-action%3Aaction%3Dpopup%3Aopen%26settings%3DeyJpZCI6IjE1MTkiLCJ0b2dnbGUiOmZhbHNlfQ%3D%3D\">\n                    Produkt TDS Downlaod                <\/a>\n            \n            <a class=\"ekit-double-btn ekit-double-btn-two\" href=\"#elementor-action%3Aaction%3Dpopup%3Aopen%26settings%3DeyJpZCI6IjE1MTkiLCJ0b2dnbGUiOmZhbHNlfQ%3D%3D\" target=\"_blank\">\n                    Bezpe\u010dnostn\u00ed list v\u00fdrobku ke sta\u017een\u00ed                <\/a>\n                  <\/div>\n                <\/div>\n            <\/div>\t\t\t\t<\/div>\n\t\t\t\t<\/div>\n\t\t\t\t\t<\/div>\n\t\t<\/div>\n\t\t\t\t\t<\/div>\n\t\t<\/section>\n\t\t\t\t<\/div>","protected":false},"excerpt":{"rendered":"<p>Odstra\u0148ova\u010d n\u00e1t\u011br\u016f Celul\u00f3za v odstra\u0148ova\u010d\u00edch n\u00e1t\u011br\u016f Celul\u00f3za se st\u00e1le \u010dast\u011bji pou\u017e\u00edv\u00e1 v odstra\u0148ova\u010d\u00edch n\u00e1t\u011br\u016f d\u00edky sv\u00fdm \u00fa\u010dinn\u00fdm zahu\u0161\u0165ovac\u00edm a filmotvorn\u00fdm vlastnostem. P\u0159i p\u0159id\u00e1v\u00e1n\u00ed do p\u0159\u00edpravk\u016f na odstra\u0148ov\u00e1n\u00ed n\u00e1t\u011br\u016f pom\u00e1h\u00e1 celul\u00f3za vytv\u00e1\u0159et gelovou konzistenci, kter\u00e1 ulp\u00edv\u00e1 na povrchu. D\u00edky tomu odstra\u0148ova\u010de pronikaj\u00ed do r\u016fzn\u00fdch typ\u016f n\u00e1t\u011br\u016f a \u00fa\u010dinn\u011bji je rozpou\u0161t\u011bj\u00ed. Jej\u00ed schopnost zlep\u0161ovat [...]<\/p>","protected":false},"author":1,"featured_media":0,"parent":13080,"menu_order":0,"comment_status":"closed","ping_status":"closed","template":"elementor_header_footer","meta":{"footnotes":""},"class_list":["post-17109","page","type-page","status-publish","hentry"],"_links":{"self":[{"href":"https:\/\/landu-china.com\/cs\/wp-json\/wp\/v2\/pages\/17109","targetHints":{"allow":["GET"]}}],"collection":[{"href":"https:\/\/landu-china.com\/cs\/wp-json\/wp\/v2\/pages"}],"about":[{"href":"https:\/\/landu-china.com\/cs\/wp-json\/wp\/v2\/types\/page"}],"author":[{"embeddable":true,"href":"https:\/\/landu-china.com\/cs\/wp-json\/wp\/v2\/users\/1"}],"replies":[{"embeddable":true,"href":"https:\/\/landu-china.com\/cs\/wp-json\/wp\/v2\/comments?post=17109"}],"version-history":[{"count":16,"href":"https:\/\/landu-china.com\/cs\/wp-json\/wp\/v2\/pages\/17109\/revisions"}],"predecessor-version":[{"id":18876,"href":"https:\/\/landu-china.com\/cs\/wp-json\/wp\/v2\/pages\/17109\/revisions\/18876"}],"up":[{"embeddable":true,"href":"https:\/\/landu-china.com\/cs\/wp-json\/wp\/v2\/pages\/13080"}],"wp:attachment":[{"href":"https:\/\/landu-china.com\/cs\/wp-json\/wp\/v2\/media?parent=17109"}],"curies":[{"name":"wp","href":"https:\/\/api.w.org\/{rel}","templated":true}]}}