{"id":14572,"date":"2024-10-22T15:27:20","date_gmt":"2024-10-22T07:27:20","guid":{"rendered":"https:\/\/landu-china.com\/?page_id=14572"},"modified":"2024-11-07T10:38:11","modified_gmt":"2024-11-07T02:38:11","slug":"poznatky-o-osobni-domaci-peci","status":"publish","type":"page","link":"https:\/\/landu-china.com\/cs\/zpravodajske-udalosti\/poznatky-o-osobni-domaci-peci\/","title":{"rendered":"Poznatky o osobn\u00ed a dom\u00e1c\u00ed p\u00e9\u010di"},"content":{"rendered":"<div data-elementor-type=\"wp-page\" data-elementor-id=\"14572\" class=\"elementor elementor-14572\" data-elementor-post-type=\"page\">\n\t\t\t\t<div class=\"elementor-element elementor-element-f81d54a e-flex e-con-boxed e-con e-parent\" data-id=\"f81d54a\" data-element_type=\"container\" data-settings=\"{&quot;background_background&quot;:&quot;classic&quot;,&quot;ekit_has_onepagescroll_dot&quot;:&quot;yes&quot;}\">\n\t\t\t\t\t<div class=\"e-con-inner\">\n\t\t\t\t<div class=\"elementor-element elementor-element-b3a9adb elementor-widget__width-initial elementor-widget elementor-widget-heading\" data-id=\"b3a9adb\" data-element_type=\"widget\" data-settings=\"{&quot;ekit_we_effect_on&quot;:&quot;none&quot;}\" data-widget_type=\"heading.default\">\n\t\t\t\t<div class=\"elementor-widget-container\">\n\t\t\t\t\t<h2 class=\"elementor-heading-title elementor-size-default\">Poznatky o osobn\u00ed a dom\u00e1c\u00ed p\u00e9\u010di<\/h2>\t\t\t\t<\/div>\n\t\t\t\t<\/div>\n\t\t\t\t\t<\/div>\n\t\t\t\t<\/div>\n\t\t\t\t<section class=\"elementor-section elementor-top-section elementor-element elementor-element-14f119f elementor-section-full_width elementor-section-height-default elementor-section-height-default\" data-id=\"14f119f\" data-element_type=\"section\" data-settings=\"{&quot;background_background&quot;:&quot;classic&quot;,&quot;ekit_has_onepagescroll_dot&quot;:&quot;yes&quot;}\">\n\t\t\t\t\t\t<div class=\"elementor-container elementor-column-gap-default\">\n\t\t\t\t\t<div class=\"elementor-column elementor-col-100 elementor-top-column elementor-element elementor-element-0d94b74\" data-id=\"0d94b74\" data-element_type=\"column\">\n\t\t\t<div class=\"elementor-widget-wrap elementor-element-populated\">\n\t\t\t\t\t\t<section class=\"elementor-section elementor-inner-section elementor-element elementor-element-32a2a45 elementor-section-boxed elementor-section-height-default elementor-section-height-default\" data-id=\"32a2a45\" data-element_type=\"section\" data-settings=\"{&quot;ekit_has_onepagescroll_dot&quot;:&quot;yes&quot;}\">\n\t\t\t\t\t\t<div class=\"elementor-container elementor-column-gap-default\">\n\t\t\t\t\t<div class=\"elementor-column elementor-col-100 elementor-inner-column elementor-element elementor-element-bc29830\" data-id=\"bc29830\" data-element_type=\"column\">\n\t\t\t<div class=\"elementor-widget-wrap elementor-element-populated\">\n\t\t\t\t\t\t<div class=\"elementor-element elementor-element-2c06974 elementor-widget elementor-widget-elementskit-blog-posts\" data-id=\"2c06974\" data-element_type=\"widget\" data-settings=\"{&quot;ekit_we_effect_on&quot;:&quot;none&quot;}\" data-widget_type=\"elementskit-blog-posts.default\">\n\t\t\t\t<div class=\"elementor-widget-container\">\n\t\t\t\t\t<div class=\"ekit-wid-con\" >\n        <div id=\"post-items--2c06974\" class=\"row post-items ekit-blog-posts-content\" data-enable=\"no\">\n\n\t\t\t<!-- Blog Carousel markup render -->\n\t\t\t\n\n            <div class=\"col-lg-4 col-md-6\">\n\n                                    <div class=\"elementskit-post-image-card\">\n                        <div class=\"elementskit-entry-header\">\n                                                            <a href=\"https:\/\/landu-china.com\/cs\/8-beznych-problemu-a-jejich-reseni-pri-priprave-pracich-prostredku-pomoci-zahustovadla-hpmc\/\" class=\"elementskit-entry-thumb\">\n                                    <img decoding=\"async\" src=\"https:\/\/landu-china.com\/wp-content\/uploads\/2024\/11\/a-basket-with-detergents-in-the-hands-of-a-woman-1024x682.jpg\" alt=\"8 b\u011b\u017en\u00fdch probl\u00e9m\u016f a jejich \u0159e\u0161en\u00ed p\u0159i p\u0159\u00edprav\u011b prac\u00edch prost\u0159edk\u016f pomoc\u00ed zahu\u0161\u0165ovadla HPMC\">\n                                <\/a><!-- .elementskit-entry-thumb END -->\n                                                            \n                                                            <div class=\"elementskit-meta-categories\">\n                                    <span class=\"elementskit-meta-wraper\">\n                                        <span><a href=\"https:\/\/landu-china.com\/cs\/blog\/\" rel=\"category tag\">Blog<\/a><\/span><span><a href=\"https:\/\/landu-china.com\/cs\/hpmc\/\" rel=\"category tag\">HPMC<\/a><\/span><span><a href=\"https:\/\/landu-china.com\/cs\/poznatky-o-osobni-domaci-peci\/\" rel=\"category tag\">Poznatky o osobn\u00ed a dom\u00e1c\u00ed p\u00e9\u010di<\/a><\/span>\n                                    <\/span>\n                                <\/div>\n                            \n                                                    <\/div><!-- .elementskit-entry-header END -->\n\n                        <div class=\"elementskit-post-body\">\n                            \n                                                                                                                <div class=\"post-meta-list\">\n                                                                                                                        <span class=\"post-cat\">\n\n                                <i aria-hidden=\"true\" class=\"icon icon-folder\"><\/i>\n                                <a href=\"https:\/\/landu-china.com\/cs\/blog\/\" rel=\"category tag\">Blog<\/a> | <a href=\"https:\/\/landu-china.com\/cs\/hpmc\/\" rel=\"category tag\">HPMC<\/a> | <a href=\"https:\/\/landu-china.com\/cs\/poznatky-o-osobni-domaci-peci\/\" rel=\"category tag\">Poznatky o osobn\u00ed a dom\u00e1c\u00ed p\u00e9\u010di<\/a>                            <\/span>\n                                                                                    <\/div>\n                                                                        \n                                        \n                                                                                                <h2 class=\"entry-title\">\n                    <a href=\"https:\/\/landu-china.com\/cs\/8-beznych-problemu-a-jejich-reseni-pri-priprave-pracich-prostredku-pomoci-zahustovadla-hpmc\/\">\n                            8 b\u011b\u017en\u00fdch probl\u00e9m\u016f a jejich \u0159e\u0161en\u00ed p\u0159i p\u0159\u00edprav\u011b prac\u00edch prost\u0159edk\u016f pomoc\u00ed zahu\u0161\u0165ovadla HPMC                    <\/a>\n                <\/h2>\n                                                                                                                                                                                            <p>Vytv\u00e1\u0159en\u00ed \u00fa\u010dinn\u00fdch detergent\u016f vy\u017eaduje hlubok\u00e9 znalosti slo\u017eek.<\/p>\n                                                                                                                                                        <div class=\"btn-wraper\">\n                                    \n                                                                            <a href=\"https:\/\/landu-china.com\/cs\/8-beznych-problemu-a-jejich-reseni-pri-priprave-pracich-prostredku-pomoci-zahustovadla-hpmc\/\" class=\"elementskit-btn  whitespace--normal\" >\n                                                                                    Zjist\u011bte v\u00edce                                         <\/a>\n                                                                    <\/div>\n                                                    <\/div><!-- .elementskit-post-body END -->\n                    <\/div>\n                \n            <\/div>\t\t\t\t\n\n            <div class=\"col-lg-4 col-md-6\">\n\n                                    <div class=\"elementskit-post-image-card\">\n                        <div class=\"elementskit-entry-header\">\n                                                            <a href=\"https:\/\/landu-china.com\/cs\/jak-zajistit-kvalitu-pracich-prostredku-s-pouzitim-hpmc-jako-zahustovadla\/\" class=\"elementskit-entry-thumb\">\n                                    <img decoding=\"async\" src=\"https:\/\/landu-china.com\/wp-content\/uploads\/2024\/11\/detergents-and-a-washcloth-with-fresh-flowers-1024x682.jpg\" alt=\"Jak zajistit kvalitu prac\u00edch prost\u0159edk\u016f s pou\u017eit\u00edm HPMC jako zahu\u0161\u0165ovadla\">\n                                <\/a><!-- .elementskit-entry-thumb END -->\n                                                            \n                                                            <div class=\"elementskit-meta-categories\">\n                                    <span class=\"elementskit-meta-wraper\">\n                                        <span><a href=\"https:\/\/landu-china.com\/cs\/blog\/\" rel=\"category tag\">Blog<\/a><\/span><span><a href=\"https:\/\/landu-china.com\/cs\/hpmc\/\" rel=\"category tag\">HPMC<\/a><\/span><span><a href=\"https:\/\/landu-china.com\/cs\/poznatky-o-osobni-domaci-peci\/\" rel=\"category tag\">Poznatky o osobn\u00ed a dom\u00e1c\u00ed p\u00e9\u010di<\/a><\/span>\n                                    <\/span>\n                                <\/div>\n                            \n                                                    <\/div><!-- .elementskit-entry-header END -->\n\n                        <div class=\"elementskit-post-body\">\n                            \n                                                                                                                <div class=\"post-meta-list\">\n                                                                                                                        <span class=\"post-cat\">\n\n                                <i aria-hidden=\"true\" class=\"icon icon-folder\"><\/i>\n                                <a href=\"https:\/\/landu-china.com\/cs\/blog\/\" rel=\"category tag\">Blog<\/a> | <a href=\"https:\/\/landu-china.com\/cs\/hpmc\/\" rel=\"category tag\">HPMC<\/a> | <a href=\"https:\/\/landu-china.com\/cs\/poznatky-o-osobni-domaci-peci\/\" rel=\"category tag\">Poznatky o osobn\u00ed a dom\u00e1c\u00ed p\u00e9\u010di<\/a>                            <\/span>\n                                                                                    <\/div>\n                                                                        \n                                        \n                                                                                                <h2 class=\"entry-title\">\n                    <a href=\"https:\/\/landu-china.com\/cs\/jak-zajistit-kvalitu-pracich-prostredku-s-pouzitim-hpmc-jako-zahustovadla\/\">\n                            Jak zajistit kvalitu prac\u00edch prost\u0159edk\u016f s pou\u017eit\u00edm HPMC jako zahu\u0161\u0165ovadla                    <\/a>\n                <\/h2>\n                                                                                                                                                                                            <p>Na dne\u0161n\u00edm konkuren\u010dn\u00edm trhu s prac\u00edmi prost\u0159edky je dosa\u017een\u00ed konzistentn\u00ed kvality a spln\u011bn\u00ed<\/p>\n                                                                                                                                                        <div class=\"btn-wraper\">\n                                    \n                                                                            <a href=\"https:\/\/landu-china.com\/cs\/jak-zajistit-kvalitu-pracich-prostredku-s-pouzitim-hpmc-jako-zahustovadla\/\" class=\"elementskit-btn  whitespace--normal\" >\n                                                                                    Zjist\u011bte v\u00edce                                         <\/a>\n                                                                    <\/div>\n                                                    <\/div><!-- .elementskit-post-body END -->\n                    <\/div>\n                \n            <\/div>\t\t\t\t\n\n            <div class=\"col-lg-4 col-md-6\">\n\n                                    <div class=\"elementskit-post-image-card\">\n                        <div class=\"elementskit-entry-header\">\n                                                            <a href=\"https:\/\/landu-china.com\/cs\/jak-vyrabet-praci-prostredky-s-pouzitim-hpmc-jako-zahustovadla-kompletni-pruvodce\/\" class=\"elementskit-entry-thumb\">\n                                    <img decoding=\"async\" src=\"https:\/\/landu-china.com\/wp-content\/uploads\/2024\/11\/eco-bag-bottles-with-detergents-and-cleaning-tools-on-light-background-top-view-1024x682.jpg\" alt=\"Jak vyr\u00e1b\u011bt prac\u00ed prost\u0159edky s pou\u017eit\u00edm HPMC jako zahu\u0161\u0165ovadla: Kompletn\u00ed pr\u016fvodce\">\n                                <\/a><!-- .elementskit-entry-thumb END -->\n                                                            \n                                                            <div class=\"elementskit-meta-categories\">\n                                    <span class=\"elementskit-meta-wraper\">\n                                        <span><a href=\"https:\/\/landu-china.com\/cs\/blog\/\" rel=\"category tag\">Blog<\/a><\/span><span><a href=\"https:\/\/landu-china.com\/cs\/hpmc\/\" rel=\"category tag\">HPMC<\/a><\/span><span><a href=\"https:\/\/landu-china.com\/cs\/poznatky-o-osobni-domaci-peci\/\" rel=\"category tag\">Poznatky o osobn\u00ed a dom\u00e1c\u00ed p\u00e9\u010di<\/a><\/span>\n                                    <\/span>\n                                <\/div>\n                            \n                                                    <\/div><!-- .elementskit-entry-header END -->\n\n                        <div class=\"elementskit-post-body\">\n                            \n                                                                                                                <div class=\"post-meta-list\">\n                                                                                                                        <span class=\"post-cat\">\n\n                                <i aria-hidden=\"true\" class=\"icon icon-folder\"><\/i>\n                                <a href=\"https:\/\/landu-china.com\/cs\/blog\/\" rel=\"category tag\">Blog<\/a> | <a href=\"https:\/\/landu-china.com\/cs\/hpmc\/\" rel=\"category tag\">HPMC<\/a> | <a href=\"https:\/\/landu-china.com\/cs\/poznatky-o-osobni-domaci-peci\/\" rel=\"category tag\">Poznatky o osobn\u00ed a dom\u00e1c\u00ed p\u00e9\u010di<\/a>                            <\/span>\n                                                                                    <\/div>\n                                                                        \n                                        \n                                                                                                <h2 class=\"entry-title\">\n                    <a href=\"https:\/\/landu-china.com\/cs\/jak-vyrabet-praci-prostredky-s-pouzitim-hpmc-jako-zahustovadla-kompletni-pruvodce\/\">\n                            Jak vyr\u00e1b\u011bt prac\u00ed prost\u0159edky s pou\u017eit\u00edm HPMC jako zahu\u0161\u0165ovadla: Kompletn\u00ed pr\u016fvodce                    <\/a>\n                <\/h2>\n                                                                                                                                                                                            <p>Hydroxypropylmethylcelul\u00f3za (HPMC) je univerz\u00e1ln\u00ed a ekologicky \u0161etrn\u00e9 zahu\u0161\u0165ovadlo, kter\u00e9 je \u0161iroce roz\u0161\u00ed\u0159en\u00e9.<\/p>\n                                                                                                                                                        <div class=\"btn-wraper\">\n                                    \n                                                                            <a href=\"https:\/\/landu-china.com\/cs\/jak-vyrabet-praci-prostredky-s-pouzitim-hpmc-jako-zahustovadla-kompletni-pruvodce\/\" class=\"elementskit-btn  whitespace--normal\" >\n                                                                                    Zjist\u011bte v\u00edce                                         <\/a>\n                                                                    <\/div>\n                                                    <\/div><!-- .elementskit-post-body END -->\n                    <\/div>\n                \n            <\/div>\t\t\t\t\n\n            <div class=\"col-lg-4 col-md-6\">\n\n                                    <div class=\"elementskit-post-image-card\">\n                        <div class=\"elementskit-entry-header\">\n                                                            <a href=\"https:\/\/landu-china.com\/cs\/ekonomicka-prisada-do-tekutych-mydel-a-pracich-prostredku\/\" class=\"elementskit-entry-thumb\">\n                                    <img decoding=\"async\" src=\"https:\/\/landu-china.com\/wp-content\/uploads\/2024\/11\/134A9527-1024x678.jpg\" alt=\"\u00dasporn\u00e9 slo\u017een\u00ed tekut\u00fdch m\u00fddel a prac\u00edch prost\u0159edk\u016f - p\u0159\u00edsada\">\n                                <\/a><!-- .elementskit-entry-thumb END -->\n                                                            \n                                                            <div class=\"elementskit-meta-categories\">\n                                    <span class=\"elementskit-meta-wraper\">\n                                        <span><a href=\"https:\/\/landu-china.com\/cs\/blog\/\" rel=\"category tag\">Blog<\/a><\/span><span><a href=\"https:\/\/landu-china.com\/cs\/poznatky-o-osobni-domaci-peci\/\" rel=\"category tag\">Poznatky o osobn\u00ed a dom\u00e1c\u00ed p\u00e9\u010di<\/a><\/span>\n                                    <\/span>\n                                <\/div>\n                            \n                                                    <\/div><!-- .elementskit-entry-header END -->\n\n                        <div class=\"elementskit-post-body\">\n                            \n                                                                                                                <div class=\"post-meta-list\">\n                                                                                                                        <span class=\"post-cat\">\n\n                                <i aria-hidden=\"true\" class=\"icon icon-folder\"><\/i>\n                                <a href=\"https:\/\/landu-china.com\/cs\/blog\/\" rel=\"category tag\">Blog<\/a> | <a href=\"https:\/\/landu-china.com\/cs\/poznatky-o-osobni-domaci-peci\/\" rel=\"category tag\">Poznatky o osobn\u00ed a dom\u00e1c\u00ed p\u00e9\u010di<\/a>                            <\/span>\n                                                                                    <\/div>\n                                                                        \n                                        \n                                                                                                <h2 class=\"entry-title\">\n                    <a href=\"https:\/\/landu-china.com\/cs\/ekonomicka-prisada-do-tekutych-mydel-a-pracich-prostredku\/\">\n                            \u00dasporn\u00e9 slo\u017een\u00ed tekut\u00fdch m\u00fddel a prac\u00edch prost\u0159edk\u016f - p\u0159\u00edsada                    <\/a>\n                <\/h2>\n                                                                                                                                                                                            <p>https:\/\/youtu.be\/fZDQmX5ba80?si=IrQMG-pmG4TuxFCb Celul\u00f3zov\u00fd \u00e9ter je ide\u00e1ln\u00edm zahu\u0161\u0165ovadlem pro pou\u017eit\u00ed v \u010distic\u00edch prost\u0159edc\u00edch. Zvy\u0161uje kvalitu produktu<\/p>\n                                                                                                                                                        <div class=\"btn-wraper\">\n                                    \n                                                                            <a href=\"https:\/\/landu-china.com\/cs\/ekonomicka-prisada-do-tekutych-mydel-a-pracich-prostredku\/\" class=\"elementskit-btn  whitespace--normal\" >\n                                                                                    Zjist\u011bte v\u00edce                                         <\/a>\n                                                                    <\/div>\n                                                    <\/div><!-- .elementskit-post-body END -->\n                    <\/div>\n                \n            <\/div>\t\t\t\t        <\/div>\n        \n        \n                    <div \n            data-ekit-blog-post-style=\"numbered\"\n            class=\"ekit-blog-post-pagination-container ekit-blog-post-pagination-style-numbered\" \n            id=\"post-nagivation--2c06974\">\n                \n            <\/div>\n\n            <\/div>\t\t\t\t<\/div>\n\t\t\t\t<\/div>\n\t\t\t\t\t<\/div>\n\t\t<\/div>\n\t\t\t\t\t<\/div>\n\t\t<\/section>\n\t\t\t\t\t<\/div>\n\t\t<\/div>\n\t\t\t\t\t<\/div>\n\t\t<\/section>\n\t\t\t\t<\/div>","protected":false},"excerpt":{"rendered":"<p>Personal &amp; Home Care Insights BlogPersonal &amp; Home Care Insights Blog | Personal &amp; Home Care Insights \u00dasporn\u00e9 slo\u017een\u00ed tekut\u00fdch m\u00fddel a prac\u00edch prost\u0159edk\u016f - p\u0159\u00edsada https:\/\/youtu.be\/fZDQmX5ba80?si=IrQMG-pmG4TuxFCb \u00c9ter celul\u00f3zy je ide\u00e1ln\u00edm zahu\u0161\u0165ovadlem pro pou\u017eit\u00ed v prac\u00edch prost\u0159edc\u00edch. Zvy\u0161uje \u00fa\u010dinnost produktu Zjist\u011bte v\u00edce<\/p>","protected":false},"author":1,"featured_media":0,"parent":517,"menu_order":0,"comment_status":"closed","ping_status":"closed","template":"elementor_header_footer","meta":{"footnotes":""},"class_list":["post-14572","page","type-page","status-publish","hentry"],"_links":{"self":[{"href":"https:\/\/landu-china.com\/cs\/wp-json\/wp\/v2\/pages\/14572","targetHints":{"allow":["GET"]}}],"collection":[{"href":"https:\/\/landu-china.com\/cs\/wp-json\/wp\/v2\/pages"}],"about":[{"href":"https:\/\/landu-china.com\/cs\/wp-json\/wp\/v2\/types\/page"}],"author":[{"embeddable":true,"href":"https:\/\/landu-china.com\/cs\/wp-json\/wp\/v2\/users\/1"}],"replies":[{"embeddable":true,"href":"https:\/\/landu-china.com\/cs\/wp-json\/wp\/v2\/comments?post=14572"}],"version-history":[{"count":10,"href":"https:\/\/landu-china.com\/cs\/wp-json\/wp\/v2\/pages\/14572\/revisions"}],"predecessor-version":[{"id":18557,"href":"https:\/\/landu-china.com\/cs\/wp-json\/wp\/v2\/pages\/14572\/revisions\/18557"}],"up":[{"embeddable":true,"href":"https:\/\/landu-china.com\/cs\/wp-json\/wp\/v2\/pages\/517"}],"wp:attachment":[{"href":"https:\/\/landu-china.com\/cs\/wp-json\/wp\/v2\/media?parent=14572"}],"curies":[{"name":"wp","href":"https:\/\/api.w.org\/{rel}","templated":true}]}}