{"id":14570,"date":"2024-10-22T15:26:59","date_gmt":"2024-10-22T07:26:59","guid":{"rendered":"https:\/\/landu-china.com\/?page_id=14570"},"modified":"2024-11-07T10:27:36","modified_gmt":"2024-11-07T02:27:36","slug":"poznatky-o-potravinach","status":"publish","type":"page","link":"https:\/\/landu-china.com\/cs\/zpravodajske-udalosti\/poznatky-o-potravinach\/","title":{"rendered":"Poznatky o potravin\u00e1ch"},"content":{"rendered":"<div data-elementor-type=\"wp-page\" data-elementor-id=\"14570\" class=\"elementor elementor-14570\" data-elementor-post-type=\"page\">\n\t\t\t\t<div class=\"elementor-element elementor-element-f81d54a e-flex e-con-boxed e-con e-parent\" data-id=\"f81d54a\" data-element_type=\"container\" data-settings=\"{&quot;background_background&quot;:&quot;classic&quot;,&quot;ekit_has_onepagescroll_dot&quot;:&quot;yes&quot;}\">\n\t\t\t\t\t<div class=\"e-con-inner\">\n\t\t\t\t<div class=\"elementor-element elementor-element-b3a9adb elementor-widget__width-initial elementor-widget elementor-widget-heading\" data-id=\"b3a9adb\" data-element_type=\"widget\" data-settings=\"{&quot;ekit_we_effect_on&quot;:&quot;none&quot;}\" data-widget_type=\"heading.default\">\n\t\t\t\t<div class=\"elementor-widget-container\">\n\t\t\t\t\t<h2 class=\"elementor-heading-title elementor-size-default\">Poznatky o potravin\u00e1ch<\/h2>\t\t\t\t<\/div>\n\t\t\t\t<\/div>\n\t\t\t\t\t<\/div>\n\t\t\t\t<\/div>\n\t\t\t\t<section class=\"elementor-section elementor-top-section elementor-element elementor-element-9788d6d elementor-section-full_width elementor-section-height-default elementor-section-height-default\" data-id=\"9788d6d\" data-element_type=\"section\" data-settings=\"{&quot;background_background&quot;:&quot;classic&quot;,&quot;ekit_has_onepagescroll_dot&quot;:&quot;yes&quot;}\">\n\t\t\t\t\t\t<div class=\"elementor-container elementor-column-gap-default\">\n\t\t\t\t\t<div class=\"elementor-column elementor-col-100 elementor-top-column elementor-element elementor-element-9cb967b\" data-id=\"9cb967b\" data-element_type=\"column\">\n\t\t\t<div class=\"elementor-widget-wrap elementor-element-populated\">\n\t\t\t\t\t\t<section class=\"elementor-section elementor-inner-section elementor-element elementor-element-b9bc6b6 elementor-section-boxed elementor-section-height-default elementor-section-height-default\" data-id=\"b9bc6b6\" data-element_type=\"section\" data-settings=\"{&quot;ekit_has_onepagescroll_dot&quot;:&quot;yes&quot;}\">\n\t\t\t\t\t\t<div class=\"elementor-container elementor-column-gap-default\">\n\t\t\t\t\t<div class=\"elementor-column elementor-col-100 elementor-inner-column elementor-element elementor-element-af4a771\" data-id=\"af4a771\" data-element_type=\"column\">\n\t\t\t<div class=\"elementor-widget-wrap elementor-element-populated\">\n\t\t\t\t\t\t<div class=\"elementor-element elementor-element-b327674 elementor-widget elementor-widget-elementskit-blog-posts\" data-id=\"b327674\" data-element_type=\"widget\" data-settings=\"{&quot;ekit_we_effect_on&quot;:&quot;none&quot;}\" data-widget_type=\"elementskit-blog-posts.default\">\n\t\t\t\t<div class=\"elementor-widget-container\">\n\t\t\t\t\t<div class=\"ekit-wid-con\" >\n        <div id=\"post-items--b327674\" class=\"row post-items ekit-blog-posts-content\" data-enable=\"no\">\n\n\t\t\t<!-- Blog Carousel markup render -->\n\t\t\t\n\n            <div class=\"col-lg-4 col-md-6\">\n\n                                    <div class=\"elementskit-post-image-card\">\n                        <div class=\"elementskit-entry-header\">\n                                                            <a href=\"https:\/\/landu-china.com\/cs\/objevte-hydroxypropylskrob-v-potravinarskych-pridatnych-latkach-dnes\/\" class=\"elementskit-entry-thumb\">\n                                    <img decoding=\"async\" src=\"https:\/\/landu-china.com\/wp-content\/uploads\/2024\/12\/waffles-with-fruit-and-whipped-cream-1024x682.jpg\" alt=\"Objevte hydroxypropyl\u0161krob v potravin\u00e1\u0159sk\u00fdch p\u0159\u00eddatn\u00fdch l\u00e1tk\u00e1ch dnes\">\n                                <\/a><!-- .elementskit-entry-thumb END -->\n                                                            \n                                                            <div class=\"elementskit-meta-categories\">\n                                    <span class=\"elementskit-meta-wraper\">\n                                        <span><a href=\"https:\/\/landu-china.com\/cs\/blog\/\" rel=\"category tag\">Blog<\/a><\/span><span><a href=\"https:\/\/landu-china.com\/cs\/poznatky-o-potravinach\/\" rel=\"category tag\">Poznatky o potravin\u00e1ch<\/a><\/span>\n                                    <\/span>\n                                <\/div>\n                            \n                                                    <\/div><!-- .elementskit-entry-header END -->\n\n                        <div class=\"elementskit-post-body\">\n                            \n                                                                                                                <div class=\"post-meta-list\">\n                                                                                                                        <span class=\"post-cat\">\n\n                                <i aria-hidden=\"true\" class=\"icon icon-folder\"><\/i>\n                                <a href=\"https:\/\/landu-china.com\/cs\/blog\/\" rel=\"category tag\">Blog<\/a> | <a href=\"https:\/\/landu-china.com\/cs\/poznatky-o-potravinach\/\" rel=\"category tag\">Poznatky o potravin\u00e1ch<\/a>                            <\/span>\n                                                                                    <\/div>\n                                                                        \n                                        \n                                                                                                <h2 class=\"entry-title\">\n                    <a href=\"https:\/\/landu-china.com\/cs\/objevte-hydroxypropylskrob-v-potravinarskych-pridatnych-latkach-dnes\/\">\n                            Objevte hydroxypropyl\u0161krob v potravin\u00e1\u0159sk\u00fdch p\u0159\u00eddatn\u00fdch l\u00e1tk\u00e1ch dnes                    <\/a>\n                <\/h2>\n                                                                                                                                                                                            <p>Sv\u011bt potravin\u00e1\u0159stv\u00ed se neust\u00e1le m\u011bn\u00ed. Slo\u017eky jako hydroxypropyl<\/p>\n                                                                                                                                                        <div class=\"btn-wraper\">\n                                    \n                                                                            <a href=\"https:\/\/landu-china.com\/cs\/objevte-hydroxypropylskrob-v-potravinarskych-pridatnych-latkach-dnes\/\" class=\"elementskit-btn  whitespace--normal\" >\n                                                                                    Zjist\u011bte v\u00edce                                         <\/a>\n                                                                    <\/div>\n                                                    <\/div><!-- .elementskit-post-body END -->\n                    <\/div>\n                \n            <\/div>\t\t\t\t\n\n            <div class=\"col-lg-4 col-md-6\">\n\n                                    <div class=\"elementskit-post-image-card\">\n                        <div class=\"elementskit-entry-header\">\n                                                            <a href=\"https:\/\/landu-china.com\/cs\/mikrokrystalicka-celuloza-v-potravinach-komplexni-pruvodce-a-vyhody\/\" class=\"elementskit-entry-thumb\">\n                                    <img decoding=\"async\" src=\"https:\/\/landu-china.com\/wp-content\/uploads\/2024\/11\/festive-background-for-the-jewish-spring-holiday-of-shavuot-lots-of-dairy-products-apples-1024x682.jpg\" alt=\"Mikrokrystalick\u00e1 celul\u00f3za v potravin\u00e1ch: Vydatn\u00fd pr\u016fvodce a v\u00fdhody\">\n                                <\/a><!-- .elementskit-entry-thumb END -->\n                                                            \n                                                            <div class=\"elementskit-meta-categories\">\n                                    <span class=\"elementskit-meta-wraper\">\n                                        <span><a href=\"https:\/\/landu-china.com\/cs\/blog\/\" rel=\"category tag\">Blog<\/a><\/span><span><a href=\"https:\/\/landu-china.com\/cs\/poznatky-o-potravinach\/\" rel=\"category tag\">Poznatky o potravin\u00e1ch<\/a><\/span>\n                                    <\/span>\n                                <\/div>\n                            \n                                                    <\/div><!-- .elementskit-entry-header END -->\n\n                        <div class=\"elementskit-post-body\">\n                            \n                                                                                                                <div class=\"post-meta-list\">\n                                                                                                                        <span class=\"post-cat\">\n\n                                <i aria-hidden=\"true\" class=\"icon icon-folder\"><\/i>\n                                <a href=\"https:\/\/landu-china.com\/cs\/blog\/\" rel=\"category tag\">Blog<\/a> | <a href=\"https:\/\/landu-china.com\/cs\/poznatky-o-potravinach\/\" rel=\"category tag\">Poznatky o potravin\u00e1ch<\/a>                            <\/span>\n                                                                                    <\/div>\n                                                                        \n                                        \n                                                                                                <h2 class=\"entry-title\">\n                    <a href=\"https:\/\/landu-china.com\/cs\/mikrokrystalicka-celuloza-v-potravinach-komplexni-pruvodce-a-vyhody\/\">\n                            Mikrokrystalick\u00e1 celul\u00f3za v potravin\u00e1ch: Vydatn\u00fd pr\u016fvodce a v\u00fdhody                    <\/a>\n                <\/h2>\n                                                                                                                                                                                            <p>Co je mikrokrystalick\u00e1 celul\u00f3za? Mikrokrystalick\u00e1 celul\u00f3za (MCC) je rafinovan\u00e1 celul\u00f3za.<\/p>\n                                                                                                                                                        <div class=\"btn-wraper\">\n                                    \n                                                                            <a href=\"https:\/\/landu-china.com\/cs\/mikrokrystalicka-celuloza-v-potravinach-komplexni-pruvodce-a-vyhody\/\" class=\"elementskit-btn  whitespace--normal\" >\n                                                                                    Zjist\u011bte v\u00edce                                         <\/a>\n                                                                    <\/div>\n                                                    <\/div><!-- .elementskit-post-body END -->\n                    <\/div>\n                \n            <\/div>\t\t\t\t\n\n            <div class=\"col-lg-4 col-md-6\">\n\n                                    <div class=\"elementskit-post-image-card\">\n                        <div class=\"elementskit-entry-header\">\n                                                            <a href=\"https:\/\/landu-china.com\/cs\/pouziti-karboxymethylcelulozy-cmc-v-potravinach\/\" class=\"elementskit-entry-thumb\">\n                                    <img decoding=\"async\" src=\"https:\/\/landu-china.com\/wp-content\/uploads\/2024\/11\/27572720-1024x682.jpg\" alt=\"Pou\u017eit\u00ed karboxymethylcelul\u00f3zy (CMC) v potravin\u00e1ch\">\n                                <\/a><!-- .elementskit-entry-thumb END -->\n                                                            \n                                                            <div class=\"elementskit-meta-categories\">\n                                    <span class=\"elementskit-meta-wraper\">\n                                        <span><a href=\"https:\/\/landu-china.com\/cs\/blog\/\" rel=\"category tag\">Blog<\/a><\/span><span><a href=\"https:\/\/landu-china.com\/cs\/poznatky-o-potravinach\/\" rel=\"category tag\">Poznatky o potravin\u00e1ch<\/a><\/span>\n                                    <\/span>\n                                <\/div>\n                            \n                                                    <\/div><!-- .elementskit-entry-header END -->\n\n                        <div class=\"elementskit-post-body\">\n                            \n                                                                                                                <div class=\"post-meta-list\">\n                                                                                                                        <span class=\"post-cat\">\n\n                                <i aria-hidden=\"true\" class=\"icon icon-folder\"><\/i>\n                                <a href=\"https:\/\/landu-china.com\/cs\/blog\/\" rel=\"category tag\">Blog<\/a> | <a href=\"https:\/\/landu-china.com\/cs\/poznatky-o-potravinach\/\" rel=\"category tag\">Poznatky o potravin\u00e1ch<\/a>                            <\/span>\n                                                                                    <\/div>\n                                                                        \n                                        \n                                                                                                <h2 class=\"entry-title\">\n                    <a href=\"https:\/\/landu-china.com\/cs\/pouziti-karboxymethylcelulozy-cmc-v-potravinach\/\">\n                            Pou\u017eit\u00ed karboxymethylcelul\u00f3zy (CMC) v potravin\u00e1ch                    <\/a>\n                <\/h2>\n                                                                                                                                                                                            <p>Karboxymethylcelul\u00f3za (CMC) je \u0161iroce pou\u017e\u00edvanou potravin\u00e1\u0159skou p\u0159\u00edsadou, kter\u00e1 je zn\u00e1m\u00e1 jako<\/p>\n                                                                                                                                                        <div class=\"btn-wraper\">\n                                    \n                                                                            <a href=\"https:\/\/landu-china.com\/cs\/pouziti-karboxymethylcelulozy-cmc-v-potravinach\/\" class=\"elementskit-btn  whitespace--normal\" >\n                                                                                    Zjist\u011bte v\u00edce                                         <\/a>\n                                                                    <\/div>\n                                                    <\/div><!-- .elementskit-post-body END -->\n                    <\/div>\n                \n            <\/div>\t\t\t\t        <\/div>\n        \n        \n                    <div \n            data-ekit-blog-post-style=\"numbered\"\n            class=\"ekit-blog-post-pagination-container ekit-blog-post-pagination-style-numbered\" \n            id=\"post-nagivation--b327674\">\n                \n            <\/div>\n\n            <\/div>\t\t\t\t<\/div>\n\t\t\t\t<\/div>\n\t\t\t\t\t<\/div>\n\t\t<\/div>\n\t\t\t\t\t<\/div>\n\t\t<\/section>\n\t\t\t\t\t<\/div>\n\t\t<\/div>\n\t\t\t\t\t<\/div>\n\t\t<\/section>\n\t\t\t\t<\/div>","protected":false},"excerpt":{"rendered":"<p>Food Insights Pharmaceutical InsightsBlogFood Insights Pharmaceutical Insights | Blog | Food Insights Aplikace karboxymethylcelul\u00f3zy (CMC) v potravin\u00e1ch Karboxymethylcelul\u00f3za (CMC) je \u0161iroce pou\u017e\u00edvanou potravin\u00e1\u0159skou p\u0159\u00edsadou, kter\u00e1 je zn\u00e1m\u00e1 t\u00edm, \u017ee se v potravin\u00e1ch pou\u017e\u00edv\u00e1 jako p\u0159\u00edsada.<\/p>","protected":false},"author":1,"featured_media":0,"parent":517,"menu_order":0,"comment_status":"closed","ping_status":"closed","template":"elementor_header_footer","meta":{"footnotes":""},"class_list":["post-14570","page","type-page","status-publish","hentry"],"_links":{"self":[{"href":"https:\/\/landu-china.com\/cs\/wp-json\/wp\/v2\/pages\/14570","targetHints":{"allow":["GET"]}}],"collection":[{"href":"https:\/\/landu-china.com\/cs\/wp-json\/wp\/v2\/pages"}],"about":[{"href":"https:\/\/landu-china.com\/cs\/wp-json\/wp\/v2\/types\/page"}],"author":[{"embeddable":true,"href":"https:\/\/landu-china.com\/cs\/wp-json\/wp\/v2\/users\/1"}],"replies":[{"embeddable":true,"href":"https:\/\/landu-china.com\/cs\/wp-json\/wp\/v2\/comments?post=14570"}],"version-history":[{"count":7,"href":"https:\/\/landu-china.com\/cs\/wp-json\/wp\/v2\/pages\/14570\/revisions"}],"predecessor-version":[{"id":18526,"href":"https:\/\/landu-china.com\/cs\/wp-json\/wp\/v2\/pages\/14570\/revisions\/18526"}],"up":[{"embeddable":true,"href":"https:\/\/landu-china.com\/cs\/wp-json\/wp\/v2\/pages\/517"}],"wp:attachment":[{"href":"https:\/\/landu-china.com\/cs\/wp-json\/wp\/v2\/media?parent=14570"}],"curies":[{"name":"wp","href":"https:\/\/api.w.org\/{rel}","templated":true}]}}