{"id":13424,"date":"2024-10-19T13:40:37","date_gmt":"2024-10-19T05:40:37","guid":{"rendered":"https:\/\/landu-china.com\/?page_id=13424"},"modified":"2025-08-05T14:50:21","modified_gmt":"2025-08-05T06:50:21","slug":"predprodejni-servis","status":"publish","type":"page","link":"https:\/\/landu-china.com\/cs\/sluzby\/predprodejni-servis\/","title":{"rendered":"P\u0159edprodejn\u00ed servis"},"content":{"rendered":"<div data-elementor-type=\"wp-page\" data-elementor-id=\"13424\" class=\"elementor elementor-13424\" data-elementor-post-type=\"page\">\n\t\t\t\t<div class=\"elementor-element elementor-element-fc15d14 e-flex e-con-boxed e-con e-parent\" data-id=\"fc15d14\" data-element_type=\"container\" data-settings=\"{&quot;background_background&quot;:&quot;classic&quot;,&quot;ekit_has_onepagescroll_dot&quot;:&quot;yes&quot;}\">\n\t\t\t\t\t<div class=\"e-con-inner\">\n\t\t<div class=\"elementor-element elementor-element-d29a8f3 e-con-full e-flex elementor-invisible e-con e-child\" data-id=\"d29a8f3\" data-element_type=\"container\" data-settings=\"{&quot;animation&quot;:&quot;fadeInUp&quot;,&quot;ekit_has_onepagescroll_dot&quot;:&quot;yes&quot;}\">\n\t\t\t\t<div class=\"elementor-element elementor-element-0e79d78 elementor-widget elementor-widget-heading\" data-id=\"0e79d78\" data-element_type=\"widget\" data-settings=\"{&quot;ekit_we_effect_on&quot;:&quot;none&quot;}\" data-widget_type=\"heading.default\">\n\t\t\t\t<div class=\"elementor-widget-container\">\n\t\t\t\t\t<h1 class=\"elementor-heading-title elementor-size-default\">P\u0159edprodejn\u00ed servis<\/h1>\t\t\t\t<\/div>\n\t\t\t\t<\/div>\n\t\t\t\t<div class=\"elementor-element elementor-element-c04a8cb elementor-widget elementor-widget-elementskit-breadcrumb\" data-id=\"c04a8cb\" data-element_type=\"widget\" data-settings=\"{&quot;ekit_we_effect_on&quot;:&quot;none&quot;}\" data-widget_type=\"elementskit-breadcrumb.default\">\n\t\t\t\t<div class=\"elementor-widget-container\">\n\t\t\t\t\t<div class=\"ekit-wid-con\" ><ol class=\"ekit-breadcrumb\"><li class=\"ekit_breadcrumbs_start\"><a href=\"https:\/\/landu-china.com\/cs\">Home<\/a><\/li><\/ol><\/div>\t\t\t\t<\/div>\n\t\t\t\t<\/div>\n\t\t\t\t<\/div>\n\t\t\t\t\t<\/div>\n\t\t\t\t<\/div>\n\t\t\t\t<section class=\"elementor-section elementor-top-section elementor-element elementor-element-5462d86f elementor-section-boxed elementor-section-height-default elementor-section-height-default\" data-id=\"5462d86f\" data-element_type=\"section\" data-settings=\"{&quot;ekit_has_onepagescroll_dot&quot;:&quot;yes&quot;}\">\n\t\t\t\t\t\t<div class=\"elementor-container elementor-column-gap-default\">\n\t\t\t\t\t<div class=\"elementor-column elementor-col-100 elementor-top-column elementor-element elementor-element-53d0d340\" data-id=\"53d0d340\" data-element_type=\"column\">\n\t\t\t<div class=\"elementor-widget-wrap elementor-element-populated\">\n\t\t\t\t\t\t<div class=\"elementor-element elementor-element-58911ef4 elementor-widget-divider--view-line elementor-invisible elementor-widget elementor-widget-divider\" data-id=\"58911ef4\" data-element_type=\"widget\" data-settings=\"{&quot;_animation&quot;:&quot;fadeIn&quot;,&quot;ekit_we_effect_on&quot;:&quot;none&quot;}\" data-widget_type=\"divider.default\">\n\t\t\t\t<div class=\"elementor-widget-container\">\n\t\t\t\t\t\t\t<div class=\"elementor-divider\">\n\t\t\t<span class=\"elementor-divider-separator\">\n\t\t\t\t\t\t<\/span>\n\t\t<\/div>\n\t\t\t\t\t\t<\/div>\n\t\t\t\t<\/div>\n\t\t\t\t\t<\/div>\n\t\t<\/div>\n\t\t\t\t\t<\/div>\n\t\t<\/section>\n\t\t<div class=\"elementor-element elementor-element-1cb48eb5 e-flex e-con-boxed e-con e-parent\" data-id=\"1cb48eb5\" data-element_type=\"container\" data-settings=\"{&quot;background_background&quot;:&quot;classic&quot;,&quot;ekit_has_onepagescroll_dot&quot;:&quot;yes&quot;}\">\n\t\t\t\t\t<div class=\"e-con-inner\">\n\t\t<div class=\"elementor-element elementor-element-201162da e-con-full e-flex e-con e-child\" data-id=\"201162da\" data-element_type=\"container\" data-settings=\"{&quot;ekit_has_onepagescroll_dot&quot;:&quot;yes&quot;}\">\n\t\t<div class=\"elementor-element elementor-element-5ab87104 e-con-full e-flex elementor-invisible e-con e-child\" data-id=\"5ab87104\" data-element_type=\"container\" data-settings=\"{&quot;animation&quot;:&quot;fadeInLeft&quot;,&quot;ekit_has_onepagescroll_dot&quot;:&quot;yes&quot;}\">\n\t\t<div class=\"elementor-element elementor-element-11ea9489 e-con-full e-flex e-con e-child\" data-id=\"11ea9489\" data-element_type=\"container\" data-settings=\"{&quot;ekit_has_onepagescroll_dot&quot;:&quot;yes&quot;}\">\n\t\t<div class=\"elementor-element elementor-element-6ef743a8 e-con-full e-flex e-con e-child\" data-id=\"6ef743a8\" data-element_type=\"container\" data-settings=\"{&quot;background_background&quot;:&quot;classic&quot;,&quot;ekit_has_onepagescroll_dot&quot;:&quot;yes&quot;}\">\n\t\t\t\t<div class=\"elementor-element elementor-element-6982c310 elementor-widget elementor-widget-heading\" data-id=\"6982c310\" data-element_type=\"widget\" data-settings=\"{&quot;ekit_we_effect_on&quot;:&quot;none&quot;}\" data-widget_type=\"heading.default\">\n\t\t\t\t<div class=\"elementor-widget-container\">\n\t\t\t\t\t<h6 class=\"elementor-heading-title elementor-size-default\">1.Technick\u00e1 odbornost a p\u0159izp\u016fsoben\u00ed<\/h6>\t\t\t\t<\/div>\n\t\t\t\t<\/div>\n\t\t\t\t<div class=\"elementor-element elementor-element-351c56b elementor-widget elementor-widget-text-editor\" data-id=\"351c56b\" data-element_type=\"widget\" data-settings=\"{&quot;ekit_we_effect_on&quot;:&quot;none&quot;}\" data-widget_type=\"text-editor.default\">\n\t\t\t\t<div class=\"elementor-widget-container\">\n\t\t\t\t\t\t\t\t\t<p>J\u00e1drem p\u0159edprodejn\u00edch slu\u017eeb spole\u010dnosti LANDU jsou na\u0161e technick\u00e9 konzultace. Na\u0161i odborn\u00ed poradci \u00fazce spolupracuj\u00ed s klienty p\u0159i v\u00fdb\u011bru nejvhodn\u011bj\u0161\u00edho celul\u00f3zov\u00e9ho \u00e9teru nebo jin\u00fdch produkt\u016f na z\u00e1klad\u011b specifick\u00fdch pot\u0159eb klienta (nap\u0159. stavebnictv\u00ed, n\u00e1t\u011brov\u00e9 hmoty nebo jin\u00e1 odv\u011btv\u00ed).<\/p><p>Tento individu\u00e1ln\u00ed p\u0159\u00edstup se vztahuje i na p\u0159izp\u016fsoben\u00ed produkt\u016f. LANDU poskytuje flexibilitu ve specifikac\u00edch produktu (viskozita, rozpustnost, doba otev\u0159en\u00ed atd.) na z\u00e1klad\u011b po\u017eadavk\u016f klienta.<\/p>\t\t\t\t\t\t\t\t<\/div>\n\t\t\t\t<\/div>\n\t\t\t\t<\/div>\n\t\t\t\t<\/div>\n\t\t<div class=\"elementor-element elementor-element-62386b4 e-con-full e-flex e-con e-child\" data-id=\"62386b4\" data-element_type=\"container\" data-settings=\"{&quot;ekit_has_onepagescroll_dot&quot;:&quot;yes&quot;}\">\n\t\t<div class=\"elementor-element elementor-element-a77aec4 e-con-full e-flex e-con e-child\" data-id=\"a77aec4\" data-element_type=\"container\" data-settings=\"{&quot;background_background&quot;:&quot;classic&quot;,&quot;ekit_has_onepagescroll_dot&quot;:&quot;yes&quot;}\">\n\t\t\t\t<div class=\"elementor-element elementor-element-184f33b elementor-widget elementor-widget-heading\" data-id=\"184f33b\" data-element_type=\"widget\" data-settings=\"{&quot;ekit_we_effect_on&quot;:&quot;none&quot;}\" data-widget_type=\"heading.default\">\n\t\t\t\t<div class=\"elementor-widget-container\">\n\t\t\t\t\t<h6 class=\"elementor-heading-title elementor-size-default\">2.Bezplatn\u00e9 vzorky a testov\u00e1n\u00ed v\u00fdkonu<\/h6>\t\t\t\t<\/div>\n\t\t\t\t<\/div>\n\t\t\t\t<div class=\"elementor-element elementor-element-c66708f elementor-widget elementor-widget-text-editor\" data-id=\"c66708f\" data-element_type=\"widget\" data-settings=\"{&quot;ekit_we_effect_on&quot;:&quot;none&quot;}\" data-widget_type=\"text-editor.default\">\n\t\t\t\t<div class=\"elementor-widget-container\">\n\t\t\t\t\t\t\t\t\t<p>Spole\u010dnost LANDU jde nad r\u00e1mec teoretick\u00e9ho poradenstv\u00ed a nab\u00edz\u00ed klient\u016fm bezplatn\u00e9 vzorky produkt\u016f, kter\u00e9 si mohou vyzkou\u0161et a vyhodnotit ve sv\u00fdch aplikac\u00edch. Tyto vzorky jsou dod\u00e1v\u00e1ny s komplexn\u00edm pr\u016fvodcem testov\u00e1n\u00edm a n\u00e1vodem k pou\u017eit\u00ed, co\u017e zaji\u0161\u0165uje p\u0159esn\u00e9 v\u00fdsledky zkou\u0161ek.<\/p><p>Pro podrobn\u011bj\u0161\u00ed anal\u00fdzu spole\u010dnost LANDU r\u00e1da otestuje produkty v na\u0161\u00ed laborato\u0159i a poskytne podrobn\u00e9 zpr\u00e1vy o v\u00fdkonu a doporu\u010den\u00ed.<\/p>\t\t\t\t\t\t\t\t<\/div>\n\t\t\t\t<\/div>\n\t\t\t\t<\/div>\n\t\t\t\t<\/div>\n\t\t\t\t<\/div>\n\t\t<div class=\"elementor-element elementor-element-7395a7c0 e-con-full e-flex elementor-invisible e-con e-child\" data-id=\"7395a7c0\" data-element_type=\"container\" data-settings=\"{&quot;animation&quot;:&quot;fadeInRight&quot;,&quot;ekit_has_onepagescroll_dot&quot;:&quot;yes&quot;}\">\n\t\t\t\t<div class=\"elementor-element elementor-element-39d16225 elementor-widget elementor-widget-image\" data-id=\"39d16225\" data-element_type=\"widget\" data-settings=\"{&quot;ekit_we_effect_on&quot;:&quot;none&quot;}\" data-widget_type=\"image.default\">\n\t\t\t\t<div class=\"elementor-widget-container\">\n\t\t\t\t\t\t\t\t\t\t\t\t\t\t\t<img fetchpriority=\"high\" decoding=\"async\" width=\"800\" height=\"533\" src=\"https:\/\/landu-china.com\/wp-content\/uploads\/2024\/10\/laboratory.webp\" class=\"elementor-animation-float attachment-full size-full wp-image-12055\" alt=\"laborato\u0159\" srcset=\"https:\/\/landu-china.com\/wp-content\/uploads\/2024\/10\/laboratory.webp 800w, https:\/\/landu-china.com\/wp-content\/uploads\/2024\/10\/laboratory-300x200.webp 300w, https:\/\/landu-china.com\/wp-content\/uploads\/2024\/10\/laboratory-768x512.webp 768w\" sizes=\"(max-width: 800px) 100vw, 800px\" \/>\t\t\t\t\t\t\t\t\t\t\t\t\t\t\t<\/div>\n\t\t\t\t<\/div>\n\t\t\t\t<div class=\"elementor-element elementor-element-bd3c3a0 elementor-align-center elementor-widget elementor-widget-button\" data-id=\"bd3c3a0\" data-element_type=\"widget\" data-settings=\"{&quot;ekit_we_effect_on&quot;:&quot;none&quot;}\" data-widget_type=\"button.default\">\n\t\t\t\t<div class=\"elementor-widget-container\">\n\t\t\t\t\t\t\t\t\t<div class=\"elementor-button-wrapper\">\n\t\t\t\t\t<a class=\"elementor-button elementor-button-link elementor-size-sm elementor-animation-float\" href=\"#elementor-action%3Aaction%3Dpopup%3Aopen%26settings%3DeyJpZCI6IjE1MTkiLCJ0b2dnbGUiOmZhbHNlfQ%3D%3D\">\n\t\t\t\t\t\t<span class=\"elementor-button-content-wrapper\">\n\t\t\t\t\t\t<span class=\"elementor-button-icon\">\n\t\t\t\t<svg aria-hidden=\"true\" class=\"e-font-icon-svg e-fas-angle-right\" viewbox=\"0 0 256 512\" xmlns=\"http:\/\/www.w3.org\/2000\/svg\"><path d=\"M224.3 273l-136 136c-9.4 9.4-24.6 9.4-33.9 0l-22.6-22.6c-9.4-9.4-9.4-24.6 0-33.9l96.4-96.4-96.4-96.4c-9.4-9.4-9.4-24.6 0-33.9L54.3 103c9.4-9.4 24.6-9.4 33.9 0l136 136c9.5 9.4 9.5 24.6.1 34z\"><\/path><\/svg>\t\t\t<\/span>\n\t\t\t\t\t\t\t\t\t<span class=\"elementor-button-text\">Okam\u017eit\u011b kontaktujte na\u0161e odborn\u00edky<\/span>\n\t\t\t\t\t<\/span>\n\t\t\t\t\t<\/a>\n\t\t\t\t<\/div>\n\t\t\t\t\t\t\t\t<\/div>\n\t\t\t\t<\/div>\n\t\t\t\t<\/div>\n\t\t\t\t<\/div>\n\t\t\t\t\t<\/div>\n\t\t\t\t<\/div>\n\t\t<div class=\"elementor-element elementor-element-10a3e00 e-flex e-con-boxed e-con e-parent\" data-id=\"10a3e00\" data-element_type=\"container\" data-settings=\"{&quot;ekit_has_onepagescroll_dot&quot;:&quot;yes&quot;}\">\n\t\t\t\t\t<div class=\"e-con-inner\">\n\t\t<div class=\"elementor-element elementor-element-94b43c3 e-grid e-con-full e-con e-child\" data-id=\"94b43c3\" data-element_type=\"container\" data-settings=\"{&quot;ekit_has_onepagescroll_dot&quot;:&quot;yes&quot;}\">\n\t\t<div class=\"elementor-element elementor-element-009bd7c e-con-full e-flex e-con e-child\" data-id=\"009bd7c\" data-element_type=\"container\" data-settings=\"{&quot;background_background&quot;:&quot;classic&quot;,&quot;ekit_has_onepagescroll_dot&quot;:&quot;yes&quot;}\">\n\t\t\t\t<div class=\"elementor-element elementor-element-2872de3 elementor-widget elementor-widget-heading\" data-id=\"2872de3\" data-element_type=\"widget\" data-settings=\"{&quot;ekit_we_effect_on&quot;:&quot;none&quot;}\" data-widget_type=\"heading.default\">\n\t\t\t\t<div class=\"elementor-widget-container\">\n\t\t\t\t\t<h6 class=\"elementor-heading-title elementor-size-default\">3.Sd\u00edlen\u00ed znalost\u00ed a dokumentace<\/h6>\t\t\t\t<\/div>\n\t\t\t\t<\/div>\n\t\t\t\t<div class=\"elementor-element elementor-element-4ef6c3a elementor-widget elementor-widget-text-editor\" data-id=\"4ef6c3a\" data-element_type=\"widget\" data-settings=\"{&quot;ekit_we_effect_on&quot;:&quot;none&quot;}\" data-widget_type=\"text-editor.default\">\n\t\t\t\t<div class=\"elementor-widget-container\">\n\t\t\t\t\t\t\t\t\t<p>Spole\u010dnost LANDU po\u0159\u00e1d\u00e1 semin\u00e1\u0159e, webov\u00e9 semin\u00e1\u0159e nebo \u0161kolen\u00ed na m\u00edst\u011b, aby klienty sezn\u00e1mila s aplikacemi a v\u00fdhodami \u00e9teru celul\u00f3zy nebo RDP.\u00a0<\/p><p>Tento z\u00e1vazek je d\u00e1le podpo\u0159en rozs\u00e1hlou dokumentac\u00ed k v\u00fdrobk\u016fm, v\u010detn\u011b podrobn\u00fdch datov\u00fdch list\u016f (TDS), bezpe\u010dnostn\u00edch list\u016f (SDS) a certifik\u00e1t\u016f anal\u00fdzy (COA) pro ka\u017ed\u00fd v\u00fdrobek.<\/p>\t\t\t\t\t\t\t\t<\/div>\n\t\t\t\t<\/div>\n\t\t\t\t<\/div>\n\t\t<div class=\"elementor-element elementor-element-d31ba6b e-con-full e-flex e-con e-child\" data-id=\"d31ba6b\" data-element_type=\"container\" data-settings=\"{&quot;background_background&quot;:&quot;classic&quot;,&quot;ekit_has_onepagescroll_dot&quot;:&quot;yes&quot;}\">\n\t\t\t\t<div class=\"elementor-element elementor-element-4b476b4 elementor-widget elementor-widget-heading\" data-id=\"4b476b4\" data-element_type=\"widget\" data-settings=\"{&quot;ekit_we_effect_on&quot;:&quot;none&quot;}\" data-widget_type=\"heading.default\">\n\t\t\t\t<div class=\"elementor-widget-container\">\n\t\t\t\t\t<h6 class=\"elementor-heading-title elementor-size-default\">4.Pr\u016fmyslov\u00e9 poznatky a rychl\u00e1 podpora<\/h6>\t\t\t\t<\/div>\n\t\t\t\t<\/div>\n\t\t\t\t<div class=\"elementor-element elementor-element-6c5d4dc elementor-widget elementor-widget-text-editor\" data-id=\"6c5d4dc\" data-element_type=\"widget\" data-settings=\"{&quot;ekit_we_effect_on&quot;:&quot;none&quot;}\" data-widget_type=\"text-editor.default\">\n\t\t\t\t<div class=\"elementor-widget-container\">\n\t\t\t\t\t\t\t\t\t<p>Spole\u010dnost LANDU si uv\u011bdomuje d\u016fle\u017eitost v\u010dasn\u00e9ho dod\u00e1n\u00ed a zaji\u0161\u0165uje ve\u0161kerou logistiku, v\u010detn\u011b mezin\u00e1rodn\u00ed p\u0159epravy a celn\u00ed dokumentace.<\/p><p>Pozornost v\u011bnovan\u00e1 detail\u016fm se vztahuje i na n\u00e1\u0161 p\u0159\u00edstup k partnerstv\u00ed, kdy nab\u00edz\u00edme mo\u017enosti spole\u010dn\u00e9ho v\u00fdvoje a flexibiln\u00ed podm\u00ednky pro klienty, kte\u0159\u00ed cht\u011bj\u00ed dlouhodob\u011b spolupracovat.<\/p>\t\t\t\t\t\t\t\t<\/div>\n\t\t\t\t<\/div>\n\t\t\t\t<\/div>\n\t\t<div class=\"elementor-element elementor-element-e0e8cf4 e-con-full e-flex e-con e-child\" data-id=\"e0e8cf4\" data-element_type=\"container\" data-settings=\"{&quot;background_background&quot;:&quot;classic&quot;,&quot;ekit_has_onepagescroll_dot&quot;:&quot;yes&quot;}\">\n\t\t\t\t<div class=\"elementor-element elementor-element-0b3a1f8 elementor-widget elementor-widget-heading\" data-id=\"0b3a1f8\" data-element_type=\"widget\" data-settings=\"{&quot;ekit_we_effect_on&quot;:&quot;none&quot;}\" data-widget_type=\"heading.default\">\n\t\t\t\t<div class=\"elementor-widget-container\">\n\t\t\t\t\t<h6 class=\"elementor-heading-title elementor-size-default\">5.Logistika a budov\u00e1n\u00ed partnerstv\u00ed<\/h6>\t\t\t\t<\/div>\n\t\t\t\t<\/div>\n\t\t\t\t<div class=\"elementor-element elementor-element-3f1a3ba elementor-widget elementor-widget-text-editor\" data-id=\"3f1a3ba\" data-element_type=\"widget\" data-settings=\"{&quot;ekit_we_effect_on&quot;:&quot;none&quot;}\" data-widget_type=\"text-editor.default\">\n\t\t\t\t<div class=\"elementor-widget-container\">\n\t\t\t\t\t\t\t\t\t<p>Spole\u010dnost LANDU si uv\u011bdomuje d\u016fle\u017eitost v\u010dasn\u00e9ho dod\u00e1n\u00ed a zaji\u0161\u0165uje ve\u0161kerou logistiku, v\u010detn\u011b mezin\u00e1rodn\u00ed p\u0159epravy a celn\u00ed dokumentace.<\/p><p>Pozornost v\u011bnovan\u00e1 detail\u016fm se vztahuje i na n\u00e1\u0161 p\u0159\u00edstup k partnerstv\u00ed, kdy nab\u00edz\u00edme mo\u017enosti spole\u010dn\u00e9ho v\u00fdvoje a flexibiln\u00ed podm\u00ednky pro klienty, kte\u0159\u00ed cht\u011bj\u00ed dlouhodob\u011b spolupracovat.<\/p>\t\t\t\t\t\t\t\t<\/div>\n\t\t\t\t<\/div>\n\t\t\t\t<\/div>\n\t\t\t\t<\/div>\n\t\t\t\t\t<\/div>\n\t\t\t\t<\/div>\n\t\t<div class=\"elementor-element elementor-element-79d5593 e-flex e-con-boxed e-con e-parent\" data-id=\"79d5593\" data-element_type=\"container\" data-settings=\"{&quot;ekit_has_onepagescroll_dot&quot;:&quot;yes&quot;}\">\n\t\t\t\t\t<div class=\"e-con-inner\">\n\t\t\t\t<div class=\"elementor-element elementor-element-009cd61 elementor-widget elementor-widget-text-editor\" data-id=\"009cd61\" data-element_type=\"widget\" data-settings=\"{&quot;ekit_we_effect_on&quot;:&quot;none&quot;}\" data-widget_type=\"text-editor.default\">\n\t\t\t\t<div class=\"elementor-widget-container\">\n\t\t\t\t\t\t\t\t\t<p>Nab\u00eddkou komplexn\u00edho bal\u00ed\u010dku p\u0159edprodejn\u00edch slu\u017eeb spole\u010dnost LANDU demonstruje sv\u016fj z\u00e1vazek k \u00fasp\u011bchu klienta a stav\u00ed se do role d\u016fv\u011bryhodn\u00e9ho partnera. N\u00e1\u0161 p\u0159\u00edstup v\u00e1m pom\u016f\u017ee \u010dinit informovan\u00e1 rozhodnut\u00ed a polo\u017e\u00ed z\u00e1klady pro trval\u00e9 obchodn\u00ed vztahy zalo\u017een\u00e9 na odborn\u00fdch znalostech, kvalit\u011b a podpo\u0159e.<\/p>\t\t\t\t\t\t\t\t<\/div>\n\t\t\t\t<\/div>\n\t\t\t\t\t<\/div>\n\t\t\t\t<\/div>\n\t\t\t\t<\/div>","protected":false},"excerpt":{"rendered":"<p>P\u0159edprodejn\u00ed slu\u017eby Dom\u016f 1.Technick\u00e1 odbornost a p\u0159izp\u016fsoben\u00ed Z\u00e1kladem p\u0159edprodejn\u00edch slu\u017eeb spole\u010dnosti LANDU jsou na\u0161e technick\u00e9 konzultace. Na\u0161i odborn\u00ed poradci \u00fazce spolupracuj\u00ed s klienty p\u0159i v\u00fdb\u011bru nejvhodn\u011bj\u0161\u00edho celul\u00f3zov\u00e9ho \u00e9teru nebo jin\u00fdch produkt\u016f na z\u00e1klad\u011b specifick\u00fdch pot\u0159eb klienta (nap\u0159. stavebnictv\u00ed, n\u00e1t\u011brov\u00e9 hmoty nebo jin\u00e1 odv\u011btv\u00ed). Tento individu\u00e1ln\u00ed p\u0159\u00edstup se vztahuje i na p\u0159izp\u016fsoben\u00ed v\u00fdrobk\u016f. LANDU [...]<\/p>","protected":false},"author":1,"featured_media":0,"parent":344,"menu_order":0,"comment_status":"closed","ping_status":"closed","template":"elementor_header_footer","meta":{"footnotes":""},"class_list":["post-13424","page","type-page","status-publish","hentry"],"_links":{"self":[{"href":"https:\/\/landu-china.com\/cs\/wp-json\/wp\/v2\/pages\/13424","targetHints":{"allow":["GET"]}}],"collection":[{"href":"https:\/\/landu-china.com\/cs\/wp-json\/wp\/v2\/pages"}],"about":[{"href":"https:\/\/landu-china.com\/cs\/wp-json\/wp\/v2\/types\/page"}],"author":[{"embeddable":true,"href":"https:\/\/landu-china.com\/cs\/wp-json\/wp\/v2\/users\/1"}],"replies":[{"embeddable":true,"href":"https:\/\/landu-china.com\/cs\/wp-json\/wp\/v2\/comments?post=13424"}],"version-history":[{"count":37,"href":"https:\/\/landu-china.com\/cs\/wp-json\/wp\/v2\/pages\/13424\/revisions"}],"predecessor-version":[{"id":22915,"href":"https:\/\/landu-china.com\/cs\/wp-json\/wp\/v2\/pages\/13424\/revisions\/22915"}],"up":[{"embeddable":true,"href":"https:\/\/landu-china.com\/cs\/wp-json\/wp\/v2\/pages\/344"}],"wp:attachment":[{"href":"https:\/\/landu-china.com\/cs\/wp-json\/wp\/v2\/media?parent=13424"}],"curies":[{"name":"wp","href":"https:\/\/api.w.org\/{rel}","templated":true}]}}