{"id":9272,"date":"2024-10-11T14:08:58","date_gmt":"2024-10-11T06:08:58","guid":{"rendered":"https:\/\/landu-china.com\/?page_id=9272"},"modified":"2024-11-14T13:20:07","modified_gmt":"2024-11-14T05:20:07","slug":"sos-v%c9%99-mur%c9%99bb%c9%99","status":"publish","type":"page","link":"https:\/\/landu-china.com\/az\/bazarl%c9%99r\/qida-icki-s%c9%99nayesi\/sos-v%c9%99-mur%c9%99bb%c9%99\/","title":{"rendered":"Sous-Jam"},"content":{"rendered":"<div data-elementor-type=\"wp-page\" data-elementor-id=\"9272\" class=\"elementor elementor-9272\" data-elementor-post-type=\"page\">\n\t\t\t\t<div class=\"elementor-element elementor-element-1cbc987 e-flex e-con-boxed e-con e-parent\" data-id=\"1cbc987\" data-element_type=\"container\" data-settings=\"{&quot;background_background&quot;:&quot;classic&quot;,&quot;ekit_has_onepagescroll_dot&quot;:&quot;yes&quot;}\">\n\t\t\t\t\t<div class=\"e-con-inner\">\n\t\t\t\t<div class=\"elementor-element elementor-element-4ecb344 elementor-widget__width-initial elementor-widget elementor-widget-heading\" data-id=\"4ecb344\" data-element_type=\"widget\" data-settings=\"{&quot;ekit_we_effect_on&quot;:&quot;none&quot;}\" data-widget_type=\"heading.default\">\n\t\t\t\t<div class=\"elementor-widget-container\">\n\t\t\t\t\t<h1 class=\"elementor-heading-title elementor-size-default\">Sous \/ m\u00fcr\u0259bb\u0259<\/h1>\t\t\t\t<\/div>\n\t\t\t\t<\/div>\n\t\t\t\t\t<\/div>\n\t\t\t\t<\/div>\n\t\t<div class=\"elementor-element elementor-element-bf53b9f e-flex e-con-boxed e-con e-parent\" data-id=\"bf53b9f\" data-element_type=\"container\" data-settings=\"{&quot;ekit_has_onepagescroll_dot&quot;:&quot;yes&quot;}\">\n\t\t\t\t\t<div class=\"e-con-inner\">\n\t\t<div class=\"elementor-element elementor-element-162b4e7 e-con-full e-grid e-con e-child\" data-id=\"162b4e7\" data-element_type=\"container\" data-settings=\"{&quot;ekit_has_onepagescroll_dot&quot;:&quot;yes&quot;}\">\n\t\t<div class=\"elementor-element elementor-element-4c0c21c e-con-full e-flex e-con e-child\" data-id=\"4c0c21c\" data-element_type=\"container\" data-settings=\"{&quot;ekit_has_onepagescroll_dot&quot;:&quot;yes&quot;}\">\n\t\t\t\t<div class=\"elementor-element elementor-element-680c3a6 elementor-widget elementor-widget-heading\" data-id=\"680c3a6\" data-element_type=\"widget\" data-settings=\"{&quot;ekit_we_effect_on&quot;:&quot;none&quot;}\" data-widget_type=\"heading.default\">\n\t\t\t\t<div class=\"elementor-widget-container\">\n\t\t\t\t\t<h2 class=\"elementor-heading-title elementor-size-default\">M\u00fcr\u0259bb\u0259 meyv\u0259, \u015f\u0259k\u0259r v\u0259 tur\u015fuluq t\u0259nziml\u0259yicil\u0259ri bi\u015firm\u0259kl\u0259 haz\u0131rlan\u0131r<\/h2>\t\t\t\t<\/div>\n\t\t\t\t<\/div>\n\t\t\t\t<div class=\"elementor-element elementor-element-dcd559f elementor-widget-divider--view-line elementor-widget elementor-widget-divider\" data-id=\"dcd559f\" data-element_type=\"widget\" data-settings=\"{&quot;ekit_we_effect_on&quot;:&quot;none&quot;}\" data-widget_type=\"divider.default\">\n\t\t\t\t<div class=\"elementor-widget-container\">\n\t\t\t\t\t\t\t<div class=\"elementor-divider\">\n\t\t\t<span class=\"elementor-divider-separator\">\n\t\t\t\t\t\t<\/span>\n\t\t<\/div>\n\t\t\t\t\t\t<\/div>\n\t\t\t\t<\/div>\n\t\t\t\t<\/div>\n\t\t<div class=\"elementor-element elementor-element-4b8a49f e-con-full e-flex e-con e-child\" data-id=\"4b8a49f\" data-element_type=\"container\" data-settings=\"{&quot;ekit_has_onepagescroll_dot&quot;:&quot;yes&quot;}\">\n\t\t\t\t<div class=\"elementor-element elementor-element-a3051e6 elementor-widget elementor-widget-text-editor\" data-id=\"a3051e6\" data-element_type=\"widget\" data-settings=\"{&quot;ekit_we_effect_on&quot;:&quot;none&quot;}\" data-widget_type=\"text-editor.default\">\n\t\t\t\t<div class=\"elementor-widget-container\">\n\t\t\t\t\t\t\t\t\t<p>Jam meyv\u0259, \u015f\u0259k\u0259r v\u0259 tur\u015fuluq t\u0259nziml\u0259yicil\u0259rinin jel kimi madd\u0259y\u0259 birl\u0259\u015fdirilm\u0259si il\u0259 haz\u0131rlan\u0131r v\u0259 meyv\u0259nin uzun m\u00fcdd\u0259t saxlanmas\u0131 \u00fc\u00e7\u00fcn istifad\u0259 olunan bir \u00fcsuldur.<\/p>\t\t\t\t\t\t\t\t<\/div>\n\t\t\t\t<\/div>\n\t\t\t\t<div class=\"elementor-element elementor-element-2ffd4b8 elementor-widget elementor-widget-text-editor\" data-id=\"2ffd4b8\" data-element_type=\"widget\" data-settings=\"{&quot;ekit_we_effect_on&quot;:&quot;none&quot;}\" data-widget_type=\"text-editor.default\">\n\t\t\t\t<div class=\"elementor-widget-container\">\n\t\t\t\t\t\t\t\t\t<p>M\u00fcr\u0259bb\u0259, meyv\u0259, \u015f\u0259k\u0259r v\u0259 tur\u015fuluq t\u0259nziml\u0259yicil\u0259ri 100\u00b0C-d\u0259n yuxar\u0131 temperaturda bi\u015firm\u0259kl\u0259 haz\u0131rlanan jel kimi madd\u0259dir. H\u0259m\u00e7inin meyv\u0259 konservi kimi d\u0259 tan\u0131n\u0131r.<\/p>\t\t\t\t\t\t\t\t<\/div>\n\t\t\t\t<\/div>\n\t\t\t\t<\/div>\n\t\t\t\t<\/div>\n\t\t<div class=\"elementor-element elementor-element-1eb5f32 e-con-full e-grid e-con e-child\" data-id=\"1eb5f32\" data-element_type=\"container\" data-settings=\"{&quot;ekit_has_onepagescroll_dot&quot;:&quot;yes&quot;}\">\n\t\t\t\t<div class=\"elementor-element elementor-element-9adcb4a elementor-widget elementor-widget-text-editor\" data-id=\"9adcb4a\" data-element_type=\"widget\" data-settings=\"{&quot;ekit_we_effect_on&quot;:&quot;none&quot;}\" data-widget_type=\"text-editor.default\">\n\t\t\t\t<div class=\"elementor-widget-container\">\n\t\t\t\t\t\t\t\t\t<p>M\u0259hsulumuzdan istifad\u0259 etm\u0259k g\u00f6r\u00fcn\u00fc\u015f\u00fc, n\u0259mlik, tekstura, raf \u00f6mr\u00fc, emal s\u0259m\u0259r\u0259liliyi v\u0259 son m\u0259hsulun keyfiyy\u0259tini \u0259h\u0259miyy\u0259tli d\u0259r\u0259c\u0259d\u0259 yax\u015f\u0131la\u015fd\u0131ra bil\u0259r.<\/p>\t\t\t\t\t\t\t\t<\/div>\n\t\t\t\t<\/div>\n\t\t\t\t<div class=\"elementor-element elementor-element-4c53340 elementor-widget elementor-widget-image\" data-id=\"4c53340\" data-element_type=\"widget\" data-settings=\"{&quot;ekit_we_effect_on&quot;:&quot;none&quot;}\" data-widget_type=\"image.default\">\n\t\t\t\t<div class=\"elementor-widget-container\">\n\t\t\t\t\t\t\t\t\t\t\t\t\t\t\t<img fetchpriority=\"high\" decoding=\"async\" width=\"2000\" height=\"1333\" src=\"https:\/\/landu-china.com\/wp-content\/uploads\/2024\/10\/strawberry-jam-strawberry-jam-in-glass-jar-with-fresh-berries-plate-on-an-old-wooden-dark-table-bac.jpg\" class=\"attachment-full size-full wp-image-8424\" alt=\"\u00c7iy\u0259l\u0259k m\u00fcr\u0259bb\u0259si. \u00c7iy\u0259l\u0259k m\u00fcr\u0259bb\u0259si \u015f\u00fc\u015f\u0259 bankada, t\u0259z\u0259 gil\u0259meyv\u0259 platas\u0131 il\u0259 k\u00f6hn\u0259 taxta masan\u0131n \u00fcz\u0259rind\u0259\" srcset=\"https:\/\/landu-china.com\/wp-content\/uploads\/2024\/10\/strawberry-jam-strawberry-jam-in-glass-jar-with-fresh-berries-plate-on-an-old-wooden-dark-table-bac.jpg 2000w, https:\/\/landu-china.com\/wp-content\/uploads\/2024\/10\/strawberry-jam-strawberry-jam-in-glass-jar-with-fresh-berries-plate-on-an-old-wooden-dark-table-bac-300x200.jpg 300w, https:\/\/landu-china.com\/wp-content\/uploads\/2024\/10\/strawberry-jam-strawberry-jam-in-glass-jar-with-fresh-berries-plate-on-an-old-wooden-dark-table-bac-1024x682.jpg 1024w, https:\/\/landu-china.com\/wp-content\/uploads\/2024\/10\/strawberry-jam-strawberry-jam-in-glass-jar-with-fresh-berries-plate-on-an-old-wooden-dark-table-bac-768x512.jpg 768w, https:\/\/landu-china.com\/wp-content\/uploads\/2024\/10\/strawberry-jam-strawberry-jam-in-glass-jar-with-fresh-berries-plate-on-an-old-wooden-dark-table-bac-1536x1024.jpg 1536w\" sizes=\"(max-width: 2000px) 100vw, 2000px\" \/>\t\t\t\t\t\t\t\t\t\t\t\t\t\t\t<\/div>\n\t\t\t\t<\/div>\n\t\t\t\t<div class=\"elementor-element elementor-element-a22aef7 elementor-widget elementor-widget-image\" data-id=\"a22aef7\" data-element_type=\"widget\" data-settings=\"{&quot;ekit_we_effect_on&quot;:&quot;none&quot;}\" data-widget_type=\"image.default\">\n\t\t\t\t<div class=\"elementor-widget-container\">\n\t\t\t\t\t\t\t\t\t\t\t\t\t\t\t<img decoding=\"async\" width=\"2000\" height=\"1333\" src=\"https:\/\/landu-china.com\/wp-content\/uploads\/2024\/10\/tomato-sauce-in-a-wooden-plate-.jpg\" class=\"attachment-full size-full wp-image-8425\" alt=\"Pomidor sousu taxta plit\u0259d\u0259.\" srcset=\"https:\/\/landu-china.com\/wp-content\/uploads\/2024\/10\/tomato-sauce-in-a-wooden-plate-.jpg 2000w, https:\/\/landu-china.com\/wp-content\/uploads\/2024\/10\/tomato-sauce-in-a-wooden-plate--300x200.jpg 300w, https:\/\/landu-china.com\/wp-content\/uploads\/2024\/10\/tomato-sauce-in-a-wooden-plate--1024x682.jpg 1024w, https:\/\/landu-china.com\/wp-content\/uploads\/2024\/10\/tomato-sauce-in-a-wooden-plate--768x512.jpg 768w, https:\/\/landu-china.com\/wp-content\/uploads\/2024\/10\/tomato-sauce-in-a-wooden-plate--1536x1024.jpg 1536w\" sizes=\"(max-width: 2000px) 100vw, 2000px\" \/>\t\t\t\t\t\t\t\t\t\t\t\t\t\t\t<\/div>\n\t\t\t\t<\/div>\n\t\t\t\t<\/div>\n\t\t\t\t\t<\/div>\n\t\t\t\t<\/div>\n\t\t<div class=\"elementor-element elementor-element-398f530a e-flex e-con-boxed e-con e-parent\" data-id=\"398f530a\" data-element_type=\"container\" data-settings=\"{&quot;background_background&quot;:&quot;classic&quot;,&quot;ekit_has_onepagescroll_dot&quot;:&quot;yes&quot;}\">\n\t\t\t\t\t<div class=\"e-con-inner\">\n\t\t<div class=\"elementor-element elementor-element-5beeff92 e-con-full e-flex e-con e-child\" data-id=\"5beeff92\" data-element_type=\"container\" data-settings=\"{&quot;ekit_has_onepagescroll_dot&quot;:&quot;yes&quot;}\">\n\t\t<div class=\"elementor-element elementor-element-24c76b61 e-flex e-con-boxed e-con e-child\" data-id=\"24c76b61\" data-element_type=\"container\" data-settings=\"{&quot;ekit_has_onepagescroll_dot&quot;:&quot;yes&quot;}\">\n\t\t\t\t\t<div class=\"e-con-inner\">\n\t\t\t\t<div class=\"elementor-element elementor-element-867c786 elementor-invisible elementor-widget elementor-widget-heading\" data-id=\"867c786\" data-element_type=\"widget\" data-settings=\"{&quot;_animation&quot;:&quot;fadeIn&quot;,&quot;ekit_we_effect_on&quot;:&quot;none&quot;}\" data-widget_type=\"heading.default\">\n\t\t\t\t<div class=\"elementor-widget-container\">\n\t\t\t\t\t<h2 class=\"elementor-heading-title elementor-size-default\">Se\u00e7ilmi\u015f M\u0259hsullar<\/h2>\t\t\t\t<\/div>\n\t\t\t\t<\/div>\n\t\t\t\t<div class=\"elementor-element elementor-element-c60b007 elementor-widget-divider--view-line elementor-invisible elementor-widget elementor-widget-divider\" data-id=\"c60b007\" data-element_type=\"widget\" data-settings=\"{&quot;_animation&quot;:&quot;fadeIn&quot;,&quot;_animation_delay&quot;:200,&quot;ekit_we_effect_on&quot;:&quot;none&quot;}\" data-widget_type=\"divider.default\">\n\t\t\t\t<div class=\"elementor-widget-container\">\n\t\t\t\t\t\t\t<div class=\"elementor-divider\">\n\t\t\t<span class=\"elementor-divider-separator\">\n\t\t\t\t\t\t<\/span>\n\t\t<\/div>\n\t\t\t\t\t\t<\/div>\n\t\t\t\t<\/div>\n\t\t\t\t<div class=\"elementor-element elementor-element-51e994e elementor-invisible elementor-widget elementor-widget-text-editor\" data-id=\"51e994e\" data-element_type=\"widget\" data-settings=\"{&quot;_animation&quot;:&quot;fadeIn&quot;,&quot;_animation_delay&quot;:400,&quot;ekit_we_effect_on&quot;:&quot;none&quot;}\" data-widget_type=\"text-editor.default\">\n\t\t\t\t<div class=\"elementor-widget-container\">\n\t\t\t\t\t\t\t\t\t<p>LANDU-d\u0259, biz m\u00fcxt\u0259lif d\u0259rman \u0259lav\u0259l\u0259ri t\u0259klif edirik, o c\u00fcml\u0259d\u0259n sel\u00fcloz efirl\u0259ri, dekstrin, pregelatinl\u0259\u015fdirilmi\u015f ni\u015fasta v\u0259 enterik qatlama tozu. M\u00fc\u015ft\u0259ril\u0259rl\u0259 s\u0131x \u0259m\u0259kda\u015fl\u0131q ed\u0259r\u0259k innovativ h\u0259ll\u0259r t\u0259qdim edirik. Daha \u00e7ox m\u0259hsul m\u0259lumat\u0131 \u00fc\u00e7\u00fcn biziml\u0259 \u0259laq\u0259 saxlay\u0131n.<\/p>\t\t\t\t\t\t\t\t<\/div>\n\t\t\t\t<\/div>\n\t\t\t\t\t<\/div>\n\t\t\t\t<\/div>\n\t\t\t\t<\/div>\n\t\t\t\t\t<\/div>\n\t\t\t\t<\/div>\n\t\t<div class=\"elementor-element elementor-element-285f669 e-flex e-con-boxed e-con e-parent\" data-id=\"285f669\" data-element_type=\"container\" data-settings=\"{&quot;ekit_has_onepagescroll_dot&quot;:&quot;yes&quot;}\">\n\t\t\t\t\t<div class=\"e-con-inner\">\n\t\t<div class=\"elementor-element elementor-element-ce19177 e-con-full e-flex e-con e-child\" data-id=\"ce19177\" data-element_type=\"container\" data-settings=\"{&quot;background_background&quot;:&quot;classic&quot;,&quot;ekit_has_onepagescroll_dot&quot;:&quot;yes&quot;}\">\n\t\t\t\t<div class=\"elementor-element elementor-element-681bbf1 elementor-widget elementor-widget-spacer\" data-id=\"681bbf1\" data-element_type=\"widget\" data-settings=\"{&quot;ekit_we_effect_on&quot;:&quot;none&quot;}\" data-widget_type=\"spacer.default\">\n\t\t\t\t<div class=\"elementor-widget-container\">\n\t\t\t\t\t\t\t<div class=\"elementor-spacer\">\n\t\t\t<div class=\"elementor-spacer-inner\"><\/div>\n\t\t<\/div>\n\t\t\t\t\t\t<\/div>\n\t\t\t\t<\/div>\n\t\t\t\t<\/div>\n\t\t<div class=\"elementor-element elementor-element-7669e9a e-con-full e-flex e-con e-child\" data-id=\"7669e9a\" data-element_type=\"container\" data-settings=\"{&quot;ekit_has_onepagescroll_dot&quot;:&quot;yes&quot;}\">\n\t\t\t\t<div class=\"elementor-element elementor-element-19ba097e ekit-equal-height-disable elementor-widget elementor-widget-elementskit-icon-box\" data-id=\"19ba097e\" data-element_type=\"widget\" data-settings=\"{&quot;ekit_we_effect_on&quot;:&quot;none&quot;}\" data-widget_type=\"elementskit-icon-box.default\">\n\t\t\t\t<div class=\"elementor-widget-container\">\n\t\t\t\t\t<div class=\"ekit-wid-con\" >        <!-- link opening -->\n                <!-- end link opening -->\n\n        <div class=\"elementskit-infobox text-center text- icon-lef-right-aligin elementor-animation-float\">\n                        <div class=\"box-body\">\n                            <h3 class=\"elementskit-info-box-title\">\n                    Hidroksipropil Metil Sel\u00fcloza\uff08HPMC\uff09                <\/h3>\n                        \t\t  \t<p>HPMC, m\u00fcr\u0259bb\u0259 kimi qidalar \u00fc\u00e7\u00fcn qat\u0131la\u015fd\u0131r\u0131c\u0131 v\u0259 su tutma x\u00fcsusiyy\u0259tl\u0259ri il\u0259 istifad\u0259 olunan \u00e7ox y\u00f6nl\u00fc bir polimerdir.<\/p>\n                                        <div class=\"box-footer disable_hover_button\">\n                    <div class=\"btn-wraper\">\n                                                            <a class=\"elementskit-btn whitespace--normal elementor-animation-float\" href=\"#elementor-action%3Aaction%3Dpopup%3Aopen%26settings%3DeyJpZCI6IjE1MTkiLCJ0b2dnbGUiOmZhbHNlfQ%3D%3D\">\n                                        Daha \u00e7ox \u00f6yr\u0259n                                         <i aria-hidden=\"true\" class=\"icon icon-arrow-right\"><\/i>                                    <\/a>\n                                                        <\/div>\n                <\/div>\n                    <\/div>\n        \n        \n                <\/div>\n        <\/div>\t\t\t\t<\/div>\n\t\t\t\t<\/div>\n\t\t\t\t<\/div>\n\t\t\t\t\t<\/div>\n\t\t\t\t<\/div>\n\t\t<div class=\"elementor-element elementor-element-c2166ae e-flex e-con-boxed e-con e-parent\" data-id=\"c2166ae\" data-element_type=\"container\" data-settings=\"{&quot;ekit_has_onepagescroll_dot&quot;:&quot;yes&quot;}\">\n\t\t\t\t\t<div class=\"e-con-inner\">\n\t\t<div class=\"elementor-element elementor-element-24507f7 e-con-full e-flex e-con e-child\" data-id=\"24507f7\" data-element_type=\"container\" data-settings=\"{&quot;background_background&quot;:&quot;classic&quot;,&quot;ekit_has_onepagescroll_dot&quot;:&quot;yes&quot;}\">\n\t\t\t\t<div class=\"elementor-element elementor-element-39417f6 elementor-widget elementor-widget-spacer\" data-id=\"39417f6\" data-element_type=\"widget\" data-settings=\"{&quot;ekit_we_effect_on&quot;:&quot;none&quot;}\" data-widget_type=\"spacer.default\">\n\t\t\t\t<div class=\"elementor-widget-container\">\n\t\t\t\t\t\t\t<div class=\"elementor-spacer\">\n\t\t\t<div class=\"elementor-spacer-inner\"><\/div>\n\t\t<\/div>\n\t\t\t\t\t\t<\/div>\n\t\t\t\t<\/div>\n\t\t\t\t<\/div>\n\t\t<div class=\"elementor-element elementor-element-5bb0a57 e-con-full e-flex e-con e-child\" data-id=\"5bb0a57\" data-element_type=\"container\" data-settings=\"{&quot;ekit_has_onepagescroll_dot&quot;:&quot;yes&quot;}\">\n\t\t\t\t<div class=\"elementor-element elementor-element-e059aea ekit-equal-height-disable elementor-widget elementor-widget-elementskit-icon-box\" data-id=\"e059aea\" data-element_type=\"widget\" data-settings=\"{&quot;ekit_we_effect_on&quot;:&quot;none&quot;}\" data-widget_type=\"elementskit-icon-box.default\">\n\t\t\t\t<div class=\"elementor-widget-container\">\n\t\t\t\t\t<div class=\"ekit-wid-con\" >        <!-- link opening -->\n                <!-- end link opening -->\n\n        <div class=\"elementskit-infobox text-center text- icon-lef-right-aligin elementor-animation-float\">\n                        <div class=\"box-body\">\n                            <h3 class=\"elementskit-info-box-title\">\n                    Metil Sel\u00fcloza \uff08MC\uff09                <\/h3>\n                        \t\t  \t<p>MC, q\u0131zd\u0131r\u0131ld\u0131\u011f\u0131nda yay\u0131l\u0131r v\u0259 soyudulduqda h\u0259ll olan qoxusuz, a\u011f tozdur. Yap\u0131\u015fma, qat\u0131la\u015fd\u0131rma v\u0259 film formala\u015fd\u0131rma sah\u0259sind\u0259 \u00fcst\u00fcnl\u00fck t\u0259\u015fkil edir v\u0259 m\u00fcr\u0259bb\u0259 v\u0259 souslar kimi qidalar \u00fc\u00e7\u00fcn faydal\u0131d\u0131r.<\/p>\n                                        <div class=\"box-footer disable_hover_button\">\n                    <div class=\"btn-wraper\">\n                                                            <a class=\"elementskit-btn whitespace--normal elementor-animation-float\" href=\"https:\/\/landu-china.com\/az\/m%c9%99hsullar\/qida-%c9%99lav%c9%99l%c9%99ri\/qida-d%c9%99r%c9%99c%c9%99li-metil-seluloz-mc\/\" target=\"_blank\">\n                                        Daha \u00e7ox \u00f6yr\u0259n                                         <i aria-hidden=\"true\" class=\"icon icon-arrow-right\"><\/i>                                    <\/a>\n                                                        <\/div>\n                <\/div>\n                    <\/div>\n        \n        \n                <\/div>\n        <\/div>\t\t\t\t<\/div>\n\t\t\t\t<\/div>\n\t\t\t\t<\/div>\n\t\t\t\t\t<\/div>\n\t\t\t\t<\/div>\n\t\t<div class=\"elementor-element elementor-element-3e628ec e-flex e-con-boxed e-con e-parent\" data-id=\"3e628ec\" data-element_type=\"container\" data-settings=\"{&quot;ekit_has_onepagescroll_dot&quot;:&quot;yes&quot;}\">\n\t\t\t\t\t<div class=\"e-con-inner\">\n\t\t<div class=\"elementor-element elementor-element-c300169 e-con-full e-flex e-con e-child\" data-id=\"c300169\" data-element_type=\"container\" data-settings=\"{&quot;background_background&quot;:&quot;classic&quot;,&quot;ekit_has_onepagescroll_dot&quot;:&quot;yes&quot;}\">\n\t\t\t\t<div class=\"elementor-element elementor-element-1a8fa7c elementor-widget elementor-widget-spacer\" data-id=\"1a8fa7c\" data-element_type=\"widget\" data-settings=\"{&quot;ekit_we_effect_on&quot;:&quot;none&quot;}\" data-widget_type=\"spacer.default\">\n\t\t\t\t<div class=\"elementor-widget-container\">\n\t\t\t\t\t\t\t<div class=\"elementor-spacer\">\n\t\t\t<div class=\"elementor-spacer-inner\"><\/div>\n\t\t<\/div>\n\t\t\t\t\t\t<\/div>\n\t\t\t\t<\/div>\n\t\t\t\t<\/div>\n\t\t<div class=\"elementor-element elementor-element-ce52242 e-con-full e-flex e-con e-child\" data-id=\"ce52242\" data-element_type=\"container\" data-settings=\"{&quot;ekit_has_onepagescroll_dot&quot;:&quot;yes&quot;}\">\n\t\t\t\t<div class=\"elementor-element elementor-element-8bd03fb ekit-equal-height-disable elementor-widget elementor-widget-elementskit-icon-box\" data-id=\"8bd03fb\" data-element_type=\"widget\" data-settings=\"{&quot;ekit_we_effect_on&quot;:&quot;none&quot;}\" data-widget_type=\"elementskit-icon-box.default\">\n\t\t\t\t<div class=\"elementor-widget-container\">\n\t\t\t\t\t<div class=\"ekit-wid-con\" >        <!-- link opening -->\n                <!-- end link opening -->\n\n        <div class=\"elementskit-infobox text-center text- icon-lef-right-aligin elementor-animation-float\">\n                        <div class=\"box-body\">\n                            <h3 class=\"elementskit-info-box-title\">\n                    Hidroksipropil Ni\u015fasta Eteri (HPS)                <\/h3>\n                        \t\t  \t<p>HPS, m\u00fck\u0259mm\u0259l h\u0259ll olma v\u0259 stabilliy\u0259 malik d\u0259yi\u015fdirilmi\u015f bitki \u0259sasl\u0131 tozdur. Daha a\u015fa\u011f\u0131 jelatinl\u0259\u015fm\u0259 temperaturu, art\u0131r\u0131lm\u0131\u015f viskozite, dondur-qaytar stabilliyi v\u0259 \u015f\u0259ffafl\u0131q x\u00fcsusiyy\u0259tl\u0259rin\u0259 malikdir.<\/p>\n                                        <div class=\"box-footer disable_hover_button\">\n                    <div class=\"btn-wraper\">\n                                                            <a class=\"elementskit-btn whitespace--normal elementor-animation-float\" href=\"https:\/\/landu-china.com\/az\/hidroksipropil-nisasta-efir-istehsalcisi-hps\/\" target=\"_blank\">\n                                        Daha \u00e7ox \u00f6yr\u0259n                                         <i aria-hidden=\"true\" class=\"icon icon-arrow-right\"><\/i>                                    <\/a>\n                                                        <\/div>\n                <\/div>\n                    <\/div>\n        \n        \n                <\/div>\n        <\/div>\t\t\t\t<\/div>\n\t\t\t\t<\/div>\n\t\t\t\t<\/div>\n\t\t\t\t\t<\/div>\n\t\t\t\t<\/div>\n\t\t<div class=\"elementor-element elementor-element-81591d0 e-flex e-con-boxed e-con e-parent\" data-id=\"81591d0\" data-element_type=\"container\" data-settings=\"{&quot;ekit_has_onepagescroll_dot&quot;:&quot;yes&quot;}\">\n\t\t\t\t\t<div class=\"e-con-inner\">\n\t\t<div class=\"elementor-element elementor-element-24d6db1 e-con-full e-flex e-con e-child\" data-id=\"24d6db1\" data-element_type=\"container\" data-settings=\"{&quot;background_background&quot;:&quot;classic&quot;,&quot;ekit_has_onepagescroll_dot&quot;:&quot;yes&quot;}\">\n\t\t\t\t<div class=\"elementor-element elementor-element-758bc9a elementor-widget elementor-widget-spacer\" data-id=\"758bc9a\" data-element_type=\"widget\" data-settings=\"{&quot;ekit_we_effect_on&quot;:&quot;none&quot;}\" data-widget_type=\"spacer.default\">\n\t\t\t\t<div class=\"elementor-widget-container\">\n\t\t\t\t\t\t\t<div class=\"elementor-spacer\">\n\t\t\t<div class=\"elementor-spacer-inner\"><\/div>\n\t\t<\/div>\n\t\t\t\t\t\t<\/div>\n\t\t\t\t<\/div>\n\t\t\t\t<\/div>\n\t\t<div class=\"elementor-element elementor-element-5ce99a1 e-con-full e-flex e-con e-child\" data-id=\"5ce99a1\" data-element_type=\"container\" data-settings=\"{&quot;ekit_has_onepagescroll_dot&quot;:&quot;yes&quot;}\">\n\t\t\t\t<div class=\"elementor-element elementor-element-47f7771 ekit-equal-height-disable elementor-widget elementor-widget-elementskit-icon-box\" data-id=\"47f7771\" data-element_type=\"widget\" data-settings=\"{&quot;ekit_we_effect_on&quot;:&quot;none&quot;}\" data-widget_type=\"elementskit-icon-box.default\">\n\t\t\t\t<div class=\"elementor-widget-container\">\n\t\t\t\t\t<div class=\"ekit-wid-con\" >        <!-- link opening -->\n                <!-- end link opening -->\n\n        <div class=\"elementskit-infobox text-center text- icon-lef-right-aligin elementor-animation-float\">\n                        <div class=\"box-body\">\n                            <h3 class=\"elementskit-info-box-title\">\n                    Sodyum Karboksimetil Sel\u00fcloza\uff08CMC\uff09                <\/h3>\n                        \t\t  \t<p>CMC, karboksimetil sel\u00fcloz efirind\u0259n haz\u0131rlanan suya h\u0259ll olan sodyum duzudur. Bu, anionik sel\u00fcloz efiri olub, ad\u0259t\u0259n a\u011f v\u0259 ya sol\u011fun a\u011f r\u0259ngli lifli toz v\u0259 ya qranul \u015f\u0259klind\u0259dir, qoxusuz, dadl\u0131 v\u0259 r\u00fctub\u0259t udur.<\/p>\n                                        <div class=\"box-footer disable_hover_button\">\n                    <div class=\"btn-wraper\">\n                                                            <a class=\"elementskit-btn whitespace--normal elementor-animation-float\" href=\"https:\/\/landu-china.com\/az\/karboksimetil-seluloza-istehsalcisi-cmc\/\" target=\"_blank\">\n                                        Daha \u00e7ox \u00f6yr\u0259n                                         <i aria-hidden=\"true\" class=\"icon icon-arrow-right\"><\/i>                                    <\/a>\n                                                        <\/div>\n                <\/div>\n                    <\/div>\n        \n        \n                <\/div>\n        <\/div>\t\t\t\t<\/div>\n\t\t\t\t<\/div>\n\t\t\t\t<\/div>\n\t\t\t\t\t<\/div>\n\t\t\t\t<\/div>\n\t\t\t\t<\/div>","protected":false},"excerpt":{"rendered":"<p>Sous v\u0259 ya m\u00fcr\u0259bb\u0259 M\u00fcr\u0259bb\u0259 meyv\u0259, \u015f\u0259k\u0259r v\u0259 tur\u015fuluq t\u0259nziml\u0259yicil\u0259ri bi\u015firm\u0259kl\u0259 haz\u0131rlan\u0131r. M\u00fcr\u0259bb\u0259 meyv\u0259, \u015f\u0259k\u0259r v\u0259 tur\u015fuluq t\u0259nziml\u0259yicil\u0259rini jel kimi madd\u0259y\u0259 birl\u0259\u015fdir\u0259r\u0259k uzun m\u00fcdd\u0259t meyv\u0259nin saxlanmas\u0131 \u00fc\u00e7\u00fcn istifad\u0259 olunan bir \u00fcsuldur. M\u00fcr\u0259bb\u0259 meyv\u0259, \u015f\u0259k\u0259r v\u0259 tur\u015fuluq t\u0259nziml\u0259yicil\u0259ri 100\u00b0C-d\u0259n yuxar\u0131 temperaturda bi\u015firm\u0259kl\u0259 haz\u0131rlanm\u0131\u015f jel kimi madd\u0259dir. [...]<\/p>","protected":false},"author":1,"featured_media":0,"parent":7753,"menu_order":0,"comment_status":"closed","ping_status":"closed","template":"elementor_header_footer","meta":{"footnotes":""},"class_list":["post-9272","page","type-page","status-publish","hentry"],"_links":{"self":[{"href":"https:\/\/landu-china.com\/az\/wp-json\/wp\/v2\/pages\/9272","targetHints":{"allow":["GET"]}}],"collection":[{"href":"https:\/\/landu-china.com\/az\/wp-json\/wp\/v2\/pages"}],"about":[{"href":"https:\/\/landu-china.com\/az\/wp-json\/wp\/v2\/types\/page"}],"author":[{"embeddable":true,"href":"https:\/\/landu-china.com\/az\/wp-json\/wp\/v2\/users\/1"}],"replies":[{"embeddable":true,"href":"https:\/\/landu-china.com\/az\/wp-json\/wp\/v2\/comments?post=9272"}],"version-history":[{"count":40,"href":"https:\/\/landu-china.com\/az\/wp-json\/wp\/v2\/pages\/9272\/revisions"}],"predecessor-version":[{"id":19360,"href":"https:\/\/landu-china.com\/az\/wp-json\/wp\/v2\/pages\/9272\/revisions\/19360"}],"up":[{"embeddable":true,"href":"https:\/\/landu-china.com\/az\/wp-json\/wp\/v2\/pages\/7753"}],"wp:attachment":[{"href":"https:\/\/landu-china.com\/az\/wp-json\/wp\/v2\/media?parent=9272"}],"curies":[{"name":"wp","href":"https:\/\/api.w.org\/{rel}","templated":true}]}}