{"id":410,"date":"2024-06-18T13:35:02","date_gmt":"2024-06-18T05:35:02","guid":{"rendered":"https:\/\/landu-china.com\/?page_id=410"},"modified":"2025-08-04T13:31:37","modified_gmt":"2025-08-04T05:31:37","slug":"muqavil%c9%99-istehsal-xidm%c9%99tl%c9%99ri","status":"publish","type":"page","link":"https:\/\/landu-china.com\/az\/muqavil%c9%99-istehsal-xidm%c9%99tl%c9%99ri\/","title":{"rendered":"M\u00fcqavil\u0259 \u0130stehsal Xidm\u0259tl\u0259ri"},"content":{"rendered":"<div data-elementor-type=\"wp-page\" data-elementor-id=\"410\" class=\"elementor elementor-410\" data-elementor-post-type=\"page\">\n\t\t\t\t<div class=\"elementor-element elementor-element-f81d54a e-flex e-con-boxed e-con e-parent\" data-id=\"f81d54a\" data-element_type=\"container\" data-settings=\"{&quot;background_background&quot;:&quot;classic&quot;,&quot;ekit_has_onepagescroll_dot&quot;:&quot;yes&quot;}\">\n\t\t\t\t\t<div class=\"e-con-inner\">\n\t\t\t\t<div class=\"elementor-element elementor-element-b3a9adb elementor-widget__width-initial elementor-widget elementor-widget-heading\" data-id=\"b3a9adb\" data-element_type=\"widget\" data-settings=\"{&quot;ekit_we_effect_on&quot;:&quot;none&quot;}\" data-widget_type=\"heading.default\">\n\t\t\t\t<div class=\"elementor-widget-container\">\n\t\t\t\t\t<h2 class=\"elementor-heading-title elementor-size-default\">M\u00fcqavil\u0259 \u0130stehsal Xidm\u0259tl\u0259ri<\/h2>\t\t\t\t<\/div>\n\t\t\t\t<\/div>\n\t\t\t\t<div class=\"elementor-element elementor-element-28586f2 elementor-widget__width-initial elementor-widget elementor-widget-text-editor\" data-id=\"28586f2\" data-element_type=\"widget\" data-settings=\"{&quot;ekit_we_effect_on&quot;:&quot;none&quot;}\" data-widget_type=\"text-editor.default\">\n\t\t\t\t<div class=\"elementor-widget-container\">\n\t\t\t\t\t\t\t\t\t<p>LANDU q\u0259l\u0259vi texnologiya xidm\u0259tl\u0259ri sah\u0259sind\u0259 qlobal s\u0259viyy\u0259d\u0259 tan\u0131nm\u0131\u015f liderdir v\u0259 qlobal texniki h\u0259ll\u0259rd\u0259 ixtisasla\u015fm\u0131\u015fd\u0131r.<\/p>\t\t\t\t\t\t\t\t<\/div>\n\t\t\t\t<\/div>\n\t\t\t\t\t<\/div>\n\t\t\t\t<\/div>\n\t\t<div class=\"elementor-element elementor-element-290387c e-flex e-con-boxed e-con e-parent\" data-id=\"290387c\" data-element_type=\"container\" data-settings=\"{&quot;ekit_has_onepagescroll_dot&quot;:&quot;yes&quot;}\">\n\t\t\t\t\t<div class=\"e-con-inner\">\n\t\t\t\t<div class=\"elementor-element elementor-element-3fb3201 elementor-widget elementor-widget-heading\" data-id=\"3fb3201\" data-element_type=\"widget\" data-settings=\"{&quot;ekit_we_effect_on&quot;:&quot;none&quot;}\" data-widget_type=\"heading.default\">\n\t\t\t\t<div class=\"elementor-widget-container\">\n\t\t\t\t\t<h2 class=\"elementor-heading-title elementor-size-default\">Qidalanma \u0259lav\u0259l\u0259ri \u00fc\u00e7\u00fcn optimalla\u015fd\u0131r\u0131lm\u0131\u015f m\u00fcqavil\u0259 istehsal xidm\u0259tl\u0259ri<\/h2>\t\t\t\t<\/div>\n\t\t\t\t<\/div>\n\t\t\t\t<div class=\"elementor-element elementor-element-9416f12 elementor-widget elementor-widget-image\" data-id=\"9416f12\" data-element_type=\"widget\" data-settings=\"{&quot;ekit_we_effect_on&quot;:&quot;none&quot;}\" data-widget_type=\"image.default\">\n\t\t\t\t<div class=\"elementor-widget-container\">\n\t\t\t\t\t\t\t\t\t\t\t\t\t\t\t<img decoding=\"async\" width=\"55\" height=\"9\" src=\"https:\/\/landu-china.com\/wp-content\/uploads\/2024\/06\/\u8d44\u6e90-1.png\" class=\"attachment-large size-large wp-image-87\" alt=\"\" \/>\t\t\t\t\t\t\t\t\t\t\t\t\t\t\t<\/div>\n\t\t\t\t<\/div>\n\t\t\t\t<div class=\"elementor-element elementor-element-6606622 elementor-widget elementor-widget-text-editor\" data-id=\"6606622\" data-element_type=\"widget\" data-settings=\"{&quot;ekit_we_effect_on&quot;:&quot;none&quot;}\" data-widget_type=\"text-editor.default\">\n\t\t\t\t<div class=\"elementor-widget-container\">\n\t\t\t\t\t\t\t\t\t<p>N\u00f6vb\u0259ti innovasiyan\u0131z \u00fc\u00e7\u00fcn istehsal t\u0259r\u0259fda\u015f\u0131 axtar\u0131rs\u0131n\u0131z? Texniki xidm\u0259t komandam\u0131z siz\u0259 k\u00f6m\u0259k etm\u0259y\u0259 haz\u0131rd\u0131r, ist\u0259r yeni toz m\u0259hsulu buraxmaq, ist\u0259rs\u0259 d\u0259 m\u00f6vcud olan\u0131 t\u0259kmill\u0259\u015fdirm\u0259k ist\u0259yirsinizs\u0259. \u0130stehsal imkanlar\u0131m\u0131zla, tam h\u0259ll yolu \u00fc\u00e7\u00fcn unikal bir t\u0259k n\u00f6qt\u0259li xidm\u0259t t\u0259qdim edirik.<\/p>\t\t\t\t\t\t\t\t<\/div>\n\t\t\t\t<\/div>\n\t\t\t\t\t<\/div>\n\t\t\t\t<\/div>\n\t\t<div class=\"elementor-element elementor-element-3aee58d e-flex e-con-boxed e-con e-parent\" data-id=\"3aee58d\" data-element_type=\"container\" data-settings=\"{&quot;ekit_has_onepagescroll_dot&quot;:&quot;yes&quot;}\">\n\t\t\t\t\t<div class=\"e-con-inner\">\n\t\t<div class=\"elementor-element elementor-element-7577986 e-con-full e-flex e-con e-child\" data-id=\"7577986\" data-element_type=\"container\" data-settings=\"{&quot;ekit_has_onepagescroll_dot&quot;:&quot;yes&quot;}\">\n\t\t\t\t<div class=\"elementor-element elementor-element-abe0950 elementor-widget elementor-widget-heading\" data-id=\"abe0950\" data-element_type=\"widget\" data-settings=\"{&quot;ekit_we_effect_on&quot;:&quot;none&quot;}\" data-widget_type=\"heading.default\">\n\t\t\t\t<div class=\"elementor-widget-container\">\n\t\t\t\t\t<h2 class=\"elementor-heading-title elementor-size-default\">Qabla\u015fd\u0131rma<\/h2>\t\t\t\t<\/div>\n\t\t\t\t<\/div>\n\t\t\t\t<div class=\"elementor-element elementor-element-f694b81 elementor-widget__width-initial elementor-widget-divider--view-line elementor-widget elementor-widget-divider\" data-id=\"f694b81\" data-element_type=\"widget\" data-settings=\"{&quot;ekit_we_effect_on&quot;:&quot;none&quot;}\" data-widget_type=\"divider.default\">\n\t\t\t\t<div class=\"elementor-widget-container\">\n\t\t\t\t\t\t\t<div class=\"elementor-divider\">\n\t\t\t<span class=\"elementor-divider-separator\">\n\t\t\t\t\t\t<\/span>\n\t\t<\/div>\n\t\t\t\t\t\t<\/div>\n\t\t\t\t<\/div>\n\t\t\t\t<div class=\"elementor-element elementor-element-31d31e2 elementor-widget elementor-widget-text-editor\" data-id=\"31d31e2\" data-element_type=\"widget\" data-settings=\"{&quot;ekit_we_effect_on&quot;:&quot;none&quot;}\" data-widget_type=\"text-editor.default\">\n\t\t\t\t<div class=\"elementor-widget-container\">\n\t\t\t\t\t\t\t\t\t<p>Toz m\u0259hsullara x\u00fcsusi olaraq haz\u0131rlanm\u0131\u015f qabla\u015fd\u0131rma h\u0259ll\u0259rimizin geni\u015f \u00e7e\u015fidini k\u0259\u015ff edin. \u00c7ubuq paketl\u0259rinin qabaqc\u0131l rahatl\u0131\u011f\u0131ndan tutmu\u015f, d\u0259qiq \u00f6l\u00e7m\u0259l\u0259r \u00fc\u00e7\u00fcn qa\u015f\u0131qlar il\u0259 birl\u0259\u015fdirilmi\u015f qapaql\u0131 bankalara q\u0259d\u0259r, ehtiyaclar\u0131n\u0131za uy\u011fun bir se\u00e7imimiz var.<br \/>Birba\u015fa a\u011f\u0131za toz sisteml\u0259rimiz misilsiz rahatl\u0131q t\u0259min edir, m\u00f6hk\u0259m s\u0259rt bankalar\u0131m\u0131z is\u0259 davaml\u0131l\u0131q v\u0259 m\u0259hsul b\u00fct\u00f6vl\u00fcy\u00fcn\u00fc t\u0259min edir.<br \/>Qabla\u015fd\u0131rma \u00fcst\u00fcnl\u00fckl\u0259riniz v\u0259 ya m\u0259hsul t\u0259l\u0259bl\u0259riniz n\u0259 olursa olsun, ehtiyaclar\u0131n\u0131z\u0131 qar\u015f\u0131layan v\u0259 g\u00f6zl\u0259ntil\u0259rinizd\u0259n art\u0131q olan \u00e7ox y\u00f6nl\u00fc bir s\u0131ra t\u0259qdim edirik.<\/p>\t\t\t\t\t\t\t\t<\/div>\n\t\t\t\t<\/div>\n\t\t\t\t<\/div>\n\t\t<div class=\"elementor-element elementor-element-f3cd1ae e-con-full e-flex e-con e-child\" data-id=\"f3cd1ae\" data-element_type=\"container\" data-settings=\"{&quot;background_background&quot;:&quot;classic&quot;,&quot;ekit_has_onepagescroll_dot&quot;:&quot;yes&quot;}\">\n\t\t\t\t<\/div>\n\t\t\t\t\t<\/div>\n\t\t\t\t<\/div>\n\t\t<div class=\"elementor-element elementor-element-9433bd2 e-flex e-con-boxed e-con e-parent\" data-id=\"9433bd2\" data-element_type=\"container\" data-settings=\"{&quot;background_background&quot;:&quot;classic&quot;,&quot;ekit_has_onepagescroll_dot&quot;:&quot;yes&quot;}\">\n\t\t\t\t\t<div class=\"e-con-inner\">\n\t\t<div class=\"elementor-element elementor-element-e3cad86 e-con-full e-flex e-con e-child\" data-id=\"e3cad86\" data-element_type=\"container\" data-settings=\"{&quot;background_background&quot;:&quot;classic&quot;,&quot;ekit_has_onepagescroll_dot&quot;:&quot;yes&quot;}\">\n\t\t\t\t<\/div>\n\t\t<div class=\"elementor-element elementor-element-0e3acea e-con-full e-flex e-con e-child\" data-id=\"0e3acea\" data-element_type=\"container\" data-settings=\"{&quot;ekit_has_onepagescroll_dot&quot;:&quot;yes&quot;}\">\n\t\t\t\t<div class=\"elementor-element elementor-element-abbe6e6 elementor-widget elementor-widget-heading\" data-id=\"abbe6e6\" data-element_type=\"widget\" data-settings=\"{&quot;ekit_we_effect_on&quot;:&quot;none&quot;}\" data-widget_type=\"heading.default\">\n\t\t\t\t<div class=\"elementor-widget-container\">\n\t\t\t\t\t<h2 class=\"elementor-heading-title elementor-size-default\">Keyfiyy\u0259t v\u0259 Sertifikatlar<\/h2>\t\t\t\t<\/div>\n\t\t\t\t<\/div>\n\t\t\t\t<div class=\"elementor-element elementor-element-0f46435 elementor-widget__width-initial elementor-widget-divider--view-line elementor-widget elementor-widget-divider\" data-id=\"0f46435\" data-element_type=\"widget\" data-settings=\"{&quot;ekit_we_effect_on&quot;:&quot;none&quot;}\" data-widget_type=\"divider.default\">\n\t\t\t\t<div class=\"elementor-widget-container\">\n\t\t\t\t\t\t\t<div class=\"elementor-divider\">\n\t\t\t<span class=\"elementor-divider-separator\">\n\t\t\t\t\t\t<\/span>\n\t\t<\/div>\n\t\t\t\t\t\t<\/div>\n\t\t\t\t<\/div>\n\t\t\t\t<div class=\"elementor-element elementor-element-da0384f elementor-widget elementor-widget-text-editor\" data-id=\"da0384f\" data-element_type=\"widget\" data-settings=\"{&quot;ekit_we_effect_on&quot;:&quot;none&quot;}\" data-widget_type=\"text-editor.default\">\n\t\t\t\t<div class=\"elementor-widget-container\">\n\t\t\t\t\t\t\t\t\t<p>Biz s\u0259rt standartlara riay\u0259t edirik v\u0259 siz d\u0259 edirsiniz. Buna g\u00f6r\u0259 keyfiyy\u0259t v\u0259 t\u0259hl\u00fck\u0259sizlik bizim \u00fc\u00e7\u00fcn \u00e7ox \u00f6n\u0259mlidir. T\u0259rkib hiss\u0259l\u0259rinin diqq\u0259tl\u0259 t\u0259sdiql\u0259nm\u0259sind\u0259n istehsal prosesinin h\u0259r m\u0259rh\u0259l\u0259sinin n\u0259zar\u0259tin\u0259 q\u0259d\u0259r, t\u0259l\u0259b etdiyiniz keyfiyy\u0259t t\u0259minat\u0131 v\u0259 sertifikatlar\u0131 t\u0259qdim etm\u0259y\u0259 sadiqik.<\/p><p>Budur, m\u0259hsullar\u0131m\u0131z \u00fc\u00e7\u00fcn m\u00f6vcud olan b\u0259zi sertifikatlar\u0131n q\u0131saca siyah\u0131s\u0131:<br \/>\u2013<strong>\u00a0ISO<\/strong>\u00a0Sertifikatla\u015fd\u0131rma<br \/>\u2013\u00a0<strong>REACH<\/strong>\u00a0Uy\u011funluq<\/p><p>Qeyd ed\u0259k ki, b\u00fct\u00fcn m\u0259hsullar\u0131m\u0131z yuxar\u0131da qeyd olunan h\u0259r bir sertifikata cavab vermir. \u018ftrafl\u0131 m\u0259lumat \u00fc\u00e7\u00fcn z\u0259hm\u0259t olmasa, sat\u0131\u015f n\u00fcmay\u0259nd\u0259nizl\u0259 \u0259laq\u0259 saxlay\u0131n.<\/p>\t\t\t\t\t\t\t\t<\/div>\n\t\t\t\t<\/div>\n\t\t\t\t<\/div>\n\t\t\t\t\t<\/div>\n\t\t\t\t<\/div>\n\t\t<div class=\"elementor-element elementor-element-20d5277 e-flex e-con-boxed e-con e-parent\" data-id=\"20d5277\" data-element_type=\"container\" data-settings=\"{&quot;ekit_has_onepagescroll_dot&quot;:&quot;yes&quot;}\">\n\t\t\t\t\t<div class=\"e-con-inner\">\n\t\t<div class=\"elementor-element elementor-element-5dbae40 e-con-full e-flex e-con e-child\" data-id=\"5dbae40\" data-element_type=\"container\" data-settings=\"{&quot;ekit_has_onepagescroll_dot&quot;:&quot;yes&quot;}\">\n\t\t\t\t<div class=\"elementor-element elementor-element-a62a8bb elementor-widget elementor-widget-heading\" data-id=\"a62a8bb\" data-element_type=\"widget\" data-settings=\"{&quot;ekit_we_effect_on&quot;:&quot;none&quot;}\" data-widget_type=\"heading.default\">\n\t\t\t\t<div class=\"elementor-widget-container\">\n\t\t\t\t\t<h2 class=\"elementor-heading-title elementor-size-default\">\u018flam\u0259tdar Xidm\u0259t<\/h2>\t\t\t\t<\/div>\n\t\t\t\t<\/div>\n\t\t\t\t<div class=\"elementor-element elementor-element-2f58cba elementor-widget__width-initial elementor-widget-divider--view-line elementor-widget elementor-widget-divider\" data-id=\"2f58cba\" data-element_type=\"widget\" data-settings=\"{&quot;ekit_we_effect_on&quot;:&quot;none&quot;}\" data-widget_type=\"divider.default\">\n\t\t\t\t<div class=\"elementor-widget-container\">\n\t\t\t\t\t\t\t<div class=\"elementor-divider\">\n\t\t\t<span class=\"elementor-divider-separator\">\n\t\t\t\t\t\t<\/span>\n\t\t<\/div>\n\t\t\t\t\t\t<\/div>\n\t\t\t\t<\/div>\n\t\t\t\t<div class=\"elementor-element elementor-element-1765993 elementor-widget elementor-widget-text-editor\" data-id=\"1765993\" data-element_type=\"widget\" data-settings=\"{&quot;ekit_we_effect_on&quot;:&quot;none&quot;}\" data-widget_type=\"text-editor.default\">\n\t\t\t\t<div class=\"elementor-widget-container\">\n\t\t\t\t\t\t\t\t\t<p>LANDU sizin \u00fc\u00e7\u00fcn tam h\u0259ll yolu kimi xidm\u0259t edir, t\u0259dqiqat v\u0259 inki\u015faf, x\u00fcsusi t\u0259rkib hiss\u0259l\u0259rinin al\u0131nmas\u0131, istehsal, emal v\u0259 istehsal daxil olmaqla, xidm\u0259tl\u0259rin problemsiz inteqrasiyas\u0131n\u0131 t\u0259min edir. Bu inteqrasiya olunmu\u015f imkanlarla, ilk s\u0131naq t\u0259cr\u00fcb\u0259l\u0259rind\u0259n tam miqyasl\u0131 istehsala q\u0259d\u0259r sizinl\u0259 s\u0131x \u0259m\u0259kda\u015fl\u0131q edirik. X\u00fcsusi formulalar\u0131n haz\u0131rlanmas\u0131, m\u0259hsul performans\u0131n\u0131n art\u0131r\u0131lmas\u0131 v\u0259 ya dad profill\u0259rinin m\u00fck\u0259mm\u0259ll\u0259\u015fdirilm\u0259si kimi i\u015fl\u0259rd\u0259, \u0259m\u0259kda\u015fl\u0131q yana\u015fmam\u0131z ehtiyaclar\u0131n\u0131z\u0131 effektiv v\u0259 s\u0259m\u0259r\u0259li \u015f\u0259kild\u0259 qar\u015f\u0131lama\u011f\u0131 t\u0259min edir.<\/p>\t\t\t\t\t\t\t\t<\/div>\n\t\t\t\t<\/div>\n\t\t\t\t<\/div>\n\t\t<div class=\"elementor-element elementor-element-02899a7 e-con-full e-flex e-con e-child\" data-id=\"02899a7\" data-element_type=\"container\" data-settings=\"{&quot;background_background&quot;:&quot;classic&quot;,&quot;ekit_has_onepagescroll_dot&quot;:&quot;yes&quot;}\">\n\t\t\t\t<div class=\"elementor-element elementor-element-690eb3d elementor-widget elementor-widget-spacer\" data-id=\"690eb3d\" data-element_type=\"widget\" data-settings=\"{&quot;ekit_we_effect_on&quot;:&quot;none&quot;}\" data-widget_type=\"spacer.default\">\n\t\t\t\t<div class=\"elementor-widget-container\">\n\t\t\t\t\t\t\t<div class=\"elementor-spacer\">\n\t\t\t<div class=\"elementor-spacer-inner\"><\/div>\n\t\t<\/div>\n\t\t\t\t\t\t<\/div>\n\t\t\t\t<\/div>\n\t\t\t\t<\/div>\n\t\t\t\t\t<\/div>\n\t\t\t\t<\/div>\n\t\t\t\t<\/div>","protected":false},"excerpt":{"rendered":"<p>M\u00fcqavil\u0259 \u0130stehsal Xidm\u0259tl\u0259ri LANDU, sel\u00fcloza texnologiyalar\u0131 sah\u0259sind\u0259 qlobal s\u0259viyy\u0259d\u0259 tan\u0131nm\u0131\u015f liderdir v\u0259 qlobal texniki h\u0259ll\u0259r\u0259 ixtisasla\u015fm\u0131\u015fd\u0131r. Diyet \u0259lav\u0259l\u0259ri \u00fc\u00e7\u00fcn optimalla\u015fd\u0131r\u0131lm\u0131\u015f m\u00fcqavil\u0259 istehsal xidm\u0259tl\u0259ri. N\u00f6vb\u0259ti innovasiyan\u0131z \u00fc\u00e7\u00fcn istehsal t\u0259r\u0259fda\u015f\u0131 axtar\u0131rs\u0131n\u0131z? Texniki xidm\u0259tl\u0259r komandam\u0131z siz\u0259 k\u00f6m\u0259k etm\u0259y\u0259 haz\u0131rd\u0131r, ist\u0259r yeni toz m\u0259hsulunu buraxma\u011f\u0131 planla\u015fd\u0131r\u0131rs\u0131n\u0131zsa...<\/p>","protected":false},"author":1,"featured_media":0,"parent":0,"menu_order":0,"comment_status":"closed","ping_status":"closed","template":"elementor_header_footer","meta":{"footnotes":""},"class_list":["post-410","page","type-page","status-publish","hentry"],"_links":{"self":[{"href":"https:\/\/landu-china.com\/az\/wp-json\/wp\/v2\/pages\/410","targetHints":{"allow":["GET"]}}],"collection":[{"href":"https:\/\/landu-china.com\/az\/wp-json\/wp\/v2\/pages"}],"about":[{"href":"https:\/\/landu-china.com\/az\/wp-json\/wp\/v2\/types\/page"}],"author":[{"embeddable":true,"href":"https:\/\/landu-china.com\/az\/wp-json\/wp\/v2\/users\/1"}],"replies":[{"embeddable":true,"href":"https:\/\/landu-china.com\/az\/wp-json\/wp\/v2\/comments?post=410"}],"version-history":[{"count":19,"href":"https:\/\/landu-china.com\/az\/wp-json\/wp\/v2\/pages\/410\/revisions"}],"predecessor-version":[{"id":22908,"href":"https:\/\/landu-china.com\/az\/wp-json\/wp\/v2\/pages\/410\/revisions\/22908"}],"wp:attachment":[{"href":"https:\/\/landu-china.com\/az\/wp-json\/wp\/v2\/media?parent=410"}],"curies":[{"name":"wp","href":"https:\/\/api.w.org\/{rel}","templated":true}]}}