{"id":3787,"date":"2024-07-29T17:20:53","date_gmt":"2024-07-29T09:20:53","guid":{"rendered":"https:\/\/landu-china.com\/?page_id=3787"},"modified":"2024-07-30T09:37:06","modified_gmt":"2024-07-30T01:37:06","slug":"dayaniqli-m%c9%99nb%c9%99l%c9%99sdirm%c9%99nin-prinsipl%c9%99ri","status":"publish","type":"page","link":"https:\/\/landu-china.com\/az\/dayaniqli-m%c9%99nb%c9%99l%c9%99sdirm%c9%99nin-prinsipl%c9%99ri\/","title":{"rendered":"Dayan\u0131ql\u0131 M\u0259nb\u0259\u00e7ilik Prinsipl\u0259ri"},"content":{"rendered":"<div data-elementor-type=\"wp-page\" data-elementor-id=\"3787\" class=\"elementor elementor-3787\" data-elementor-post-type=\"page\">\n\t\t\t\t<div class=\"elementor-element elementor-element-832e259 e-flex e-con-boxed e-con e-parent\" data-id=\"832e259\" data-element_type=\"container\" data-settings=\"{&quot;background_background&quot;:&quot;classic&quot;,&quot;ekit_has_onepagescroll_dot&quot;:&quot;yes&quot;}\">\n\t\t\t\t\t<div class=\"e-con-inner\">\n\t\t\t\t<div class=\"elementor-element elementor-element-f07d774 elementor-widget__width-initial elementor-widget elementor-widget-heading\" data-id=\"f07d774\" data-element_type=\"widget\" data-settings=\"{&quot;ekit_we_effect_on&quot;:&quot;none&quot;}\" data-widget_type=\"heading.default\">\n\t\t\t\t<div class=\"elementor-widget-container\">\n\t\t\t\t\t<h2 class=\"elementor-heading-title elementor-size-default\">Dayan\u0131ql\u0131 M\u0259nb\u0259\u00e7ilik Prinsipl\u0259ri<\/h2>\t\t\t\t<\/div>\n\t\t\t\t<\/div>\n\t\t\t\t<div class=\"elementor-element elementor-element-54592e9 elementor-widget__width-initial elementor-widget elementor-widget-text-editor\" data-id=\"54592e9\" data-element_type=\"widget\" data-settings=\"{&quot;ekit_we_effect_on&quot;:&quot;none&quot;}\" data-widget_type=\"text-editor.default\">\n\t\t\t\t<div class=\"elementor-widget-container\">\n\t\t\t\t\t\t\t\t\t<p>Dayan\u0131ql\u0131l\u0131\u011fa can ataraq, b\u00fct\u00fcn maraql\u0131 t\u0259r\u0259fl\u0259r \u00fc\u00e7\u00fcn t\u0259hl\u00fck\u0259siz v\u0259 etibarl\u0131 t\u0259r\u0259fda\u015f olma\u011f\u0131 h\u0259d\u0259fl\u0259yirik v\u0259 t\u0259dar\u00fck\u00e7\u00fcl\u0259rimizi bu t\u0259\u015f\u0259bb\u00fcs\u0259 qo\u015fulma\u011fa t\u0259\u015fviq edirik.<\/p>\t\t\t\t\t\t\t\t<\/div>\n\t\t\t\t<\/div>\n\t\t\t\t\t<\/div>\n\t\t\t\t<\/div>\n\t\t<div class=\"elementor-element elementor-element-af21400 e-flex e-con-boxed e-con e-parent\" data-id=\"af21400\" data-element_type=\"container\" data-settings=\"{&quot;ekit_has_onepagescroll_dot&quot;:&quot;yes&quot;}\">\n\t\t\t\t\t<div class=\"e-con-inner\">\n\t\t\t\t<div class=\"elementor-element elementor-element-ee22895 elementor-widget elementor-widget-heading\" data-id=\"ee22895\" data-element_type=\"widget\" data-settings=\"{&quot;ekit_we_effect_on&quot;:&quot;none&quot;}\" data-widget_type=\"heading.default\">\n\t\t\t\t<div class=\"elementor-widget-container\">\n\t\t\t\t\t<h2 class=\"elementor-heading-title elementor-size-default\">\u018fb\u0259di Resurs - Davaml\u0131 \u0130dar\u0259 olunan T\u0259bii Yenil\u0259n\u0259n Materiallar<\/h2>\t\t\t\t<\/div>\n\t\t\t\t<\/div>\n\t\t\t\t<div class=\"elementor-element elementor-element-b0428b0 elementor-widget elementor-widget-image\" data-id=\"b0428b0\" data-element_type=\"widget\" data-settings=\"{&quot;ekit_we_effect_on&quot;:&quot;none&quot;}\" data-widget_type=\"image.default\">\n\t\t\t\t<div class=\"elementor-widget-container\">\n\t\t\t\t\t\t\t\t\t\t\t\t\t\t\t<img decoding=\"async\" width=\"55\" height=\"9\" src=\"https:\/\/landu-china.com\/wp-content\/uploads\/2024\/06\/\u8d44\u6e90-1.png\" class=\"attachment-large size-large wp-image-87\" alt=\"\" \/>\t\t\t\t\t\t\t\t\t\t\t\t\t\t\t<\/div>\n\t\t\t\t<\/div>\n\t\t\t\t<div class=\"elementor-element elementor-element-e6c6337 elementor-widget elementor-widget-text-editor\" data-id=\"e6c6337\" data-element_type=\"widget\" data-settings=\"{&quot;ekit_we_effect_on&quot;:&quot;none&quot;}\" data-widget_type=\"text-editor.default\">\n\t\t\t\t<div class=\"elementor-widget-container\">\n\t\t\t\t\t\t\t\t\tM\u0259hsullar\u0131m\u0131z t\u0259bii m\u0259nb\u0259l\u0259rd\u0259n \u0259ld\u0259 edilir v\u0259 LANDU-d\u0259 davaml\u0131 m\u0259nb\u0259l\u0259rd\u0259n t\u0259minat\u0131n m\u00fcr\u0259kk\u0259b \u00e7a\u011f\u0131r\u0131\u015flar\u0131n\u0131 ba\u015fa d\u00fc\u015f\u00fcr\u00fck. B\u00fct\u00fcn bunlar g\u00fcv\u0259nl\u0259 ba\u015flay\u0131r.\n\nM\u0259suliyy\u0259tli t\u0259r\u0259fda\u015flar olaraq, biz xammal\u0131n al\u0131nmas\u0131ndan tutmu\u015f istehlak\u00e7\u0131 istifad\u0259sin\u0259 v\u0259 son istifad\u0259 idar\u0259\u00e7iliyin\u0259 q\u0259d\u0259r d\u0259y\u0259r z\u0259ncirind\u0259ki \u015firk\u0259tl\u0259r v\u0259 h\u0259mkarlar\u0131m\u0131zla \u0259m\u0259kda\u015fl\u0131q edirik.\n\nBizim \u201cbitkid\u0259n planet\u0259\u201d f\u0259ls\u0259f\u0259miz bizi t\u0259bi\u0259tl\u0259 aktiv \u015f\u0259kild\u0259 \u0259laq\u0259li olan v\u0259 daha yax\u015f\u0131 bir d\u00fcnya yaratmaq \u00fc\u00e7\u00fcn m\u0259suliyy\u0259tl\u0259 \u00e7a\u011f\u0131r\u0131\u015flara cavab verm\u0259y\u0259 sadiq olan bir \u015firk\u0259t\u0259 \u00e7evrilm\u0259yimiz\u0259 r\u0259hb\u0259rlik edir.\t\t\t\t\t\t\t\t<\/div>\n\t\t\t\t<\/div>\n\t\t\t\t\t<\/div>\n\t\t\t\t<\/div>\n\t\t<div class=\"elementor-element elementor-element-5123941 e-flex e-con-boxed e-con e-parent\" data-id=\"5123941\" data-element_type=\"container\" data-settings=\"{&quot;ekit_has_onepagescroll_dot&quot;:&quot;yes&quot;}\">\n\t\t\t\t\t<div class=\"e-con-inner\">\n\t\t<div class=\"elementor-element elementor-element-b946af8 e-con-full e-flex e-con e-child\" data-id=\"b946af8\" data-element_type=\"container\" data-settings=\"{&quot;background_background&quot;:&quot;classic&quot;,&quot;ekit_has_onepagescroll_dot&quot;:&quot;yes&quot;}\">\n\t\t\t\t<div class=\"elementor-element elementor-element-6724aa3 elementor-widget elementor-widget-spacer\" data-id=\"6724aa3\" data-element_type=\"widget\" data-settings=\"{&quot;ekit_we_effect_on&quot;:&quot;none&quot;}\" data-widget_type=\"spacer.default\">\n\t\t\t\t<div class=\"elementor-widget-container\">\n\t\t\t\t\t\t\t<div class=\"elementor-spacer\">\n\t\t\t<div class=\"elementor-spacer-inner\"><\/div>\n\t\t<\/div>\n\t\t\t\t\t\t<\/div>\n\t\t\t\t<\/div>\n\t\t\t\t<\/div>\n\t\t<div class=\"elementor-element elementor-element-b6ac288 e-con-full e-flex e-con e-child\" data-id=\"b6ac288\" data-element_type=\"container\" data-settings=\"{&quot;ekit_has_onepagescroll_dot&quot;:&quot;yes&quot;}\">\n\t\t\t\t<div class=\"elementor-element elementor-element-a9b46ea elementor-position-left elementor-widget-tablet__width-initial elementor-vertical-align-middle elementor-tablet-position-top elementor-widget-mobile__width-inherit elementor-view-stacked elementor-shape-square elementor-mobile-position-top elementor-widget elementor-widget-icon-box\" data-id=\"a9b46ea\" data-element_type=\"widget\" data-settings=\"{&quot;_animation&quot;:&quot;none&quot;,&quot;ekit_we_effect_on&quot;:&quot;none&quot;}\" data-widget_type=\"icon-box.default\">\n\t\t\t\t<div class=\"elementor-widget-container\">\n\t\t\t\t\t\t\t<div class=\"elementor-icon-box-wrapper\">\n\n\t\t\t\t\t\t<div class=\"elementor-icon-box-icon\">\n\t\t\t\t<span  class=\"elementor-icon\">\n\t\t\t\t<svg aria-hidden=\"true\" class=\"e-font-icon-svg e-fas-check\" viewbox=\"0 0 512 512\" xmlns=\"http:\/\/www.w3.org\/2000\/svg\"><path d=\"M173.898 439.404l-166.4-166.4c-9.997-9.997-9.997-26.206 0-36.204l36.203-36.204c9.997-9.998 26.207-9.998 36.204 0L192 312.69 432.095 72.596c9.997-9.997 26.207-9.997 36.204 0l36.203 36.204c9.997 9.997 9.997 26.206 0 36.204l-294.4 294.401c-9.998 9.997-26.207 9.997-36.204-.001z\"><\/path><\/svg>\t\t\t\t<\/span>\n\t\t\t<\/div>\n\t\t\t\n\t\t\t\t\t\t<div class=\"elementor-icon-box-content\">\n\n\t\t\t\t\t\t\t\t\t<h5 class=\"elementor-icon-box-title\">\n\t\t\t\t\t\t<span  >\n\t\t\t\t\t\t\t\u018ftraf M\u00fchit\u0259 T\u0259sirin\u0259 Diqq\u0259t\t\t\t\t\t\t<\/span>\n\t\t\t\t\t<\/h5>\n\t\t\t\t\n\t\t\t\t\t\t\t\t\t<p class=\"elementor-icon-box-description\">\n\t\t\t\t\t\tBiz \u0259m\u0259liyyatlar\u0131m\u0131zda elmi \u0259sasl\u0131 h\u0259d\u0259fl\u0259r\u0259 \u0259saslanaraq emissiyalar\u0131n azald\u0131lmas\u0131na \u00fcst\u00fcnl\u00fck veririk v\u0259 d\u0259y\u0259r z\u0259ncirimizd\u0259ki dig\u0259r t\u0259r\u0259fda\u015flar\u0131m\u0131z\u0131, m\u0259s\u0259l\u0259n, t\u0259dar\u00fck\u00e7\u00fcl\u0259rimizi, \u00f6z transformasiyalar\u0131nda d\u0259st\u0259kl\u0259yirik v\u0259 c\u0259lb edirik.\t\t\t\t\t<\/p>\n\t\t\t\t\n\t\t\t<\/div>\n\t\t\t\n\t\t<\/div>\n\t\t\t\t\t\t<\/div>\n\t\t\t\t<\/div>\n\t\t\t\t<div class=\"elementor-element elementor-element-a7637b7 elementor-position-left elementor-widget-tablet__width-initial elementor-vertical-align-middle elementor-tablet-position-top elementor-widget-mobile__width-inherit elementor-view-stacked elementor-shape-square elementor-mobile-position-top elementor-widget elementor-widget-icon-box\" data-id=\"a7637b7\" data-element_type=\"widget\" data-settings=\"{&quot;_animation&quot;:&quot;none&quot;,&quot;ekit_we_effect_on&quot;:&quot;none&quot;}\" data-widget_type=\"icon-box.default\">\n\t\t\t\t<div class=\"elementor-widget-container\">\n\t\t\t\t\t\t\t<div class=\"elementor-icon-box-wrapper\">\n\n\t\t\t\t\t\t<div class=\"elementor-icon-box-icon\">\n\t\t\t\t<span  class=\"elementor-icon\">\n\t\t\t\t<svg aria-hidden=\"true\" class=\"e-font-icon-svg e-fas-check\" viewbox=\"0 0 512 512\" xmlns=\"http:\/\/www.w3.org\/2000\/svg\"><path d=\"M173.898 439.404l-166.4-166.4c-9.997-9.997-9.997-26.206 0-36.204l36.203-36.204c9.997-9.998 26.207-9.998 36.204 0L192 312.69 432.095 72.596c9.997-9.997 26.207-9.997 36.204 0l36.203 36.204c9.997 9.997 9.997 26.206 0 36.204l-294.4 294.401c-9.998 9.997-26.207 9.997-36.204-.001z\"><\/path><\/svg>\t\t\t\t<\/span>\n\t\t\t<\/div>\n\t\t\t\n\t\t\t\t\t\t<div class=\"elementor-icon-box-content\">\n\n\t\t\t\t\t\t\t\t\t<h5 class=\"elementor-icon-box-title\">\n\t\t\t\t\t\t<span  >\n\t\t\t\t\t\t\tNet-Zero T\u0259chizat Z\u0259nciri T\u0259\u015f\u0259bb\u00fcsl\u0259ri\t\t\t\t\t\t<\/span>\n\t\t\t\t\t<\/h5>\n\t\t\t\t\n\t\t\t\t\t\t\t\t\t<p class=\"elementor-icon-box-description\">\n\t\t\t\t\t\tBizim m\u0259qs\u0259dimiz t\u0259chizat z\u0259ncirimizin emissiya azald\u0131lmas\u0131 v\u0259 net-zero h\u0259d\u0259fl\u0259r qoymas\u0131d\u0131r.\t\t\t\t\t<\/p>\n\t\t\t\t\n\t\t\t<\/div>\n\t\t\t\n\t\t<\/div>\n\t\t\t\t\t\t<\/div>\n\t\t\t\t<\/div>\n\t\t\t\t<div class=\"elementor-element elementor-element-4c7a908 elementor-position-left elementor-widget-tablet__width-initial elementor-vertical-align-middle elementor-tablet-position-top elementor-widget-mobile__width-inherit elementor-view-stacked elementor-shape-square elementor-mobile-position-top elementor-widget elementor-widget-icon-box\" data-id=\"4c7a908\" data-element_type=\"widget\" data-settings=\"{&quot;_animation&quot;:&quot;none&quot;,&quot;ekit_we_effect_on&quot;:&quot;none&quot;}\" data-widget_type=\"icon-box.default\">\n\t\t\t\t<div class=\"elementor-widget-container\">\n\t\t\t\t\t\t\t<div class=\"elementor-icon-box-wrapper\">\n\n\t\t\t\t\t\t<div class=\"elementor-icon-box-icon\">\n\t\t\t\t<span  class=\"elementor-icon\">\n\t\t\t\t<svg aria-hidden=\"true\" class=\"e-font-icon-svg e-fas-check\" viewbox=\"0 0 512 512\" xmlns=\"http:\/\/www.w3.org\/2000\/svg\"><path d=\"M173.898 439.404l-166.4-166.4c-9.997-9.997-9.997-26.206 0-36.204l36.203-36.204c9.997-9.998 26.207-9.998 36.204 0L192 312.69 432.095 72.596c9.997-9.997 26.207-9.997 36.204 0l36.203 36.204c9.997 9.997 9.997 26.206 0 36.204l-294.4 294.401c-9.998 9.997-26.207 9.997-36.204-.001z\"><\/path><\/svg>\t\t\t\t<\/span>\n\t\t\t<\/div>\n\t\t\t\n\t\t\t\t\t\t<div class=\"elementor-icon-box-content\">\n\n\t\t\t\t\t\t\t\t\t<h5 class=\"elementor-icon-box-title\">\n\t\t\t\t\t\t<span  >\n\t\t\t\t\t\t\tT\u0259dar\u00fck\u00e7\u00fcl\u0259r\u0259 Net-Zero Nail Olmas\u0131nda D\u0259st\u0259k\t\t\t\t\t\t<\/span>\n\t\t\t\t\t<\/h5>\n\t\t\t\t\n\t\t\t\t\t\t\t\t\t<p class=\"elementor-icon-box-description\">\n\t\t\t\t\t\tLANDU t\u0259dar\u00fck\u00e7\u00fcl\u0259rin\u0259 \u0259m\u0259liyyatlar\u0131n\u0131 dekarbonizasiya etm\u0259y\u0259 k\u00f6m\u0259k ed\u0259n al\u0259tl\u0259r v\u0259 resurslar t\u0259qdim edir. Bu \u0259m\u0259kda\u015fl\u0131q LANDU-nin net-zero emissiya m\u00fc\u0259ssis\u0259sin\u0259 \u00e7evrilm\u0259 v\u0259 b\u00fct\u00fcn t\u0259chizat z\u0259nciri boyunca iqlim t\u0259dbirl\u0259rin\u0259 qo\u015fulma arzusu il\u0259 \u0259laq\u0259dard\u0131r.\n\n\n\n\n\n\n\t\t\t\t\t<\/p>\n\t\t\t\t\n\t\t\t<\/div>\n\t\t\t\n\t\t<\/div>\n\t\t\t\t\t\t<\/div>\n\t\t\t\t<\/div>\n\t\t\t\t<\/div>\n\t\t\t\t\t<\/div>\n\t\t\t\t<\/div>\n\t\t\t\t<\/div>","protected":false},"excerpt":{"rendered":"<p>Davaml\u0131 T\u0259chizat Prinsipl\u0259ri Davaml\u0131l\u0131q \u00fc\u00e7\u00fcn \u00e7al\u0131\u015faraq, b\u00fct\u00fcn maraql\u0131 t\u0259r\u0259fl\u0259r \u00fc\u00e7\u00fcn t\u0259hl\u00fck\u0259siz v\u0259 etibarl\u0131 t\u0259r\u0259fda\u015f olma\u011f\u0131 h\u0259d\u0259fl\u0259yirik v\u0259 t\u0259dar\u00fck\u00e7\u00fcl\u0259rimizi bu t\u0259\u015f\u0259bb\u00fcs\u0259 qo\u015fulma\u011fa t\u0259\u015fviq edirik. \u018fb\u0259di Resurs \u2013 Davaml\u0131 \u0130dar\u0259 olunan T\u0259bii Yenil\u0259n\u0259 bil\u0259n Materiallar M\u0259hsullar\u0131m\u0131z t\u0259bi\u0259td\u0259n g\u0259lir v\u0259 LANDU-d\u0259 davaml\u0131 t\u0259chizat\u0131n m\u00fcr\u0259kk\u0259b \u00e7a\u011f\u0131r\u0131\u015flar\u0131n\u0131 ba\u015fa d\u00fc\u015f\u00fcr\u00fck. [\u2026]<\/p>","protected":false},"author":1,"featured_media":0,"parent":0,"menu_order":0,"comment_status":"closed","ping_status":"closed","template":"elementor_header_footer","meta":{"footnotes":""},"class_list":["post-3787","page","type-page","status-publish","hentry"],"_links":{"self":[{"href":"https:\/\/landu-china.com\/az\/wp-json\/wp\/v2\/pages\/3787","targetHints":{"allow":["GET"]}}],"collection":[{"href":"https:\/\/landu-china.com\/az\/wp-json\/wp\/v2\/pages"}],"about":[{"href":"https:\/\/landu-china.com\/az\/wp-json\/wp\/v2\/types\/page"}],"author":[{"embeddable":true,"href":"https:\/\/landu-china.com\/az\/wp-json\/wp\/v2\/users\/1"}],"replies":[{"embeddable":true,"href":"https:\/\/landu-china.com\/az\/wp-json\/wp\/v2\/comments?post=3787"}],"version-history":[{"count":13,"href":"https:\/\/landu-china.com\/az\/wp-json\/wp\/v2\/pages\/3787\/revisions"}],"predecessor-version":[{"id":3810,"href":"https:\/\/landu-china.com\/az\/wp-json\/wp\/v2\/pages\/3787\/revisions\/3810"}],"wp:attachment":[{"href":"https:\/\/landu-china.com\/az\/wp-json\/wp\/v2\/media?parent=3787"}],"curies":[{"name":"wp","href":"https:\/\/api.w.org\/{rel}","templated":true}]}}