{"id":3729,"date":"2024-07-29T14:50:50","date_gmt":"2024-07-29T06:50:50","guid":{"rendered":"https:\/\/landu-china.com\/?page_id=3729"},"modified":"2024-08-02T10:50:44","modified_gmt":"2024-08-02T02:50:44","slug":"t%c9%99hluk%c9%99sizlik-proqrami-v%c9%99-performans-qiym%c9%99tl%c9%99ndirm%c9%99si","status":"publish","type":"page","link":"https:\/\/landu-china.com\/az\/t%c9%99hluk%c9%99sizlik-proqrami-v%c9%99-performans-qiym%c9%99tl%c9%99ndirm%c9%99si\/","title":{"rendered":"T\u0259hl\u00fck\u0259sizlik Proqram\u0131 v\u0259 Performans Qiym\u0259tl\u0259ndirm\u0259si"},"content":{"rendered":"<div data-elementor-type=\"wp-page\" data-elementor-id=\"3729\" class=\"elementor elementor-3729\" data-elementor-post-type=\"page\">\n\t\t\t\t<div class=\"elementor-element elementor-element-832e259 e-flex e-con-boxed e-con e-parent\" data-id=\"832e259\" data-element_type=\"container\" data-settings=\"{&quot;background_background&quot;:&quot;classic&quot;,&quot;ekit_has_onepagescroll_dot&quot;:&quot;yes&quot;}\">\n\t\t\t\t\t<div class=\"e-con-inner\">\n\t\t\t\t<div class=\"elementor-element elementor-element-f07d774 elementor-widget__width-initial elementor-widget elementor-widget-heading\" data-id=\"f07d774\" data-element_type=\"widget\" data-settings=\"{&quot;ekit_we_effect_on&quot;:&quot;none&quot;}\" data-widget_type=\"heading.default\">\n\t\t\t\t<div class=\"elementor-widget-container\">\n\t\t\t\t\t<h2 class=\"elementor-heading-title elementor-size-default\">T\u0259hl\u00fck\u0259sizlik Proqram\u0131 v\u0259 Performans Qiym\u0259tl\u0259ndirm\u0259si<\/h2>\t\t\t\t<\/div>\n\t\t\t\t<\/div>\n\t\t\t\t<div class=\"elementor-element elementor-element-54592e9 elementor-widget__width-initial elementor-widget elementor-widget-text-editor\" data-id=\"54592e9\" data-element_type=\"widget\" data-settings=\"{&quot;ekit_we_effect_on&quot;:&quot;none&quot;}\" data-widget_type=\"text-editor.default\">\n\t\t\t\t<div class=\"elementor-widget-container\">\n\t\t\t\t\t\t\t\t\t<p>T\u0259hl\u00fck\u0259siz v\u0259 sa\u011flam i\u015f m\u00fchiti biznesin davaml\u0131l\u0131\u011f\u0131n\u0131 t\u0259min etm\u0259k \u00fc\u00e7\u00fcn \u00e7ox vacibdir v\u0259 t\u0259\u015f\u0259bb\u00fcskar, y\u00fcks\u0259k ixtisasl\u0131 istedadlar\u0131 c\u0259lb etm\u0259k \u00fc\u00e7\u00fcn \u00f6n \u015f\u0259rtdir.<\/p>\t\t\t\t\t\t\t\t<\/div>\n\t\t\t\t<\/div>\n\t\t\t\t\t<\/div>\n\t\t\t\t<\/div>\n\t\t<div class=\"elementor-element elementor-element-989eac6 e-flex e-con-boxed e-con e-parent\" data-id=\"989eac6\" data-element_type=\"container\" data-settings=\"{&quot;ekit_has_onepagescroll_dot&quot;:&quot;yes&quot;}\">\n\t\t\t\t\t<div class=\"e-con-inner\">\n\t\t<div class=\"elementor-element elementor-element-5f766c1 e-con-full e-flex e-con e-child\" data-id=\"5f766c1\" data-element_type=\"container\" data-settings=\"{&quot;ekit_has_onepagescroll_dot&quot;:&quot;yes&quot;}\">\n\t\t\t\t<div class=\"elementor-element elementor-element-77dba10 elementor-widget elementor-widget-image\" data-id=\"77dba10\" data-element_type=\"widget\" data-settings=\"{&quot;ekit_we_effect_on&quot;:&quot;none&quot;}\" data-widget_type=\"image.default\">\n\t\t\t\t<div class=\"elementor-widget-container\">\n\t\t\t\t\t\t\t\t\t\t\t\t\t\t\t<img fetchpriority=\"high\" decoding=\"async\" width=\"800\" height=\"533\" src=\"https:\/\/landu-china.com\/wp-content\/uploads\/2024\/07\/builders-discussing-external-glazing-1024x682.webp\" class=\"attachment-large size-large wp-image-3739\" alt=\"\" srcset=\"https:\/\/landu-china.com\/wp-content\/uploads\/2024\/07\/builders-discussing-external-glazing-1024x682.webp 1024w, https:\/\/landu-china.com\/wp-content\/uploads\/2024\/07\/builders-discussing-external-glazing-300x200.webp 300w, https:\/\/landu-china.com\/wp-content\/uploads\/2024\/07\/builders-discussing-external-glazing-768x512.webp 768w, https:\/\/landu-china.com\/wp-content\/uploads\/2024\/07\/builders-discussing-external-glazing-1536x1023.webp 1536w, https:\/\/landu-china.com\/wp-content\/uploads\/2024\/07\/builders-discussing-external-glazing.webp 1600w\" sizes=\"(max-width: 800px) 100vw, 800px\" \/>\t\t\t\t\t\t\t\t\t\t\t\t\t\t\t<\/div>\n\t\t\t\t<\/div>\n\t\t\t\t<\/div>\n\t\t<div class=\"elementor-element elementor-element-dadbbfa e-con-full e-flex e-con e-child\" data-id=\"dadbbfa\" data-element_type=\"container\" data-settings=\"{&quot;ekit_has_onepagescroll_dot&quot;:&quot;yes&quot;}\">\n\t\t\t\t<div class=\"elementor-element elementor-element-ee22895 elementor-widget elementor-widget-heading\" data-id=\"ee22895\" data-element_type=\"widget\" data-settings=\"{&quot;ekit_we_effect_on&quot;:&quot;none&quot;}\" data-widget_type=\"heading.default\">\n\t\t\t\t<div class=\"elementor-widget-container\">\n\t\t\t\t\t<h2 class=\"elementor-heading-title elementor-size-default\">\u0130nsanlar v\u0259 Proses T\u0259hl\u00fck\u0259sizliyind\u0259 Liderlik<\/h2>\t\t\t\t<\/div>\n\t\t\t\t<\/div>\n\t\t\t\t<div class=\"elementor-element elementor-element-b0428b0 elementor-widget elementor-widget-image\" data-id=\"b0428b0\" data-element_type=\"widget\" data-settings=\"{&quot;ekit_we_effect_on&quot;:&quot;none&quot;}\" data-widget_type=\"image.default\">\n\t\t\t\t<div class=\"elementor-widget-container\">\n\t\t\t\t\t\t\t\t\t\t\t\t\t\t\t<img decoding=\"async\" width=\"55\" height=\"9\" src=\"https:\/\/landu-china.com\/wp-content\/uploads\/2024\/06\/\u8d44\u6e90-1.png\" class=\"attachment-large size-large wp-image-87\" alt=\"\" \/>\t\t\t\t\t\t\t\t\t\t\t\t\t\t\t<\/div>\n\t\t\t\t<\/div>\n\t\t\t\t<div class=\"elementor-element elementor-element-e6c6337 elementor-widget elementor-widget-text-editor\" data-id=\"e6c6337\" data-element_type=\"widget\" data-settings=\"{&quot;ekit_we_effect_on&quot;:&quot;none&quot;}\" data-widget_type=\"text-editor.default\">\n\t\t\t\t<div class=\"elementor-widget-container\">\n\t\t\t\t\t\t\t\t\t<div class=\"elementor-element elementor-element-26d6bf8c elementor-widget__width-initial elementor-widget elementor-widget-text-editor\" data-id=\"26d6bf8c\" data-element_type=\"widget\" data-settings=\"{&quot;ekit_we_effect_on&quot;:&quot;none&quot;}\" data-widget_type=\"text-editor.default\"><div class=\"elementor-widget-container\"><div class=\"elementor-element elementor-element-26d6bf8c elementor-widget__width-initial elementor-widget elementor-widget-text-editor\" data-id=\"26d6bf8c\" data-element_type=\"widget\" data-settings=\"{&quot;ekit_we_effect_on&quot;:&quot;none&quot;}\" data-widget_type=\"text-editor.default\"><div class=\"elementor-widget-container\"><div class=\"elementor-element elementor-element-531d8aa elementor-widget__width-initial elementor-widget elementor-widget-text-editor\" data-id=\"531d8aa\" data-element_type=\"widget\" data-settings=\"{&quot;ekit_we_effect_on&quot;:&quot;none&quot;}\" data-widget_type=\"text-editor.default\"><div class=\"elementor-widget-container\"><p>M\u0259suliyy\u0259tli operator v\u0259 etibarl\u0131 t\u0259dar\u00fck\u00e7\u00fc kimi, biz t\u0259hl\u00fck\u0259sizliyi h\u0259r \u015feyd\u0259n \u00fcst\u00fcn tuturuq. M\u0259qs\u0259dimiz m\u0259suliyy\u0259tli \u0259m\u0259liyyatlar\u0131 davaml\u0131 performans art\u0131rmaqla t\u0259min etm\u0259k, s\u0131f\u0131r z\u0259r\u0259r v\u0259 yaralanma \u00fc\u00e7\u00fcn \u00e7al\u0131\u015fmaq, i\u015f\u00e7i t\u0259hl\u00fck\u0259sizliyi, proses t\u0259hl\u00fck\u0259sizliyi v\u0259 m\u0259hsul t\u0259hl\u00fck\u0259sizliyin\u0259 diqq\u0259t yetirm\u0259kdir. Biz t\u0259hl\u00fck\u0259sizlik performans\u0131nda davaml\u0131 inki\u015faflara sadiqik.<\/p><\/div><\/div><\/div><\/div><\/div><\/div>\t\t\t\t\t\t\t\t<\/div>\n\t\t\t\t<\/div>\n\t\t\t\t<div class=\"elementor-element elementor-element-fe59517 elementor-icon-list--layout-traditional elementor-list-item-link-full_width elementor-widget elementor-widget-icon-list\" data-id=\"fe59517\" data-element_type=\"widget\" data-settings=\"{&quot;ekit_we_effect_on&quot;:&quot;none&quot;}\" data-widget_type=\"icon-list.default\">\n\t\t\t\t<div class=\"elementor-widget-container\">\n\t\t\t\t\t\t\t<ul class=\"elementor-icon-list-items\">\n\t\t\t\t\t\t\t<li class=\"elementor-icon-list-item\">\n\t\t\t\t\t\t\t\t\t\t\t<span class=\"elementor-icon-list-icon\">\n\t\t\t\t\t\t\t<svg aria-hidden=\"true\" class=\"e-font-icon-svg e-fas-check-circle\" viewbox=\"0 0 512 512\" xmlns=\"http:\/\/www.w3.org\/2000\/svg\"><path d=\"M504 256c0 136.967-111.033 248-248 248S8 392.967 8 256 119.033 8 256 8s248 111.033 248 248zM227.314 387.314l184-184c6.248-6.248 6.248-16.379 0-22.627l-22.627-22.627c-6.248-6.249-16.379-6.249-22.628 0L216 308.118l-70.059-70.059c-6.248-6.248-16.379-6.248-22.628 0l-22.627 22.627c-6.248 6.248-6.248 16.379 0 22.627l104 104c6.249 6.249 16.379 6.249 22.628.001z\"><\/path><\/svg>\t\t\t\t\t\t<\/span>\n\t\t\t\t\t\t\t\t\t\t<span class=\"elementor-icon-list-text\">T\u0259hl\u00fck\u0259sizlik M\u0259qs\u0259dimiz: S\u0131f\u0131r Yaralanma v\u0259 Z\u0259r\u0259r<\/span>\n\t\t\t\t\t\t\t\t\t<\/li>\n\t\t\t\t\t\t\t\t<li class=\"elementor-icon-list-item\">\n\t\t\t\t\t\t\t\t\t\t\t<span class=\"elementor-icon-list-icon\">\n\t\t\t\t\t\t\t<svg aria-hidden=\"true\" class=\"e-font-icon-svg e-fas-check-circle\" viewbox=\"0 0 512 512\" xmlns=\"http:\/\/www.w3.org\/2000\/svg\"><path d=\"M504 256c0 136.967-111.033 248-248 248S8 392.967 8 256 119.033 8 256 8s248 111.033 248 248zM227.314 387.314l184-184c6.248-6.248 6.248-16.379 0-22.627l-22.627-22.627c-6.248-6.249-16.379-6.249-22.628 0L216 308.118l-70.059-70.059c-6.248-6.248-16.379-6.248-22.628 0l-22.627 22.627c-6.248 6.248-6.248 16.379 0 22.627l104 104c6.249 6.249 16.379 6.249 22.628.001z\"><\/path><\/svg>\t\t\t\t\t\t<\/span>\n\t\t\t\t\t\t\t\t\t\t<span class=\"elementor-icon-list-text\">G\u00fccl\u00fc risk idar\u0259etm\u0259si v\u0259 i\u015f\u00e7i i\u015ftirak\u0131 il\u0259 \u0259ld\u0259 edilir.<\/span>\n\t\t\t\t\t\t\t\t\t<\/li>\n\t\t\t\t\t\t<\/ul>\n\t\t\t\t\t\t<\/div>\n\t\t\t\t<\/div>\n\t\t\t\t<\/div>\n\t\t\t\t\t<\/div>\n\t\t\t\t<\/div>\n\t\t<div class=\"elementor-element elementor-element-9738fbb e-flex e-con-boxed e-con e-parent\" data-id=\"9738fbb\" data-element_type=\"container\" data-settings=\"{&quot;ekit_has_onepagescroll_dot&quot;:&quot;yes&quot;}\">\n\t\t\t\t\t<div class=\"e-con-inner\">\n\t\t\t\t<div class=\"elementor-element elementor-element-35ce1e6 elementor-widget elementor-widget-heading\" data-id=\"35ce1e6\" data-element_type=\"widget\" data-settings=\"{&quot;ekit_we_effect_on&quot;:&quot;none&quot;}\" data-widget_type=\"heading.default\">\n\t\t\t\t<div class=\"elementor-widget-container\">\n\t\t\t\t\t<h2 class=\"elementor-heading-title elementor-size-default\">\u0130nsanlar v\u0259 Proses T\u0259hl\u00fck\u0259sizliyi \u0130dar\u0259etm\u0259si<\/h2>\t\t\t\t<\/div>\n\t\t\t\t<\/div>\n\t\t\t\t<div class=\"elementor-element elementor-element-5706767 elementor-widget elementor-widget-image\" data-id=\"5706767\" data-element_type=\"widget\" data-settings=\"{&quot;ekit_we_effect_on&quot;:&quot;none&quot;}\" data-widget_type=\"image.default\">\n\t\t\t\t<div class=\"elementor-widget-container\">\n\t\t\t\t\t\t\t\t\t\t\t\t\t\t\t<img decoding=\"async\" width=\"55\" height=\"9\" src=\"https:\/\/landu-china.com\/wp-content\/uploads\/2024\/06\/\u8d44\u6e90-1.png\" class=\"attachment-large size-large wp-image-87\" alt=\"\" \/>\t\t\t\t\t\t\t\t\t\t\t\t\t\t\t<\/div>\n\t\t\t\t<\/div>\n\t\t\t\t<div class=\"elementor-element elementor-element-cdd01f5 elementor-widget__width-initial elementor-widget elementor-widget-text-editor\" data-id=\"cdd01f5\" data-element_type=\"widget\" data-settings=\"{&quot;ekit_we_effect_on&quot;:&quot;none&quot;}\" data-widget_type=\"text-editor.default\">\n\t\t\t\t<div class=\"elementor-widget-container\">\n\t\t\t\t\t\t\t\t\t<div class=\"elementor-element elementor-element-26d6bf8c elementor-widget__width-initial elementor-widget elementor-widget-text-editor\" data-id=\"26d6bf8c\" data-element_type=\"widget\" data-settings=\"{&quot;ekit_we_effect_on&quot;:&quot;none&quot;}\" data-widget_type=\"text-editor.default\"><div class=\"elementor-widget-container\"><div class=\"elementor-element elementor-element-26d6bf8c elementor-widget__width-initial elementor-widget elementor-widget-text-editor\" data-id=\"26d6bf8c\" data-element_type=\"widget\" data-settings=\"{&quot;ekit_we_effect_on&quot;:&quot;none&quot;}\" data-widget_type=\"text-editor.default\"><div class=\"elementor-widget-container\"><div class=\"elementor-element elementor-element-26d6bf8c elementor-widget__width-initial elementor-widget elementor-widget-text-editor\" data-id=\"26d6bf8c\" data-element_type=\"widget\" data-settings=\"{&quot;ekit_we_effect_on&quot;:&quot;none&quot;}\" data-widget_type=\"text-editor.default\"><div class=\"elementor-widget-container\"><p>Biz q\u0259tiyy\u0259tl\u0259 inan\u0131r\u0131q ki, t\u0259hl\u00fck\u0259sizlik h\u0259r s\u0259viyy\u0259d\u0259 m\u0259d\u0259niyy\u0259timiz\u0259 d\u0259rind\u0259n inteqrasiya olunmal\u0131 v\u0259 yaln\u0131z ir\u0259lil\u0259yi\u015f\u0259 t\u0259\u015fviq ed\u0259n deyil, h\u0259m d\u0259 b\u00fct\u00fcn \u0259m\u0259liyyatlarda davaml\u0131 inki\u015faf\u0131 t\u0259min ed\u0259n qabaqc\u0131l idar\u0259etm\u0259 sistemi il\u0259 d\u0259st\u0259kl\u0259nm\u0259lidir.<\/p><\/div><\/div><\/div><\/div><\/div><\/div>\t\t\t\t\t\t\t\t<\/div>\n\t\t\t\t<\/div>\n\t\t\t\t\t<\/div>\n\t\t\t\t<\/div>\n\t\t<div class=\"elementor-element elementor-element-fbe8b37 e-con-full e-flex e-con e-parent\" data-id=\"fbe8b37\" data-element_type=\"container\" data-settings=\"{&quot;ekit_has_onepagescroll_dot&quot;:&quot;yes&quot;}\">\n\t\t\t\t<div class=\"elementor-element elementor-element-2344f66 elementor-widget__width-inherit elementor-widget elementor-widget-image\" data-id=\"2344f66\" data-element_type=\"widget\" data-settings=\"{&quot;ekit_we_effect_on&quot;:&quot;none&quot;}\" data-widget_type=\"image.default\">\n\t\t\t\t<div class=\"elementor-widget-container\">\n\t\t\t\t\t\t\t\t\t\t\t\t\t\t\t<img decoding=\"async\" width=\"1441\" height=\"471\" src=\"https:\/\/landu-china.com\/wp-content\/uploads\/2024\/07\/12.webp\" class=\"attachment-full size-full wp-image-3734\" alt=\"\" srcset=\"https:\/\/landu-china.com\/wp-content\/uploads\/2024\/07\/12.webp 1441w, https:\/\/landu-china.com\/wp-content\/uploads\/2024\/07\/12-300x98.webp 300w, https:\/\/landu-china.com\/wp-content\/uploads\/2024\/07\/12-1024x335.webp 1024w, https:\/\/landu-china.com\/wp-content\/uploads\/2024\/07\/12-768x251.webp 768w\" sizes=\"(max-width: 1441px) 100vw, 1441px\" \/>\t\t\t\t\t\t\t\t\t\t\t\t\t\t\t<\/div>\n\t\t\t\t<\/div>\n\t\t\t\t<\/div>\n\t\t<div class=\"elementor-element elementor-element-8b7c8ed e-flex e-con-boxed e-con e-parent\" data-id=\"8b7c8ed\" data-element_type=\"container\" data-settings=\"{&quot;ekit_has_onepagescroll_dot&quot;:&quot;yes&quot;}\">\n\t\t\t\t\t<div class=\"e-con-inner\">\n\t\t\t\t<div class=\"elementor-element elementor-element-6f3194d elementor-invisible elementor-widget elementor-widget-heading\" data-id=\"6f3194d\" data-element_type=\"widget\" data-settings=\"{&quot;_animation&quot;:&quot;fadeInUp&quot;,&quot;ekit_we_effect_on&quot;:&quot;none&quot;}\" data-widget_type=\"heading.default\">\n\t\t\t\t<div class=\"elementor-widget-container\">\n\t\t\t\t\t<h3 class=\"elementor-heading-title elementor-size-default\">Dig\u0259r proaktiv t\u0259dbirl\u0259r aras\u0131nda, biz:<\/h3>\t\t\t\t<\/div>\n\t\t\t\t<\/div>\n\t\t\t\t<div class=\"elementor-element elementor-element-1b06b83 elementor-icon-list--layout-traditional elementor-list-item-link-full_width elementor-widget elementor-widget-icon-list\" data-id=\"1b06b83\" data-element_type=\"widget\" data-settings=\"{&quot;ekit_we_effect_on&quot;:&quot;none&quot;}\" data-widget_type=\"icon-list.default\">\n\t\t\t\t<div class=\"elementor-widget-container\">\n\t\t\t\t\t\t\t<ul class=\"elementor-icon-list-items\">\n\t\t\t\t\t\t\t<li class=\"elementor-icon-list-item\">\n\t\t\t\t\t\t\t\t\t\t\t<span class=\"elementor-icon-list-icon\">\n\t\t\t\t\t\t\t<svg aria-hidden=\"true\" class=\"e-font-icon-svg e-fas-circle\" viewbox=\"0 0 512 512\" xmlns=\"http:\/\/www.w3.org\/2000\/svg\"><path d=\"M256 8C119 8 8 119 8 256s111 248 248 248 248-111 248-248S393 8 256 8z\"><\/path><\/svg>\t\t\t\t\t\t<\/span>\n\t\t\t\t\t\t\t\t\t\t<span class=\"elementor-icon-list-text\">Yax\u0131n hadis\u0259l\u0259r kimi g\u00f6st\u0259ricil\u0259ri, m\u0259s\u0259l\u0259n, z\u0259r\u0259r, sa\u011flaml\u0131q probleml\u0259ri v\u0259 ya aktivl\u0259r\u0259 v\u0259 ya m\u00fchit\u0259 z\u0259r\u0259r ver\u0259 bil\u0259c\u0259k hadis\u0259l\u0259ri v\u0259 insanlara, m\u0259hsullara v\u0259 ya m\u00fchit\u0259 potensial t\u0259hl\u00fck\u0259 yaradan riskl\u0259ri hesabatland\u0131r\u0131r v\u0259 \u00f6yr\u0259nirik.<\/span>\n\t\t\t\t\t\t\t\t\t<\/li>\n\t\t\t\t\t\t\t\t<li class=\"elementor-icon-list-item\">\n\t\t\t\t\t\t\t\t\t\t\t<span class=\"elementor-icon-list-icon\">\n\t\t\t\t\t\t\t<svg aria-hidden=\"true\" class=\"e-font-icon-svg e-fas-circle\" viewbox=\"0 0 512 512\" xmlns=\"http:\/\/www.w3.org\/2000\/svg\"><path d=\"M256 8C119 8 8 119 8 256s111 248 248 248 248-111 248-248S393 8 256 8z\"><\/path><\/svg>\t\t\t\t\t\t<\/span>\n\t\t\t\t\t\t\t\t\t\t<span class=\"elementor-icon-list-text\">H\u0259r bir m\u00fc\u0259ssis\u0259 yerli icman\u0131n m\u0259lumatland\u0131r\u0131lmas\u0131 v\u0259 \u0259m\u0259liyyatlara c\u0259lb olunmas\u0131 \u00fc\u00e7\u00fcn auditl\u0259r ke\u00e7irir v\u0259 m\u00fcnt\u0259z\u0259m t\u0259liml\u0259r v\u0259 f\u00f6vq\u0259lad\u0259 v\u0259ziyy\u0259t m\u0259\u015fql\u0259ri t\u0259\u015fkil edir, n\u0259tic\u0259l\u0259r v\u0259 d\u0259rsl\u0259r s\u0259n\u0259dl\u0259\u015fdirilir.<\/span>\n\t\t\t\t\t\t\t\t\t<\/li>\n\t\t\t\t\t\t\t\t<li class=\"elementor-icon-list-item\">\n\t\t\t\t\t\t\t\t\t\t\t<span class=\"elementor-icon-list-icon\">\n\t\t\t\t\t\t\t<svg aria-hidden=\"true\" class=\"e-font-icon-svg e-fas-circle\" viewbox=\"0 0 512 512\" xmlns=\"http:\/\/www.w3.org\/2000\/svg\"><path d=\"M256 8C119 8 8 119 8 256s111 248 248 248 248-111 248-248S393 8 256 8z\"><\/path><\/svg>\t\t\t\t\t\t<\/span>\n\t\t\t\t\t\t\t\t\t\t<span class=\"elementor-icon-list-text\">Risk qiym\u0259tl\u0259ndirm\u0259l\u0259ri h\u0259r bir hadis\u0259 ara\u015fd\u0131rmas\u0131n\u0131n bir hiss\u0259sidir v\u0259 faktiki v\u0259 potensial t\u0259sirl\u0259rin c\u0259dv\u0259ll\u0259rini \u0259hat\u0259 edir.<\/span>\n\t\t\t\t\t\t\t\t\t<\/li>\n\t\t\t\t\t\t\t\t<li class=\"elementor-icon-list-item\">\n\t\t\t\t\t\t\t\t\t\t\t<span class=\"elementor-icon-list-icon\">\n\t\t\t\t\t\t\t<svg aria-hidden=\"true\" class=\"e-font-icon-svg e-fas-circle\" viewbox=\"0 0 512 512\" xmlns=\"http:\/\/www.w3.org\/2000\/svg\"><path d=\"M256 8C119 8 8 119 8 256s111 248 248 248 248-111 248-248S393 8 256 8z\"><\/path><\/svg>\t\t\t\t\t\t<\/span>\n\t\t\t\t\t\t\t\t\t\t<span class=\"elementor-icon-list-text\">Biz \u00f6n c\u0259bh\u0259 liderl\u0259rini t\u0259liml\u0259ndirir v\u0259 i\u015f\u00e7il\u0259ri v\u0259 podrat\u00e7\u0131lar\u0131 davran\u0131\u015flar\u0131 d\u0259yi\u015fdirm\u0259y\u0259 t\u0259\u015fviq edirik, potensial i\u015f yerind\u0259 t\u0259hl\u00fck\u0259l\u0259ri azald\u0131r\u0131q.<\/span>\n\t\t\t\t\t\t\t\t\t<\/li>\n\t\t\t\t\t\t\t\t<li class=\"elementor-icon-list-item\">\n\t\t\t\t\t\t\t\t\t\t\t<span class=\"elementor-icon-list-icon\">\n\t\t\t\t\t\t\t<svg aria-hidden=\"true\" class=\"e-font-icon-svg e-fas-circle\" viewbox=\"0 0 512 512\" xmlns=\"http:\/\/www.w3.org\/2000\/svg\"><path d=\"M256 8C119 8 8 119 8 256s111 248 248 248 248-111 248-248S393 8 256 8z\"><\/path><\/svg>\t\t\t\t\t\t<\/span>\n\t\t\t\t\t\t\t\t\t\t<span class=\"elementor-icon-list-text\">H\u0259r qeyd olunan z\u0259r\u0259r onun k\u00f6k s\u0259b\u0259bini m\u00fc\u0259yy\u0259n etm\u0259k \u00fc\u00e7\u00fcn ara\u015fd\u0131r\u0131l\u0131r v\u0259 ox\u015far hadis\u0259l\u0259rin g\u0259l\u0259c\u0259kd\u0259 ba\u015f verm\u0259m\u0259si \u00fc\u00e7\u00fcn m\u00fcvafiq d\u00fcz\u0259li\u015f t\u0259dbirl\u0259ri g\u00f6r\u00fcl\u00fcr.<\/span>\n\t\t\t\t\t\t\t\t\t<\/li>\n\t\t\t\t\t\t\t\t<li class=\"elementor-icon-list-item\">\n\t\t\t\t\t\t\t\t\t\t\t<span class=\"elementor-icon-list-icon\">\n\t\t\t\t\t\t\t<svg aria-hidden=\"true\" class=\"e-font-icon-svg e-fas-circle\" viewbox=\"0 0 512 512\" xmlns=\"http:\/\/www.w3.org\/2000\/svg\"><path d=\"M256 8C119 8 8 119 8 256s111 248 248 248 248-111 248-248S393 8 256 8z\"><\/path><\/svg>\t\t\t\t\t\t<\/span>\n\t\t\t\t\t\t\t\t\t\t<span class=\"elementor-icon-list-text\">\u0130stifad\u0259 olunan madd\u0259l\u0259r \u00fc\u00e7\u00fcn kimy\u0259vi inventar v\u0259 T\u0259hl\u00fck\u0259sizlik M\u0259lumat S\u0259hif\u0259l\u0259ri (TMS) m\u00f6vcud olmal\u0131d\u0131r.<\/span>\n\t\t\t\t\t\t\t\t\t<\/li>\n\t\t\t\t\t\t\t\t<li class=\"elementor-icon-list-item\">\n\t\t\t\t\t\t\t\t\t\t\t<span class=\"elementor-icon-list-icon\">\n\t\t\t\t\t\t\t<svg aria-hidden=\"true\" class=\"e-font-icon-svg e-fas-circle\" viewbox=\"0 0 512 512\" xmlns=\"http:\/\/www.w3.org\/2000\/svg\"><path d=\"M256 8C119 8 8 119 8 256s111 248 248 248 248-111 248-248S393 8 256 8z\"><\/path><\/svg>\t\t\t\t\t\t<\/span>\n\t\t\t\t\t\t\t\t\t\t<span class=\"elementor-icon-list-text\">\u0130llik \u00fcmumi T\u0259hl\u00fck\u0259sizlik G\u00fcn\u00fc ke\u00e7irilir v\u0259 i\u015f\u00e7il\u0259r aras\u0131nda maarifl\u0259ndirm\u0259 art\u0131r\u0131l\u0131r v\u0259 qlobal t\u0259hl\u00fck\u0259sizlik m\u0259d\u0259niyy\u0259timizi g\u00fccl\u0259ndiririk.<\/span>\n\t\t\t\t\t\t\t\t\t<\/li>\n\t\t\t\t\t\t<\/ul>\n\t\t\t\t\t\t<\/div>\n\t\t\t\t<\/div>\n\t\t\t\t\t<\/div>\n\t\t\t\t<\/div>\n\t\t\t\t<\/div>","protected":false},"excerpt":{"rendered":"<p>T\u0259hl\u00fck\u0259sizlik Proqram\u0131 v\u0259 Performans Qiym\u0259tl\u0259ndirm\u0259si G\u00fcv\u0259nli v\u0259 sa\u011flam i\u015f m\u00fchiti i\u015f davaml\u0131l\u0131\u011f\u0131n\u0131 t\u0259min etm\u0259k \u00fc\u00e7\u00fcn vacibdir v\u0259 f\u0259al, y\u00fcks\u0259k ixtisasl\u0131 istedadlar\u0131 c\u0259lb etm\u0259k \u00fc\u00e7\u00fcn \u00f6n \u015f\u0259rtdir. \u0130nsanlar v\u0259 Proses T\u0259hl\u00fck\u0259sizliyind\u0259 Liderlik M\u0259suliyy\u0259tli operator v\u0259 etibarl\u0131 t\u0259dar\u00fck\u00e7\u00fc kimi, biz t\u0259hl\u00fck\u0259sizliyi h\u0259r \u015feyd\u0259n \u00fcst\u00fcn tuturuq. M\u0259qs\u0259dimiz m\u0259suliyy\u0259tli \u0259m\u0259liyyatlar\u0131 davaml\u0131 performans vasit\u0259sil\u0259 qorumaqd\u0131r [\u2026]<\/p>","protected":false},"author":1,"featured_media":0,"parent":0,"menu_order":0,"comment_status":"closed","ping_status":"closed","template":"elementor_header_footer","meta":{"footnotes":""},"class_list":["post-3729","page","type-page","status-publish","hentry"],"_links":{"self":[{"href":"https:\/\/landu-china.com\/az\/wp-json\/wp\/v2\/pages\/3729","targetHints":{"allow":["GET"]}}],"collection":[{"href":"https:\/\/landu-china.com\/az\/wp-json\/wp\/v2\/pages"}],"about":[{"href":"https:\/\/landu-china.com\/az\/wp-json\/wp\/v2\/types\/page"}],"author":[{"embeddable":true,"href":"https:\/\/landu-china.com\/az\/wp-json\/wp\/v2\/users\/1"}],"replies":[{"embeddable":true,"href":"https:\/\/landu-china.com\/az\/wp-json\/wp\/v2\/comments?post=3729"}],"version-history":[{"count":13,"href":"https:\/\/landu-china.com\/az\/wp-json\/wp\/v2\/pages\/3729\/revisions"}],"predecessor-version":[{"id":3816,"href":"https:\/\/landu-china.com\/az\/wp-json\/wp\/v2\/pages\/3729\/revisions\/3816"}],"wp:attachment":[{"href":"https:\/\/landu-china.com\/az\/wp-json\/wp\/v2\/media?parent=3729"}],"curies":[{"name":"wp","href":"https:\/\/api.w.org\/{rel}","templated":true}]}}