{"id":14572,"date":"2024-10-22T15:27:20","date_gmt":"2024-10-22T07:27:20","guid":{"rendered":"https:\/\/landu-china.com\/?page_id=14572"},"modified":"2024-11-07T10:38:11","modified_gmt":"2024-11-07T02:38:11","slug":"s%c9%99xsi-ev-baximi-haqqinda-m%c9%99lumatlar","status":"publish","type":"page","link":"https:\/\/landu-china.com\/az\/x%c9%99b%c9%99r-hadis%c9%99l%c9%99ri\/s%c9%99xsi-ev-baximi-haqqinda-m%c9%99lumatlar\/","title":{"rendered":"\u015e\u0259xsi v\u0259 Ev Bax\u0131m\u0131 M\u0259lumatlar\u0131"},"content":{"rendered":"<div data-elementor-type=\"wp-page\" data-elementor-id=\"14572\" class=\"elementor elementor-14572\" data-elementor-post-type=\"page\">\n\t\t\t\t<div class=\"elementor-element elementor-element-f81d54a e-flex e-con-boxed e-con e-parent\" data-id=\"f81d54a\" data-element_type=\"container\" data-settings=\"{&quot;background_background&quot;:&quot;classic&quot;,&quot;ekit_has_onepagescroll_dot&quot;:&quot;yes&quot;}\">\n\t\t\t\t\t<div class=\"e-con-inner\">\n\t\t\t\t<div class=\"elementor-element elementor-element-b3a9adb elementor-widget__width-initial elementor-widget elementor-widget-heading\" data-id=\"b3a9adb\" data-element_type=\"widget\" data-settings=\"{&quot;ekit_we_effect_on&quot;:&quot;none&quot;}\" data-widget_type=\"heading.default\">\n\t\t\t\t<div class=\"elementor-widget-container\">\n\t\t\t\t\t<h2 class=\"elementor-heading-title elementor-size-default\">\u015e\u0259xsi v\u0259 Ev Bax\u0131\u015flar\u0131<\/h2>\t\t\t\t<\/div>\n\t\t\t\t<\/div>\n\t\t\t\t\t<\/div>\n\t\t\t\t<\/div>\n\t\t\t\t<section class=\"elementor-section elementor-top-section elementor-element elementor-element-14f119f elementor-section-full_width elementor-section-height-default elementor-section-height-default\" data-id=\"14f119f\" data-element_type=\"section\" data-settings=\"{&quot;background_background&quot;:&quot;classic&quot;,&quot;ekit_has_onepagescroll_dot&quot;:&quot;yes&quot;}\">\n\t\t\t\t\t\t<div class=\"elementor-container elementor-column-gap-default\">\n\t\t\t\t\t<div class=\"elementor-column elementor-col-100 elementor-top-column elementor-element elementor-element-0d94b74\" data-id=\"0d94b74\" data-element_type=\"column\">\n\t\t\t<div class=\"elementor-widget-wrap elementor-element-populated\">\n\t\t\t\t\t\t<section class=\"elementor-section elementor-inner-section elementor-element elementor-element-32a2a45 elementor-section-boxed elementor-section-height-default elementor-section-height-default\" data-id=\"32a2a45\" data-element_type=\"section\" data-settings=\"{&quot;ekit_has_onepagescroll_dot&quot;:&quot;yes&quot;}\">\n\t\t\t\t\t\t<div class=\"elementor-container elementor-column-gap-default\">\n\t\t\t\t\t<div class=\"elementor-column elementor-col-100 elementor-inner-column elementor-element elementor-element-bc29830\" data-id=\"bc29830\" data-element_type=\"column\">\n\t\t\t<div class=\"elementor-widget-wrap elementor-element-populated\">\n\t\t\t\t\t\t<div class=\"elementor-element elementor-element-2c06974 elementor-widget elementor-widget-elementskit-blog-posts\" data-id=\"2c06974\" data-element_type=\"widget\" data-settings=\"{&quot;ekit_we_effect_on&quot;:&quot;none&quot;}\" data-widget_type=\"elementskit-blog-posts.default\">\n\t\t\t\t<div class=\"elementor-widget-container\">\n\t\t\t\t\t<div class=\"ekit-wid-con\" >\n        <div id=\"post-items--2c06974\" class=\"row post-items ekit-blog-posts-content\" data-enable=\"no\">\n\n\t\t\t<!-- Blog Carousel markup render -->\n\t\t\t\n\n            <div class=\"col-lg-4 col-md-6\">\n\n                                    <div class=\"elementskit-post-image-card\">\n                        <div class=\"elementskit-entry-header\">\n                                                            <a href=\"https:\/\/landu-china.com\/az\/hpmc-qalinlasdirici-istifad%c9%99-edil%c9%99n-yuyucu-vasit%c9%99l%c9%99rin-t%c9%99rkibind%c9%99-8-umumi-problem-v%c9%99-h%c9%99ll-yollari\/\" class=\"elementskit-entry-thumb\">\n                                    <img decoding=\"async\" src=\"https:\/\/landu-china.com\/wp-content\/uploads\/2024\/11\/a-basket-with-detergents-in-the-hands-of-a-woman-1024x682.jpg\" alt=\"HPMC Qat\u0131la\u015fd\u0131r\u0131c\u0131s\u0131ndan \u0130stifad\u0259 Ed\u0259r\u0259k Yuyucu Vasit\u0259nin Formulyasiyas\u0131nda 8 \u00dcmumi Problem v\u0259 H\u0259ll\u0259r\">\n                                <\/a><!-- .elementskit-entry-thumb END -->\n                                                            \n                                                            <div class=\"elementskit-meta-categories\">\n                                    <span class=\"elementskit-meta-wraper\">\n                                        <span><a href=\"https:\/\/landu-china.com\/az\/bloq\/\" rel=\"category tag\">Bloq<\/a><\/span><span><a href=\"https:\/\/landu-china.com\/az\/hpmc\/\" rel=\"category tag\">HPMC<\/a><\/span><span><a href=\"https:\/\/landu-china.com\/az\/s%c9%99xsi-ev-baximi-haqqinda-m%c9%99lumatlar\/\" rel=\"category tag\">\u015e\u0259xsi v\u0259 Ev Bax\u0131\u015flar\u0131<\/a><\/span>\n                                    <\/span>\n                                <\/div>\n                            \n                                                    <\/div><!-- .elementskit-entry-header END -->\n\n                        <div class=\"elementskit-post-body\">\n                            \n                                                                                                                <div class=\"post-meta-list\">\n                                                                                                                        <span class=\"post-cat\">\n\n                                <i aria-hidden=\"true\" class=\"icon icon-folder\"><\/i>\n                                <a href=\"https:\/\/landu-china.com\/az\/bloq\/\" rel=\"category tag\">Bloq<\/a> | <a href=\"https:\/\/landu-china.com\/az\/hpmc\/\" rel=\"category tag\">HPMC<\/a> | <a href=\"https:\/\/landu-china.com\/az\/s%c9%99xsi-ev-baximi-haqqinda-m%c9%99lumatlar\/\" rel=\"category tag\">\u015e\u0259xsi v\u0259 Ev Bax\u0131\u015flar\u0131<\/a>                            <\/span>\n                                                                                    <\/div>\n                                                                        \n                                        \n                                                                                                <h2 class=\"entry-title\">\n                    <a href=\"https:\/\/landu-china.com\/az\/hpmc-qalinlasdirici-istifad%c9%99-edil%c9%99n-yuyucu-vasit%c9%99l%c9%99rin-t%c9%99rkibind%c9%99-8-umumi-problem-v%c9%99-h%c9%99ll-yollari\/\">\n                            HPMC Qat\u0131la\u015fd\u0131r\u0131c\u0131s\u0131ndan \u0130stifad\u0259 Ed\u0259r\u0259k Yuyucu Vasit\u0259nin Formulyasiyas\u0131nda 8 \u00dcmumi Problem v\u0259 H\u0259ll\u0259r                    <\/a>\n                <\/h2>\n                                                                                                                                                                                            <p>Effektiv deterjanlar\u0131n formala\u015fd\u0131r\u0131lmas\u0131 \u00fc\u00e7\u00fcn t\u0259rkib hiss\u0259l\u0259rinin d\u0259rin anla\u015f\u0131lmas\u0131 t\u0259l\u0259b olunur<\/p>\n                                                                                                                                                        <div class=\"btn-wraper\">\n                                    \n                                                                            <a href=\"https:\/\/landu-china.com\/az\/hpmc-qalinlasdirici-istifad%c9%99-edil%c9%99n-yuyucu-vasit%c9%99l%c9%99rin-t%c9%99rkibind%c9%99-8-umumi-problem-v%c9%99-h%c9%99ll-yollari\/\" class=\"elementskit-btn  whitespace--normal\" >\n                                                                                    Daha \u00e7ox \u00f6yr\u0259n                                         <\/a>\n                                                                    <\/div>\n                                                    <\/div><!-- .elementskit-post-body END -->\n                    <\/div>\n                \n            <\/div>\t\t\t\t\n\n            <div class=\"col-lg-4 col-md-6\">\n\n                                    <div class=\"elementskit-post-image-card\">\n                        <div class=\"elementskit-entry-header\">\n                                                            <a href=\"https:\/\/landu-china.com\/az\/hpmc-d%c9%99n-qalinlasdirici-kimi-istifad%c9%99-ed%c9%99r%c9%99k-yuyucu-vasit%c9%99l%c9%99rin-keyfiyy%c9%99tini-nec%c9%99-t%c9%99min-etm%c9%99k-olar\/\" class=\"elementskit-entry-thumb\">\n                                    <img decoding=\"async\" src=\"https:\/\/landu-china.com\/wp-content\/uploads\/2024\/11\/detergents-and-a-washcloth-with-fresh-flowers-1024x682.jpg\" alt=\"HPMC-d\u0259n Qat\u0131la\u015fd\u0131r\u0131c\u0131 Kimi \u0130stifad\u0259 Ed\u0259r\u0259k Yuyucu Vasit\u0259 M\u0259hsullar\u0131n\u0131n Keyfiyy\u0259tini Nec\u0259 T\u0259min Etm\u0259k olar\">\n                                <\/a><!-- .elementskit-entry-thumb END -->\n                                                            \n                                                            <div class=\"elementskit-meta-categories\">\n                                    <span class=\"elementskit-meta-wraper\">\n                                        <span><a href=\"https:\/\/landu-china.com\/az\/bloq\/\" rel=\"category tag\">Bloq<\/a><\/span><span><a href=\"https:\/\/landu-china.com\/az\/hpmc\/\" rel=\"category tag\">HPMC<\/a><\/span><span><a href=\"https:\/\/landu-china.com\/az\/s%c9%99xsi-ev-baximi-haqqinda-m%c9%99lumatlar\/\" rel=\"category tag\">\u015e\u0259xsi v\u0259 Ev Bax\u0131\u015flar\u0131<\/a><\/span>\n                                    <\/span>\n                                <\/div>\n                            \n                                                    <\/div><!-- .elementskit-entry-header END -->\n\n                        <div class=\"elementskit-post-body\">\n                            \n                                                                                                                <div class=\"post-meta-list\">\n                                                                                                                        <span class=\"post-cat\">\n\n                                <i aria-hidden=\"true\" class=\"icon icon-folder\"><\/i>\n                                <a href=\"https:\/\/landu-china.com\/az\/bloq\/\" rel=\"category tag\">Bloq<\/a> | <a href=\"https:\/\/landu-china.com\/az\/hpmc\/\" rel=\"category tag\">HPMC<\/a> | <a href=\"https:\/\/landu-china.com\/az\/s%c9%99xsi-ev-baximi-haqqinda-m%c9%99lumatlar\/\" rel=\"category tag\">\u015e\u0259xsi v\u0259 Ev Bax\u0131\u015flar\u0131<\/a>                            <\/span>\n                                                                                    <\/div>\n                                                                        \n                                        \n                                                                                                <h2 class=\"entry-title\">\n                    <a href=\"https:\/\/landu-china.com\/az\/hpmc-d%c9%99n-qalinlasdirici-kimi-istifad%c9%99-ed%c9%99r%c9%99k-yuyucu-vasit%c9%99l%c9%99rin-keyfiyy%c9%99tini-nec%c9%99-t%c9%99min-etm%c9%99k-olar\/\">\n                            HPMC-d\u0259n Qat\u0131la\u015fd\u0131r\u0131c\u0131 Kimi \u0130stifad\u0259 Ed\u0259r\u0259k Yuyucu Vasit\u0259 M\u0259hsullar\u0131n\u0131n Keyfiyy\u0259tini Nec\u0259 T\u0259min Etm\u0259k olar                    <\/a>\n                <\/h2>\n                                                                                                                                                                                            <p>Bug\u00fcnk\u00fc r\u0259qab\u0259tli deterjan bazar\u0131nda davaml\u0131 keyfiyy\u0259t \u0259ld\u0259 etm\u0259k v\u0259<\/p>\n                                                                                                                                                        <div class=\"btn-wraper\">\n                                    \n                                                                            <a href=\"https:\/\/landu-china.com\/az\/hpmc-d%c9%99n-qalinlasdirici-kimi-istifad%c9%99-ed%c9%99r%c9%99k-yuyucu-vasit%c9%99l%c9%99rin-keyfiyy%c9%99tini-nec%c9%99-t%c9%99min-etm%c9%99k-olar\/\" class=\"elementskit-btn  whitespace--normal\" >\n                                                                                    Daha \u00e7ox \u00f6yr\u0259n                                         <\/a>\n                                                                    <\/div>\n                                                    <\/div><!-- .elementskit-post-body END -->\n                    <\/div>\n                \n            <\/div>\t\t\t\t\n\n            <div class=\"col-lg-4 col-md-6\">\n\n                                    <div class=\"elementskit-post-image-card\">\n                        <div class=\"elementskit-entry-header\">\n                                                            <a href=\"https:\/\/landu-china.com\/az\/hpmc-d%c9%99n-qalinlasdirici-kimi-istifad%c9%99-ed%c9%99r%c9%99k-yuyucu-vasit%c9%99l%c9%99rin-istehsali-ucun-tam-b%c9%99l%c9%99dci\/\" class=\"elementskit-entry-thumb\">\n                                    <img decoding=\"async\" src=\"https:\/\/landu-china.com\/wp-content\/uploads\/2024\/11\/eco-bag-bottles-with-detergents-and-cleaning-tools-on-light-background-top-view-1024x682.jpg\" alt=\"HPMC-d\u0259n Qat\u0131la\u015fd\u0131r\u0131c\u0131 Kimi \u0130stifad\u0259 Ed\u0259r\u0259k Yuyucu Vasit\u0259 M\u0259hsullar\u0131n\u0131 Nec\u0259 \u0130stehsal Etm\u0259k olar: Tam T\u0259limat\">\n                                <\/a><!-- .elementskit-entry-thumb END -->\n                                                            \n                                                            <div class=\"elementskit-meta-categories\">\n                                    <span class=\"elementskit-meta-wraper\">\n                                        <span><a href=\"https:\/\/landu-china.com\/az\/bloq\/\" rel=\"category tag\">Bloq<\/a><\/span><span><a href=\"https:\/\/landu-china.com\/az\/hpmc\/\" rel=\"category tag\">HPMC<\/a><\/span><span><a href=\"https:\/\/landu-china.com\/az\/s%c9%99xsi-ev-baximi-haqqinda-m%c9%99lumatlar\/\" rel=\"category tag\">\u015e\u0259xsi v\u0259 Ev Bax\u0131\u015flar\u0131<\/a><\/span>\n                                    <\/span>\n                                <\/div>\n                            \n                                                    <\/div><!-- .elementskit-entry-header END -->\n\n                        <div class=\"elementskit-post-body\">\n                            \n                                                                                                                <div class=\"post-meta-list\">\n                                                                                                                        <span class=\"post-cat\">\n\n                                <i aria-hidden=\"true\" class=\"icon icon-folder\"><\/i>\n                                <a href=\"https:\/\/landu-china.com\/az\/bloq\/\" rel=\"category tag\">Bloq<\/a> | <a href=\"https:\/\/landu-china.com\/az\/hpmc\/\" rel=\"category tag\">HPMC<\/a> | <a href=\"https:\/\/landu-china.com\/az\/s%c9%99xsi-ev-baximi-haqqinda-m%c9%99lumatlar\/\" rel=\"category tag\">\u015e\u0259xsi v\u0259 Ev Bax\u0131\u015flar\u0131<\/a>                            <\/span>\n                                                                                    <\/div>\n                                                                        \n                                        \n                                                                                                <h2 class=\"entry-title\">\n                    <a href=\"https:\/\/landu-china.com\/az\/hpmc-d%c9%99n-qalinlasdirici-kimi-istifad%c9%99-ed%c9%99r%c9%99k-yuyucu-vasit%c9%99l%c9%99rin-istehsali-ucun-tam-b%c9%99l%c9%99dci\/\">\n                            HPMC-d\u0259n Qat\u0131la\u015fd\u0131r\u0131c\u0131 Kimi \u0130stifad\u0259 Ed\u0259r\u0259k Yuyucu Vasit\u0259 M\u0259hsullar\u0131n\u0131 Nec\u0259 \u0130stehsal Etm\u0259k olar: Tam T\u0259limat                    <\/a>\n                <\/h2>\n                                                                                                                                                                                            <p>Hidroksipropil Metilsel\u00fcloza (HPMC) \u00e7ox y\u00f6nl\u00fc v\u0259 ekoloji c\u0259h\u0259td\u0259n dost qal\u0131nla\u015fd\u0131r\u0131c\u0131d\u0131r v\u0259 geni\u015f istifad\u0259 olunur<\/p>\n                                                                                                                                                        <div class=\"btn-wraper\">\n                                    \n                                                                            <a href=\"https:\/\/landu-china.com\/az\/hpmc-d%c9%99n-qalinlasdirici-kimi-istifad%c9%99-ed%c9%99r%c9%99k-yuyucu-vasit%c9%99l%c9%99rin-istehsali-ucun-tam-b%c9%99l%c9%99dci\/\" class=\"elementskit-btn  whitespace--normal\" >\n                                                                                    Daha \u00e7ox \u00f6yr\u0259n                                         <\/a>\n                                                                    <\/div>\n                                                    <\/div><!-- .elementskit-post-body END -->\n                    <\/div>\n                \n            <\/div>\t\t\t\t\n\n            <div class=\"col-lg-4 col-md-6\">\n\n                                    <div class=\"elementskit-post-image-card\">\n                        <div class=\"elementskit-entry-header\">\n                                                            <a href=\"https:\/\/landu-china.com\/az\/iqtisadi-maye-sabun-v%c9%99-yuyucu-vasit%c9%99-formulu-%c9%99lav%c9%99si\/\" class=\"elementskit-entry-thumb\">\n                                    <img decoding=\"async\" src=\"https:\/\/landu-china.com\/wp-content\/uploads\/2024\/11\/134A9527-1024x678.jpg\" alt=\"\u0130qtisadi Maye Sabun v\u0259 Deterjan Formulu \u2013 \u018flav\u0259\">\n                                <\/a><!-- .elementskit-entry-thumb END -->\n                                                            \n                                                            <div class=\"elementskit-meta-categories\">\n                                    <span class=\"elementskit-meta-wraper\">\n                                        <span><a href=\"https:\/\/landu-china.com\/az\/bloq\/\" rel=\"category tag\">Bloq<\/a><\/span><span><a href=\"https:\/\/landu-china.com\/az\/s%c9%99xsi-ev-baximi-haqqinda-m%c9%99lumatlar\/\" rel=\"category tag\">\u015e\u0259xsi v\u0259 Ev Bax\u0131\u015flar\u0131<\/a><\/span>\n                                    <\/span>\n                                <\/div>\n                            \n                                                    <\/div><!-- .elementskit-entry-header END -->\n\n                        <div class=\"elementskit-post-body\">\n                            \n                                                                                                                <div class=\"post-meta-list\">\n                                                                                                                        <span class=\"post-cat\">\n\n                                <i aria-hidden=\"true\" class=\"icon icon-folder\"><\/i>\n                                <a href=\"https:\/\/landu-china.com\/az\/bloq\/\" rel=\"category tag\">Bloq<\/a> | <a href=\"https:\/\/landu-china.com\/az\/s%c9%99xsi-ev-baximi-haqqinda-m%c9%99lumatlar\/\" rel=\"category tag\">\u015e\u0259xsi v\u0259 Ev Bax\u0131\u015flar\u0131<\/a>                            <\/span>\n                                                                                    <\/div>\n                                                                        \n                                        \n                                                                                                <h2 class=\"entry-title\">\n                    <a href=\"https:\/\/landu-china.com\/az\/iqtisadi-maye-sabun-v%c9%99-yuyucu-vasit%c9%99-formulu-%c9%99lav%c9%99si\/\">\n                            \u0130qtisadi Maye Sabun v\u0259 Deterjan Formulu \u2013 \u018flav\u0259                    <\/a>\n                <\/h2>\n                                                                                                                                                                                            <p>https:\/\/youtu.be\/fZDQmX5ba80?si=IrQMG-pmG4TuxFCb Sel\u00fcloz efiri deterjan t\u0259tbiql\u0259ri \u00fc\u00e7\u00fcn ideal qal\u0131nla\u015fd\u0131r\u0131c\u0131d\u0131r. M\u0259hsulu art\u0131r\u0131r<\/p>\n                                                                                                                                                        <div class=\"btn-wraper\">\n                                    \n                                                                            <a href=\"https:\/\/landu-china.com\/az\/iqtisadi-maye-sabun-v%c9%99-yuyucu-vasit%c9%99-formulu-%c9%99lav%c9%99si\/\" class=\"elementskit-btn  whitespace--normal\" >\n                                                                                    Daha \u00e7ox \u00f6yr\u0259n                                         <\/a>\n                                                                    <\/div>\n                                                    <\/div><!-- .elementskit-post-body END -->\n                    <\/div>\n                \n            <\/div>\t\t\t\t        <\/div>\n        \n        \n                    <div \n            data-ekit-blog-post-style=\"numbered\"\n            class=\"ekit-blog-post-pagination-container ekit-blog-post-pagination-style-numbered\" \n            id=\"post-nagivation--2c06974\">\n                \n            <\/div>\n\n            <\/div>\t\t\t\t<\/div>\n\t\t\t\t<\/div>\n\t\t\t\t\t<\/div>\n\t\t<\/div>\n\t\t\t\t\t<\/div>\n\t\t<\/section>\n\t\t\t\t\t<\/div>\n\t\t<\/div>\n\t\t\t\t\t<\/div>\n\t\t<\/section>\n\t\t\t\t<\/div>","protected":false},"excerpt":{"rendered":"<p>\u015e\u0259xsi v\u0259 Ev Bax\u0131m\u0131 \u018fsaslar\u0131 Bloqu\u015e\u0259xsi v\u0259 Ev Bax\u0131m\u0131 \u018fsaslar\u0131 Bloqu | \u015e\u0259xsi v\u0259 Ev Bax\u0131m\u0131 \u018fsaslar\u0131 Ekonomik Maye Sabun v\u0259 Yuyucu Madd\u0259 Formulasiyas\u0131 \u2013 \u018flav\u0259 https:\/\/youtu.be\/fZDQmX5ba80?si=IrQMG-pmG4TuxFCb Sell\u00fcloz eter yuyucu vasit\u0259l\u0259r \u00fc\u00e7\u00fcn ideal qal\u0131nla\u015fd\u0131r\u0131c\u0131d\u0131r. M\u0259hsulu art\u0131r\u0131r Daha \u00e7ox \u00f6yr\u0259nm\u0259k<\/p>","protected":false},"author":1,"featured_media":0,"parent":517,"menu_order":0,"comment_status":"closed","ping_status":"closed","template":"elementor_header_footer","meta":{"footnotes":""},"class_list":["post-14572","page","type-page","status-publish","hentry"],"_links":{"self":[{"href":"https:\/\/landu-china.com\/az\/wp-json\/wp\/v2\/pages\/14572","targetHints":{"allow":["GET"]}}],"collection":[{"href":"https:\/\/landu-china.com\/az\/wp-json\/wp\/v2\/pages"}],"about":[{"href":"https:\/\/landu-china.com\/az\/wp-json\/wp\/v2\/types\/page"}],"author":[{"embeddable":true,"href":"https:\/\/landu-china.com\/az\/wp-json\/wp\/v2\/users\/1"}],"replies":[{"embeddable":true,"href":"https:\/\/landu-china.com\/az\/wp-json\/wp\/v2\/comments?post=14572"}],"version-history":[{"count":10,"href":"https:\/\/landu-china.com\/az\/wp-json\/wp\/v2\/pages\/14572\/revisions"}],"predecessor-version":[{"id":18557,"href":"https:\/\/landu-china.com\/az\/wp-json\/wp\/v2\/pages\/14572\/revisions\/18557"}],"up":[{"embeddable":true,"href":"https:\/\/landu-china.com\/az\/wp-json\/wp\/v2\/pages\/517"}],"wp:attachment":[{"href":"https:\/\/landu-china.com\/az\/wp-json\/wp\/v2\/media?parent=14572"}],"curies":[{"name":"wp","href":"https:\/\/api.w.org\/{rel}","templated":true}]}}