{"id":14570,"date":"2024-10-22T15:26:59","date_gmt":"2024-10-22T07:26:59","guid":{"rendered":"https:\/\/landu-china.com\/?page_id=14570"},"modified":"2024-11-07T10:27:36","modified_gmt":"2024-11-07T02:27:36","slug":"qida-m%c9%99lumatlari","status":"publish","type":"page","link":"https:\/\/landu-china.com\/az\/x%c9%99b%c9%99r-hadis%c9%99l%c9%99ri\/qida-m%c9%99lumatlari\/","title":{"rendered":"Qida Bax\u0131\u015flar\u0131"},"content":{"rendered":"<div data-elementor-type=\"wp-page\" data-elementor-id=\"14570\" class=\"elementor elementor-14570\" data-elementor-post-type=\"page\">\n\t\t\t\t<div class=\"elementor-element elementor-element-f81d54a e-flex e-con-boxed e-con e-parent\" data-id=\"f81d54a\" data-element_type=\"container\" data-settings=\"{&quot;background_background&quot;:&quot;classic&quot;,&quot;ekit_has_onepagescroll_dot&quot;:&quot;yes&quot;}\">\n\t\t\t\t\t<div class=\"e-con-inner\">\n\t\t\t\t<div class=\"elementor-element elementor-element-b3a9adb elementor-widget__width-initial elementor-widget elementor-widget-heading\" data-id=\"b3a9adb\" data-element_type=\"widget\" data-settings=\"{&quot;ekit_we_effect_on&quot;:&quot;none&quot;}\" data-widget_type=\"heading.default\">\n\t\t\t\t<div class=\"elementor-widget-container\">\n\t\t\t\t\t<h2 class=\"elementor-heading-title elementor-size-default\">Qida Bax\u0131\u015flar\u0131<\/h2>\t\t\t\t<\/div>\n\t\t\t\t<\/div>\n\t\t\t\t\t<\/div>\n\t\t\t\t<\/div>\n\t\t\t\t<section class=\"elementor-section elementor-top-section elementor-element elementor-element-9788d6d elementor-section-full_width elementor-section-height-default elementor-section-height-default\" data-id=\"9788d6d\" data-element_type=\"section\" data-settings=\"{&quot;background_background&quot;:&quot;classic&quot;,&quot;ekit_has_onepagescroll_dot&quot;:&quot;yes&quot;}\">\n\t\t\t\t\t\t<div class=\"elementor-container elementor-column-gap-default\">\n\t\t\t\t\t<div class=\"elementor-column elementor-col-100 elementor-top-column elementor-element elementor-element-9cb967b\" data-id=\"9cb967b\" data-element_type=\"column\">\n\t\t\t<div class=\"elementor-widget-wrap elementor-element-populated\">\n\t\t\t\t\t\t<section class=\"elementor-section elementor-inner-section elementor-element elementor-element-b9bc6b6 elementor-section-boxed elementor-section-height-default elementor-section-height-default\" data-id=\"b9bc6b6\" data-element_type=\"section\" data-settings=\"{&quot;ekit_has_onepagescroll_dot&quot;:&quot;yes&quot;}\">\n\t\t\t\t\t\t<div class=\"elementor-container elementor-column-gap-default\">\n\t\t\t\t\t<div class=\"elementor-column elementor-col-100 elementor-inner-column elementor-element elementor-element-af4a771\" data-id=\"af4a771\" data-element_type=\"column\">\n\t\t\t<div class=\"elementor-widget-wrap elementor-element-populated\">\n\t\t\t\t\t\t<div class=\"elementor-element elementor-element-b327674 elementor-widget elementor-widget-elementskit-blog-posts\" data-id=\"b327674\" data-element_type=\"widget\" data-settings=\"{&quot;ekit_we_effect_on&quot;:&quot;none&quot;}\" data-widget_type=\"elementskit-blog-posts.default\">\n\t\t\t\t<div class=\"elementor-widget-container\">\n\t\t\t\t\t<div class=\"ekit-wid-con\" >\n        <div id=\"post-items--b327674\" class=\"row post-items ekit-blog-posts-content\" data-enable=\"no\">\n\n\t\t\t<!-- Blog Carousel markup render -->\n\t\t\t\n\n            <div class=\"col-lg-4 col-md-6\">\n\n                                    <div class=\"elementskit-post-image-card\">\n                        <div class=\"elementskit-entry-header\">\n                                                            <a href=\"https:\/\/landu-china.com\/az\/bu-gun-qida-%c9%99lav%c9%99l%c9%99rind%c9%99-hidroksipropil-nisastasini-k%c9%99sf-edin\/\" class=\"elementskit-entry-thumb\">\n                                    <img decoding=\"async\" src=\"https:\/\/landu-china.com\/wp-content\/uploads\/2024\/12\/waffles-with-fruit-and-whipped-cream-1024x682.jpg\" alt=\"Bug\u00fcn Qida \u018flav\u0259l\u0259rind\u0259 Hidroksipropil Ni\u015fastas\u0131n\u0131 K\u0259\u015ff Et\">\n                                <\/a><!-- .elementskit-entry-thumb END -->\n                                                            \n                                                            <div class=\"elementskit-meta-categories\">\n                                    <span class=\"elementskit-meta-wraper\">\n                                        <span><a href=\"https:\/\/landu-china.com\/az\/bloq\/\" rel=\"category tag\">Bloq<\/a><\/span><span><a href=\"https:\/\/landu-china.com\/az\/qida-m%c9%99lumatlari\/\" rel=\"category tag\">Qida Bax\u0131\u015flar\u0131<\/a><\/span>\n                                    <\/span>\n                                <\/div>\n                            \n                                                    <\/div><!-- .elementskit-entry-header END -->\n\n                        <div class=\"elementskit-post-body\">\n                            \n                                                                                                                <div class=\"post-meta-list\">\n                                                                                                                        <span class=\"post-cat\">\n\n                                <i aria-hidden=\"true\" class=\"icon icon-folder\"><\/i>\n                                <a href=\"https:\/\/landu-china.com\/az\/bloq\/\" rel=\"category tag\">Bloq<\/a> | <a href=\"https:\/\/landu-china.com\/az\/qida-m%c9%99lumatlari\/\" rel=\"category tag\">Qida Bax\u0131\u015flar\u0131<\/a>                            <\/span>\n                                                                                    <\/div>\n                                                                        \n                                        \n                                                                                                <h2 class=\"entry-title\">\n                    <a href=\"https:\/\/landu-china.com\/az\/bu-gun-qida-%c9%99lav%c9%99l%c9%99rind%c9%99-hidroksipropil-nisastasini-k%c9%99sf-edin\/\">\n                            Bug\u00fcn Qida \u018flav\u0259l\u0259rind\u0259 Hidroksipropil Ni\u015fastas\u0131n\u0131 K\u0259\u015ff Et                    <\/a>\n                <\/h2>\n                                                                                                                                                                                            <p>Qida elmi d\u00fcnyas\u0131 h\u0259mi\u015f\u0259 d\u0259yi\u015fir. Hidroksipropil kimi t\u0259rkibl\u0259r<\/p>\n                                                                                                                                                        <div class=\"btn-wraper\">\n                                    \n                                                                            <a href=\"https:\/\/landu-china.com\/az\/bu-gun-qida-%c9%99lav%c9%99l%c9%99rind%c9%99-hidroksipropil-nisastasini-k%c9%99sf-edin\/\" class=\"elementskit-btn  whitespace--normal\" >\n                                                                                    Daha \u00e7ox \u00f6yr\u0259n                                         <\/a>\n                                                                    <\/div>\n                                                    <\/div><!-- .elementskit-post-body END -->\n                    <\/div>\n                \n            <\/div>\t\t\t\t\n\n            <div class=\"col-lg-4 col-md-6\">\n\n                                    <div class=\"elementskit-post-image-card\">\n                        <div class=\"elementskit-entry-header\">\n                                                            <a href=\"https:\/\/landu-china.com\/az\/qida-ucun-mikrokrystalline-selulozun-umumi-b%c9%99l%c9%99dcisi-v%c9%99-faydalari\/\" class=\"elementskit-entry-thumb\">\n                                    <img decoding=\"async\" src=\"https:\/\/landu-china.com\/wp-content\/uploads\/2024\/11\/festive-background-for-the-jewish-spring-holiday-of-shavuot-lots-of-dairy-products-apples-1024x682.jpg\" alt=\"Qida \u00fc\u00e7\u00fcn Mikrokrystalline Sel\u00fcloz: \u018ftrafl\u0131 B\u0259l\u0259d\u00e7i v\u0259 Faydalar\u0131\">\n                                <\/a><!-- .elementskit-entry-thumb END -->\n                                                            \n                                                            <div class=\"elementskit-meta-categories\">\n                                    <span class=\"elementskit-meta-wraper\">\n                                        <span><a href=\"https:\/\/landu-china.com\/az\/bloq\/\" rel=\"category tag\">Bloq<\/a><\/span><span><a href=\"https:\/\/landu-china.com\/az\/qida-m%c9%99lumatlari\/\" rel=\"category tag\">Qida Bax\u0131\u015flar\u0131<\/a><\/span>\n                                    <\/span>\n                                <\/div>\n                            \n                                                    <\/div><!-- .elementskit-entry-header END -->\n\n                        <div class=\"elementskit-post-body\">\n                            \n                                                                                                                <div class=\"post-meta-list\">\n                                                                                                                        <span class=\"post-cat\">\n\n                                <i aria-hidden=\"true\" class=\"icon icon-folder\"><\/i>\n                                <a href=\"https:\/\/landu-china.com\/az\/bloq\/\" rel=\"category tag\">Bloq<\/a> | <a href=\"https:\/\/landu-china.com\/az\/qida-m%c9%99lumatlari\/\" rel=\"category tag\">Qida Bax\u0131\u015flar\u0131<\/a>                            <\/span>\n                                                                                    <\/div>\n                                                                        \n                                        \n                                                                                                <h2 class=\"entry-title\">\n                    <a href=\"https:\/\/landu-china.com\/az\/qida-ucun-mikrokrystalline-selulozun-umumi-b%c9%99l%c9%99dcisi-v%c9%99-faydalari\/\">\n                            Qida \u00fc\u00e7\u00fcn Mikrokrystalline Sel\u00fcloz: \u018ftrafl\u0131 B\u0259l\u0259d\u00e7i v\u0259 Faydalar\u0131                    <\/a>\n                <\/h2>\n                                                                                                                                                                                            <p>Mikrokrystalline Sel\u00fcloz n\u0259dir? Mikrokrystalline sel\u00fcloz (MCC) t\u0259mizl\u0259nmi\u015f<\/p>\n                                                                                                                                                        <div class=\"btn-wraper\">\n                                    \n                                                                            <a href=\"https:\/\/landu-china.com\/az\/qida-ucun-mikrokrystalline-selulozun-umumi-b%c9%99l%c9%99dcisi-v%c9%99-faydalari\/\" class=\"elementskit-btn  whitespace--normal\" >\n                                                                                    Daha \u00e7ox \u00f6yr\u0259n                                         <\/a>\n                                                                    <\/div>\n                                                    <\/div><!-- .elementskit-post-body END -->\n                    <\/div>\n                \n            <\/div>\t\t\t\t\n\n            <div class=\"col-lg-4 col-md-6\">\n\n                                    <div class=\"elementskit-post-image-card\">\n                        <div class=\"elementskit-entry-header\">\n                                                            <a href=\"https:\/\/landu-china.com\/az\/qida-s%c9%99nayesind%c9%99-karboksimetil-seluloza-cmc-t%c9%99tbiql%c9%99ri\/\" class=\"elementskit-entry-thumb\">\n                                    <img decoding=\"async\" src=\"https:\/\/landu-china.com\/wp-content\/uploads\/2024\/11\/27572720-1024x682.jpg\" alt=\"Qida \u00fc\u00e7\u00fcn Karboksimetil Sel\u00fcloz (KMS) t\u0259tbiql\u0259ri\">\n                                <\/a><!-- .elementskit-entry-thumb END -->\n                                                            \n                                                            <div class=\"elementskit-meta-categories\">\n                                    <span class=\"elementskit-meta-wraper\">\n                                        <span><a href=\"https:\/\/landu-china.com\/az\/bloq\/\" rel=\"category tag\">Bloq<\/a><\/span><span><a href=\"https:\/\/landu-china.com\/az\/qida-m%c9%99lumatlari\/\" rel=\"category tag\">Qida Bax\u0131\u015flar\u0131<\/a><\/span>\n                                    <\/span>\n                                <\/div>\n                            \n                                                    <\/div><!-- .elementskit-entry-header END -->\n\n                        <div class=\"elementskit-post-body\">\n                            \n                                                                                                                <div class=\"post-meta-list\">\n                                                                                                                        <span class=\"post-cat\">\n\n                                <i aria-hidden=\"true\" class=\"icon icon-folder\"><\/i>\n                                <a href=\"https:\/\/landu-china.com\/az\/bloq\/\" rel=\"category tag\">Bloq<\/a> | <a href=\"https:\/\/landu-china.com\/az\/qida-m%c9%99lumatlari\/\" rel=\"category tag\">Qida Bax\u0131\u015flar\u0131<\/a>                            <\/span>\n                                                                                    <\/div>\n                                                                        \n                                        \n                                                                                                <h2 class=\"entry-title\">\n                    <a href=\"https:\/\/landu-china.com\/az\/qida-s%c9%99nayesind%c9%99-karboksimetil-seluloza-cmc-t%c9%99tbiql%c9%99ri\/\">\n                            Qida \u00fc\u00e7\u00fcn Karboksimetil Sel\u00fcloz (KMS) t\u0259tbiql\u0259ri                    <\/a>\n                <\/h2>\n                                                                                                                                                                                            <p>Karboksimetil Sel\u00fcloz (KMS) geni\u015f istifad\u0259 olunan qida \u0259lav\u0259sidir<\/p>\n                                                                                                                                                        <div class=\"btn-wraper\">\n                                    \n                                                                            <a href=\"https:\/\/landu-china.com\/az\/qida-s%c9%99nayesind%c9%99-karboksimetil-seluloza-cmc-t%c9%99tbiql%c9%99ri\/\" class=\"elementskit-btn  whitespace--normal\" >\n                                                                                    Daha \u00e7ox \u00f6yr\u0259n                                         <\/a>\n                                                                    <\/div>\n                                                    <\/div><!-- .elementskit-post-body END -->\n                    <\/div>\n                \n            <\/div>\t\t\t\t        <\/div>\n        \n        \n                    <div \n            data-ekit-blog-post-style=\"numbered\"\n            class=\"ekit-blog-post-pagination-container ekit-blog-post-pagination-style-numbered\" \n            id=\"post-nagivation--b327674\">\n                \n            <\/div>\n\n            <\/div>\t\t\t\t<\/div>\n\t\t\t\t<\/div>\n\t\t\t\t\t<\/div>\n\t\t<\/div>\n\t\t\t\t\t<\/div>\n\t\t<\/section>\n\t\t\t\t\t<\/div>\n\t\t<\/div>\n\t\t\t\t\t<\/div>\n\t\t<\/section>\n\t\t\t\t<\/div>","protected":false},"excerpt":{"rendered":"<p>Qida M\u0259lumatlar\u0131 \u018fcza\u00e7\u0131l\u0131q M\u0259lumatlar\u0131 BloqQida M\u0259lumatlar\u0131 \u018fcza\u00e7\u0131l\u0131q M\u0259lumatlar\u0131 | Bloq | Qida M\u0259lumatlar\u0131 Karboksimetil Sel\u00fcloza (CMC) Qida S\u0259nayesind\u0259 T\u0259tbiql\u0259ri Karboksimetil sel\u00fcloza (CMC) geni\u015f istifad\u0259 olunan qida \u0259lav\u0259sidir. Daha \u00e7ox \u00f6yr\u0259nm\u0259k<\/p>","protected":false},"author":1,"featured_media":0,"parent":517,"menu_order":0,"comment_status":"closed","ping_status":"closed","template":"elementor_header_footer","meta":{"footnotes":""},"class_list":["post-14570","page","type-page","status-publish","hentry"],"_links":{"self":[{"href":"https:\/\/landu-china.com\/az\/wp-json\/wp\/v2\/pages\/14570","targetHints":{"allow":["GET"]}}],"collection":[{"href":"https:\/\/landu-china.com\/az\/wp-json\/wp\/v2\/pages"}],"about":[{"href":"https:\/\/landu-china.com\/az\/wp-json\/wp\/v2\/types\/page"}],"author":[{"embeddable":true,"href":"https:\/\/landu-china.com\/az\/wp-json\/wp\/v2\/users\/1"}],"replies":[{"embeddable":true,"href":"https:\/\/landu-china.com\/az\/wp-json\/wp\/v2\/comments?post=14570"}],"version-history":[{"count":7,"href":"https:\/\/landu-china.com\/az\/wp-json\/wp\/v2\/pages\/14570\/revisions"}],"predecessor-version":[{"id":18526,"href":"https:\/\/landu-china.com\/az\/wp-json\/wp\/v2\/pages\/14570\/revisions\/18526"}],"up":[{"embeddable":true,"href":"https:\/\/landu-china.com\/az\/wp-json\/wp\/v2\/pages\/517"}],"wp:attachment":[{"href":"https:\/\/landu-china.com\/az\/wp-json\/wp\/v2\/media?parent=14570"}],"curies":[{"name":"wp","href":"https:\/\/api.w.org\/{rel}","templated":true}]}}