{"id":14562,"date":"2024-10-22T15:23:16","date_gmt":"2024-10-22T07:23:16","guid":{"rendered":"https:\/\/landu-china.com\/?page_id=14562"},"modified":"2024-11-07T09:43:54","modified_gmt":"2024-11-07T01:43:54","slug":"farmacya-m%c9%99lumatlari","status":"publish","type":"page","link":"https:\/\/landu-china.com\/az\/x%c9%99b%c9%99r-hadis%c9%99l%c9%99ri\/farmacya-m%c9%99lumatlari\/","title":{"rendered":"D\u0259rman S\u0259nayesi Bax\u0131\u015flar\u0131"},"content":{"rendered":"<div data-elementor-type=\"wp-page\" data-elementor-id=\"14562\" class=\"elementor elementor-14562\" data-elementor-post-type=\"page\">\n\t\t\t\t<div class=\"elementor-element elementor-element-f81d54a e-flex e-con-boxed e-con e-parent\" data-id=\"f81d54a\" data-element_type=\"container\" data-settings=\"{&quot;background_background&quot;:&quot;classic&quot;,&quot;ekit_has_onepagescroll_dot&quot;:&quot;yes&quot;}\">\n\t\t\t\t\t<div class=\"e-con-inner\">\n\t\t\t\t<div class=\"elementor-element elementor-element-b3a9adb elementor-widget__width-initial elementor-widget elementor-widget-heading\" data-id=\"b3a9adb\" data-element_type=\"widget\" data-settings=\"{&quot;ekit_we_effect_on&quot;:&quot;none&quot;}\" data-widget_type=\"heading.default\">\n\t\t\t\t<div class=\"elementor-widget-container\">\n\t\t\t\t\t<h2 class=\"elementor-heading-title elementor-size-default\">D\u0259rman S\u0259nayesi Bax\u0131\u015flar\u0131<\/h2>\t\t\t\t<\/div>\n\t\t\t\t<\/div>\n\t\t\t\t\t<\/div>\n\t\t\t\t<\/div>\n\t\t\t\t<section class=\"elementor-section elementor-top-section elementor-element elementor-element-fbeb60f elementor-section-full_width elementor-section-height-default elementor-section-height-default\" data-id=\"fbeb60f\" data-element_type=\"section\" data-settings=\"{&quot;background_background&quot;:&quot;classic&quot;,&quot;ekit_has_onepagescroll_dot&quot;:&quot;yes&quot;}\">\n\t\t\t\t\t\t<div class=\"elementor-container elementor-column-gap-default\">\n\t\t\t\t\t<div class=\"elementor-column elementor-col-100 elementor-top-column elementor-element elementor-element-05a3cee\" data-id=\"05a3cee\" data-element_type=\"column\">\n\t\t\t<div class=\"elementor-widget-wrap elementor-element-populated\">\n\t\t\t\t\t\t<section class=\"elementor-section elementor-inner-section elementor-element elementor-element-c175a87 elementor-section-boxed elementor-section-height-default elementor-section-height-default\" data-id=\"c175a87\" data-element_type=\"section\" data-settings=\"{&quot;ekit_has_onepagescroll_dot&quot;:&quot;yes&quot;}\">\n\t\t\t\t\t\t<div class=\"elementor-container elementor-column-gap-default\">\n\t\t\t\t\t<div class=\"elementor-column elementor-col-100 elementor-inner-column elementor-element elementor-element-150513a\" data-id=\"150513a\" data-element_type=\"column\">\n\t\t\t<div class=\"elementor-widget-wrap elementor-element-populated\">\n\t\t\t\t\t\t<div class=\"elementor-element elementor-element-14a9258 elementor-widget elementor-widget-elementskit-blog-posts\" data-id=\"14a9258\" data-element_type=\"widget\" data-settings=\"{&quot;ekit_we_effect_on&quot;:&quot;none&quot;}\" data-widget_type=\"elementskit-blog-posts.default\">\n\t\t\t\t<div class=\"elementor-widget-container\">\n\t\t\t\t\t<div class=\"ekit-wid-con\" >\n        <div id=\"post-items--14a9258\" class=\"row post-items ekit-blog-posts-content\" data-enable=\"no\">\n\n\t\t\t<!-- Blog Carousel markup render -->\n\t\t\t\n\n            <div class=\"col-lg-4 col-md-6\">\n\n                                    <div class=\"elementskit-post-image-card\">\n                        <div class=\"elementskit-entry-header\">\n                                                            <a href=\"https:\/\/landu-china.com\/az\/farmasevtik-d%c9%99r%c9%99c%c9%99li-metil-seluloza-xususiyy%c9%99tl%c9%99ri-b%c9%99l%c9%99dcisi\/\" class=\"elementskit-entry-thumb\">\n                                    <img decoding=\"async\" src=\"https:\/\/landu-china.com\/wp-content\/uploads\/2024\/11\/DSC7164-\u62f7\u8d1d.webp\" alt=\"D\u0259rman S\u0259viyy\u0259li Metil Sel\u00fcloz X\u00fcsusiyy\u0259tl\u0259ri B\u0259l\u0259d\u00e7isi\">\n                                <\/a><!-- .elementskit-entry-thumb END -->\n                                                            \n                                                            <div class=\"elementskit-meta-categories\">\n                                    <span class=\"elementskit-meta-wraper\">\n                                        <span><a href=\"https:\/\/landu-china.com\/az\/bloq\/\" rel=\"category tag\">Bloq<\/a><\/span><span><a href=\"https:\/\/landu-china.com\/az\/farmacya-m%c9%99lumatlari\/\" rel=\"category tag\">D\u0259rman S\u0259nayesi Bax\u0131\u015flar\u0131<\/a><\/span>\n                                    <\/span>\n                                <\/div>\n                            \n                                                    <\/div><!-- .elementskit-entry-header END -->\n\n                        <div class=\"elementskit-post-body\">\n                            \n                                                                                                                <div class=\"post-meta-list\">\n                                                                                                                        <span class=\"post-cat\">\n\n                                <i aria-hidden=\"true\" class=\"icon icon-folder\"><\/i>\n                                <a href=\"https:\/\/landu-china.com\/az\/bloq\/\" rel=\"category tag\">Bloq<\/a> | <a href=\"https:\/\/landu-china.com\/az\/farmacya-m%c9%99lumatlari\/\" rel=\"category tag\">D\u0259rman S\u0259nayesi Bax\u0131\u015flar\u0131<\/a>                            <\/span>\n                                                                                    <\/div>\n                                                                        \n                                        \n                                                                                                <h2 class=\"entry-title\">\n                    <a href=\"https:\/\/landu-china.com\/az\/farmasevtik-d%c9%99r%c9%99c%c9%99li-metil-seluloza-xususiyy%c9%99tl%c9%99ri-b%c9%99l%c9%99dcisi\/\">\n                            D\u0259rman S\u0259viyy\u0259li Metil Sel\u00fcloz X\u00fcsusiyy\u0259tl\u0259ri B\u0259l\u0259d\u00e7isi                    <\/a>\n                <\/h2>\n                                                                                                                                                                                            <p>Metil sel\u00fcloz d\u0259rman d\u00fcnyas\u0131nda \u0259sas t\u0259rkib hiss\u0259sidir,<\/p>\n                                                                                                                                                        <div class=\"btn-wraper\">\n                                    \n                                                                            <a href=\"https:\/\/landu-china.com\/az\/farmasevtik-d%c9%99r%c9%99c%c9%99li-metil-seluloza-xususiyy%c9%99tl%c9%99ri-b%c9%99l%c9%99dcisi\/\" class=\"elementskit-btn  whitespace--normal\" >\n                                                                                    Daha \u00e7ox \u00f6yr\u0259n                                         <\/a>\n                                                                    <\/div>\n                                                    <\/div><!-- .elementskit-post-body END -->\n                    <\/div>\n                \n            <\/div>\t\t\t\t\n\n            <div class=\"col-lg-4 col-md-6\">\n\n                                    <div class=\"elementskit-post-image-card\">\n                        <div class=\"elementskit-entry-header\">\n                                                            <a href=\"https:\/\/landu-china.com\/az\/vegetarian-kapsulalarin-materiallari-olcul%c9%99ri-v%c9%99-istifad%c9%99l%c9%99ri-haqqinda-anlayis\/\" class=\"elementskit-entry-thumb\">\n                                    <img decoding=\"async\" src=\"https:\/\/landu-china.com\/wp-content\/uploads\/2024\/11\/above-view-capsule-pills-in-plastic-box-multi-colored-capsule-pills-vitamin-and-supplement-concept-1024x683.jpg\" alt=\"Vegetarian Kapsullar\u0131 Anlamaq: Materiallar, \u00d6l\u00e7\u00fcl\u0259r v\u0259 \u0130stifad\u0259l\u0259r\">\n                                <\/a><!-- .elementskit-entry-thumb END -->\n                                                            \n                                                            <div class=\"elementskit-meta-categories\">\n                                    <span class=\"elementskit-meta-wraper\">\n                                        <span><a href=\"https:\/\/landu-china.com\/az\/bloq\/\" rel=\"category tag\">Bloq<\/a><\/span><span><a href=\"https:\/\/landu-china.com\/az\/farmacya-m%c9%99lumatlari\/\" rel=\"category tag\">D\u0259rman S\u0259nayesi Bax\u0131\u015flar\u0131<\/a><\/span>\n                                    <\/span>\n                                <\/div>\n                            \n                                                    <\/div><!-- .elementskit-entry-header END -->\n\n                        <div class=\"elementskit-post-body\">\n                            \n                                                                                                                <div class=\"post-meta-list\">\n                                                                                                                        <span class=\"post-cat\">\n\n                                <i aria-hidden=\"true\" class=\"icon icon-folder\"><\/i>\n                                <a href=\"https:\/\/landu-china.com\/az\/bloq\/\" rel=\"category tag\">Bloq<\/a> | <a href=\"https:\/\/landu-china.com\/az\/farmacya-m%c9%99lumatlari\/\" rel=\"category tag\">D\u0259rman S\u0259nayesi Bax\u0131\u015flar\u0131<\/a>                            <\/span>\n                                                                                    <\/div>\n                                                                        \n                                        \n                                                                                                <h2 class=\"entry-title\">\n                    <a href=\"https:\/\/landu-china.com\/az\/vegetarian-kapsulalarin-materiallari-olcul%c9%99ri-v%c9%99-istifad%c9%99l%c9%99ri-haqqinda-anlayis\/\">\n                            Vegetarian Kapsullar\u0131 Anlamaq: Materiallar, \u00d6l\u00e7\u00fcl\u0259r v\u0259 \u0130stifad\u0259l\u0259r                    <\/a>\n                <\/h2>\n                                                                                                                                                                                            <p>\u018flav\u0259 S\u0259nayesind\u0259 Vegetarian Kapsullar\u0131 Art\u0131m\u0131<\/p>\n                                                                                                                                                        <div class=\"btn-wraper\">\n                                    \n                                                                            <a href=\"https:\/\/landu-china.com\/az\/vegetarian-kapsulalarin-materiallari-olcul%c9%99ri-v%c9%99-istifad%c9%99l%c9%99ri-haqqinda-anlayis\/\" class=\"elementskit-btn  whitespace--normal\" >\n                                                                                    Daha \u00e7ox \u00f6yr\u0259n                                         <\/a>\n                                                                    <\/div>\n                                                    <\/div><!-- .elementskit-post-body END -->\n                    <\/div>\n                \n            <\/div>\t\t\t\t\n\n            <div class=\"col-lg-4 col-md-6\">\n\n                                    <div class=\"elementskit-post-image-card\">\n                        <div class=\"elementskit-entry-header\">\n                                                            <a href=\"https:\/\/landu-china.com\/az\/farmasevtik-t%c9%99tbiql%c9%99rd%c9%99-hidroksipropil-metilseluloz-hpmc\/\" class=\"elementskit-entry-thumb\">\n                                    <img decoding=\"async\" src=\"https:\/\/landu-china.com\/wp-content\/uploads\/2024\/11\/composition-with-pill-box-and-pills-on-color-background-1024x682.jpg\" alt=\"D\u0259rman T\u0259tbiql\u0259rind\u0259 Hidroksipropil Metilsel\u00fcloz (HPMC)\">\n                                <\/a><!-- .elementskit-entry-thumb END -->\n                                                            \n                                                            <div class=\"elementskit-meta-categories\">\n                                    <span class=\"elementskit-meta-wraper\">\n                                        <span><a href=\"https:\/\/landu-china.com\/az\/farmacya-m%c9%99lumatlari\/\" rel=\"category tag\">D\u0259rman S\u0259nayesi Bax\u0131\u015flar\u0131<\/a><\/span><span><a href=\"https:\/\/landu-china.com\/az\/bloq\/\" rel=\"category tag\">Bloq<\/a><\/span>\n                                    <\/span>\n                                <\/div>\n                            \n                                                    <\/div><!-- .elementskit-entry-header END -->\n\n                        <div class=\"elementskit-post-body\">\n                            \n                                                                                                                <div class=\"post-meta-list\">\n                                                                                                                        <span class=\"post-cat\">\n\n                                <i aria-hidden=\"true\" class=\"icon icon-folder\"><\/i>\n                                <a href=\"https:\/\/landu-china.com\/az\/farmacya-m%c9%99lumatlari\/\" rel=\"category tag\">D\u0259rman S\u0259nayesi Bax\u0131\u015flar\u0131<\/a> | <a href=\"https:\/\/landu-china.com\/az\/bloq\/\" rel=\"category tag\">Bloq<\/a>                            <\/span>\n                                                                                    <\/div>\n                                                                        \n                                        \n                                                                                                <h2 class=\"entry-title\">\n                    <a href=\"https:\/\/landu-china.com\/az\/farmasevtik-t%c9%99tbiql%c9%99rd%c9%99-hidroksipropil-metilseluloz-hpmc\/\">\n                            D\u0259rman T\u0259tbiql\u0259rind\u0259 Hidroksipropil Metilsel\u00fcloz (HPMC)                    <\/a>\n                <\/h2>\n                                                                                                                                                                                            <p>Hidroksipropil Metilsel\u00fcloz (HPMC), m\u00fcst\u0259sna x\u00fcsusiyy\u0259tl\u0259ri il\u0259 tan\u0131nan \u00e7ox y\u00f6nl\u00fc polimer<\/p>\n                                                                                                                                                        <div class=\"btn-wraper\">\n                                    \n                                                                            <a href=\"https:\/\/landu-china.com\/az\/farmasevtik-t%c9%99tbiql%c9%99rd%c9%99-hidroksipropil-metilseluloz-hpmc\/\" class=\"elementskit-btn  whitespace--normal\" >\n                                                                                    Daha \u00e7ox \u00f6yr\u0259n                                         <\/a>\n                                                                    <\/div>\n                                                    <\/div><!-- .elementskit-post-body END -->\n                    <\/div>\n                \n            <\/div>\t\t\t\t\n\n            <div class=\"col-lg-4 col-md-6\">\n\n                                    <div class=\"elementskit-post-image-card\">\n                        <div class=\"elementskit-entry-header\">\n                                                            <a href=\"https:\/\/landu-china.com\/az\/hpmc-kapsullari-haqqinda-bilm%c9%99li-oldugunuz-seyl%c9%99r\/\" class=\"elementskit-entry-thumb\">\n                                    <img decoding=\"async\" src=\"https:\/\/landu-china.com\/wp-content\/uploads\/2024\/10\/different-pills-on-color-background-flat-lay-1024x702.jpg\" alt=\"HPMC Kapsullar\u0131 Haqq\u0131nda N\u0259 Bilm\u0259lisiniz\">\n                                <\/a><!-- .elementskit-entry-thumb END -->\n                                                            \n                                                            <div class=\"elementskit-meta-categories\">\n                                    <span class=\"elementskit-meta-wraper\">\n                                        <span><a href=\"https:\/\/landu-china.com\/az\/farmacya-m%c9%99lumatlari\/\" rel=\"category tag\">D\u0259rman S\u0259nayesi Bax\u0131\u015flar\u0131<\/a><\/span><span><a href=\"https:\/\/landu-china.com\/az\/bloq\/\" rel=\"category tag\">Bloq<\/a><\/span>\n                                    <\/span>\n                                <\/div>\n                            \n                                                    <\/div><!-- .elementskit-entry-header END -->\n\n                        <div class=\"elementskit-post-body\">\n                            \n                                                                                                                <div class=\"post-meta-list\">\n                                                                                                                        <span class=\"post-cat\">\n\n                                <i aria-hidden=\"true\" class=\"icon icon-folder\"><\/i>\n                                <a href=\"https:\/\/landu-china.com\/az\/farmacya-m%c9%99lumatlari\/\" rel=\"category tag\">D\u0259rman S\u0259nayesi Bax\u0131\u015flar\u0131<\/a> | <a href=\"https:\/\/landu-china.com\/az\/bloq\/\" rel=\"category tag\">Bloq<\/a>                            <\/span>\n                                                                                    <\/div>\n                                                                        \n                                        \n                                                                                                <h2 class=\"entry-title\">\n                    <a href=\"https:\/\/landu-china.com\/az\/hpmc-kapsullari-haqqinda-bilm%c9%99li-oldugunuz-seyl%c9%99r\/\">\n                            HPMC Kapsullar\u0131 Haqq\u0131nda N\u0259 Bilm\u0259lisiniz                    <\/a>\n                <\/h2>\n                                                                                                                                                                                            <p>HPMC, Hidroksipropil Metilsel\u00fclozun q\u0131saltmas\u0131d\u0131r, \u00fcmumiyy\u0259tl\u0259 Hydroxypropyl olaraq adland\u0131r\u0131l\u0131r<\/p>\n                                                                                                                                                        <div class=\"btn-wraper\">\n                                    \n                                                                            <a href=\"https:\/\/landu-china.com\/az\/hpmc-kapsullari-haqqinda-bilm%c9%99li-oldugunuz-seyl%c9%99r\/\" class=\"elementskit-btn  whitespace--normal\" >\n                                                                                    Daha \u00e7ox \u00f6yr\u0259n                                         <\/a>\n                                                                    <\/div>\n                                                    <\/div><!-- .elementskit-post-body END -->\n                    <\/div>\n                \n            <\/div>\t\t\t\t        <\/div>\n        \n        \n                    <div \n            data-ekit-blog-post-style=\"numbered\"\n            class=\"ekit-blog-post-pagination-container ekit-blog-post-pagination-style-numbered\" \n            id=\"post-nagivation--14a9258\">\n                \n            <\/div>\n\n            <\/div>\t\t\t\t<\/div>\n\t\t\t\t<\/div>\n\t\t\t\t\t<\/div>\n\t\t<\/div>\n\t\t\t\t\t<\/div>\n\t\t<\/section>\n\t\t\t\t\t<\/div>\n\t\t<\/div>\n\t\t\t\t\t<\/div>\n\t\t<\/section>\n\t\t\t\t<\/div>","protected":false},"excerpt":{"rendered":"<p>Farma \u018fsasl\u0131 M\u0259lumatlar Farma \u018fsasl\u0131 M\u0259lumatlarBloq Farma \u018fsasl\u0131 M\u0259lumatlar | Bloq HPMC kapsullar\u0131 haqq\u0131nda bilm\u0259li oldu\u011funuz h\u0259r \u015fey HPMC, Hidroksipropil Metilsel\u00fcloza \u00fc\u00e7\u00fcn q\u0131sald\u0131lm\u0131\u015fd\u0131r, \u00fcmumiyy\u0259tl\u0259 Hidroksipropil kimi tan\u0131n\u0131r Daha \u00e7ox \u00f6yr\u0259n<\/p>","protected":false},"author":1,"featured_media":0,"parent":517,"menu_order":0,"comment_status":"closed","ping_status":"closed","template":"elementor_header_footer","meta":{"footnotes":""},"class_list":["post-14562","page","type-page","status-publish","hentry"],"_links":{"self":[{"href":"https:\/\/landu-china.com\/az\/wp-json\/wp\/v2\/pages\/14562","targetHints":{"allow":["GET"]}}],"collection":[{"href":"https:\/\/landu-china.com\/az\/wp-json\/wp\/v2\/pages"}],"about":[{"href":"https:\/\/landu-china.com\/az\/wp-json\/wp\/v2\/types\/page"}],"author":[{"embeddable":true,"href":"https:\/\/landu-china.com\/az\/wp-json\/wp\/v2\/users\/1"}],"replies":[{"embeddable":true,"href":"https:\/\/landu-china.com\/az\/wp-json\/wp\/v2\/comments?post=14562"}],"version-history":[{"count":7,"href":"https:\/\/landu-china.com\/az\/wp-json\/wp\/v2\/pages\/14562\/revisions"}],"predecessor-version":[{"id":18509,"href":"https:\/\/landu-china.com\/az\/wp-json\/wp\/v2\/pages\/14562\/revisions\/18509"}],"up":[{"embeddable":true,"href":"https:\/\/landu-china.com\/az\/wp-json\/wp\/v2\/pages\/517"}],"wp:attachment":[{"href":"https:\/\/landu-china.com\/az\/wp-json\/wp\/v2\/media?parent=14562"}],"curies":[{"name":"wp","href":"https:\/\/api.w.org\/{rel}","templated":true}]}}