{"id":13644,"date":"2024-10-21T09:28:21","date_gmt":"2024-10-21T01:28:21","guid":{"rendered":"https:\/\/landu-china.com\/?page_id=13644"},"modified":"2024-11-14T14:37:04","modified_gmt":"2024-11-14T06:37:04","slug":"refahi-artiran-c%c9%99miyy%c9%99t-v%c9%99-iqtisadiyyat","status":"publish","type":"page","link":"https:\/\/landu-china.com\/az\/dayaniqliliq\/refahi-artiran-c%c9%99miyy%c9%99t-v%c9%99-iqtisadiyyat\/","title":{"rendered":"Xo\u015fb\u0259xtlik: C\u0259miyy\u0259t v\u0259 \u0130qtisadiyyat\u0131 G\u00fccl\u0259ndirm\u0259k"},"content":{"rendered":"<div data-elementor-type=\"wp-page\" data-elementor-id=\"13644\" class=\"elementor elementor-13644\" data-elementor-post-type=\"page\">\n\t\t\t\t<div class=\"elementor-element elementor-element-f81d54a e-con-full e-flex e-con e-parent\" data-id=\"f81d54a\" data-element_type=\"container\" data-settings=\"{&quot;background_background&quot;:&quot;classic&quot;,&quot;ekit_has_onepagescroll_dot&quot;:&quot;yes&quot;}\">\n\t\t\t\t<div class=\"elementor-element elementor-element-b3a9adb elementor-widget elementor-widget-heading\" data-id=\"b3a9adb\" data-element_type=\"widget\" data-settings=\"{&quot;ekit_we_effect_on&quot;:&quot;none&quot;}\" data-widget_type=\"heading.default\">\n\t\t\t\t<div class=\"elementor-widget-container\">\n\t\t\t\t\t<h2 class=\"elementor-heading-title elementor-size-default\">Xo\u015fb\u0259xtlik: C\u0259miyy\u0259t v\u0259 \u0130qtisadiyyat\u0131 G\u00fccl\u0259ndirm\u0259k<\/h2>\t\t\t\t<\/div>\n\t\t\t\t<\/div>\n\t\t\t\t<div class=\"elementor-element elementor-element-833d792 elementor-widget__width-initial elementor-widget elementor-widget-text-editor\" data-id=\"833d792\" data-element_type=\"widget\" data-settings=\"{&quot;ekit_we_effect_on&quot;:&quot;none&quot;}\" data-widget_type=\"text-editor.default\">\n\t\t\t\t<div class=\"elementor-widget-container\">\n\t\t\t\t\t\t\t\t\t<p>LANDU davaml\u0131, innovativ m\u0259hsullar yaratmaq \u00fc\u00e7\u00fcn b\u0259rpa olunan materiallardan istifad\u0259 edir v\u0259 karbon izl\u0259rini azald\u0131r. Biz t\u0259r\u0259fda\u015flarla \u0259m\u0259kda\u015fl\u0131q ed\u0259r\u0259k ir\u0259lil\u0259yi\u015fi t\u0259\u015fviq edir v\u0259 ham\u0131 \u00fc\u00e7\u00fcn daha t\u0259hl\u00fck\u0259siz, davaml\u0131 g\u0259l\u0259c\u0259k t\u0259min edirik.<\/p>\t\t\t\t\t\t\t\t<\/div>\n\t\t\t\t<\/div>\n\t\t\t\t<\/div>\n\t\t<div class=\"elementor-element elementor-element-b5b884c e-flex e-con-boxed e-con e-parent\" data-id=\"b5b884c\" data-element_type=\"container\" data-settings=\"{&quot;background_background&quot;:&quot;classic&quot;,&quot;ekit_has_onepagescroll_dot&quot;:&quot;yes&quot;}\">\n\t\t\t\t\t<div class=\"e-con-inner\">\n\t\t<div class=\"elementor-element elementor-element-59cbefb e-flex e-con-boxed e-con e-child\" data-id=\"59cbefb\" data-element_type=\"container\" data-settings=\"{&quot;background_background&quot;:&quot;classic&quot;,&quot;ekit_has_onepagescroll_dot&quot;:&quot;yes&quot;}\">\n\t\t\t\t\t<div class=\"e-con-inner\">\n\t\t\t\t<div class=\"elementor-element elementor-element-19944de elementor-widget elementor-widget-image\" data-id=\"19944de\" data-element_type=\"widget\" data-settings=\"{&quot;ekit_we_effect_on&quot;:&quot;none&quot;}\" data-widget_type=\"image.default\">\n\t\t\t\t<div class=\"elementor-widget-container\">\n\t\t\t\t\t\t\t\t\t\t\t\t\t\t\t<img fetchpriority=\"high\" decoding=\"async\" width=\"800\" height=\"530\" src=\"https:\/\/landu-china.com\/wp-content\/uploads\/2024\/06\/people-stand-in-a-circle-on-a-gray-background-1024x678-1.webp\" class=\"attachment-large size-large wp-image-149\" alt=\"\" srcset=\"https:\/\/landu-china.com\/wp-content\/uploads\/2024\/06\/people-stand-in-a-circle-on-a-gray-background-1024x678-1.webp 1024w, https:\/\/landu-china.com\/wp-content\/uploads\/2024\/06\/people-stand-in-a-circle-on-a-gray-background-1024x678-1-300x199.webp 300w, https:\/\/landu-china.com\/wp-content\/uploads\/2024\/06\/people-stand-in-a-circle-on-a-gray-background-1024x678-1-768x509.webp 768w\" sizes=\"(max-width: 800px) 100vw, 800px\" \/>\t\t\t\t\t\t\t\t\t\t\t\t\t\t\t<\/div>\n\t\t\t\t<\/div>\n\t\t\t\t<div class=\"elementor-element elementor-element-f07c876 elementor-widget elementor-widget-heading\" data-id=\"f07c876\" data-element_type=\"widget\" data-settings=\"{&quot;ekit_we_effect_on&quot;:&quot;none&quot;}\" data-widget_type=\"heading.default\">\n\t\t\t\t<div class=\"elementor-widget-container\">\n\t\t\t\t\t<h2 class=\"elementor-heading-title elementor-size-default\">\u0130\u015fl\u0259r v\u0259 \u0130qtisadi Dal\u011falanma Effektl\u0259ri<\/h2>\t\t\t\t<\/div>\n\t\t\t\t<\/div>\n\t\t\t\t<div class=\"elementor-element elementor-element-11216bf elementor-widget elementor-widget-text-editor\" data-id=\"11216bf\" data-element_type=\"widget\" data-settings=\"{&quot;ekit_we_effect_on&quot;:&quot;none&quot;}\" data-widget_type=\"text-editor.default\">\n\t\t\t\t<div class=\"elementor-widget-container\">\n\t\t\t\t\t\t\t\t\t<p>\u0130\u015f\u0259g\u00f6t\u00fcr\u0259n, t\u0259dar\u00fck\u00e7\u00fc m\u00fc\u015ft\u0259ri, vergi \u00f6d\u0259yici v\u0259 t\u0259r\u0259fda\u015flara v\u0259 k\u00f6n\u00fcll\u00fc t\u0259\u015fkilatlara t\u0259r\u0259fda\u015f olaraq, f\u0259aliyy\u0259t g\u00f6st\u0259rdiyimiz \u015f\u0259h\u0259r v\u0259 b\u00f6lg\u0259l\u0259r\u0259 \u0259h\u0259miyy\u0259tli t\u0259sir g\u00f6st\u0259ririk.<\/p>\t\t\t\t\t\t\t\t<\/div>\n\t\t\t\t<\/div>\n\t\t\t\t<div class=\"elementor-element elementor-element-7972af3 elementor-widget elementor-widget-button\" data-id=\"7972af3\" data-element_type=\"widget\" data-settings=\"{&quot;ekit_we_effect_on&quot;:&quot;none&quot;}\" data-widget_type=\"button.default\">\n\t\t\t\t<div class=\"elementor-widget-container\">\n\t\t\t\t\t\t\t\t\t<div class=\"elementor-button-wrapper\">\n\t\t\t\t\t<a class=\"elementor-button elementor-button-link elementor-size-sm\" href=\"https:\/\/landu-china.com\/az\/%c9%99dal%c9%99tlilik-h%c9%99r%c9%99k%c9%99td%c9%99\/\" target=\"_blank\">\n\t\t\t\t\t\t<span class=\"elementor-button-content-wrapper\">\n\t\t\t\t\t\t<span class=\"elementor-button-icon\">\n\t\t\t\t<svg aria-hidden=\"true\" class=\"e-font-icon-svg e-fas-angle-right\" viewbox=\"0 0 256 512\" xmlns=\"http:\/\/www.w3.org\/2000\/svg\"><path d=\"M224.3 273l-136 136c-9.4 9.4-24.6 9.4-33.9 0l-22.6-22.6c-9.4-9.4-9.4-24.6 0-33.9l96.4-96.4-96.4-96.4c-9.4-9.4-9.4-24.6 0-33.9L54.3 103c9.4-9.4 24.6-9.4 33.9 0l136 136c9.5 9.4 9.5 24.6.1 34z\"><\/path><\/svg>\t\t\t<\/span>\n\t\t\t\t\t\t\t\t\t<span class=\"elementor-button-text\"> Daha \u00e7ox \u00f6yr\u0259n<\/span>\n\t\t\t\t\t<\/span>\n\t\t\t\t\t<\/a>\n\t\t\t\t<\/div>\n\t\t\t\t\t\t\t\t<\/div>\n\t\t\t\t<\/div>\n\t\t\t\t\t<\/div>\n\t\t\t\t<\/div>\n\t\t<div class=\"elementor-element elementor-element-71ea7e3 e-flex e-con-boxed e-con e-child\" data-id=\"71ea7e3\" data-element_type=\"container\" data-settings=\"{&quot;background_background&quot;:&quot;classic&quot;,&quot;ekit_has_onepagescroll_dot&quot;:&quot;yes&quot;}\">\n\t\t\t\t\t<div class=\"e-con-inner\">\n\t\t\t\t<div class=\"elementor-element elementor-element-c293339 elementor-widget elementor-widget-image\" data-id=\"c293339\" data-element_type=\"widget\" data-settings=\"{&quot;ekit_we_effect_on&quot;:&quot;none&quot;}\" data-widget_type=\"image.default\">\n\t\t\t\t<div class=\"elementor-widget-container\">\n\t\t\t\t\t\t\t\t\t\t\t\t\t\t\t<img decoding=\"async\" width=\"800\" height=\"533\" src=\"https:\/\/landu-china.com\/wp-content\/uploads\/2024\/06\/sponsoring-political-parties-and-community-groups-1024x682-1.webp\" class=\"attachment-large size-large wp-image-151\" alt=\"\" srcset=\"https:\/\/landu-china.com\/wp-content\/uploads\/2024\/06\/sponsoring-political-parties-and-community-groups-1024x682-1.webp 1024w, https:\/\/landu-china.com\/wp-content\/uploads\/2024\/06\/sponsoring-political-parties-and-community-groups-1024x682-1-300x200.webp 300w, https:\/\/landu-china.com\/wp-content\/uploads\/2024\/06\/sponsoring-political-parties-and-community-groups-1024x682-1-768x512.webp 768w\" sizes=\"(max-width: 800px) 100vw, 800px\" \/>\t\t\t\t\t\t\t\t\t\t\t\t\t\t\t<\/div>\n\t\t\t\t<\/div>\n\t\t\t\t<div class=\"elementor-element elementor-element-f7c4108 elementor-widget elementor-widget-heading\" data-id=\"f7c4108\" data-element_type=\"widget\" data-settings=\"{&quot;ekit_we_effect_on&quot;:&quot;none&quot;}\" data-widget_type=\"heading.default\">\n\t\t\t\t<div class=\"elementor-widget-container\">\n\t\t\t\t\t<h2 class=\"elementor-heading-title elementor-size-default\">Sponsorluq: D\u0259st\u0259k v\u0259 T\u0259r\u0259fda\u015fl\u0131q<\/h2>\t\t\t\t<\/div>\n\t\t\t\t<\/div>\n\t\t\t\t<div class=\"elementor-element elementor-element-aacd7b3 elementor-widget elementor-widget-text-editor\" data-id=\"aacd7b3\" data-element_type=\"widget\" data-settings=\"{&quot;ekit_we_effect_on&quot;:&quot;none&quot;}\" data-widget_type=\"text-editor.default\">\n\t\t\t\t<div class=\"elementor-widget-container\">\n\t\t\t\t\t\t\t\t\t<p>Korporativ m\u0259d\u0259niyy\u0259timizin g\u00fccl\u00fc bazar y\u00f6n\u00fcml\u00fcl\u00fcy\u00fc, davaml\u0131 yenilik v\u0259 d\u0259yi\u015fiklikl\u0259ri q\u0259bul edib idar\u0259 etm\u0259k qabiliyy\u0259ti il\u0259 t\u0259sirl\u0259nm\u0259sini arzulay\u0131r\u0131q.<\/p>\t\t\t\t\t\t\t\t<\/div>\n\t\t\t\t<\/div>\n\t\t\t\t<div class=\"elementor-element elementor-element-623c2a7 elementor-widget elementor-widget-button\" data-id=\"623c2a7\" data-element_type=\"widget\" data-settings=\"{&quot;ekit_we_effect_on&quot;:&quot;none&quot;}\" data-widget_type=\"button.default\">\n\t\t\t\t<div class=\"elementor-widget-container\">\n\t\t\t\t\t\t\t\t\t<div class=\"elementor-button-wrapper\">\n\t\t\t\t\t<a class=\"elementor-button elementor-button-link elementor-size-sm\" href=\"https:\/\/landu-china.com\/az\/%c9%99dal%c9%99tlilik-h%c9%99r%c9%99k%c9%99td%c9%99\/\" target=\"_blank\">\n\t\t\t\t\t\t<span class=\"elementor-button-content-wrapper\">\n\t\t\t\t\t\t<span class=\"elementor-button-icon\">\n\t\t\t\t<svg aria-hidden=\"true\" class=\"e-font-icon-svg e-fas-angle-right\" viewbox=\"0 0 256 512\" xmlns=\"http:\/\/www.w3.org\/2000\/svg\"><path d=\"M224.3 273l-136 136c-9.4 9.4-24.6 9.4-33.9 0l-22.6-22.6c-9.4-9.4-9.4-24.6 0-33.9l96.4-96.4-96.4-96.4c-9.4-9.4-9.4-24.6 0-33.9L54.3 103c9.4-9.4 24.6-9.4 33.9 0l136 136c9.5 9.4 9.5 24.6.1 34z\"><\/path><\/svg>\t\t\t<\/span>\n\t\t\t\t\t\t\t\t\t<span class=\"elementor-button-text\"> Daha \u00e7ox \u00f6yr\u0259n<\/span>\n\t\t\t\t\t<\/span>\n\t\t\t\t\t<\/a>\n\t\t\t\t<\/div>\n\t\t\t\t\t\t\t\t<\/div>\n\t\t\t\t<\/div>\n\t\t\t\t\t<\/div>\n\t\t\t\t<\/div>\n\t\t<div class=\"elementor-element elementor-element-3fcad5e e-flex e-con-boxed e-con e-child\" data-id=\"3fcad5e\" data-element_type=\"container\" data-settings=\"{&quot;background_background&quot;:&quot;classic&quot;,&quot;ekit_has_onepagescroll_dot&quot;:&quot;yes&quot;}\">\n\t\t\t\t\t<div class=\"e-con-inner\">\n\t\t\t\t<div class=\"elementor-element elementor-element-f535dd5 elementor-widget elementor-widget-image\" data-id=\"f535dd5\" data-element_type=\"widget\" data-settings=\"{&quot;ekit_we_effect_on&quot;:&quot;none&quot;}\" data-widget_type=\"image.default\">\n\t\t\t\t<div class=\"elementor-widget-container\">\n\t\t\t\t\t\t\t\t\t\t\t\t\t\t\t<img decoding=\"async\" width=\"800\" height=\"533\" src=\"https:\/\/landu-china.com\/wp-content\/uploads\/2024\/06\/male-high-school-tutor-teaching-high-school-students-wearing-uniforms-in-science-class-1024x682-1.webp\" class=\"attachment-large size-large wp-image-148\" alt=\"\" srcset=\"https:\/\/landu-china.com\/wp-content\/uploads\/2024\/06\/male-high-school-tutor-teaching-high-school-students-wearing-uniforms-in-science-class-1024x682-1.webp 1024w, https:\/\/landu-china.com\/wp-content\/uploads\/2024\/06\/male-high-school-tutor-teaching-high-school-students-wearing-uniforms-in-science-class-1024x682-1-300x200.webp 300w, https:\/\/landu-china.com\/wp-content\/uploads\/2024\/06\/male-high-school-tutor-teaching-high-school-students-wearing-uniforms-in-science-class-1024x682-1-768x512.webp 768w\" sizes=\"(max-width: 800px) 100vw, 800px\" \/>\t\t\t\t\t\t\t\t\t\t\t\t\t\t\t<\/div>\n\t\t\t\t<\/div>\n\t\t\t\t<div class=\"elementor-element elementor-element-3d3685e elementor-widget elementor-widget-heading\" data-id=\"3d3685e\" data-element_type=\"widget\" data-settings=\"{&quot;ekit_we_effect_on&quot;:&quot;none&quot;}\" data-widget_type=\"heading.default\">\n\t\t\t\t<div class=\"elementor-widget-container\">\n\t\t\t\t\t<h2 class=\"elementor-heading-title elementor-size-default\">T\u0259hsil \u00fczr\u0259 \u0259m\u0259kda\u015fl\u0131q: Bilgi \u00fc\u00e7\u00fcn T\u0259r\u0259fda\u015fl\u0131q\n<\/h2>\t\t\t\t<\/div>\n\t\t\t\t<\/div>\n\t\t\t\t<div class=\"elementor-element elementor-element-c593641 elementor-widget elementor-widget-text-editor\" data-id=\"c593641\" data-element_type=\"widget\" data-settings=\"{&quot;ekit_we_effect_on&quot;:&quot;none&quot;}\" data-widget_type=\"text-editor.default\">\n\t\t\t\t<div class=\"elementor-widget-container\">\n\t\t\t\t\t\t\t\t\t<p>LANDU, \u00f6yr\u0259nm\u0259 imkanlar\u0131n\u0131 v\u0259 akademik n\u0259tic\u0259l\u0259ri art\u0131rmaq \u00fc\u00e7\u00fcn m\u0259kt\u0259bl\u0259r v\u0259 t\u0259hsil m\u00fc\u0259ssis\u0259l\u0259ri il\u0259 s\u0131x \u0259m\u0259kda\u015fl\u0131q edir.<\/p>\t\t\t\t\t\t\t\t<\/div>\n\t\t\t\t<\/div>\n\t\t\t\t<div class=\"elementor-element elementor-element-cd0ae46 elementor-widget elementor-widget-button\" data-id=\"cd0ae46\" data-element_type=\"widget\" data-settings=\"{&quot;ekit_we_effect_on&quot;:&quot;none&quot;}\" data-widget_type=\"button.default\">\n\t\t\t\t<div class=\"elementor-widget-container\">\n\t\t\t\t\t\t\t\t\t<div class=\"elementor-button-wrapper\">\n\t\t\t\t\t<a class=\"elementor-button elementor-button-link elementor-size-sm\" href=\"https:\/\/landu-china.com\/az\/%c9%99dal%c9%99tlilik-h%c9%99r%c9%99k%c9%99td%c9%99\/\" target=\"_blank\">\n\t\t\t\t\t\t<span class=\"elementor-button-content-wrapper\">\n\t\t\t\t\t\t<span class=\"elementor-button-icon\">\n\t\t\t\t<svg aria-hidden=\"true\" class=\"e-font-icon-svg e-fas-angle-right\" viewbox=\"0 0 256 512\" xmlns=\"http:\/\/www.w3.org\/2000\/svg\"><path d=\"M224.3 273l-136 136c-9.4 9.4-24.6 9.4-33.9 0l-22.6-22.6c-9.4-9.4-9.4-24.6 0-33.9l96.4-96.4-96.4-96.4c-9.4-9.4-9.4-24.6 0-33.9L54.3 103c9.4-9.4 24.6-9.4 33.9 0l136 136c9.5 9.4 9.5 24.6.1 34z\"><\/path><\/svg>\t\t\t<\/span>\n\t\t\t\t\t\t\t\t\t<span class=\"elementor-button-text\"> Daha \u00e7ox \u00f6yr\u0259n<\/span>\n\t\t\t\t\t<\/span>\n\t\t\t\t\t<\/a>\n\t\t\t\t<\/div>\n\t\t\t\t\t\t\t\t<\/div>\n\t\t\t\t<\/div>\n\t\t\t\t\t<\/div>\n\t\t\t\t<\/div>\n\t\t\t\t\t<\/div>\n\t\t\t\t<\/div>\n\t\t\t\t<\/div>","protected":false},"excerpt":{"rendered":"<p>Z\u0259nginlik: C\u0259miyy\u0259ti v\u0259 \u0130qtisadiyyat\u0131 G\u00fccl\u0259ndirm\u0259k LANDU davaml\u0131, innovativ m\u0259hsullar yaratmaq \u00fc\u00e7\u00fcn b\u0259rpa olunan materiallardan istifad\u0259 edir v\u0259 karbon izl\u0259rini azald\u0131r. Biz t\u0259r\u0259fda\u015flarla \u0259m\u0259kda\u015fl\u0131q ed\u0259r\u0259k ir\u0259lil\u0259yi\u015fi t\u0259\u015fviq edir v\u0259 h\u0259r k\u0259s \u00fc\u00e7\u00fcn daha t\u0259hl\u00fck\u0259siz, davaml\u0131 g\u0259l\u0259c\u0259k t\u0259min edirik. \u0130\u015f yerl\u0259ri v\u0259 \u0130qtisadi T\u0259sirl\u0259r \u0130\u015f\u0259g\u00f6t\u00fcr\u0259n, t\u0259chizat\u00e7\u0131 m\u00fc\u015ft\u0259ri, vergi \u00f6d\u0259yici v\u0259 t\u0259r\u0259fda\u015flar v\u0259 k\u00f6n\u00fcll\u00fc t\u0259\u015fkilatlara t\u0259r\u0259f kimi, biz \u0259h\u0259miyy\u0259tli d\u0259r\u0259c\u0259d\u0259 t\u0259sir g\u00f6st\u0259ririk [\u2026]<\/p>","protected":false},"author":1,"featured_media":0,"parent":137,"menu_order":0,"comment_status":"closed","ping_status":"closed","template":"elementor_header_footer","meta":{"footnotes":""},"class_list":["post-13644","page","type-page","status-publish","hentry"],"_links":{"self":[{"href":"https:\/\/landu-china.com\/az\/wp-json\/wp\/v2\/pages\/13644","targetHints":{"allow":["GET"]}}],"collection":[{"href":"https:\/\/landu-china.com\/az\/wp-json\/wp\/v2\/pages"}],"about":[{"href":"https:\/\/landu-china.com\/az\/wp-json\/wp\/v2\/types\/page"}],"author":[{"embeddable":true,"href":"https:\/\/landu-china.com\/az\/wp-json\/wp\/v2\/users\/1"}],"replies":[{"embeddable":true,"href":"https:\/\/landu-china.com\/az\/wp-json\/wp\/v2\/comments?post=13644"}],"version-history":[{"count":16,"href":"https:\/\/landu-china.com\/az\/wp-json\/wp\/v2\/pages\/13644\/revisions"}],"predecessor-version":[{"id":19463,"href":"https:\/\/landu-china.com\/az\/wp-json\/wp\/v2\/pages\/13644\/revisions\/19463"}],"up":[{"embeddable":true,"href":"https:\/\/landu-china.com\/az\/wp-json\/wp\/v2\/pages\/137"}],"wp:attachment":[{"href":"https:\/\/landu-china.com\/az\/wp-json\/wp\/v2\/media?parent=13644"}],"curies":[{"name":"wp","href":"https:\/\/api.w.org\/{rel}","templated":true}]}}