{"id":13629,"date":"2024-10-21T09:21:13","date_gmt":"2024-10-21T01:21:13","guid":{"rendered":"https:\/\/landu-china.com\/?page_id=13629"},"modified":"2024-11-14T14:32:35","modified_gmt":"2024-11-14T06:32:35","slug":"planetimiz-davamli-yasama-ohd%c9%99liyimiz","status":"publish","type":"page","link":"https:\/\/landu-china.com\/az\/dayaniqliliq\/planetimiz-davamli-yasama-ohd%c9%99liyimiz\/","title":{"rendered":"Planet: Davaml\u0131 Ya\u015fay\u0131\u015fa \u00d6hd\u0259liyimiz"},"content":{"rendered":"<div data-elementor-type=\"wp-page\" data-elementor-id=\"13629\" class=\"elementor elementor-13629\" data-elementor-post-type=\"page\">\n\t\t\t\t<div class=\"elementor-element elementor-element-f81d54a e-con-full e-flex e-con e-parent\" data-id=\"f81d54a\" data-element_type=\"container\" data-settings=\"{&quot;background_background&quot;:&quot;classic&quot;,&quot;ekit_has_onepagescroll_dot&quot;:&quot;yes&quot;}\">\n\t\t\t\t<div class=\"elementor-element elementor-element-b3a9adb elementor-widget elementor-widget-heading\" data-id=\"b3a9adb\" data-element_type=\"widget\" data-settings=\"{&quot;ekit_we_effect_on&quot;:&quot;none&quot;}\" data-widget_type=\"heading.default\">\n\t\t\t\t<div class=\"elementor-widget-container\">\n\t\t\t\t\t<h2 class=\"elementor-heading-title elementor-size-default\">Planet: Davaml\u0131 Ya\u015fay\u0131\u015fa \u00d6hd\u0259liyimiz\n<\/h2>\t\t\t\t<\/div>\n\t\t\t\t<\/div>\n\t\t\t\t<div class=\"elementor-element elementor-element-833d792 elementor-widget__width-initial elementor-widget elementor-widget-text-editor\" data-id=\"833d792\" data-element_type=\"widget\" data-settings=\"{&quot;ekit_we_effect_on&quot;:&quot;none&quot;}\" data-widget_type=\"text-editor.default\">\n\t\t\t\t<div class=\"elementor-widget-container\">\n\t\t\t\t\t\t\t\t\t<p>LANDU davaml\u0131, innovativ m\u0259hsullar yaratmaq \u00fc\u00e7\u00fcn b\u0259rpa olunan materiallardan istifad\u0259 edir v\u0259 karbon izl\u0259rini azald\u0131r. Biz t\u0259r\u0259fda\u015flarla \u0259m\u0259kda\u015fl\u0131q ed\u0259r\u0259k ir\u0259lil\u0259yi\u015fi t\u0259\u015fviq edir v\u0259 ham\u0131 \u00fc\u00e7\u00fcn daha t\u0259hl\u00fck\u0259siz, davaml\u0131 g\u0259l\u0259c\u0259k t\u0259min edirik.<\/p>\t\t\t\t\t\t\t\t<\/div>\n\t\t\t\t<\/div>\n\t\t\t\t<\/div>\n\t\t<div class=\"elementor-element elementor-element-d8b72e7 e-flex e-con-boxed e-con e-parent\" data-id=\"d8b72e7\" data-element_type=\"container\" data-settings=\"{&quot;background_background&quot;:&quot;classic&quot;,&quot;ekit_has_onepagescroll_dot&quot;:&quot;yes&quot;}\">\n\t\t\t\t\t<div class=\"e-con-inner\">\n\t\t<div class=\"elementor-element elementor-element-5aab78f e-flex e-con-boxed e-con e-child\" data-id=\"5aab78f\" data-element_type=\"container\" data-settings=\"{&quot;background_background&quot;:&quot;classic&quot;,&quot;ekit_has_onepagescroll_dot&quot;:&quot;yes&quot;}\">\n\t\t\t\t\t<div class=\"e-con-inner\">\n\t\t\t\t<div class=\"elementor-element elementor-element-c8e2149 elementor-widget elementor-widget-image\" data-id=\"c8e2149\" data-element_type=\"widget\" data-settings=\"{&quot;ekit_we_effect_on&quot;:&quot;none&quot;}\" data-widget_type=\"image.default\">\n\t\t\t\t<div class=\"elementor-widget-container\">\n\t\t\t\t\t\t\t\t\t\t\t\t\t\t\t<img fetchpriority=\"high\" decoding=\"async\" width=\"800\" height=\"519\" src=\"https:\/\/landu-china.com\/wp-content\/uploads\/2024\/06\/cotton-1024x664-1.webp\" class=\"attachment-large size-large wp-image-158\" alt=\"\" srcset=\"https:\/\/landu-china.com\/wp-content\/uploads\/2024\/06\/cotton-1024x664-1.webp 1024w, https:\/\/landu-china.com\/wp-content\/uploads\/2024\/06\/cotton-1024x664-1-300x195.webp 300w, https:\/\/landu-china.com\/wp-content\/uploads\/2024\/06\/cotton-1024x664-1-768x498.webp 768w\" sizes=\"(max-width: 800px) 100vw, 800px\" \/>\t\t\t\t\t\t\t\t\t\t\t\t\t\t\t<\/div>\n\t\t\t\t<\/div>\n\t\t\t\t<div class=\"elementor-element elementor-element-7787cfc elementor-widget elementor-widget-heading\" data-id=\"7787cfc\" data-element_type=\"widget\" data-settings=\"{&quot;ekit_we_effect_on&quot;:&quot;none&quot;}\" data-widget_type=\"heading.default\">\n\t\t\t\t<div class=\"elementor-widget-container\">\n\t\t\t\t\t<h2 class=\"elementor-heading-title elementor-size-default\">Qlobal \u00c7\u0259tinlikl\u0259r v\u0259 Davaml\u0131 H\u0259ll\u0259r<\/h2>\t\t\t\t<\/div>\n\t\t\t\t<\/div>\n\t\t\t\t<div class=\"elementor-element elementor-element-cfb0a8e elementor-widget elementor-widget-text-editor\" data-id=\"cfb0a8e\" data-element_type=\"widget\" data-settings=\"{&quot;ekit_we_effect_on&quot;:&quot;none&quot;}\" data-widget_type=\"text-editor.default\">\n\t\t\t\t<div class=\"elementor-widget-container\">\n\t\t\t\t\t\t\t\t\t<p>LANDU pamb\u0131q v\u0259 a\u011fac sel\u00fclozas\u0131ndan istifad\u0259 ed\u0259r\u0259k b\u0259rpa olunan biopolimerl\u0259r v\u0259 x\u00fcsusi sel\u00fcloza istehsal edir, in\u015faat, \u0259cza\u00e7\u0131l\u0131q v\u0259 dig\u0259r s\u0259nayel\u0259rd\u0259 neft \u0259sasl\u0131 m\u0259hsullar\u0131 \u0259v\u0259z edir.<\/p>\t\t\t\t\t\t\t\t<\/div>\n\t\t\t\t<\/div>\n\t\t\t\t<div class=\"elementor-element elementor-element-afe8e82 elementor-widget elementor-widget-button\" data-id=\"afe8e82\" data-element_type=\"widget\" data-settings=\"{&quot;ekit_we_effect_on&quot;:&quot;none&quot;}\" data-widget_type=\"button.default\">\n\t\t\t\t<div class=\"elementor-widget-container\">\n\t\t\t\t\t\t\t\t\t<div class=\"elementor-button-wrapper\">\n\t\t\t\t\t<a class=\"elementor-button elementor-button-link elementor-size-sm\" href=\"https:\/\/landu-china.com\/az\/dayaniqli-m%c9%99nb%c9%99l%c9%99sdirm%c9%99nin-prinsipl%c9%99ri\/\" target=\"_blank\">\n\t\t\t\t\t\t<span class=\"elementor-button-content-wrapper\">\n\t\t\t\t\t\t<span class=\"elementor-button-icon\">\n\t\t\t\t<svg aria-hidden=\"true\" class=\"e-font-icon-svg e-fas-angle-right\" viewbox=\"0 0 256 512\" xmlns=\"http:\/\/www.w3.org\/2000\/svg\"><path d=\"M224.3 273l-136 136c-9.4 9.4-24.6 9.4-33.9 0l-22.6-22.6c-9.4-9.4-9.4-24.6 0-33.9l96.4-96.4-96.4-96.4c-9.4-9.4-9.4-24.6 0-33.9L54.3 103c9.4-9.4 24.6-9.4 33.9 0l136 136c9.5 9.4 9.5 24.6.1 34z\"><\/path><\/svg>\t\t\t<\/span>\n\t\t\t\t\t\t\t\t\t<span class=\"elementor-button-text\"> Daha \u00e7ox \u00f6yr\u0259n<\/span>\n\t\t\t\t\t<\/span>\n\t\t\t\t\t<\/a>\n\t\t\t\t<\/div>\n\t\t\t\t\t\t\t\t<\/div>\n\t\t\t\t<\/div>\n\t\t\t\t\t<\/div>\n\t\t\t\t<\/div>\n\t\t<div class=\"elementor-element elementor-element-2234a08 e-flex e-con-boxed e-con e-child\" data-id=\"2234a08\" data-element_type=\"container\" data-settings=\"{&quot;background_background&quot;:&quot;classic&quot;,&quot;ekit_has_onepagescroll_dot&quot;:&quot;yes&quot;}\">\n\t\t\t\t\t<div class=\"e-con-inner\">\n\t\t\t\t<div class=\"elementor-element elementor-element-ae9d4a4 elementor-widget elementor-widget-image\" data-id=\"ae9d4a4\" data-element_type=\"widget\" data-settings=\"{&quot;ekit_we_effect_on&quot;:&quot;none&quot;}\" data-widget_type=\"image.default\">\n\t\t\t\t<div class=\"elementor-widget-container\">\n\t\t\t\t\t\t\t\t\t\t\t\t\t\t\t<img decoding=\"async\" width=\"800\" height=\"533\" src=\"https:\/\/landu-china.com\/wp-content\/uploads\/2024\/06\/beads-of-dewdrops-on-green-grass-in-sunlight-macro-nature-backgrounds-1024x682.webp\" class=\"attachment-large size-large wp-image-155\" alt=\"\" srcset=\"https:\/\/landu-china.com\/wp-content\/uploads\/2024\/06\/beads-of-dewdrops-on-green-grass-in-sunlight-macro-nature-backgrounds-1024x682.webp 1024w, https:\/\/landu-china.com\/wp-content\/uploads\/2024\/06\/beads-of-dewdrops-on-green-grass-in-sunlight-macro-nature-backgrounds-300x200.webp 300w, https:\/\/landu-china.com\/wp-content\/uploads\/2024\/06\/beads-of-dewdrops-on-green-grass-in-sunlight-macro-nature-backgrounds-768x512.webp 768w, https:\/\/landu-china.com\/wp-content\/uploads\/2024\/06\/beads-of-dewdrops-on-green-grass-in-sunlight-macro-nature-backgrounds-1536x1023.webp 1536w, https:\/\/landu-china.com\/wp-content\/uploads\/2024\/06\/beads-of-dewdrops-on-green-grass-in-sunlight-macro-nature-backgrounds.webp 1600w\" sizes=\"(max-width: 800px) 100vw, 800px\" \/>\t\t\t\t\t\t\t\t\t\t\t\t\t\t\t<\/div>\n\t\t\t\t<\/div>\n\t\t\t\t<div class=\"elementor-element elementor-element-f0207ef elementor-widget elementor-widget-heading\" data-id=\"f0207ef\" data-element_type=\"widget\" data-settings=\"{&quot;ekit_we_effect_on&quot;:&quot;none&quot;}\" data-widget_type=\"heading.default\">\n\t\t\t\t<div class=\"elementor-widget-container\">\n\t\t\t\t\t<h2 class=\"elementor-heading-title elementor-size-default\">A\u015fkar A\u015fa\u011f\u0131 \u018ftraf M\u00fchit \u0130zl\u0259ri Olan M\u0259hsullar<\/h2>\t\t\t\t<\/div>\n\t\t\t\t<\/div>\n\t\t\t\t<div class=\"elementor-element elementor-element-da96750 elementor-widget elementor-widget-text-editor\" data-id=\"da96750\" data-element_type=\"widget\" data-settings=\"{&quot;ekit_we_effect_on&quot;:&quot;none&quot;}\" data-widget_type=\"text-editor.default\">\n\t\t\t\t<div class=\"elementor-widget-container\">\n\t\t\t\t\t\t\t\t\t<p>Biz emissiyalar\u0131 v\u0259 tullant\u0131lar\u0131 azaldaraq, su v\u0259 enerji s\u0259m\u0259r\u0259liliyini art\u0131raraq m\u0259hsullar\u0131m\u0131z\u0131n \u0259traf m\u00fchit\u0259 t\u0259sirini yax\u015f\u0131la\u015fd\u0131ran innovasiyalara \u00fcst\u00fcnl\u00fck veririk.<\/p>\t\t\t\t\t\t\t\t<\/div>\n\t\t\t\t<\/div>\n\t\t\t\t<div class=\"elementor-element elementor-element-e10c0b9 elementor-widget elementor-widget-button\" data-id=\"e10c0b9\" data-element_type=\"widget\" data-settings=\"{&quot;ekit_we_effect_on&quot;:&quot;none&quot;}\" data-widget_type=\"button.default\">\n\t\t\t\t<div class=\"elementor-widget-container\">\n\t\t\t\t\t\t\t\t\t<div class=\"elementor-button-wrapper\">\n\t\t\t\t\t<a class=\"elementor-button elementor-button-link elementor-size-sm\" href=\"https:\/\/landu-china.com\/az\/s%c9%99n%c9%99dl%c9%99sdirilmis-asagi-%c9%99traf-muhit-izl%c9%99ri-olan-m%c9%99hsullar\/\" target=\"_blank\">\n\t\t\t\t\t\t<span class=\"elementor-button-content-wrapper\">\n\t\t\t\t\t\t<span class=\"elementor-button-icon\">\n\t\t\t\t<svg aria-hidden=\"true\" class=\"e-font-icon-svg e-fas-angle-right\" viewbox=\"0 0 256 512\" xmlns=\"http:\/\/www.w3.org\/2000\/svg\"><path d=\"M224.3 273l-136 136c-9.4 9.4-24.6 9.4-33.9 0l-22.6-22.6c-9.4-9.4-9.4-24.6 0-33.9l96.4-96.4-96.4-96.4c-9.4-9.4-9.4-24.6 0-33.9L54.3 103c9.4-9.4 24.6-9.4 33.9 0l136 136c9.5 9.4 9.5 24.6.1 34z\"><\/path><\/svg>\t\t\t<\/span>\n\t\t\t\t\t\t\t\t\t<span class=\"elementor-button-text\"> Daha \u00e7ox \u00f6yr\u0259n<\/span>\n\t\t\t\t\t<\/span>\n\t\t\t\t\t<\/a>\n\t\t\t\t<\/div>\n\t\t\t\t\t\t\t\t<\/div>\n\t\t\t\t<\/div>\n\t\t\t\t\t<\/div>\n\t\t\t\t<\/div>\n\t\t<div class=\"elementor-element elementor-element-92a1c35 e-flex e-con-boxed e-con e-child\" data-id=\"92a1c35\" data-element_type=\"container\" data-settings=\"{&quot;background_background&quot;:&quot;classic&quot;,&quot;ekit_has_onepagescroll_dot&quot;:&quot;yes&quot;}\">\n\t\t\t\t\t<div class=\"e-con-inner\">\n\t\t\t\t<div class=\"elementor-element elementor-element-ae8d31b elementor-widget elementor-widget-image\" data-id=\"ae8d31b\" data-element_type=\"widget\" data-settings=\"{&quot;ekit_we_effect_on&quot;:&quot;none&quot;}\" data-widget_type=\"image.default\">\n\t\t\t\t<div class=\"elementor-widget-container\">\n\t\t\t\t\t\t\t\t\t\t\t\t\t\t\t<img decoding=\"async\" width=\"800\" height=\"506\" src=\"https:\/\/landu-china.com\/wp-content\/uploads\/2024\/06\/sustainble-green-building-eco-friendly-building-in-modern-city-sustainable-glass-office-building-1024x648-1.webp\" class=\"attachment-large size-large wp-image-152\" alt=\"\" srcset=\"https:\/\/landu-china.com\/wp-content\/uploads\/2024\/06\/sustainble-green-building-eco-friendly-building-in-modern-city-sustainable-glass-office-building-1024x648-1.webp 1024w, https:\/\/landu-china.com\/wp-content\/uploads\/2024\/06\/sustainble-green-building-eco-friendly-building-in-modern-city-sustainable-glass-office-building-1024x648-1-300x190.webp 300w, https:\/\/landu-china.com\/wp-content\/uploads\/2024\/06\/sustainble-green-building-eco-friendly-building-in-modern-city-sustainable-glass-office-building-1024x648-1-768x486.webp 768w\" sizes=\"(max-width: 800px) 100vw, 800px\" \/>\t\t\t\t\t\t\t\t\t\t\t\t\t\t\t<\/div>\n\t\t\t\t<\/div>\n\t\t\t\t<div class=\"elementor-element elementor-element-ab9f5f2 elementor-widget elementor-widget-heading\" data-id=\"ab9f5f2\" data-element_type=\"widget\" data-settings=\"{&quot;ekit_we_effect_on&quot;:&quot;none&quot;}\" data-widget_type=\"heading.default\">\n\t\t\t\t<div class=\"elementor-widget-container\">\n\t\t\t\t\t<h2 class=\"elementor-heading-title elementor-size-default\">M\u00fc\u015ft\u0259ri H\u0259ll\u0259rind\u0259 Davaml\u0131l\u0131q Aspektl\u0259ri<\/h2>\t\t\t\t<\/div>\n\t\t\t\t<\/div>\n\t\t\t\t<div class=\"elementor-element elementor-element-89b1b91 elementor-widget elementor-widget-text-editor\" data-id=\"89b1b91\" data-element_type=\"widget\" data-settings=\"{&quot;ekit_we_effect_on&quot;:&quot;none&quot;}\" data-widget_type=\"text-editor.default\">\n\t\t\t\t<div class=\"elementor-widget-container\">\n\t\t\t\t\t\t\t\t\t<p>B\u0259zi m\u00fc\u015ft\u0259ril\u0259rimiz m\u0259hsullar\u0131m\u0131za x\u00fcsusi olaraq a\u015fa\u011f\u0131 istixana qaz\u0131 emissiyalar\u0131 il\u0259 \u0259laq\u0259li olduqlar\u0131 \u00fc\u00e7\u00fcn c\u0259lb olunurlar v\u0259 onlar\u0131n \u0259traf m\u00fchit t\u0259sirini azaltmaq m\u0259qs\u0259dl\u0259rin\u0259 uy\u011fun g\u0259lirl\u0259r.<\/p>\t\t\t\t\t\t\t\t<\/div>\n\t\t\t\t<\/div>\n\t\t\t\t<div class=\"elementor-element elementor-element-3e5f663 elementor-widget elementor-widget-button\" data-id=\"3e5f663\" data-element_type=\"widget\" data-settings=\"{&quot;ekit_we_effect_on&quot;:&quot;none&quot;}\" data-widget_type=\"button.default\">\n\t\t\t\t<div class=\"elementor-widget-container\">\n\t\t\t\t\t\t\t\t\t<div class=\"elementor-button-wrapper\">\n\t\t\t\t\t<a class=\"elementor-button elementor-button-link elementor-size-sm\" href=\"https:\/\/landu-china.com\/az\/dayaniqli-inkisaf-m%c9%99qs%c9%99dl%c9%99rin%c9%99-ir%c9%99lil%c9%99yis\/\" target=\"_blank\">\n\t\t\t\t\t\t<span class=\"elementor-button-content-wrapper\">\n\t\t\t\t\t\t<span class=\"elementor-button-icon\">\n\t\t\t\t<svg aria-hidden=\"true\" class=\"e-font-icon-svg e-fas-angle-right\" viewbox=\"0 0 256 512\" xmlns=\"http:\/\/www.w3.org\/2000\/svg\"><path d=\"M224.3 273l-136 136c-9.4 9.4-24.6 9.4-33.9 0l-22.6-22.6c-9.4-9.4-9.4-24.6 0-33.9l96.4-96.4-96.4-96.4c-9.4-9.4-9.4-24.6 0-33.9L54.3 103c9.4-9.4 24.6-9.4 33.9 0l136 136c9.5 9.4 9.5 24.6.1 34z\"><\/path><\/svg>\t\t\t<\/span>\n\t\t\t\t\t\t\t\t\t<span class=\"elementor-button-text\"> Daha \u00e7ox \u00f6yr\u0259n<\/span>\n\t\t\t\t\t<\/span>\n\t\t\t\t\t<\/a>\n\t\t\t\t<\/div>\n\t\t\t\t\t\t\t\t<\/div>\n\t\t\t\t<\/div>\n\t\t\t\t\t<\/div>\n\t\t\t\t<\/div>\n\t\t\t\t\t<\/div>\n\t\t\t\t<\/div>\n\t\t\t\t<\/div>","protected":false},"excerpt":{"rendered":"<p>Planet: Davaml\u0131 Ya\u015fay\u0131\u015fa \u00d6hd\u0259liyimiz LANDU davaml\u0131, innovativ m\u0259hsullar yaratmaq \u00fc\u00e7\u00fcn b\u0259rpa olunan materiallardan istifad\u0259 edir v\u0259 karbon izl\u0259rini azald\u0131r. Biz t\u0259r\u0259fda\u015flarla \u0259m\u0259kda\u015fl\u0131q ed\u0259r\u0259k ir\u0259lil\u0259yi\u015fi t\u0259\u015fviq edir v\u0259 h\u0259r k\u0259s \u00fc\u00e7\u00fcn daha t\u0259hl\u00fck\u0259siz, davaml\u0131 g\u0259l\u0259c\u0259k t\u0259min edirik. Qlobal \u00c7\u0259tinlikl\u0259r v\u0259 Davaml\u0131 H\u0259ll\u0259r LANDU pamb\u0131q v\u0259 taxta sel\u00fclozundan istifad\u0259 ed\u0259r\u0259k b\u0259rpa olunan biopolimerl\u0259r v\u0259 x\u00fcsusi sel\u00fcloza istehsal edir, neft \u0259sasl\u0131 m\u0259hsullar\u0131 \u0259v\u0259z edir [\u2026]<\/p>","protected":false},"author":1,"featured_media":0,"parent":137,"menu_order":0,"comment_status":"closed","ping_status":"closed","template":"elementor_header_footer","meta":{"footnotes":""},"class_list":["post-13629","page","type-page","status-publish","hentry"],"_links":{"self":[{"href":"https:\/\/landu-china.com\/az\/wp-json\/wp\/v2\/pages\/13629","targetHints":{"allow":["GET"]}}],"collection":[{"href":"https:\/\/landu-china.com\/az\/wp-json\/wp\/v2\/pages"}],"about":[{"href":"https:\/\/landu-china.com\/az\/wp-json\/wp\/v2\/types\/page"}],"author":[{"embeddable":true,"href":"https:\/\/landu-china.com\/az\/wp-json\/wp\/v2\/users\/1"}],"replies":[{"embeddable":true,"href":"https:\/\/landu-china.com\/az\/wp-json\/wp\/v2\/comments?post=13629"}],"version-history":[{"count":16,"href":"https:\/\/landu-china.com\/az\/wp-json\/wp\/v2\/pages\/13629\/revisions"}],"predecessor-version":[{"id":19453,"href":"https:\/\/landu-china.com\/az\/wp-json\/wp\/v2\/pages\/13629\/revisions\/19453"}],"up":[{"embeddable":true,"href":"https:\/\/landu-china.com\/az\/wp-json\/wp\/v2\/pages\/137"}],"wp:attachment":[{"href":"https:\/\/landu-china.com\/az\/wp-json\/wp\/v2\/media?parent=13629"}],"curies":[{"name":"wp","href":"https:\/\/api.w.org\/{rel}","templated":true}]}}