{"id":13424,"date":"2024-10-19T13:40:37","date_gmt":"2024-10-19T05:40:37","guid":{"rendered":"https:\/\/landu-china.com\/?page_id=13424"},"modified":"2025-08-05T14:50:21","modified_gmt":"2025-08-05T06:50:21","slug":"satisdan-%c9%99vv%c9%99l-xidm%c9%99t","status":"publish","type":"page","link":"https:\/\/landu-china.com\/az\/xidm%c9%99tl%c9%99r\/satisdan-%c9%99vv%c9%99l-xidm%c9%99t\/","title":{"rendered":"Sat\u0131\u015fdan \u0259vv\u0259l Xidm\u0259t"},"content":{"rendered":"<div data-elementor-type=\"wp-page\" data-elementor-id=\"13424\" class=\"elementor elementor-13424\" data-elementor-post-type=\"page\">\n\t\t\t\t<div class=\"elementor-element elementor-element-fc15d14 e-flex e-con-boxed e-con e-parent\" data-id=\"fc15d14\" data-element_type=\"container\" data-settings=\"{&quot;background_background&quot;:&quot;classic&quot;,&quot;ekit_has_onepagescroll_dot&quot;:&quot;yes&quot;}\">\n\t\t\t\t\t<div class=\"e-con-inner\">\n\t\t<div class=\"elementor-element elementor-element-d29a8f3 e-con-full e-flex elementor-invisible e-con e-child\" data-id=\"d29a8f3\" data-element_type=\"container\" data-settings=\"{&quot;animation&quot;:&quot;fadeInUp&quot;,&quot;ekit_has_onepagescroll_dot&quot;:&quot;yes&quot;}\">\n\t\t\t\t<div class=\"elementor-element elementor-element-0e79d78 elementor-widget elementor-widget-heading\" data-id=\"0e79d78\" data-element_type=\"widget\" data-settings=\"{&quot;ekit_we_effect_on&quot;:&quot;none&quot;}\" data-widget_type=\"heading.default\">\n\t\t\t\t<div class=\"elementor-widget-container\">\n\t\t\t\t\t<h1 class=\"elementor-heading-title elementor-size-default\">Sat\u0131\u015fdan \u0259vv\u0259l Xidm\u0259t<\/h1>\t\t\t\t<\/div>\n\t\t\t\t<\/div>\n\t\t\t\t<div class=\"elementor-element elementor-element-c04a8cb elementor-widget elementor-widget-elementskit-breadcrumb\" data-id=\"c04a8cb\" data-element_type=\"widget\" data-settings=\"{&quot;ekit_we_effect_on&quot;:&quot;none&quot;}\" data-widget_type=\"elementskit-breadcrumb.default\">\n\t\t\t\t<div class=\"elementor-widget-container\">\n\t\t\t\t\t<div class=\"ekit-wid-con\" ><ol class=\"ekit-breadcrumb\"><li class=\"ekit_breadcrumbs_start\"><a href=\"https:\/\/landu-china.com\/az\">\u018fsas s\u0259hif\u0259<\/a><\/li><\/ol><\/div>\t\t\t\t<\/div>\n\t\t\t\t<\/div>\n\t\t\t\t<\/div>\n\t\t\t\t\t<\/div>\n\t\t\t\t<\/div>\n\t\t\t\t<section class=\"elementor-section elementor-top-section elementor-element elementor-element-5462d86f elementor-section-boxed elementor-section-height-default elementor-section-height-default\" data-id=\"5462d86f\" data-element_type=\"section\" data-settings=\"{&quot;ekit_has_onepagescroll_dot&quot;:&quot;yes&quot;}\">\n\t\t\t\t\t\t<div class=\"elementor-container elementor-column-gap-default\">\n\t\t\t\t\t<div class=\"elementor-column elementor-col-100 elementor-top-column elementor-element elementor-element-53d0d340\" data-id=\"53d0d340\" data-element_type=\"column\">\n\t\t\t<div class=\"elementor-widget-wrap elementor-element-populated\">\n\t\t\t\t\t\t<div class=\"elementor-element elementor-element-58911ef4 elementor-widget-divider--view-line elementor-invisible elementor-widget elementor-widget-divider\" data-id=\"58911ef4\" data-element_type=\"widget\" data-settings=\"{&quot;_animation&quot;:&quot;fadeIn&quot;,&quot;ekit_we_effect_on&quot;:&quot;none&quot;}\" data-widget_type=\"divider.default\">\n\t\t\t\t<div class=\"elementor-widget-container\">\n\t\t\t\t\t\t\t<div class=\"elementor-divider\">\n\t\t\t<span class=\"elementor-divider-separator\">\n\t\t\t\t\t\t<\/span>\n\t\t<\/div>\n\t\t\t\t\t\t<\/div>\n\t\t\t\t<\/div>\n\t\t\t\t\t<\/div>\n\t\t<\/div>\n\t\t\t\t\t<\/div>\n\t\t<\/section>\n\t\t<div class=\"elementor-element elementor-element-1cb48eb5 e-flex e-con-boxed e-con e-parent\" data-id=\"1cb48eb5\" data-element_type=\"container\" data-settings=\"{&quot;background_background&quot;:&quot;classic&quot;,&quot;ekit_has_onepagescroll_dot&quot;:&quot;yes&quot;}\">\n\t\t\t\t\t<div class=\"e-con-inner\">\n\t\t<div class=\"elementor-element elementor-element-201162da e-con-full e-flex e-con e-child\" data-id=\"201162da\" data-element_type=\"container\" data-settings=\"{&quot;ekit_has_onepagescroll_dot&quot;:&quot;yes&quot;}\">\n\t\t<div class=\"elementor-element elementor-element-5ab87104 e-con-full e-flex elementor-invisible e-con e-child\" data-id=\"5ab87104\" data-element_type=\"container\" data-settings=\"{&quot;animation&quot;:&quot;fadeInLeft&quot;,&quot;ekit_has_onepagescroll_dot&quot;:&quot;yes&quot;}\">\n\t\t<div class=\"elementor-element elementor-element-11ea9489 e-con-full e-flex e-con e-child\" data-id=\"11ea9489\" data-element_type=\"container\" data-settings=\"{&quot;ekit_has_onepagescroll_dot&quot;:&quot;yes&quot;}\">\n\t\t<div class=\"elementor-element elementor-element-6ef743a8 e-con-full e-flex e-con e-child\" data-id=\"6ef743a8\" data-element_type=\"container\" data-settings=\"{&quot;background_background&quot;:&quot;classic&quot;,&quot;ekit_has_onepagescroll_dot&quot;:&quot;yes&quot;}\">\n\t\t\t\t<div class=\"elementor-element elementor-element-6982c310 elementor-widget elementor-widget-heading\" data-id=\"6982c310\" data-element_type=\"widget\" data-settings=\"{&quot;ekit_we_effect_on&quot;:&quot;none&quot;}\" data-widget_type=\"heading.default\">\n\t\t\t\t<div class=\"elementor-widget-container\">\n\t\t\t\t\t<h6 class=\"elementor-heading-title elementor-size-default\">1. Texniki M\u00fct\u0259x\u0259ssislik v\u0259 X\u00fcsusi T\u0259nziml\u0259m\u0259<\/h6>\t\t\t\t<\/div>\n\t\t\t\t<\/div>\n\t\t\t\t<div class=\"elementor-element elementor-element-351c56b elementor-widget elementor-widget-text-editor\" data-id=\"351c56b\" data-element_type=\"widget\" data-settings=\"{&quot;ekit_we_effect_on&quot;:&quot;none&quot;}\" data-widget_type=\"text-editor.default\">\n\t\t\t\t<div class=\"elementor-widget-container\">\n\t\t\t\t\t\t\t\t\t<p>LANDU-nin sat\u0131\u015f \u00f6nc\u0259si xidm\u0259tl\u0259rinin \u0259sas\u0131n\u0131 texniki m\u0259sl\u0259h\u0259t\u00e7ilik t\u0259\u015fkil edir. M\u00fct\u0259x\u0259ssis m\u0259sl\u0259h\u0259t\u00e7il\u0259rimiz m\u00fc\u015ft\u0259ril\u0259rl\u0259 s\u0131x \u0259m\u0259kda\u015fl\u0131q ed\u0259r\u0259k, m\u00fc\u015ft\u0259rinin x\u00fcsusi ehtiyaclar\u0131na (m\u0259s\u0259l\u0259n, in\u015faat, boyalar v\u0259 ya dig\u0259r s\u0259nayel\u0259r) \u0259saslanaraq \u0259n uy\u011fun sel\u00fcloz eter v\u0259 ya dig\u0259r m\u0259hsullar\u0131 se\u00e7irl\u0259r.<\/p><p>Bu f\u0259rdi yana\u015fma m\u0259hsulun f\u0259rdil\u0259\u015fdirilm\u0259sin\u0259 d\u0259 aiddir. LANDU m\u00fc\u015ft\u0259rinin t\u0259l\u0259bl\u0259rin\u0259 \u0259sas\u0259n m\u0259hsul x\u00fcsusiyy\u0259tl\u0259rind\u0259 (viskozite, h\u0259llolma, a\u00e7\u0131q vaxt\u0131 v\u0259 s.) elastiklik t\u0259min edir.<\/p>\t\t\t\t\t\t\t\t<\/div>\n\t\t\t\t<\/div>\n\t\t\t\t<\/div>\n\t\t\t\t<\/div>\n\t\t<div class=\"elementor-element elementor-element-62386b4 e-con-full e-flex e-con e-child\" data-id=\"62386b4\" data-element_type=\"container\" data-settings=\"{&quot;ekit_has_onepagescroll_dot&quot;:&quot;yes&quot;}\">\n\t\t<div class=\"elementor-element elementor-element-a77aec4 e-con-full e-flex e-con e-child\" data-id=\"a77aec4\" data-element_type=\"container\" data-settings=\"{&quot;background_background&quot;:&quot;classic&quot;,&quot;ekit_has_onepagescroll_dot&quot;:&quot;yes&quot;}\">\n\t\t\t\t<div class=\"elementor-element elementor-element-184f33b elementor-widget elementor-widget-heading\" data-id=\"184f33b\" data-element_type=\"widget\" data-settings=\"{&quot;ekit_we_effect_on&quot;:&quot;none&quot;}\" data-widget_type=\"heading.default\">\n\t\t\t\t<div class=\"elementor-widget-container\">\n\t\t\t\t\t<h6 class=\"elementor-heading-title elementor-size-default\">2. Pulsuz N\u00fcmun\u0259l\u0259r v\u0259 Performans Testl\u0259ri<\/h6>\t\t\t\t<\/div>\n\t\t\t\t<\/div>\n\t\t\t\t<div class=\"elementor-element elementor-element-c66708f elementor-widget elementor-widget-text-editor\" data-id=\"c66708f\" data-element_type=\"widget\" data-settings=\"{&quot;ekit_we_effect_on&quot;:&quot;none&quot;}\" data-widget_type=\"text-editor.default\">\n\t\t\t\t<div class=\"elementor-widget-container\">\n\t\t\t\t\t\t\t\t\t<p>LANDU n\u0259z\u0259ri m\u0259sl\u0259h\u0259tl\u0259rd\u0259n \u0259lav\u0259, m\u00fc\u015ft\u0259ril\u0259r\u0259 t\u0259tbiql\u0259rind\u0259 s\u0131naq v\u0259 qiym\u0259tl\u0259ndirm\u0259 \u00fc\u00e7\u00fcn pulsuz m\u0259hsul n\u00fcmun\u0259l\u0259ri t\u0259qdim edir. Bu n\u00fcmun\u0259l\u0259r geni\u015f test r\u0259hb\u0259ri v\u0259 t\u0259tbiq t\u0259limatlar\u0131 il\u0259 birlikd\u0259 g\u0259lir, d\u00fczg\u00fcn s\u0131naq n\u0259tic\u0259l\u0259rini t\u0259min edir.<\/p><p>Daha d\u0259rin analiz \u00fc\u00e7\u00fcn, LANDU m\u0259hsullar\u0131 laboratoriyam\u0131zda s\u0131naqdan ke\u00e7irm\u0259kd\u0259n m\u0259mnundur v\u0259 \u0259trafl\u0131 performans hesabatlar\u0131 v\u0259 t\u00f6vsiy\u0259l\u0259r t\u0259qdim edir.<\/p>\t\t\t\t\t\t\t\t<\/div>\n\t\t\t\t<\/div>\n\t\t\t\t<\/div>\n\t\t\t\t<\/div>\n\t\t\t\t<\/div>\n\t\t<div class=\"elementor-element elementor-element-7395a7c0 e-con-full e-flex elementor-invisible e-con e-child\" data-id=\"7395a7c0\" data-element_type=\"container\" data-settings=\"{&quot;animation&quot;:&quot;fadeInRight&quot;,&quot;ekit_has_onepagescroll_dot&quot;:&quot;yes&quot;}\">\n\t\t\t\t<div class=\"elementor-element elementor-element-39d16225 elementor-widget elementor-widget-image\" data-id=\"39d16225\" data-element_type=\"widget\" data-settings=\"{&quot;ekit_we_effect_on&quot;:&quot;none&quot;}\" data-widget_type=\"image.default\">\n\t\t\t\t<div class=\"elementor-widget-container\">\n\t\t\t\t\t\t\t\t\t\t\t\t\t\t\t<img fetchpriority=\"high\" decoding=\"async\" width=\"800\" height=\"533\" src=\"https:\/\/landu-china.com\/wp-content\/uploads\/2024\/10\/laboratory.webp\" class=\"elementor-animation-float attachment-full size-full wp-image-12055\" alt=\"laboratoriya\" srcset=\"https:\/\/landu-china.com\/wp-content\/uploads\/2024\/10\/laboratory.webp 800w, https:\/\/landu-china.com\/wp-content\/uploads\/2024\/10\/laboratory-300x200.webp 300w, https:\/\/landu-china.com\/wp-content\/uploads\/2024\/10\/laboratory-768x512.webp 768w\" sizes=\"(max-width: 800px) 100vw, 800px\" \/>\t\t\t\t\t\t\t\t\t\t\t\t\t\t\t<\/div>\n\t\t\t\t<\/div>\n\t\t\t\t<div class=\"elementor-element elementor-element-bd3c3a0 elementor-align-center elementor-widget elementor-widget-button\" data-id=\"bd3c3a0\" data-element_type=\"widget\" data-settings=\"{&quot;ekit_we_effect_on&quot;:&quot;none&quot;}\" data-widget_type=\"button.default\">\n\t\t\t\t<div class=\"elementor-widget-container\">\n\t\t\t\t\t\t\t\t\t<div class=\"elementor-button-wrapper\">\n\t\t\t\t\t<a class=\"elementor-button elementor-button-link elementor-size-sm elementor-animation-float\" href=\"#elementor-action%3Aaction%3Dpopup%3Aopen%26settings%3DeyJpZCI6IjE1MTkiLCJ0b2dnbGUiOmZhbHNlfQ%3D%3D\">\n\t\t\t\t\t\t<span class=\"elementor-button-content-wrapper\">\n\t\t\t\t\t\t<span class=\"elementor-button-icon\">\n\t\t\t\t<svg aria-hidden=\"true\" class=\"e-font-icon-svg e-fas-angle-right\" viewbox=\"0 0 256 512\" xmlns=\"http:\/\/www.w3.org\/2000\/svg\"><path d=\"M224.3 273l-136 136c-9.4 9.4-24.6 9.4-33.9 0l-22.6-22.6c-9.4-9.4-9.4-24.6 0-33.9l96.4-96.4-96.4-96.4c-9.4-9.4-9.4-24.6 0-33.9L54.3 103c9.4-9.4 24.6-9.4 33.9 0l136 136c9.5 9.4 9.5 24.6.1 34z\"><\/path><\/svg>\t\t\t<\/span>\n\t\t\t\t\t\t\t\t\t<span class=\"elementor-button-text\">M\u00fct\u0259x\u0259ssisl\u0259rimizl\u0259 d\u0259rhal \u0259laq\u0259 saxlay\u0131n<\/span>\n\t\t\t\t\t<\/span>\n\t\t\t\t\t<\/a>\n\t\t\t\t<\/div>\n\t\t\t\t\t\t\t\t<\/div>\n\t\t\t\t<\/div>\n\t\t\t\t<\/div>\n\t\t\t\t<\/div>\n\t\t\t\t\t<\/div>\n\t\t\t\t<\/div>\n\t\t<div class=\"elementor-element elementor-element-10a3e00 e-flex e-con-boxed e-con e-parent\" data-id=\"10a3e00\" data-element_type=\"container\" data-settings=\"{&quot;ekit_has_onepagescroll_dot&quot;:&quot;yes&quot;}\">\n\t\t\t\t\t<div class=\"e-con-inner\">\n\t\t<div class=\"elementor-element elementor-element-94b43c3 e-grid e-con-full e-con e-child\" data-id=\"94b43c3\" data-element_type=\"container\" data-settings=\"{&quot;ekit_has_onepagescroll_dot&quot;:&quot;yes&quot;}\">\n\t\t<div class=\"elementor-element elementor-element-009bd7c e-con-full e-flex e-con e-child\" data-id=\"009bd7c\" data-element_type=\"container\" data-settings=\"{&quot;background_background&quot;:&quot;classic&quot;,&quot;ekit_has_onepagescroll_dot&quot;:&quot;yes&quot;}\">\n\t\t\t\t<div class=\"elementor-element elementor-element-2872de3 elementor-widget elementor-widget-heading\" data-id=\"2872de3\" data-element_type=\"widget\" data-settings=\"{&quot;ekit_we_effect_on&quot;:&quot;none&quot;}\" data-widget_type=\"heading.default\">\n\t\t\t\t<div class=\"elementor-widget-container\">\n\t\t\t\t\t<h6 class=\"elementor-heading-title elementor-size-default\">3. Bilgi Payla\u015f\u0131m\u0131 v\u0259 S\u0259n\u0259dl\u0259\u015fdirm\u0259<\/h6>\t\t\t\t<\/div>\n\t\t\t\t<\/div>\n\t\t\t\t<div class=\"elementor-element elementor-element-4ef6c3a elementor-widget elementor-widget-text-editor\" data-id=\"4ef6c3a\" data-element_type=\"widget\" data-settings=\"{&quot;ekit_we_effect_on&quot;:&quot;none&quot;}\" data-widget_type=\"text-editor.default\">\n\t\t\t\t<div class=\"elementor-widget-container\">\n\t\t\t\t\t\t\t\t\t<p>LANDU m\u00fc\u015ft\u0259ril\u0259r\u0259 sel\u00fcloz eter v\u0259 ya RDP t\u0259tbiql\u0259ri v\u0259 faydalar\u0131 haqq\u0131nda m\u0259lumatland\u0131rmaq \u00fc\u00e7\u00fcn seminarlar, vebinarlar v\u0259 ya sah\u0259 t\u0259liml\u0259ri t\u0259\u015fkil edir.\u00a0<\/p><p>Bu \u00f6hd\u0259lik, h\u0259r bir m\u0259hsul \u00fc\u00e7\u00fcn \u0259trafl\u0131 m\u0259lumat v\u0259r\u0259ql\u0259ri (TDS), t\u0259hl\u00fck\u0259sizlik m\u0259lumat v\u0259r\u0259ql\u0259ri (SDS) v\u0259 analiz sertifikatlar\u0131 (COA) daxil olmaqla geni\u015f m\u0259hsul s\u0259n\u0259dl\u0259\u015fdirm\u0259si il\u0259 d\u0259st\u0259kl\u0259nir.<\/p>\t\t\t\t\t\t\t\t<\/div>\n\t\t\t\t<\/div>\n\t\t\t\t<\/div>\n\t\t<div class=\"elementor-element elementor-element-d31ba6b e-con-full e-flex e-con e-child\" data-id=\"d31ba6b\" data-element_type=\"container\" data-settings=\"{&quot;background_background&quot;:&quot;classic&quot;,&quot;ekit_has_onepagescroll_dot&quot;:&quot;yes&quot;}\">\n\t\t\t\t<div class=\"elementor-element elementor-element-4b476b4 elementor-widget elementor-widget-heading\" data-id=\"4b476b4\" data-element_type=\"widget\" data-settings=\"{&quot;ekit_we_effect_on&quot;:&quot;none&quot;}\" data-widget_type=\"heading.default\">\n\t\t\t\t<div class=\"elementor-widget-container\">\n\t\t\t\t\t<h6 class=\"elementor-heading-title elementor-size-default\">4. S\u0259naye Bax\u0131\u015flar\u0131 v\u0259 Tez D\u0259st\u0259k<\/h6>\t\t\t\t<\/div>\n\t\t\t\t<\/div>\n\t\t\t\t<div class=\"elementor-element elementor-element-6c5d4dc elementor-widget elementor-widget-text-editor\" data-id=\"6c5d4dc\" data-element_type=\"widget\" data-settings=\"{&quot;ekit_we_effect_on&quot;:&quot;none&quot;}\" data-widget_type=\"text-editor.default\">\n\t\t\t\t<div class=\"elementor-widget-container\">\n\t\t\t\t\t\t\t\t\t<p>Zaman\u0131nda \u00e7atd\u0131r\u0131lman\u0131n vacibliyini n\u0259z\u0259r\u0259 alaraq, LANDU b\u00fct\u00fcn logistika i\u015fl\u0259rini, o c\u00fcml\u0259d\u0259n beyn\u0259lxalq g\u00f6nd\u0259ri\u015f v\u0259 g\u00f6mr\u00fck s\u0259n\u0259dl\u0259rini idar\u0259 edir.<\/p><p>Bu diqq\u0259t v\u0259sait\u0259 diqq\u0259t yetirm\u0259, t\u0259r\u0259fda\u015fl\u0131qlara yana\u015fmam\u0131z\u0131 da \u0259hat\u0259 edir, uzunm\u00fcdd\u0259tli \u0259m\u0259kda\u015fl\u0131q axtaran m\u00fc\u015ft\u0259ril\u0259r \u00fc\u00e7\u00fcn birg\u0259 inki\u015faf imkanlar\u0131 v\u0259 elastik \u015f\u0259rtl\u0259r t\u0259klif edir.<\/p>\t\t\t\t\t\t\t\t<\/div>\n\t\t\t\t<\/div>\n\t\t\t\t<\/div>\n\t\t<div class=\"elementor-element elementor-element-e0e8cf4 e-con-full e-flex e-con e-child\" data-id=\"e0e8cf4\" data-element_type=\"container\" data-settings=\"{&quot;background_background&quot;:&quot;classic&quot;,&quot;ekit_has_onepagescroll_dot&quot;:&quot;yes&quot;}\">\n\t\t\t\t<div class=\"elementor-element elementor-element-0b3a1f8 elementor-widget elementor-widget-heading\" data-id=\"0b3a1f8\" data-element_type=\"widget\" data-settings=\"{&quot;ekit_we_effect_on&quot;:&quot;none&quot;}\" data-widget_type=\"heading.default\">\n\t\t\t\t<div class=\"elementor-widget-container\">\n\t\t\t\t\t<h6 class=\"elementor-heading-title elementor-size-default\">5. Logistika v\u0259 T\u0259r\u0259fda\u015fl\u0131q Qurulmas\u0131<\/h6>\t\t\t\t<\/div>\n\t\t\t\t<\/div>\n\t\t\t\t<div class=\"elementor-element elementor-element-3f1a3ba elementor-widget elementor-widget-text-editor\" data-id=\"3f1a3ba\" data-element_type=\"widget\" data-settings=\"{&quot;ekit_we_effect_on&quot;:&quot;none&quot;}\" data-widget_type=\"text-editor.default\">\n\t\t\t\t<div class=\"elementor-widget-container\">\n\t\t\t\t\t\t\t\t\t<p>Zaman\u0131nda \u00e7atd\u0131r\u0131lman\u0131n vacibliyini n\u0259z\u0259r\u0259 alaraq, LANDU b\u00fct\u00fcn logistika i\u015fl\u0259rini, o c\u00fcml\u0259d\u0259n beyn\u0259lxalq g\u00f6nd\u0259ri\u015f v\u0259 g\u00f6mr\u00fck s\u0259n\u0259dl\u0259rini idar\u0259 edir.<\/p><p>Bu diqq\u0259t v\u0259sait\u0259 diqq\u0259t yetirm\u0259, t\u0259r\u0259fda\u015fl\u0131qlara yana\u015fmam\u0131z\u0131 da \u0259hat\u0259 edir, uzunm\u00fcdd\u0259tli \u0259m\u0259kda\u015fl\u0131q axtaran m\u00fc\u015ft\u0259ril\u0259r \u00fc\u00e7\u00fcn birg\u0259 inki\u015faf imkanlar\u0131 v\u0259 elastik \u015f\u0259rtl\u0259r t\u0259klif edir.<\/p>\t\t\t\t\t\t\t\t<\/div>\n\t\t\t\t<\/div>\n\t\t\t\t<\/div>\n\t\t\t\t<\/div>\n\t\t\t\t\t<\/div>\n\t\t\t\t<\/div>\n\t\t<div class=\"elementor-element elementor-element-79d5593 e-flex e-con-boxed e-con e-parent\" data-id=\"79d5593\" data-element_type=\"container\" data-settings=\"{&quot;ekit_has_onepagescroll_dot&quot;:&quot;yes&quot;}\">\n\t\t\t\t\t<div class=\"e-con-inner\">\n\t\t\t\t<div class=\"elementor-element elementor-element-009cd61 elementor-widget elementor-widget-text-editor\" data-id=\"009cd61\" data-element_type=\"widget\" data-settings=\"{&quot;ekit_we_effect_on&quot;:&quot;none&quot;}\" data-widget_type=\"text-editor.default\">\n\t\t\t\t<div class=\"elementor-widget-container\">\n\t\t\t\t\t\t\t\t\t<p>Sat\u0131\u015f \u00f6nc\u0259si xidm\u0259tl\u0259r \u00fc\u00e7\u00fcn geni\u015f spektr t\u0259qdim etm\u0259kl\u0259, LANDU m\u00fc\u015ft\u0259ri u\u011furuna olan \u00f6hd\u0259liyimizi n\u00fcmayi\u015f etdirir v\u0259 \u00f6z\u00fcm\u00fcz\u00fc etibarl\u0131 t\u0259r\u0259fda\u015f kimi m\u00f6vqel\u0259ndiririk. Bizim yana\u015fmam\u0131z siz\u0259 m\u0259lumatl\u0131 q\u0259rarlar verm\u0259y\u0259 k\u00f6m\u0259k edir v\u0259 bilik, keyfiyy\u0259t v\u0259 d\u0259st\u0259k \u0259sas\u0131nda davaml\u0131 biznes \u0259laq\u0259l\u0259rinin qurulmas\u0131na z\u0259min yarad\u0131r.<\/p>\t\t\t\t\t\t\t\t<\/div>\n\t\t\t\t<\/div>\n\t\t\t\t\t<\/div>\n\t\t\t\t<\/div>\n\t\t\t\t<\/div>","protected":false},"excerpt":{"rendered":"<p>Sat\u0131\u015fdan \u0259vv\u0259l Xidm\u0259tl\u0259r Ev 1. Texniki M\u00fct\u0259x\u0259ssislik v\u0259 X\u00fcsusi T\u0259nziml\u0259m\u0259 LANDU-nin sat\u0131\u015fdan \u0259vv\u0259l xidm\u0259tl\u0259rinin \u0259sas\u0131n\u0131 texniki m\u0259sl\u0259h\u0259timiz t\u0259\u015fkil edir. M\u00fct\u0259x\u0259ssis m\u0259sl\u0259h\u0259t\u00e7il\u0259rimiz m\u00fc\u015ft\u0259ril\u0259rl\u0259 s\u0131x \u0259m\u0259kda\u015fl\u0131q ed\u0259r\u0259k, m\u00fc\u015ft\u0259rinin x\u00fcsusi ehtiyaclar\u0131na (m\u0259s\u0259l\u0259n, tikinti, boyalar v\u0259 ya dig\u0259r s\u0259nayel\u0259r) \u0259sas\u0259n \u0259n uy\u011fun sel\u00fcloz eter v\u0259 ya dig\u0259r m\u0259hsullar\u0131 se\u00e7irl\u0259r. Bu f\u0259rdi yana\u015fma m\u0259hsulun f\u0259rdil\u0259\u015fdirilm\u0259sin\u0259 d\u0259 aiddir. LANDU [\u2026]<\/p>","protected":false},"author":1,"featured_media":0,"parent":344,"menu_order":0,"comment_status":"closed","ping_status":"closed","template":"elementor_header_footer","meta":{"footnotes":""},"class_list":["post-13424","page","type-page","status-publish","hentry"],"_links":{"self":[{"href":"https:\/\/landu-china.com\/az\/wp-json\/wp\/v2\/pages\/13424","targetHints":{"allow":["GET"]}}],"collection":[{"href":"https:\/\/landu-china.com\/az\/wp-json\/wp\/v2\/pages"}],"about":[{"href":"https:\/\/landu-china.com\/az\/wp-json\/wp\/v2\/types\/page"}],"author":[{"embeddable":true,"href":"https:\/\/landu-china.com\/az\/wp-json\/wp\/v2\/users\/1"}],"replies":[{"embeddable":true,"href":"https:\/\/landu-china.com\/az\/wp-json\/wp\/v2\/comments?post=13424"}],"version-history":[{"count":37,"href":"https:\/\/landu-china.com\/az\/wp-json\/wp\/v2\/pages\/13424\/revisions"}],"predecessor-version":[{"id":22915,"href":"https:\/\/landu-china.com\/az\/wp-json\/wp\/v2\/pages\/13424\/revisions\/22915"}],"up":[{"embeddable":true,"href":"https:\/\/landu-china.com\/az\/wp-json\/wp\/v2\/pages\/344"}],"wp:attachment":[{"href":"https:\/\/landu-china.com\/az\/wp-json\/wp\/v2\/media?parent=13424"}],"curies":[{"name":"wp","href":"https:\/\/api.w.org\/{rel}","templated":true}]}}