{"id":11605,"date":"2024-10-15T16:23:22","date_gmt":"2024-10-15T08:23:22","guid":{"rendered":"https:\/\/landu-china.com\/?page_id=11605"},"modified":"2024-11-06T10:43:36","modified_gmt":"2024-11-06T02:43:36","slug":"qida-d%c9%99r%c9%99c%c9%99li-yuks%c9%99k-%c9%99v%c9%99zolunmaz-hidroksipropil-seluloz","status":"publish","type":"page","link":"https:\/\/landu-china.com\/az\/m%c9%99hsullar\/qida-%c9%99lav%c9%99l%c9%99ri\/qida-d%c9%99r%c9%99c%c9%99li-yuks%c9%99k-%c9%99v%c9%99zolunmaz-hidroksipropil-seluloz\/","title":{"rendered":"Qida d\u0259r\u0259c\u0259li y\u00fcks\u0259k \u0259v\u0259z olunmu\u015f hidroksipropil sel\u00fcloz"},"content":{"rendered":"<div data-elementor-type=\"wp-page\" data-elementor-id=\"11605\" class=\"elementor elementor-11605\" data-elementor-post-type=\"page\">\n\t\t\t\t<div class=\"elementor-element elementor-element-8e5ed44 e-con-full e-flex e-con e-parent\" data-id=\"8e5ed44\" data-element_type=\"container\" data-settings=\"{&quot;ekit_has_onepagescroll_dot&quot;:&quot;yes&quot;}\">\n\t\t\t\t<div class=\"elementor-element elementor-element-e88d62d elementor--h-position-center elementor--v-position-middle elementor-arrows-position-inside elementor-pagination-position-inside elementor-widget elementor-widget-slides\" data-id=\"e88d62d\" data-element_type=\"widget\" data-settings=\"{&quot;navigation&quot;:&quot;both&quot;,&quot;autoplay&quot;:&quot;yes&quot;,&quot;pause_on_hover&quot;:&quot;yes&quot;,&quot;pause_on_interaction&quot;:&quot;yes&quot;,&quot;autoplay_speed&quot;:5000,&quot;infinite&quot;:&quot;yes&quot;,&quot;transition&quot;:&quot;slide&quot;,&quot;transition_speed&quot;:500,&quot;ekit_we_effect_on&quot;:&quot;none&quot;}\" data-widget_type=\"slides.default\">\n\t\t\t\t<div class=\"elementor-widget-container\">\n\t\t\t\t\t\t\t\t\t<div class=\"elementor-swiper\">\n\t\t\t\t\t<div class=\"elementor-slides-wrapper elementor-main-swiper swiper\" role=\"region\" aria-roledescription=\"carousel\" aria-label=\"Slaydlar\" dir=\"ltr\" data-animation=\"fadeInUp\">\n\t\t\t\t<div class=\"swiper-wrapper elementor-slides\">\n\t\t\t\t\t\t\t\t\t\t<div class=\"elementor-repeater-item-9f5a44f swiper-slide\" role=\"group\" aria-roledescription=\"slide\"><div class=\"swiper-slide-bg elementor-ken-burns elementor-ken-burns--in\" role=\"img\"><\/div><div class=\"elementor-background-overlay\"><\/div><div class=\"swiper-slide-inner\" ><div class=\"swiper-slide-contents\"><h1 class=\"elementor-slide-heading\">Qida S\u0259viyy\u0259li Y\u00fcks\u0259k-\u018fv\u0259z Hydroksipropil Sel\u00fcloz (H-HPC)<\/h1><div class=\"elementor-slide-description\">Qida v\u0259 i\u00e7ki s\u0259nayesind\u0259, Y\u00fcks\u0259k-\u018fv\u0259z Hydroxypropyl Cellulose (H-HPC) m\u00fcxt\u0259lif qidalar \u00fc\u00e7\u00fcn emulsifikasiyaedici, stabilizator v\u0259 qal\u0131nla\u015fd\u0131r\u0131c\u0131 kimi geni\u015f istifad\u0259 olunur.<\/div><\/div><\/div><\/div>\t\t\t\t<\/div>\n\t\t\t\t\t\t\t<\/div>\n\t\t\t\t<\/div>\n\t\t\t\t\t\t\t\t<\/div>\n\t\t\t\t<\/div>\n\t\t\t\t<\/div>\n\t\t\t\t<section class=\"elementor-section elementor-top-section elementor-element elementor-element-4ee4086e elementor-section-boxed elementor-section-height-default elementor-section-height-default\" data-id=\"4ee4086e\" data-element_type=\"section\" data-settings=\"{&quot;ekit_has_onepagescroll_dot&quot;:&quot;yes&quot;}\">\n\t\t\t\t\t\t<div class=\"elementor-container elementor-column-gap-default\">\n\t\t\t\t\t<div class=\"elementor-column elementor-col-50 elementor-top-column elementor-element elementor-element-18be4841\" data-id=\"18be4841\" data-element_type=\"column\" data-settings=\"{&quot;background_background&quot;:&quot;classic&quot;}\">\n\t\t\t<div class=\"elementor-widget-wrap elementor-element-populated\">\n\t\t\t\t\t\t<div class=\"elementor-element elementor-element-81a5461 elementor-widget elementor-widget-spacer\" data-id=\"81a5461\" data-element_type=\"widget\" data-settings=\"{&quot;ekit_we_effect_on&quot;:&quot;none&quot;}\" data-widget_type=\"spacer.default\">\n\t\t\t\t<div class=\"elementor-widget-container\">\n\t\t\t\t\t\t\t<div class=\"elementor-spacer\">\n\t\t\t<div class=\"elementor-spacer-inner\"><\/div>\n\t\t<\/div>\n\t\t\t\t\t\t<\/div>\n\t\t\t\t<\/div>\n\t\t\t\t\t<\/div>\n\t\t<\/div>\n\t\t\t\t<div class=\"elementor-column elementor-col-50 elementor-top-column elementor-element elementor-element-125b4494\" data-id=\"125b4494\" data-element_type=\"column\">\n\t\t\t<div class=\"elementor-widget-wrap elementor-element-populated\">\n\t\t\t\t\t\t<div class=\"elementor-element elementor-element-60da59cc elementor-widget elementor-widget-elementskit-heading\" data-id=\"60da59cc\" data-element_type=\"widget\" data-settings=\"{&quot;ekit_we_effect_on&quot;:&quot;none&quot;}\" data-widget_type=\"elementskit-heading.default\">\n\t\t\t\t<div class=\"elementor-widget-container\">\n\t\t\t\t\t<div class=\"ekit-wid-con\" ><div class=\"ekit-heading elementskit-section-title-wraper text_left   ekit_heading_tablet-   ekit_heading_mobile-\"><h2 class=\"ekit-heading--title elementskit-section-title\">Qida S\u0259viyy\u0259li Y\u00fcks\u0259k-\u018fv\u0259z Hydroksipropil Sel\u00fcloz (H-HPC)<\/h2><h3 class=\"ekit-heading--subtitle elementskit-section-subtitle\">\n\t\t\t\t\t\t\"Bir add\u0131ml\u0131 \u00e7uxur \u00fcsulu\" y\u00fcks\u0259k \u0259v\u0259z olunmu\u015f hydroksipropil sel\u00fcloz efirinin (50-80% hydroksipropoksi ehtiva ed\u0259n) istehsal\u0131 \u00fc\u00e7\u00fcn alkalizasiya, efirl\u0259\u015fdirm\u0259 v\u0259 neytralla\u015fd\u0131rma m\u0259rh\u0259l\u0259l\u0259rind\u0259n ibar\u0259tdir.\n\t\t\t\t\t<\/h3>\t\t\t\t<div class='ekit-heading__description'>\n\t\t\t\t\t<p>H-HPC \u0259sas\u0259n qat\u0131la\u015fd\u0131r\u0131c\u0131 v\u0259 sabitl\u0259\u015fdirici madd\u0259 kimi f\u0259aliyy\u0259t g\u00f6st\u0259rir, m\u00fcxt\u0259lif qida m\u0259hsullar\u0131n\u0131n teksturas\u0131n\u0131 v\u0259 viskozitesini art\u0131r\u0131r. Sabit gel v\u0259 emulsiyalar formala\u015fd\u0131rma qabiliyy\u0259ti say\u0259sind\u0259, souslar, \u0259tirl\u0259r v\u0259 s\u00fcd m\u0259hsullar\u0131nda x\u00fcsusil\u0259 faydal\u0131d\u0131r, burada tutarl\u0131l\u0131\u011f\u0131 qoruma\u011fa v\u0259 ayr\u0131lman\u0131 qar\u015f\u0131s\u0131n\u0131 alma\u011fa k\u00f6m\u0259k edir. \u018flav\u0259 olaraq, H-HPC a\u015fa\u011f\u0131 ya\u011fl\u0131 formulalar\u0131n a\u011f\u0131z hissini yax\u015f\u0131la\u015fd\u0131r\u0131r, \u0259lav\u0259 ya\u011flar olmadan kremli tekstura t\u0259min edir.<\/p>\n\t\t\t\t<\/div>\n\t\t\t<\/div><\/div>\t\t\t\t<\/div>\n\t\t\t\t<\/div>\n\t\t\t\t<div class=\"elementor-element elementor-element-8e8fc0f elementor-align-left elementor-widget elementor-widget-elementskit-button\" data-id=\"8e8fc0f\" data-element_type=\"widget\" data-settings=\"{&quot;ekit_we_effect_on&quot;:&quot;none&quot;}\" data-widget_type=\"elementskit-button.default\">\n\t\t\t\t<div class=\"elementor-widget-container\">\n\t\t\t\t\t<div class=\"ekit-wid-con\" >\t\t<div class=\"ekit-btn-wraper\">\n\t\t\t\t\t\t\t<a href=\"#elementor-action%3Aaction%3Dpopup%3Aopen%26settings%3DeyJpZCI6IjE1MTkiLCJ0b2dnbGUiOmZhbHNlfQ%3D%3D\" class=\"elementskit-btn  whitespace--normal\" id=\"\">\n\t\t\t\t\tPulsuz qiym\u0259t sor\u011fusu<i class=\"fasicon icon-arrow-right\"><\/i>\t\t\t\t<\/a>\n\t\t\t\t\t<\/div>\n        <\/div>\t\t\t\t<\/div>\n\t\t\t\t<\/div>\n\t\t\t\t\t<\/div>\n\t\t<\/div>\n\t\t\t\t\t<\/div>\n\t\t<\/section>\n\t\t\t\t<section class=\"elementor-section elementor-top-section elementor-element elementor-element-648fafbe elementor-section-boxed elementor-section-height-default elementor-section-height-default\" data-id=\"648fafbe\" data-element_type=\"section\" data-settings=\"{&quot;ekit_has_onepagescroll_dot&quot;:&quot;yes&quot;}\">\n\t\t\t\t\t\t<div class=\"elementor-container elementor-column-gap-default\">\n\t\t\t\t\t<div class=\"elementor-column elementor-col-100 elementor-top-column elementor-element elementor-element-c732d59\" data-id=\"c732d59\" data-element_type=\"column\">\n\t\t\t<div class=\"elementor-widget-wrap elementor-element-populated\">\n\t\t\t\t\t\t<section class=\"elementor-section elementor-inner-section elementor-element elementor-element-41bd753 elementor-section-boxed elementor-section-height-default elementor-section-height-default\" data-id=\"41bd753\" data-element_type=\"section\" data-settings=\"{&quot;ekit_has_onepagescroll_dot&quot;:&quot;yes&quot;}\">\n\t\t\t\t\t\t<div class=\"elementor-container elementor-column-gap-default\">\n\t\t\t\t\t<div class=\"elementor-column elementor-col-25 elementor-inner-column elementor-element elementor-element-78321446\" data-id=\"78321446\" data-element_type=\"column\">\n\t\t\t<div class=\"elementor-widget-wrap elementor-element-populated\">\n\t\t\t\t\t\t<div class=\"elementor-element elementor-element-4f5d1866 ekit-equal-height-disable elementor-widget elementor-widget-elementskit-icon-box\" data-id=\"4f5d1866\" data-element_type=\"widget\" data-settings=\"{&quot;ekit_we_effect_on&quot;:&quot;none&quot;}\" data-widget_type=\"elementskit-icon-box.default\">\n\t\t\t\t<div class=\"elementor-widget-container\">\n\t\t\t\t\t<div class=\"ekit-wid-con\" >        <!-- link opening -->\n                <!-- end link opening -->\n\n        <div class=\"elementskit-infobox text- text- icon-lef-right-aligin elementor-animation-bob\">\n                        <div class=\"box-body\">\n                            <h3 class=\"elementskit-info-box-title\">\n                    A\u011f, qoxusuz, dadl\u0131 toz.                <\/h3>\n                        \t\t  \t<p>Otaq temperaturunda su v\u0259 etanol, asetone kimi m\u00fcxt\u0259lif orqanik h\u0259ll edicil\u0259rd\u0259 h\u0259ll olur; h\u0259ll\u0259r \u015f\u0259ffafd\u0131r.<\/p>\n                                        <div class=\"box-footer disable_hover_button\">\n                    <div class=\"btn-wraper\">\n                                                            <a class=\"elementskit-btn whitespace--normal\" href=\"#elementor-action%3Aaction%3Dpopup%3Aopen%26settings%3DeyJpZCI6IjE1MTkiLCJ0b2dnbGUiOmZhbHNlfQ%3D%3D\">\n                                        Daha \u00e7ox \u00f6yr\u0259n                                                                            <\/a>\n                                                        <\/div>\n                <\/div>\n                    <\/div>\n        \n        \n                <\/div>\n        <\/div>\t\t\t\t<\/div>\n\t\t\t\t<\/div>\n\t\t\t\t\t<\/div>\n\t\t<\/div>\n\t\t\t\t<div class=\"elementor-column elementor-col-25 elementor-inner-column elementor-element elementor-element-21e3d14c\" data-id=\"21e3d14c\" data-element_type=\"column\">\n\t\t\t<div class=\"elementor-widget-wrap elementor-element-populated\">\n\t\t\t\t\t\t<div class=\"elementor-element elementor-element-137ad64 ekit-equal-height-disable elementor-widget elementor-widget-elementskit-icon-box\" data-id=\"137ad64\" data-element_type=\"widget\" data-settings=\"{&quot;ekit_we_effect_on&quot;:&quot;none&quot;}\" data-widget_type=\"elementskit-icon-box.default\">\n\t\t\t\t<div class=\"elementor-widget-container\">\n\t\t\t\t\t<div class=\"ekit-wid-con\" >        <!-- link opening -->\n                <!-- end link opening -->\n\n        <div class=\"elementskit-infobox text- text- icon-lef-right-aligin elementor-animation-bob\">\n                        <div class=\"box-body\">\n                            <h3 class=\"elementskit-info-box-title\">\n                    \u018fla film-formala\u015fd\u0131rma x\u00fcsusiyy\u0259tl\u0259ri.                <\/h3>\n                        \t\t  \t<p>H-HPC yax\u015f\u0131 termoplastik materiald\u0131r v\u0259 m\u00fck\u0259mm\u0259l film-formala\u015fd\u0131rma x\u00fcsusiyy\u0259tl\u0259rin\u0259 malikdir. Filml\u0259r m\u00f6hk\u0259m, parlaq v\u0259 y\u00fcks\u0259k elastikdir.<\/p>\n                                        <div class=\"box-footer disable_hover_button\">\n                    <div class=\"btn-wraper\">\n                                                            <a class=\"elementskit-btn whitespace--normal\" href=\"#elementor-action%3Aaction%3Dpopup%3Aopen%26settings%3DeyJpZCI6IjE1MTkiLCJ0b2dnbGUiOmZhbHNlfQ%3D%3D\">\n                                        Daha \u00e7ox \u00f6yr\u0259n                                                                            <\/a>\n                                                        <\/div>\n                <\/div>\n                    <\/div>\n        \n        \n                <\/div>\n        <\/div>\t\t\t\t<\/div>\n\t\t\t\t<\/div>\n\t\t\t\t\t<\/div>\n\t\t<\/div>\n\t\t\t\t<div class=\"elementor-column elementor-col-25 elementor-inner-column elementor-element elementor-element-e49ca8d\" data-id=\"e49ca8d\" data-element_type=\"column\">\n\t\t\t<div class=\"elementor-widget-wrap elementor-element-populated\">\n\t\t\t\t\t\t<div class=\"elementor-element elementor-element-6fa5274 ekit-equal-height-disable elementor-widget elementor-widget-elementskit-icon-box\" data-id=\"6fa5274\" data-element_type=\"widget\" data-settings=\"{&quot;ekit_we_effect_on&quot;:&quot;none&quot;}\" data-widget_type=\"elementskit-icon-box.default\">\n\t\t\t\t<div class=\"elementor-widget-container\">\n\t\t\t\t\t<div class=\"ekit-wid-con\" >        <!-- link opening -->\n                <!-- end link opening -->\n\n        <div class=\"elementskit-infobox text- text- icon-lef-right-aligin elementor-animation-bob\">\n                        <div class=\"box-body\">\n                            <h3 class=\"elementskit-info-box-title\">\n                    A\u015fa\u011f\u0131 k\u00fcl\u00e7\u0259k miqdar\u0131.                <\/h3>\n                        \t\t  \t<p>\u00c7ox a\u015fa\u011f\u0131 k\u00fcl\u00e7\u0259k miqdar\u0131 il\u0259 bu m\u0259hsul m\u00fck\u0259mm\u0259l yap\u0131\u015fma x\u00fcsusiyy\u0259tl\u0259rin\u0259 malikdir. Emulsiyalar\u0131n qat\u0131la\u015fd\u0131r\u0131c\u0131s\u0131 kimi istifad\u0259 olunduqda \u00e7ox stabildir v\u0259 yax\u015f\u0131 dispersiya qabiliyy\u0259tin\u0259 malikdir.<\/p>\n                                        <div class=\"box-footer disable_hover_button\">\n                    <div class=\"btn-wraper\">\n                                                            <a class=\"elementskit-btn whitespace--normal\" href=\"#elementor-action%3Aaction%3Dpopup%3Aopen%26settings%3DeyJpZCI6IjE1MTkiLCJ0b2dnbGUiOmZhbHNlfQ%3D%3D\">\n                                        Daha \u00e7ox \u00f6yr\u0259n                                                                            <\/a>\n                                                        <\/div>\n                <\/div>\n                    <\/div>\n        \n        \n                <\/div>\n        <\/div>\t\t\t\t<\/div>\n\t\t\t\t<\/div>\n\t\t\t\t\t<\/div>\n\t\t<\/div>\n\t\t\t\t<div class=\"elementor-column elementor-col-25 elementor-inner-column elementor-element elementor-element-506a50b7\" data-id=\"506a50b7\" data-element_type=\"column\">\n\t\t\t<div class=\"elementor-widget-wrap elementor-element-populated\">\n\t\t\t\t\t\t<div class=\"elementor-element elementor-element-5960940 ekit-equal-height-disable elementor-widget elementor-widget-elementskit-icon-box\" data-id=\"5960940\" data-element_type=\"widget\" data-settings=\"{&quot;ekit_we_effect_on&quot;:&quot;none&quot;}\" data-widget_type=\"elementskit-icon-box.default\">\n\t\t\t\t<div class=\"elementor-widget-container\">\n\t\t\t\t\t<div class=\"ekit-wid-con\" >        <!-- link opening -->\n                <!-- end link opening -->\n\n        <div class=\"elementskit-infobox text- text- icon-lef-right-aligin elementor-animation-bob\">\n                        <div class=\"box-body\">\n                            <h3 class=\"elementskit-info-box-title\">\n                    G\u00fccl\u00fc antibakterial x\u00fcsusiyy\u0259tl\u0259r.                <\/h3>\n                        \t\t  \t<p>H-HPC-d\u0259ki \u0259v\u0259z qruplar b\u0259rab\u0259r v\u0259 tam yay\u0131lm\u0131\u015fd\u0131r, ona g\u00fccl\u00fc antibakterial x\u00fcsusiyy\u0259tl\u0259r verir. H\u0259m\u00e7inin, a\u015fa\u011f\u0131 tarazl\u0131q n\u0259mlik miqdar\u0131na malikdir.<\/p>\n                                        <div class=\"box-footer disable_hover_button\">\n                    <div class=\"btn-wraper\">\n                                                            <a class=\"elementskit-btn whitespace--normal\" href=\"#elementor-action%3Aaction%3Dpopup%3Aopen%26settings%3DeyJpZCI6IjE1MTkiLCJ0b2dnbGUiOmZhbHNlfQ%3D%3D\">\n                                        Daha \u00e7ox \u00f6yr\u0259n                                                                            <\/a>\n                                                        <\/div>\n                <\/div>\n                    <\/div>\n        \n        \n                <\/div>\n        <\/div>\t\t\t\t<\/div>\n\t\t\t\t<\/div>\n\t\t\t\t\t<\/div>\n\t\t<\/div>\n\t\t\t\t\t<\/div>\n\t\t<\/section>\n\t\t\t\t\t<\/div>\n\t\t<\/div>\n\t\t\t\t\t<\/div>\n\t\t<\/section>\n\t\t\t\t<section class=\"elementor-section elementor-top-section elementor-element elementor-element-1d05d612 elementor-section-full_width elementor-section-height-default elementor-section-height-default\" data-id=\"1d05d612\" data-element_type=\"section\" id=\"xs_cta_style_19\" data-settings=\"{&quot;ekit_has_onepagescroll_dot&quot;:&quot;yes&quot;}\">\n\t\t\t\t\t\t<div class=\"elementor-container elementor-column-gap-default\">\n\t\t\t\t\t<div class=\"elementor-column elementor-col-100 elementor-top-column elementor-element elementor-element-39370e0f\" data-id=\"39370e0f\" data-element_type=\"column\">\n\t\t\t<div class=\"elementor-widget-wrap elementor-element-populated\">\n\t\t\t\t\t\t<section class=\"elementor-section elementor-inner-section elementor-element elementor-element-25418739 elementor-section-full_width elementor-section-height-default elementor-section-height-default\" data-id=\"25418739\" data-element_type=\"section\" data-settings=\"{&quot;background_background&quot;:&quot;classic&quot;,&quot;ekit_has_onepagescroll_dot&quot;:&quot;yes&quot;}\">\n\t\t\t\t\t\t<div class=\"elementor-container elementor-column-gap-default\">\n\t\t\t\t\t<div class=\"elementor-column elementor-col-100 elementor-inner-column elementor-element elementor-element-1207794e\" data-id=\"1207794e\" data-element_type=\"column\">\n\t\t\t<div class=\"elementor-widget-wrap elementor-element-populated\">\n\t\t\t\t\t\t<div class=\"elementor-element elementor-element-26ddaf8 elementor-widget elementor-widget-elementskit-heading\" data-id=\"26ddaf8\" data-element_type=\"widget\" data-settings=\"{&quot;ekit_we_effect_on&quot;:&quot;none&quot;}\" data-widget_type=\"elementskit-heading.default\">\n\t\t\t\t<div class=\"elementor-widget-container\">\n\t\t\t\t\t<div class=\"ekit-wid-con\" ><div class=\"ekit-heading elementskit-section-title-wraper center   ekit_heading_tablet-   ekit_heading_mobile-\"><h2 class=\"ekit-heading--title elementskit-section-title\">Daha \u00e7ox d\u0259st\u0259y\u0259 ehtiyac\u0131n\u0131z var?<\/h2>\t\t\t\t<div class='ekit-heading__description'>\n\t\t\t\t\t<p>\u018fg\u0259r h\u0259r hans\u0131 bir k\u00f6m\u0259y\u0259 ehtiyac\u0131n\u0131z varsa v\u0259 ya suallar\u0131n\u0131z varsa, texniki komandam\u0131zla \u0259laq\u0259 saxlamaqdan \u00e7\u0259kinm\u0259yin.<\/p>\n\t\t\t\t<\/div>\n\t\t\t<\/div><\/div>\t\t\t\t<\/div>\n\t\t\t\t<\/div>\n\t\t\t\t<div class=\"elementor-element elementor-element-38dc5702 elementor-align--mobilecenter elementor-align-center elementor-widget elementor-widget-elementskit-button\" data-id=\"38dc5702\" data-element_type=\"widget\" data-settings=\"{&quot;ekit_we_effect_on&quot;:&quot;none&quot;}\" data-widget_type=\"elementskit-button.default\">\n\t\t\t\t<div class=\"elementor-widget-container\">\n\t\t\t\t\t<div class=\"ekit-wid-con\" >\t\t<div class=\"ekit-btn-wraper\">\n\t\t\t\t\t\t\t<a href=\"#elementor-action%3Aaction%3Dpopup%3Aopen%26settings%3DeyJpZCI6IjE1MTkiLCJ0b2dnbGUiOmZhbHNlfQ%3D%3D\" class=\"elementskit-btn  whitespace--normal\" id=\"\">\n\t\t\t\t\tTexniki K\u00f6m\u0259k\t\t\t\t<\/a>\n\t\t\t\t\t<\/div>\n        <\/div>\t\t\t\t<\/div>\n\t\t\t\t<\/div>\n\t\t\t\t\t<\/div>\n\t\t<\/div>\n\t\t\t\t\t<\/div>\n\t\t<\/section>\n\t\t\t\t\t<\/div>\n\t\t<\/div>\n\t\t\t\t\t<\/div>\n\t\t<\/section>\n\t\t\t\t<\/div>","protected":false},"excerpt":{"rendered":"<p>Qida S\u0259viyy\u0259li Y\u00fcks\u0259k \u018fv\u0259z Edici Hidroksipropil Sel\u00fcloza (H-HPC) Qida v\u0259 i\u00e7ki s\u0259nayesind\u0259 m\u00fcxt\u0259lif qidalar \u00fc\u00e7\u00fcn emulsifikasiyaedici, stabilizator v\u0259 qat\u0131la\u015fd\u0131r\u0131c\u0131 kimi geni\u015f istifad\u0259 olunur. Qida S\u0259viyy\u0259li Y\u00fcks\u0259k \u018fv\u0259z Edici Hidroksipropil Sel\u00fcloza (H-HPC) \"Bir add\u0131ml\u0131 \u00e7uxur \u00fcsulu\" il\u0259 y\u00fcks\u0259k \u0259v\u0259z edilmi\u015f hidroksipropil sel\u00fcloza efirinin (50-80% hidroksipropoksi) istehsal\u0131 alkalizasiya, efirla\u015fd\u0131rma v\u0259 neytralla\u015fd\u0131rma m\u0259rh\u0259l\u0259l\u0259rind\u0259n ibar\u0259tdir. H-HPC \u0259sas\u0259n [\u2026]<\/p>","protected":false},"author":1,"featured_media":0,"parent":9722,"menu_order":0,"comment_status":"closed","ping_status":"closed","template":"elementor_header_footer","meta":{"footnotes":""},"class_list":["post-11605","page","type-page","status-publish","hentry"],"_links":{"self":[{"href":"https:\/\/landu-china.com\/az\/wp-json\/wp\/v2\/pages\/11605","targetHints":{"allow":["GET"]}}],"collection":[{"href":"https:\/\/landu-china.com\/az\/wp-json\/wp\/v2\/pages"}],"about":[{"href":"https:\/\/landu-china.com\/az\/wp-json\/wp\/v2\/types\/page"}],"author":[{"embeddable":true,"href":"https:\/\/landu-china.com\/az\/wp-json\/wp\/v2\/users\/1"}],"replies":[{"embeddable":true,"href":"https:\/\/landu-china.com\/az\/wp-json\/wp\/v2\/comments?post=11605"}],"version-history":[{"count":54,"href":"https:\/\/landu-china.com\/az\/wp-json\/wp\/v2\/pages\/11605\/revisions"}],"predecessor-version":[{"id":18365,"href":"https:\/\/landu-china.com\/az\/wp-json\/wp\/v2\/pages\/11605\/revisions\/18365"}],"up":[{"embeddable":true,"href":"https:\/\/landu-china.com\/az\/wp-json\/wp\/v2\/pages\/9722"}],"wp:attachment":[{"href":"https:\/\/landu-china.com\/az\/wp-json\/wp\/v2\/media?parent=11605"}],"curies":[{"name":"wp","href":"https:\/\/api.w.org\/{rel}","templated":true}]}}